{"id":59701,"date":"2020-05-08T20:52:34","date_gmt":"2020-05-08T18:52:34","guid":{"rendered":"https:\/\/www.pescafish.it\/new\/?post_type=product&#038;p=59701"},"modified":"2022-01-18T18:42:33","modified_gmt":"2022-01-18T17:42:33","slug":"mix-50-50-15kg-nutrabaits","status":"publish","type":"product","link":"https:\/\/www.pescafish.it\/new\/prodotto\/mix-50-50-15kg-nutrabaits\/","title":{"rendered":"Mix 50\/50 1,5kg &#8211; Nutrabaits"},"content":{"rendered":"<p>Confezionato <span lang=\"it\">in sacchi richiudibili da<\/span><span lang=\"it\"> 1,5 kg, il nostro mix 50\/50 \u00e8 la scelta ideale se stai cercando di mettere insieme una ricetta altamente attrattiva in cui l&#8217;enfasi \u00e8 pi\u00f9 sul potere intrinseco di trazione degli additivi che su quello nutrizionale contenuto del mix di base stesso. Detto questo, la combinazione di ingredienti che utilizziamo per creare il mix 50\/50 \u00e8 pi\u00f9 che adeguata dal punto di vista nutrizionale per la stragrande maggioranza delle situazioni, come \u00e8 stato dimostrato dall&#8217;enorme numero di grandi pesci che questo mix ha prodotto nel corso degli anni. Utilizza in totale sicurezza con la combinazione di additivi di tua scelta al limite superiore dei nostri tassi di inclusione suggeriti.<\/span><\/p>\n","protected":false},"excerpt":{"rendered":"<p>Confezionato in sacchi richiudibili da 1,5 kg, il nostro mix 50\/50 \u00e8 la scelta ideale se stai cercando di mettere insieme una ricetta altamente attrattiva in cui l&#8217;enfasi \u00e8 pi\u00f9 sul potere intrinseco di trazione degli additivi che su quello nutrizionale contenuto del mix di base stesso. Detto questo, la combinazione di ingredienti che utilizziamo [&hellip;]<\/p>\n","protected":false},"featured_media":59704,"comment_status":"closed","ping_status":"closed","template":"","meta":[],"product_cat":[943],"product_tag":[1049],"yoast_head":"<!-- This site is optimized with the Yoast SEO plugin v15.3 - https:\/\/yoast.com\/wordpress\/plugins\/seo\/ -->\n<title>Mix 50\/50 1,5kg - Nutrabaits - Pesca Fish<\/title>\n<meta name=\"robots\" content=\"index, follow, max-snippet:-1, max-image-preview:large, max-video-preview:-1\" \/>\n<link rel=\"canonical\" href=\"https:\/\/www.pescafish.it\/new\/prodotto\/mix-50-50-15kg-nutrabaits\/\" \/>\n<meta property=\"og:locale\" content=\"it_IT\" \/>\n<meta property=\"og:type\" content=\"article\" \/>\n<meta property=\"og:title\" content=\"Mix 50\/50 1,5kg - Nutrabaits - Pesca Fish\" \/>\n<meta property=\"og:description\" content=\"Confezionato in sacchi richiudibili da 1,5 kg, il nostro mix 50\/50 \u00e8 la scelta ideale se stai cercando di mettere insieme una ricetta altamente attrattiva in cui l&#8217;enfasi \u00e8 pi\u00f9 sul potere intrinseco di trazione degli additivi che su quello nutrizionale contenuto del mix di base stesso. Detto questo, la combinazione di ingredienti che utilizziamo [&hellip;]\" \/>\n<meta property=\"og:url\" content=\"https:\/\/www.pescafish.it\/new\/prodotto\/mix-50-50-15kg-nutrabaits\/\" \/>\n<meta property=\"og:site_name\" content=\"Pesca Fish\" \/>\n<meta property=\"article:publisher\" content=\"https:\/\/www.facebook.com\/pescafishvr\/\" \/>\n<meta property=\"article:modified_time\" content=\"2022-01-18T17:42:33+00:00\" \/>\n<meta property=\"og:image\" content=\"https:\/\/www.pescafish.it\/new\/wp-content\/uploads\/2020\/05\/50-50-Mix-1024x679-1.jpg\" \/>\n\t<meta property=\"og:image:width\" content=\"1024\" \/>\n\t<meta property=\"og:image:height\" content=\"679\" \/>\n<meta name=\"twitter:card\" content=\"summary_large_image\" \/>\n<meta name=\"twitter:label1\" content=\"Scritto da\">\n\t<meta name=\"twitter:data1\" content=\"francesca\">\n\t<meta name=\"twitter:label2\" content=\"Tempo di lettura stimato\">\n\t<meta name=\"twitter:data2\" content=\"0 minuti\">\n<script type=\"application\/ld+json\" class=\"yoast-schema-graph\">{\"@context\":\"https:\/\/schema.org\",\"@graph\":[{\"@type\":\"WebSite\",\"@id\":\"https:\/\/www.pescafish.it\/new\/#website\",\"url\":\"https:\/\/www.pescafish.it\/new\/\",\"name\":\"Pesca Fish\",\"description\":\"Benvenuti sul nostro sito!\",\"potentialAction\":[{\"@type\":\"SearchAction\",\"target\":\"https:\/\/www.pescafish.it\/new\/?s={search_term_string}\",\"query-input\":\"required name=search_term_string\"}],\"inLanguage\":\"it-IT\"},{\"@type\":\"ImageObject\",\"@id\":\"https:\/\/www.pescafish.it\/new\/prodotto\/mix-50-50-15kg-nutrabaits\/#primaryimage\",\"inLanguage\":\"it-IT\",\"url\":\"https:\/\/www.pescafish.it\/new\/wp-content\/uploads\/2020\/05\/50-50-Mix-1024x679-1.jpg\",\"width\":1024,\"height\":679},{\"@type\":\"WebPage\",\"@id\":\"https:\/\/www.pescafish.it\/new\/prodotto\/mix-50-50-15kg-nutrabaits\/#webpage\",\"url\":\"https:\/\/www.pescafish.it\/new\/prodotto\/mix-50-50-15kg-nutrabaits\/\",\"name\":\"Mix 50\/50 1,5kg - Nutrabaits - Pesca Fish\",\"isPartOf\":{\"@id\":\"https:\/\/www.pescafish.it\/new\/#website\"},\"primaryImageOfPage\":{\"@id\":\"https:\/\/www.pescafish.it\/new\/prodotto\/mix-50-50-15kg-nutrabaits\/#primaryimage\"},\"datePublished\":\"2020-05-08T18:52:34+00:00\",\"dateModified\":\"2022-01-18T17:42:33+00:00\",\"inLanguage\":\"it-IT\",\"potentialAction\":[{\"@type\":\"ReadAction\",\"target\":[\"https:\/\/www.pescafish.it\/new\/prodotto\/mix-50-50-15kg-nutrabaits\/\"]}]}]}<\/script>\n<!-- \/ Yoast SEO plugin. -->","_links":{"self":[{"href":"https:\/\/www.pescafish.it\/new\/wp-json\/wp\/v2\/product\/59701"}],"collection":[{"href":"https:\/\/www.pescafish.it\/new\/wp-json\/wp\/v2\/product"}],"about":[{"href":"https:\/\/www.pescafish.it\/new\/wp-json\/wp\/v2\/types\/product"}],"replies":[{"embeddable":true,"href":"https:\/\/www.pescafish.it\/new\/wp-json\/wp\/v2\/comments?post=59701"}],"wp:featuredmedia":[{"embeddable":true,"href":"https:\/\/www.pescafish.it\/new\/wp-json\/wp\/v2\/media\/59704"}],"wp:attachment":[{"href":"https:\/\/www.pescafish.it\/new\/wp-json\/wp\/v2\/media?parent=59701"}],"wp:term":[{"taxonomy":"product_cat","embeddable":true,"href":"https:\/\/www.pescafish.it\/new\/wp-json\/wp\/v2\/product_cat?post=59701"},{"taxonomy":"product_tag","embeddable":true,"href":"https:\/\/www.pescafish.it\/new\/wp-json\/wp\/v2\/product_tag?post=59701"}],"curies":[{"name":"wp","href":"https:\/\/api.w.org\/{rel}","templated":true}]}}