{"id":59477,"date":"2020-04-20T23:13:33","date_gmt":"2020-04-20T21:13:33","guid":{"rendered":"https:\/\/www.pescafish.it\/new\/?post_type=product&#038;p=59477"},"modified":"2026-02-15T19:19:45","modified_gmt":"2026-02-15T18:19:45","slug":"powerbait-honey-worm","status":"publish","type":"product","link":"https:\/\/www.pescafish.it\/new\/prodotto\/powerbait-honey-worm\/","title":{"rendered":"Powerbait Honey Worm 2.5cm &#8211; Berkley"},"content":{"rendered":"<h2>Powerbait Honey Worm 2.5cm<\/h2>\n<p>Powerbait Honey Worm hanno un odore irresistibile. I pesci amano cos\u00ec tanto PowerBait da trattenerla in bocca 18 volte pi\u00f9 a lungo, offrendoti tempo e tranquillit\u00e0 per sentire le mangiate. E&#8217;\u00a0una delle imitazioni di camola pi\u00f9 utilizzate ed apprezzate in assoluto per la pesca a spinning alla trota, micidiali sia in lago che in torrente ed utilizzate nelle competizioni sportive.<\/p>\n<p>55 CT<\/p>\n<p><strong>Disponibile nelle seguenti colorazioni:<\/strong><br \/>\n<strong>1506396\u00a0<\/strong> Bubblegum<br \/>\n<strong>1506397\u00a0<\/strong> Black<br \/>\n<strong>1506398\u00a0 <\/strong>Spring green<br \/>\n<strong>1506400<\/strong> Garlic Bubblegum<\/p>\n","protected":false},"excerpt":{"rendered":"<p>Powerbait Honey Worm 2.5cm Powerbait Honey Worm hanno un odore irresistibile. I pesci amano cos\u00ec tanto PowerBait da trattenerla in bocca 18 volte pi\u00f9 a lungo, offrendoti tempo e tranquillit\u00e0 per sentire le mangiate. E&#8217;\u00a0una delle imitazioni di camola pi\u00f9 utilizzate ed apprezzate in assoluto per la pesca a spinning alla trota, micidiali sia in [&hellip;]<\/p>\n","protected":false},"featured_media":89365,"comment_status":"closed","ping_status":"closed","template":"","meta":[],"product_cat":[656],"product_tag":[1089],"yoast_head":"<!-- This site is optimized with the Yoast SEO plugin v15.3 - https:\/\/yoast.com\/wordpress\/plugins\/seo\/ -->\n<title>Powerbait Honey Worm 2.5cm - Berkley - Pesca Fish<\/title>\n<meta name=\"robots\" content=\"index, follow, max-snippet:-1, max-image-preview:large, max-video-preview:-1\" \/>\n<link rel=\"canonical\" href=\"https:\/\/www.pescafish.it\/new\/prodotto\/powerbait-honey-worm\/\" \/>\n<meta property=\"og:locale\" content=\"it_IT\" \/>\n<meta property=\"og:type\" content=\"article\" \/>\n<meta property=\"og:title\" content=\"Powerbait Honey Worm 2.5cm - Berkley - Pesca Fish\" \/>\n<meta property=\"og:description\" content=\"Powerbait Honey Worm 2.5cm Powerbait Honey Worm hanno un odore irresistibile. I pesci amano cos\u00ec tanto PowerBait da trattenerla in bocca 18 volte pi\u00f9 a lungo, offrendoti tempo e tranquillit\u00e0 per sentire le mangiate. E&#8217;\u00a0una delle imitazioni di camola pi\u00f9 utilizzate ed apprezzate in assoluto per la pesca a spinning alla trota, micidiali sia in [&hellip;]\" \/>\n<meta property=\"og:url\" content=\"https:\/\/www.pescafish.it\/new\/prodotto\/powerbait-honey-worm\/\" \/>\n<meta property=\"og:site_name\" content=\"Pesca Fish\" \/>\n<meta property=\"article:publisher\" content=\"https:\/\/www.facebook.com\/pescafishvr\/\" \/>\n<meta property=\"article:modified_time\" content=\"2026-02-15T18:19:45+00:00\" \/>\n<meta property=\"og:image\" content=\"https:\/\/www.pescafish.it\/new\/wp-content\/uploads\/2020\/04\/berkley-powerbait-honey-worms-2-5cm-black-1591184608-1.jpg\" \/>\n\t<meta property=\"og:image:width\" content=\"562\" \/>\n\t<meta property=\"og:image:height\" content=\"418\" \/>\n<meta name=\"twitter:card\" content=\"summary_large_image\" \/>\n<meta name=\"twitter:label1\" content=\"Scritto da\">\n\t<meta name=\"twitter:data1\" content=\"francesca\">\n\t<meta name=\"twitter:label2\" content=\"Tempo di lettura stimato\">\n\t<meta name=\"twitter:data2\" content=\"0 minuti\">\n<script type=\"application\/ld+json\" class=\"yoast-schema-graph\">{\"@context\":\"https:\/\/schema.org\",\"@graph\":[{\"@type\":\"WebSite\",\"@id\":\"https:\/\/www.pescafish.it\/new\/#website\",\"url\":\"https:\/\/www.pescafish.it\/new\/\",\"name\":\"Pesca Fish\",\"description\":\"Benvenuti sul nostro sito!\",\"potentialAction\":[{\"@type\":\"SearchAction\",\"target\":\"https:\/\/www.pescafish.it\/new\/?s={search_term_string}\",\"query-input\":\"required name=search_term_string\"}],\"inLanguage\":\"it-IT\"},{\"@type\":\"ImageObject\",\"@id\":\"https:\/\/www.pescafish.it\/new\/prodotto\/powerbait-honey-worm\/#primaryimage\",\"inLanguage\":\"it-IT\",\"url\":\"https:\/\/www.pescafish.it\/new\/wp-content\/uploads\/2020\/04\/berkley-powerbait-honey-worms-2-5cm-black-1591184608-1.jpg\",\"width\":562,\"height\":418},{\"@type\":\"WebPage\",\"@id\":\"https:\/\/www.pescafish.it\/new\/prodotto\/powerbait-honey-worm\/#webpage\",\"url\":\"https:\/\/www.pescafish.it\/new\/prodotto\/powerbait-honey-worm\/\",\"name\":\"Powerbait Honey Worm 2.5cm - Berkley - Pesca Fish\",\"isPartOf\":{\"@id\":\"https:\/\/www.pescafish.it\/new\/#website\"},\"primaryImageOfPage\":{\"@id\":\"https:\/\/www.pescafish.it\/new\/prodotto\/powerbait-honey-worm\/#primaryimage\"},\"datePublished\":\"2020-04-20T21:13:33+00:00\",\"dateModified\":\"2026-02-15T18:19:45+00:00\",\"inLanguage\":\"it-IT\",\"potentialAction\":[{\"@type\":\"ReadAction\",\"target\":[\"https:\/\/www.pescafish.it\/new\/prodotto\/powerbait-honey-worm\/\"]}]}]}<\/script>\n<!-- \/ Yoast SEO plugin. -->","_links":{"self":[{"href":"https:\/\/www.pescafish.it\/new\/wp-json\/wp\/v2\/product\/59477"}],"collection":[{"href":"https:\/\/www.pescafish.it\/new\/wp-json\/wp\/v2\/product"}],"about":[{"href":"https:\/\/www.pescafish.it\/new\/wp-json\/wp\/v2\/types\/product"}],"replies":[{"embeddable":true,"href":"https:\/\/www.pescafish.it\/new\/wp-json\/wp\/v2\/comments?post=59477"}],"wp:featuredmedia":[{"embeddable":true,"href":"https:\/\/www.pescafish.it\/new\/wp-json\/wp\/v2\/media\/89365"}],"wp:attachment":[{"href":"https:\/\/www.pescafish.it\/new\/wp-json\/wp\/v2\/media?parent=59477"}],"wp:term":[{"taxonomy":"product_cat","embeddable":true,"href":"https:\/\/www.pescafish.it\/new\/wp-json\/wp\/v2\/product_cat?post=59477"},{"taxonomy":"product_tag","embeddable":true,"href":"https:\/\/www.pescafish.it\/new\/wp-json\/wp\/v2\/product_tag?post=59477"}],"curies":[{"name":"wp","href":"https:\/\/api.w.org\/{rel}","templated":true}]}}