{"id":57983,"date":"2020-01-08T18:01:14","date_gmt":"2020-01-08T17:01:14","guid":{"rendered":"https:\/\/www.pescafish.it\/new\/?post_type=product&#038;p=57983"},"modified":"2023-04-11T16:45:20","modified_gmt":"2023-04-11T14:45:20","slug":"mulinello-slx-xt-shimano","status":"publish","type":"product","link":"https:\/\/www.pescafish.it\/new\/prodotto\/mulinello-slx-xt-shimano\/","title":{"rendered":"Mulinello SLX XT &#8211; Shimano"},"content":{"rendered":"<h2>Shimano SLX XT<\/h2>\n<p>Il mulinello SLX XT sostituisce il modello Casitas. L&#8217;SLX XT \u00e8 dotato di un corpo migliorato HAGANE e dell&#8217;utilizzo della nuova SVS INFINITY. Ci\u00f2 offrir\u00e0 al pescatore una gamma di regolazione dei freni molto pi\u00f9 ampia rispetto a quella dei freni VBS. Bobina in alluminio pressofuso e 4+1 cuscinetti ne completano la caratteristiche.<\/p>\n<p><strong>Disponibile nei seguenti modelli:<\/strong><\/p>\n<table style=\"width: 100%; border-collapse: collapse; border-color: #000000;\" border=\"2\">\n<tbody>\n<tr>\n<td style=\"width: 16.6667%; text-align: center;\"><strong>Modello<\/strong><\/td>\n<td style=\"width: 16.6667%; text-align: center;\"><strong>Peso<\/strong><\/td>\n<td style=\"width: 16.6667%; text-align: center;\"><strong>Rapporto di Recupero<\/strong><\/td>\n<td style=\"width: 16.6667%; text-align: center;\"><strong>Capacit\u00e0 bobina<\/strong><\/td>\n<td style=\"width: 16.6667%; text-align: center;\"><strong>Max Drag<\/strong><\/td>\n<td style=\"width: 16.6667%; text-align: center;\"><strong>Line Retrive<\/strong><\/td>\n<\/tr>\n<tr>\n<td style=\"width: 16.6667%; text-align: center;\"><strong>SLXXT151<\/strong><\/td>\n<td style=\"width: 16.6667%; text-align: center;\">205g<\/td>\n<td style=\"width: 16.6667%; text-align: center;\">6.3:1<\/td>\n<td style=\"width: 16.6667%; text-align: center;\">0.25mm-150m<\/td>\n<td style=\"width: 16.6667%; text-align: center;\">5,5kg<\/td>\n<td style=\"width: 16.6667%; text-align: center;\">63cm<\/td>\n<\/tr>\n<tr>\n<td style=\"width: 16.6667%; text-align: center;\"><strong>SLXXT151HG<\/strong><\/td>\n<td style=\"width: 16.6667%; text-align: center;\">205g<\/td>\n<td style=\"width: 16.6667%; text-align: center;\">7.2:1<\/td>\n<td style=\"width: 16.6667%; text-align: center;\">0.25mm-150m<\/td>\n<td style=\"width: 16.6667%; text-align: center;\">5kg<\/td>\n<td style=\"width: 16.6667%; text-align: center;\">72cm<\/td>\n<\/tr>\n<\/tbody>\n<\/table>\n<p>&nbsp;<\/p>\n<p><span style=\"color: #ff0000;\"><strong>DUE ANNI DI GARANZIA<\/strong><\/span><br \/>\n<span style=\"color: #ff0000;\"><strong>Da oggi per avere il TERZO ANNO DI GARANZIA, collegati al nuovo portale e registra il tuo prodotto su:<\/strong><\/span><br \/>\n<a href=\"http:\/\/www.shimanofishnetwork.it\/garanzia\/sign_in\"><strong><span style=\"color: #000000; background-color: #ffff00;\">http:\/\/www.shimanofishnetwork.it\/garanzia\/sign_in<\/span><\/strong><\/a><\/p>\n","protected":false},"excerpt":{"rendered":"<p>Shimano SLX XT Il mulinello SLX XT sostituisce il modello Casitas. L&#8217;SLX XT \u00e8 dotato di un corpo migliorato HAGANE e dell&#8217;utilizzo della nuova SVS INFINITY. Ci\u00f2 offrir\u00e0 al pescatore una gamma di regolazione dei freni molto pi\u00f9 ampia rispetto a quella dei freni VBS. Bobina in alluminio pressofuso e 4+1 cuscinetti ne completano la [&hellip;]<\/p>\n","protected":false},"featured_media":57984,"comment_status":"closed","ping_status":"closed","template":"","meta":[],"product_cat":[374],"product_tag":[1023],"yoast_head":"<!-- This site is optimized with the Yoast SEO plugin v15.3 - https:\/\/yoast.com\/wordpress\/plugins\/seo\/ -->\n<title>Mulinello SLX XT - Shimano - Pesca Fish<\/title>\n<meta name=\"description\" content=\"Mulinello SLX XT - Shimano | Per informazioni scriveteci info@pescafish.it oppure contattateci allo 045\/6100748\" \/>\n<meta name=\"robots\" content=\"index, follow, max-snippet:-1, max-image-preview:large, max-video-preview:-1\" \/>\n<link rel=\"canonical\" href=\"https:\/\/www.pescafish.it\/new\/prodotto\/mulinello-slx-xt-shimano\/\" \/>\n<meta property=\"og:locale\" content=\"it_IT\" \/>\n<meta property=\"og:type\" content=\"article\" \/>\n<meta property=\"og:title\" content=\"Mulinello SLX XT - Shimano - Pesca Fish\" \/>\n<meta property=\"og:description\" content=\"Mulinello SLX XT - Shimano | Per informazioni scriveteci info@pescafish.it oppure contattateci allo 045\/6100748\" \/>\n<meta property=\"og:url\" content=\"https:\/\/www.pescafish.it\/new\/prodotto\/mulinello-slx-xt-shimano\/\" \/>\n<meta property=\"og:site_name\" content=\"Pesca Fish\" \/>\n<meta property=\"article:publisher\" content=\"https:\/\/www.facebook.com\/pescafishvr\/\" \/>\n<meta property=\"article:modified_time\" content=\"2023-04-11T14:45:20+00:00\" \/>\n<meta property=\"og:image\" content=\"https:\/\/www.pescafish.it\/new\/wp-content\/uploads\/2020\/01\/slx-xt.jpg\" \/>\n\t<meta property=\"og:image:width\" content=\"1000\" \/>\n\t<meta property=\"og:image:height\" content=\"916\" \/>\n<meta name=\"twitter:card\" content=\"summary_large_image\" \/>\n<meta name=\"twitter:label1\" content=\"Scritto da\">\n\t<meta name=\"twitter:data1\" content=\"francesca\">\n\t<meta name=\"twitter:label2\" content=\"Tempo di lettura stimato\">\n\t<meta name=\"twitter:data2\" content=\"0 minuti\">\n<script type=\"application\/ld+json\" class=\"yoast-schema-graph\">{\"@context\":\"https:\/\/schema.org\",\"@graph\":[{\"@type\":\"WebSite\",\"@id\":\"https:\/\/www.pescafish.it\/new\/#website\",\"url\":\"https:\/\/www.pescafish.it\/new\/\",\"name\":\"Pesca Fish\",\"description\":\"Benvenuti sul nostro sito!\",\"potentialAction\":[{\"@type\":\"SearchAction\",\"target\":\"https:\/\/www.pescafish.it\/new\/?s={search_term_string}\",\"query-input\":\"required name=search_term_string\"}],\"inLanguage\":\"it-IT\"},{\"@type\":\"ImageObject\",\"@id\":\"https:\/\/www.pescafish.it\/new\/prodotto\/mulinello-slx-xt-shimano\/#primaryimage\",\"inLanguage\":\"it-IT\",\"url\":\"https:\/\/www.pescafish.it\/new\/wp-content\/uploads\/2020\/01\/slx-xt.jpg\",\"width\":1000,\"height\":916,\"caption\":\"slx 151 xt shimano\"},{\"@type\":\"WebPage\",\"@id\":\"https:\/\/www.pescafish.it\/new\/prodotto\/mulinello-slx-xt-shimano\/#webpage\",\"url\":\"https:\/\/www.pescafish.it\/new\/prodotto\/mulinello-slx-xt-shimano\/\",\"name\":\"Mulinello SLX XT - Shimano - Pesca Fish\",\"isPartOf\":{\"@id\":\"https:\/\/www.pescafish.it\/new\/#website\"},\"primaryImageOfPage\":{\"@id\":\"https:\/\/www.pescafish.it\/new\/prodotto\/mulinello-slx-xt-shimano\/#primaryimage\"},\"datePublished\":\"2020-01-08T17:01:14+00:00\",\"dateModified\":\"2023-04-11T14:45:20+00:00\",\"description\":\"Mulinello SLX XT - Shimano | Per informazioni scriveteci info@pescafish.it oppure contattateci allo 045\/6100748\",\"inLanguage\":\"it-IT\",\"potentialAction\":[{\"@type\":\"ReadAction\",\"target\":[\"https:\/\/www.pescafish.it\/new\/prodotto\/mulinello-slx-xt-shimano\/\"]}]}]}<\/script>\n<!-- \/ Yoast SEO plugin. -->","_links":{"self":[{"href":"https:\/\/www.pescafish.it\/new\/wp-json\/wp\/v2\/product\/57983"}],"collection":[{"href":"https:\/\/www.pescafish.it\/new\/wp-json\/wp\/v2\/product"}],"about":[{"href":"https:\/\/www.pescafish.it\/new\/wp-json\/wp\/v2\/types\/product"}],"replies":[{"embeddable":true,"href":"https:\/\/www.pescafish.it\/new\/wp-json\/wp\/v2\/comments?post=57983"}],"wp:featuredmedia":[{"embeddable":true,"href":"https:\/\/www.pescafish.it\/new\/wp-json\/wp\/v2\/media\/57984"}],"wp:attachment":[{"href":"https:\/\/www.pescafish.it\/new\/wp-json\/wp\/v2\/media?parent=57983"}],"wp:term":[{"taxonomy":"product_cat","embeddable":true,"href":"https:\/\/www.pescafish.it\/new\/wp-json\/wp\/v2\/product_cat?post=57983"},{"taxonomy":"product_tag","embeddable":true,"href":"https:\/\/www.pescafish.it\/new\/wp-json\/wp\/v2\/product_tag?post=57983"}],"curies":[{"name":"wp","href":"https:\/\/api.w.org\/{rel}","templated":true}]}}