{"id":57943,"date":"2020-01-07T18:36:18","date_gmt":"2020-01-07T17:36:18","guid":{"rendered":"https:\/\/www.pescafish.it\/new\/?post_type=product&#038;p=57943"},"modified":"2026-01-03T18:02:55","modified_gmt":"2026-01-03T17:02:55","slug":"sacco-a-pelo-ven-tec-5-season-fox","status":"publish","type":"product","link":"https:\/\/www.pescafish.it\/new\/prodotto\/sacco-a-pelo-ven-tec-5-season-fox\/","title":{"rendered":"Sacco a Pelo Ven-Tec 5 Season &#8211; Fox"},"content":{"rendered":"<h2>Sacco a Pelo Ven-Tec 5 Season &#8211; Fox<\/h2>\n<p><strong>Caratteristiche:<\/strong><br \/>\n\u2022 Il sacco a pelo pi\u00f9 evoluto per la pesca con clima freddo<br \/>\n\u2022 Lo strato superiore \u00e8 caratterizzato dall\u2019impiego del nuovo piumino sintetico Fox, con trattamento al silicone, che \u00e8 pi\u00f9 leggero rispetto alle fibre cave standard e crea calore pi\u00f9 rapidamente attorno al corpo, dando origine al nostro sacco a pelo pi\u00f9 caldo di sempre<br \/>\n\u2022 Lo strato base beneficia dell\u2019imbottitura con fibra cava \u201c7 Core Hollow Fibre\u201d, trattata al silicone per mantenere la forma ed espandere le fibre<br \/>\n\u2022 Cuciture \u201coffset panel\u201d consentono al calore di essere mantenuto all\u2019interno del sacco a pelo per pi\u00f9 tempo<br \/>\n\u2022 Strato di base esterno in morbido poliestere Ripstop che aiuta la traspirabilit\u00e0 sul materasso di un lettino<br \/>\n\u2022 Strato esterno in materiale Ven-Tec Ripstop con colonna idrostatica da 20.000mm<br \/>\n\u2022 Cinghia di fissaggio elasticizzata<br \/>\n\u2022 Fodero interno in micropile<br \/>\n\u2022 Cerniere \u201ccrash\u201d da 10mm<br \/>\n\u2022 Elementi interni anti-spiffero di dimensioni generose, in pile<br \/>\n\u2022 Design con tasca per i piedi, dotata di cerniere che si interrompono all\u2019altezza dei piedi stessi per creare una tasca termica<br \/>\n\u2022 Elemento di ritenzione del cuscino sullo strato base<br \/>\n\u2022 Cappucci elasticizzati alle due estremit\u00e0 per un montaggio sicuro su lettini a gamba singola<br \/>\n\u2022 Studiato per un utilizzo con lettini di larghezza standard quali R2 Camo, EOS2 e Flatliner 6 e 8 gambe<br \/>\n\u2022 Dimensioni: larghezza 94cm x lunghezza 213cm<br \/>\n\u2022 Dimensioni da chiuso: 37cm x 47cm<br \/>\n\u2022 Peso: 4,4kg<br \/>\n\u2022 Materiale esterno principale: 100% Poliestere, imbottitura: 100% Poliestere, fodero: 100% Poliestere<\/p>\n","protected":false},"excerpt":{"rendered":"<p>Sacco a Pelo Ven-Tec 5 Season &#8211; Fox Caratteristiche: \u2022 Il sacco a pelo pi\u00f9 evoluto per la pesca con clima freddo \u2022 Lo strato superiore \u00e8 caratterizzato dall\u2019impiego del nuovo piumino sintetico Fox, con trattamento al silicone, che \u00e8 pi\u00f9 leggero rispetto alle fibre cave standard e crea calore pi\u00f9 rapidamente attorno al corpo, [&hellip;]<\/p>\n","protected":false},"featured_media":57944,"comment_status":"closed","ping_status":"closed","template":"","meta":[],"product_cat":[422],"product_tag":[1028],"yoast_head":"<!-- This site is optimized with the Yoast SEO plugin v15.3 - https:\/\/yoast.com\/wordpress\/plugins\/seo\/ -->\n<title>Sacco a Pelo Ven-Tec 5 Season - Fox - Pesca Fish<\/title>\n<meta name=\"description\" content=\"Sacco a Pelo Ven-Tec 5 Season - Fox | Per informazioni scriveteci a info@pescafish.it oppure contattateci allo 045\/6100748\" \/>\n<meta name=\"robots\" content=\"index, follow, max-snippet:-1, max-image-preview:large, max-video-preview:-1\" \/>\n<link rel=\"canonical\" href=\"https:\/\/www.pescafish.it\/new\/prodotto\/sacco-a-pelo-ven-tec-5-season-fox\/\" \/>\n<meta property=\"og:locale\" content=\"it_IT\" \/>\n<meta property=\"og:type\" content=\"article\" \/>\n<meta property=\"og:title\" content=\"Sacco a Pelo Ven-Tec 5 Season - Fox - Pesca Fish\" \/>\n<meta property=\"og:description\" content=\"Sacco a Pelo Ven-Tec 5 Season - Fox | Per informazioni scriveteci a info@pescafish.it oppure contattateci allo 045\/6100748\" \/>\n<meta property=\"og:url\" content=\"https:\/\/www.pescafish.it\/new\/prodotto\/sacco-a-pelo-ven-tec-5-season-fox\/\" \/>\n<meta property=\"og:site_name\" content=\"Pesca Fish\" \/>\n<meta property=\"article:publisher\" content=\"https:\/\/www.facebook.com\/pescafishvr\/\" \/>\n<meta property=\"article:modified_time\" content=\"2026-01-03T17:02:55+00:00\" \/>\n<meta property=\"og:image\" content=\"https:\/\/www.pescafish.it\/new\/wp-content\/uploads\/2020\/01\/ven-tec-ripstop-5-season-sleeping-bag.jpg\" \/>\n\t<meta property=\"og:image:width\" content=\"1000\" \/>\n\t<meta property=\"og:image:height\" content=\"680\" \/>\n<meta name=\"twitter:card\" content=\"summary_large_image\" \/>\n<meta name=\"twitter:label1\" content=\"Scritto da\">\n\t<meta name=\"twitter:data1\" content=\"francesca\">\n\t<meta name=\"twitter:label2\" content=\"Tempo di lettura stimato\">\n\t<meta name=\"twitter:data2\" content=\"1 minuto\">\n<script type=\"application\/ld+json\" class=\"yoast-schema-graph\">{\"@context\":\"https:\/\/schema.org\",\"@graph\":[{\"@type\":\"WebSite\",\"@id\":\"https:\/\/www.pescafish.it\/new\/#website\",\"url\":\"https:\/\/www.pescafish.it\/new\/\",\"name\":\"Pesca Fish\",\"description\":\"Benvenuti sul nostro sito!\",\"potentialAction\":[{\"@type\":\"SearchAction\",\"target\":\"https:\/\/www.pescafish.it\/new\/?s={search_term_string}\",\"query-input\":\"required name=search_term_string\"}],\"inLanguage\":\"it-IT\"},{\"@type\":\"ImageObject\",\"@id\":\"https:\/\/www.pescafish.it\/new\/prodotto\/sacco-a-pelo-ven-tec-5-season-fox\/#primaryimage\",\"inLanguage\":\"it-IT\",\"url\":\"https:\/\/www.pescafish.it\/new\/wp-content\/uploads\/2020\/01\/ven-tec-ripstop-5-season-sleeping-bag.jpg\",\"width\":1000,\"height\":680,\"caption\":\"sacco a pelo ripstop 5 season fox\"},{\"@type\":\"WebPage\",\"@id\":\"https:\/\/www.pescafish.it\/new\/prodotto\/sacco-a-pelo-ven-tec-5-season-fox\/#webpage\",\"url\":\"https:\/\/www.pescafish.it\/new\/prodotto\/sacco-a-pelo-ven-tec-5-season-fox\/\",\"name\":\"Sacco a Pelo Ven-Tec 5 Season - Fox - Pesca Fish\",\"isPartOf\":{\"@id\":\"https:\/\/www.pescafish.it\/new\/#website\"},\"primaryImageOfPage\":{\"@id\":\"https:\/\/www.pescafish.it\/new\/prodotto\/sacco-a-pelo-ven-tec-5-season-fox\/#primaryimage\"},\"datePublished\":\"2020-01-07T17:36:18+00:00\",\"dateModified\":\"2026-01-03T17:02:55+00:00\",\"description\":\"Sacco a Pelo Ven-Tec 5 Season - Fox | Per informazioni scriveteci a info@pescafish.it oppure contattateci allo 045\/6100748\",\"inLanguage\":\"it-IT\",\"potentialAction\":[{\"@type\":\"ReadAction\",\"target\":[\"https:\/\/www.pescafish.it\/new\/prodotto\/sacco-a-pelo-ven-tec-5-season-fox\/\"]}]}]}<\/script>\n<!-- \/ Yoast SEO plugin. -->","_links":{"self":[{"href":"https:\/\/www.pescafish.it\/new\/wp-json\/wp\/v2\/product\/57943"}],"collection":[{"href":"https:\/\/www.pescafish.it\/new\/wp-json\/wp\/v2\/product"}],"about":[{"href":"https:\/\/www.pescafish.it\/new\/wp-json\/wp\/v2\/types\/product"}],"replies":[{"embeddable":true,"href":"https:\/\/www.pescafish.it\/new\/wp-json\/wp\/v2\/comments?post=57943"}],"wp:featuredmedia":[{"embeddable":true,"href":"https:\/\/www.pescafish.it\/new\/wp-json\/wp\/v2\/media\/57944"}],"wp:attachment":[{"href":"https:\/\/www.pescafish.it\/new\/wp-json\/wp\/v2\/media?parent=57943"}],"wp:term":[{"taxonomy":"product_cat","embeddable":true,"href":"https:\/\/www.pescafish.it\/new\/wp-json\/wp\/v2\/product_cat?post=57943"},{"taxonomy":"product_tag","embeddable":true,"href":"https:\/\/www.pescafish.it\/new\/wp-json\/wp\/v2\/product_tag?post=57943"}],"curies":[{"name":"wp","href":"https:\/\/api.w.org\/{rel}","templated":true}]}}