{"id":57878,"date":"2019-12-31T09:30:38","date_gmt":"2019-12-31T08:30:38","guid":{"rendered":"https:\/\/www.pescafish.it\/new\/?post_type=product&#038;p=57878"},"modified":"2023-02-12T01:51:48","modified_gmt":"2023-02-12T00:51:48","slug":"icm-maggot-feeder-in-line-preston-innovations","status":"publish","type":"product","link":"https:\/\/www.pescafish.it\/new\/prodotto\/icm-maggot-feeder-in-line-preston-innovations\/","title":{"rendered":"ICM Maggot Feeder In-Line &#8211; Preston Innovations"},"content":{"rendered":"<h2>ICM Maggot Feeder Preston Innovations<\/h2>\n<p>ICM Maggot Feeder \u00e8 il pasturatore, della popolare gamma di alimentatori ICM, dedicato all\u2019utilizzo dei bigattini. Come per tutti gli altri ICM, il Maggot feeder \u00e8 stato progettato per il periodo invernale o per tutte quelle situazioni difficili, quando \u00e8 richiesta una quantit\u00e0 minima di esche. Questo pasturatore caratterizzato da soluzioni tecniche all\u2019avanguardia, come il peso predisposto, in maniera singolare, nella parte anteriore \u00e8 veramente semplice da utilizzare, ed \u00e8 dotato di una finestra di caricamento scorrevole e del rivoluzionario sistema di cambio rapido ICM che consente di utilizzare tutti i pasturatori della serie, passando da un modello all\u2019altro in pochi secondi.<\/p>\n<p><strong>Disponibile nelle seguenti misure:<\/strong><br \/>\n<strong>P0040074<\/strong>\u00a0 Small 12g<br \/>\n<strong>P0040075\u00a0<\/strong> Small 20g<\/p>\n","protected":false},"excerpt":{"rendered":"<p>ICM Maggot Feeder Preston Innovations ICM Maggot Feeder \u00e8 il pasturatore, della popolare gamma di alimentatori ICM, dedicato all\u2019utilizzo dei bigattini. Come per tutti gli altri ICM, il Maggot feeder \u00e8 stato progettato per il periodo invernale o per tutte quelle situazioni difficili, quando \u00e8 richiesta una quantit\u00e0 minima di esche. Questo pasturatore caratterizzato da [&hellip;]<\/p>\n","protected":false},"featured_media":57880,"comment_status":"closed","ping_status":"closed","template":"","meta":[],"product_cat":[178],"product_tag":[1020],"yoast_head":"<!-- This site is optimized with the Yoast SEO plugin v15.3 - https:\/\/yoast.com\/wordpress\/plugins\/seo\/ -->\n<title>ICM Maggot Feeder In-Line - Preston Innovations - Pesca Fish<\/title>\n<meta name=\"description\" content=\"ICM Maggot Feeder In-Line - Preston Innovations | Per informazioni scriveteci a info@pescafish.it oppure contattateci allo 045\/6100748\" \/>\n<meta name=\"robots\" content=\"index, follow, max-snippet:-1, max-image-preview:large, max-video-preview:-1\" \/>\n<link rel=\"canonical\" href=\"https:\/\/www.pescafish.it\/new\/prodotto\/icm-maggot-feeder-in-line-preston-innovations\/\" \/>\n<meta property=\"og:locale\" content=\"it_IT\" \/>\n<meta property=\"og:type\" content=\"article\" \/>\n<meta property=\"og:title\" content=\"ICM Maggot Feeder In-Line - Preston Innovations - Pesca Fish\" \/>\n<meta property=\"og:description\" content=\"ICM Maggot Feeder In-Line - Preston Innovations | Per informazioni scriveteci a info@pescafish.it oppure contattateci allo 045\/6100748\" \/>\n<meta property=\"og:url\" content=\"https:\/\/www.pescafish.it\/new\/prodotto\/icm-maggot-feeder-in-line-preston-innovations\/\" \/>\n<meta property=\"og:site_name\" content=\"Pesca Fish\" \/>\n<meta property=\"article:publisher\" content=\"https:\/\/www.facebook.com\/pescafishvr\/\" \/>\n<meta property=\"article:modified_time\" content=\"2023-02-12T00:51:48+00:00\" \/>\n<meta property=\"og:image\" content=\"https:\/\/www.pescafish.it\/new\/wp-content\/uploads\/2019\/12\/icm-maggot-feeder.jpg\" \/>\n\t<meta property=\"og:image:width\" content=\"1000\" \/>\n\t<meta property=\"og:image:height\" content=\"667\" \/>\n<meta name=\"twitter:card\" content=\"summary_large_image\" \/>\n<meta name=\"twitter:label1\" content=\"Scritto da\">\n\t<meta name=\"twitter:data1\" content=\"francesca\">\n\t<meta name=\"twitter:label2\" content=\"Tempo di lettura stimato\">\n\t<meta name=\"twitter:data2\" content=\"0 minuti\">\n<script type=\"application\/ld+json\" class=\"yoast-schema-graph\">{\"@context\":\"https:\/\/schema.org\",\"@graph\":[{\"@type\":\"WebSite\",\"@id\":\"https:\/\/www.pescafish.it\/new\/#website\",\"url\":\"https:\/\/www.pescafish.it\/new\/\",\"name\":\"Pesca Fish\",\"description\":\"Benvenuti sul nostro sito!\",\"potentialAction\":[{\"@type\":\"SearchAction\",\"target\":\"https:\/\/www.pescafish.it\/new\/?s={search_term_string}\",\"query-input\":\"required name=search_term_string\"}],\"inLanguage\":\"it-IT\"},{\"@type\":\"ImageObject\",\"@id\":\"https:\/\/www.pescafish.it\/new\/prodotto\/icm-maggot-feeder-in-line-preston-innovations\/#primaryimage\",\"inLanguage\":\"it-IT\",\"url\":\"https:\/\/www.pescafish.it\/new\/wp-content\/uploads\/2019\/12\/icm-maggot-feeder.jpg\",\"width\":1000,\"height\":667,\"caption\":\"icm maggot feeder preston innovation\"},{\"@type\":\"WebPage\",\"@id\":\"https:\/\/www.pescafish.it\/new\/prodotto\/icm-maggot-feeder-in-line-preston-innovations\/#webpage\",\"url\":\"https:\/\/www.pescafish.it\/new\/prodotto\/icm-maggot-feeder-in-line-preston-innovations\/\",\"name\":\"ICM Maggot Feeder In-Line - Preston Innovations - Pesca Fish\",\"isPartOf\":{\"@id\":\"https:\/\/www.pescafish.it\/new\/#website\"},\"primaryImageOfPage\":{\"@id\":\"https:\/\/www.pescafish.it\/new\/prodotto\/icm-maggot-feeder-in-line-preston-innovations\/#primaryimage\"},\"datePublished\":\"2019-12-31T08:30:38+00:00\",\"dateModified\":\"2023-02-12T00:51:48+00:00\",\"description\":\"ICM Maggot Feeder In-Line - Preston Innovations | Per informazioni scriveteci a info@pescafish.it oppure contattateci allo 045\/6100748\",\"inLanguage\":\"it-IT\",\"potentialAction\":[{\"@type\":\"ReadAction\",\"target\":[\"https:\/\/www.pescafish.it\/new\/prodotto\/icm-maggot-feeder-in-line-preston-innovations\/\"]}]}]}<\/script>\n<!-- \/ Yoast SEO plugin. -->","_links":{"self":[{"href":"https:\/\/www.pescafish.it\/new\/wp-json\/wp\/v2\/product\/57878"}],"collection":[{"href":"https:\/\/www.pescafish.it\/new\/wp-json\/wp\/v2\/product"}],"about":[{"href":"https:\/\/www.pescafish.it\/new\/wp-json\/wp\/v2\/types\/product"}],"replies":[{"embeddable":true,"href":"https:\/\/www.pescafish.it\/new\/wp-json\/wp\/v2\/comments?post=57878"}],"wp:featuredmedia":[{"embeddable":true,"href":"https:\/\/www.pescafish.it\/new\/wp-json\/wp\/v2\/media\/57880"}],"wp:attachment":[{"href":"https:\/\/www.pescafish.it\/new\/wp-json\/wp\/v2\/media?parent=57878"}],"wp:term":[{"taxonomy":"product_cat","embeddable":true,"href":"https:\/\/www.pescafish.it\/new\/wp-json\/wp\/v2\/product_cat?post=57878"},{"taxonomy":"product_tag","embeddable":true,"href":"https:\/\/www.pescafish.it\/new\/wp-json\/wp\/v2\/product_tag?post=57878"}],"curies":[{"name":"wp","href":"https:\/\/api.w.org\/{rel}","templated":true}]}}