{"id":57866,"date":"2019-12-30T10:52:07","date_gmt":"2019-12-30T09:52:07","guid":{"rendered":"https:\/\/www.pescafish.it\/new\/?post_type=product&#038;p=57866"},"modified":"2022-04-21T11:44:42","modified_gmt":"2022-04-21T09:44:42","slug":"piatto-laterale-double-decker-large-preston-innovations","status":"publish","type":"product","link":"https:\/\/www.pescafish.it\/new\/prodotto\/piatto-laterale-double-decker-large-preston-innovations\/","title":{"rendered":"Piatto Laterale Double Decker Large &#8211; Preston Innovations"},"content":{"rendered":"<h2>Piatto Laterale Double Decker Large Preston Innovations<\/h2>\n<p>Una versione pi\u00f9 grande del vassoio laterale Double Decker che \u00e8 supportato da due nocche extra forti. I due vassoi significano che c&#8217;\u00e8 un sacco di spazio per esche e accessori mentre il vassoio si piega ancora in un ingombro molto pi\u00f9 piccolo per il trasporto.<\/p>\n<p><strong>Dimensioni piatto piccolo:<\/strong> 48x32cm<br \/>\n<strong>Dimensioni piatto grande:<\/strong> 54&#215;43,5cm<\/p>\n","protected":false},"excerpt":{"rendered":"<p>Piatto Laterale Double Decker Large Preston Innovations Una versione pi\u00f9 grande del vassoio laterale Double Decker che \u00e8 supportato da due nocche extra forti. I due vassoi significano che c&#8217;\u00e8 un sacco di spazio per esche e accessori mentre il vassoio si piega ancora in un ingombro molto pi\u00f9 piccolo per il trasporto. Dimensioni piatto [&hellip;]<\/p>\n","protected":false},"featured_media":57868,"comment_status":"closed","ping_status":"closed","template":"","meta":[],"product_cat":[189],"product_tag":[1020],"yoast_head":"<!-- This site is optimized with the Yoast SEO plugin v15.3 - https:\/\/yoast.com\/wordpress\/plugins\/seo\/ -->\n<title>Piatto Laterale Double Decker Large - Preston Innovations - Pesca Fish<\/title>\n<meta name=\"description\" content=\"Piatto Laterale Double Decker Large - Preston Innovations | Per informazioni scriveteci a info@pescafish.it oppure contattateci allo 045\/6100748\" \/>\n<meta name=\"robots\" content=\"index, follow, max-snippet:-1, max-image-preview:large, max-video-preview:-1\" \/>\n<link rel=\"canonical\" href=\"https:\/\/www.pescafish.it\/new\/prodotto\/piatto-laterale-double-decker-large-preston-innovations\/\" \/>\n<meta property=\"og:locale\" content=\"it_IT\" \/>\n<meta property=\"og:type\" content=\"article\" \/>\n<meta property=\"og:title\" content=\"Piatto Laterale Double Decker Large - Preston Innovations - Pesca Fish\" \/>\n<meta property=\"og:description\" content=\"Piatto Laterale Double Decker Large - Preston Innovations | Per informazioni scriveteci a info@pescafish.it oppure contattateci allo 045\/6100748\" \/>\n<meta property=\"og:url\" content=\"https:\/\/www.pescafish.it\/new\/prodotto\/piatto-laterale-double-decker-large-preston-innovations\/\" \/>\n<meta property=\"og:site_name\" content=\"Pesca Fish\" \/>\n<meta property=\"article:publisher\" content=\"https:\/\/www.facebook.com\/pescafishvr\/\" \/>\n<meta property=\"article:modified_time\" content=\"2022-04-21T09:44:42+00:00\" \/>\n<meta property=\"og:image\" content=\"https:\/\/www.pescafish.it\/new\/wp-content\/uploads\/2019\/12\/double-decker-large.jpg\" \/>\n\t<meta property=\"og:image:width\" content=\"1000\" \/>\n\t<meta property=\"og:image:height\" content=\"795\" \/>\n<meta name=\"twitter:card\" content=\"summary_large_image\" \/>\n<meta name=\"twitter:label1\" content=\"Scritto da\">\n\t<meta name=\"twitter:data1\" content=\"francesca\">\n\t<meta name=\"twitter:label2\" content=\"Tempo di lettura stimato\">\n\t<meta name=\"twitter:data2\" content=\"0 minuti\">\n<script type=\"application\/ld+json\" class=\"yoast-schema-graph\">{\"@context\":\"https:\/\/schema.org\",\"@graph\":[{\"@type\":\"WebSite\",\"@id\":\"https:\/\/www.pescafish.it\/new\/#website\",\"url\":\"https:\/\/www.pescafish.it\/new\/\",\"name\":\"Pesca Fish\",\"description\":\"Benvenuti sul nostro sito!\",\"potentialAction\":[{\"@type\":\"SearchAction\",\"target\":\"https:\/\/www.pescafish.it\/new\/?s={search_term_string}\",\"query-input\":\"required name=search_term_string\"}],\"inLanguage\":\"it-IT\"},{\"@type\":\"ImageObject\",\"@id\":\"https:\/\/www.pescafish.it\/new\/prodotto\/piatto-laterale-double-decker-large-preston-innovations\/#primaryimage\",\"inLanguage\":\"it-IT\",\"url\":\"https:\/\/www.pescafish.it\/new\/wp-content\/uploads\/2019\/12\/double-decker-large.jpg\",\"width\":1000,\"height\":795,\"caption\":\"piatto laterale double decker large preston\"},{\"@type\":\"WebPage\",\"@id\":\"https:\/\/www.pescafish.it\/new\/prodotto\/piatto-laterale-double-decker-large-preston-innovations\/#webpage\",\"url\":\"https:\/\/www.pescafish.it\/new\/prodotto\/piatto-laterale-double-decker-large-preston-innovations\/\",\"name\":\"Piatto Laterale Double Decker Large - Preston Innovations - Pesca Fish\",\"isPartOf\":{\"@id\":\"https:\/\/www.pescafish.it\/new\/#website\"},\"primaryImageOfPage\":{\"@id\":\"https:\/\/www.pescafish.it\/new\/prodotto\/piatto-laterale-double-decker-large-preston-innovations\/#primaryimage\"},\"datePublished\":\"2019-12-30T09:52:07+00:00\",\"dateModified\":\"2022-04-21T09:44:42+00:00\",\"description\":\"Piatto Laterale Double Decker Large - Preston Innovations | Per informazioni scriveteci a info@pescafish.it oppure contattateci allo 045\/6100748\",\"inLanguage\":\"it-IT\",\"potentialAction\":[{\"@type\":\"ReadAction\",\"target\":[\"https:\/\/www.pescafish.it\/new\/prodotto\/piatto-laterale-double-decker-large-preston-innovations\/\"]}]}]}<\/script>\n<!-- \/ Yoast SEO plugin. -->","_links":{"self":[{"href":"https:\/\/www.pescafish.it\/new\/wp-json\/wp\/v2\/product\/57866"}],"collection":[{"href":"https:\/\/www.pescafish.it\/new\/wp-json\/wp\/v2\/product"}],"about":[{"href":"https:\/\/www.pescafish.it\/new\/wp-json\/wp\/v2\/types\/product"}],"replies":[{"embeddable":true,"href":"https:\/\/www.pescafish.it\/new\/wp-json\/wp\/v2\/comments?post=57866"}],"wp:featuredmedia":[{"embeddable":true,"href":"https:\/\/www.pescafish.it\/new\/wp-json\/wp\/v2\/media\/57868"}],"wp:attachment":[{"href":"https:\/\/www.pescafish.it\/new\/wp-json\/wp\/v2\/media?parent=57866"}],"wp:term":[{"taxonomy":"product_cat","embeddable":true,"href":"https:\/\/www.pescafish.it\/new\/wp-json\/wp\/v2\/product_cat?post=57866"},{"taxonomy":"product_tag","embeddable":true,"href":"https:\/\/www.pescafish.it\/new\/wp-json\/wp\/v2\/product_tag?post=57866"}],"curies":[{"name":"wp","href":"https:\/\/api.w.org\/{rel}","templated":true}]}}