{"id":56895,"date":"2019-11-18T16:32:39","date_gmt":"2019-11-18T15:32:39","guid":{"rendered":"https:\/\/www.pescafish.it\/new\/?post_type=product&#038;p=56895"},"modified":"2024-07-10T15:03:18","modified_gmt":"2024-07-10T13:03:18","slug":"sedia-inception-feeder-preston-innovations","status":"publish","type":"product","link":"https:\/\/www.pescafish.it\/new\/prodotto\/sedia-inception-feeder-preston-innovations\/","title":{"rendered":"Sedia Inception Feeder &#8211; Preston Innovations"},"content":{"rendered":"<p>La Inception Feeder Chair \u00e8 stata costruita utilizzando gambe a profilo rotondo da 30 mm, per poter disporre della massima stabilit\u00e0 su qualsiasi tipologia di terreno. Completamente compatibile con tutti i prodotti OffBox, pu\u00f2 essere personalizzata grazie ai numerosi articoli presenti nella serie OffBox e diventare la stazione di pesca ideale per la tecnica feeder.<br \/>\nDotata di seduta imbottita, schienale e gambe ribaltabili, la sedia Inception Feeder \u00e8 estremamente confortevole e compatta, facile da trasportare anche per lunghi tratti grazie alla tracolla in dotazione ed al peso di soli 7,2 kg. Per rendere la sedia ancora pi\u00f9 versatile \u00e8 disponibile, separatamente, una pedana a cui \u00e8 possibile aggiungere accessori come barre, bracci di supporto e feeder arm.<\/p>\n","protected":false},"excerpt":{"rendered":"<p>La Inception Feeder Chair \u00e8 stata costruita utilizzando gambe a profilo rotondo da 30 mm, per poter disporre della massima stabilit\u00e0 su qualsiasi tipologia di terreno. Completamente compatibile con tutti i prodotti OffBox, pu\u00f2 essere personalizzata grazie ai numerosi articoli presenti nella serie OffBox e diventare la stazione di pesca ideale per la tecnica feeder. [&hellip;]<\/p>\n","protected":false},"featured_media":56898,"comment_status":"closed","ping_status":"closed","template":"","meta":[],"product_cat":[188],"product_tag":[1020],"yoast_head":"<!-- This site is optimized with the Yoast SEO plugin v15.3 - https:\/\/yoast.com\/wordpress\/plugins\/seo\/ -->\n<title>Sedia Inception Feeder - Preston Innovations - Pesca Fish<\/title>\n<meta name=\"robots\" content=\"index, follow, max-snippet:-1, max-image-preview:large, max-video-preview:-1\" \/>\n<link rel=\"canonical\" href=\"https:\/\/www.pescafish.it\/new\/prodotto\/sedia-inception-feeder-preston-innovations\/\" \/>\n<meta property=\"og:locale\" content=\"it_IT\" \/>\n<meta property=\"og:type\" content=\"article\" \/>\n<meta property=\"og:title\" content=\"Sedia Inception Feeder - Preston Innovations - Pesca Fish\" \/>\n<meta property=\"og:description\" content=\"La Inception Feeder Chair \u00e8 stata costruita utilizzando gambe a profilo rotondo da 30 mm, per poter disporre della massima stabilit\u00e0 su qualsiasi tipologia di terreno. Completamente compatibile con tutti i prodotti OffBox, pu\u00f2 essere personalizzata grazie ai numerosi articoli presenti nella serie OffBox e diventare la stazione di pesca ideale per la tecnica feeder. [&hellip;]\" \/>\n<meta property=\"og:url\" content=\"https:\/\/www.pescafish.it\/new\/prodotto\/sedia-inception-feeder-preston-innovations\/\" \/>\n<meta property=\"og:site_name\" content=\"Pesca Fish\" \/>\n<meta property=\"article:publisher\" content=\"https:\/\/www.facebook.com\/pescafishvr\/\" \/>\n<meta property=\"article:modified_time\" content=\"2024-07-10T13:03:18+00:00\" \/>\n<meta property=\"og:image\" content=\"https:\/\/www.pescafish.it\/new\/wp-content\/uploads\/2019\/11\/INCEPTION-FEEDER-CHAIR.jpg\" \/>\n\t<meta property=\"og:image:width\" content=\"1000\" \/>\n\t<meta property=\"og:image:height\" content=\"1001\" \/>\n<meta name=\"twitter:card\" content=\"summary_large_image\" \/>\n<meta name=\"twitter:label1\" content=\"Scritto da\">\n\t<meta name=\"twitter:data1\" content=\"francesca\">\n\t<meta name=\"twitter:label2\" content=\"Tempo di lettura stimato\">\n\t<meta name=\"twitter:data2\" content=\"0 minuti\">\n<script type=\"application\/ld+json\" class=\"yoast-schema-graph\">{\"@context\":\"https:\/\/schema.org\",\"@graph\":[{\"@type\":\"WebSite\",\"@id\":\"https:\/\/www.pescafish.it\/new\/#website\",\"url\":\"https:\/\/www.pescafish.it\/new\/\",\"name\":\"Pesca Fish\",\"description\":\"Benvenuti sul nostro sito!\",\"potentialAction\":[{\"@type\":\"SearchAction\",\"target\":\"https:\/\/www.pescafish.it\/new\/?s={search_term_string}\",\"query-input\":\"required name=search_term_string\"}],\"inLanguage\":\"it-IT\"},{\"@type\":\"ImageObject\",\"@id\":\"https:\/\/www.pescafish.it\/new\/prodotto\/sedia-inception-feeder-preston-innovations\/#primaryimage\",\"inLanguage\":\"it-IT\",\"url\":\"https:\/\/www.pescafish.it\/new\/wp-content\/uploads\/2019\/11\/INCEPTION-FEEDER-CHAIR.jpg\",\"width\":1000,\"height\":1001,\"caption\":\"USATO Inception Feeder Chair - Preston Innovations\"},{\"@type\":\"WebPage\",\"@id\":\"https:\/\/www.pescafish.it\/new\/prodotto\/sedia-inception-feeder-preston-innovations\/#webpage\",\"url\":\"https:\/\/www.pescafish.it\/new\/prodotto\/sedia-inception-feeder-preston-innovations\/\",\"name\":\"Sedia Inception Feeder - Preston Innovations - Pesca Fish\",\"isPartOf\":{\"@id\":\"https:\/\/www.pescafish.it\/new\/#website\"},\"primaryImageOfPage\":{\"@id\":\"https:\/\/www.pescafish.it\/new\/prodotto\/sedia-inception-feeder-preston-innovations\/#primaryimage\"},\"datePublished\":\"2019-11-18T15:32:39+00:00\",\"dateModified\":\"2024-07-10T13:03:18+00:00\",\"inLanguage\":\"it-IT\",\"potentialAction\":[{\"@type\":\"ReadAction\",\"target\":[\"https:\/\/www.pescafish.it\/new\/prodotto\/sedia-inception-feeder-preston-innovations\/\"]}]}]}<\/script>\n<!-- \/ Yoast SEO plugin. -->","_links":{"self":[{"href":"https:\/\/www.pescafish.it\/new\/wp-json\/wp\/v2\/product\/56895"}],"collection":[{"href":"https:\/\/www.pescafish.it\/new\/wp-json\/wp\/v2\/product"}],"about":[{"href":"https:\/\/www.pescafish.it\/new\/wp-json\/wp\/v2\/types\/product"}],"replies":[{"embeddable":true,"href":"https:\/\/www.pescafish.it\/new\/wp-json\/wp\/v2\/comments?post=56895"}],"wp:featuredmedia":[{"embeddable":true,"href":"https:\/\/www.pescafish.it\/new\/wp-json\/wp\/v2\/media\/56898"}],"wp:attachment":[{"href":"https:\/\/www.pescafish.it\/new\/wp-json\/wp\/v2\/media?parent=56895"}],"wp:term":[{"taxonomy":"product_cat","embeddable":true,"href":"https:\/\/www.pescafish.it\/new\/wp-json\/wp\/v2\/product_cat?post=56895"},{"taxonomy":"product_tag","embeddable":true,"href":"https:\/\/www.pescafish.it\/new\/wp-json\/wp\/v2\/product_tag?post=56895"}],"curies":[{"name":"wp","href":"https:\/\/api.w.org\/{rel}","templated":true}]}}