{"id":56033,"date":"2019-09-28T11:34:12","date_gmt":"2019-09-28T09:34:12","guid":{"rendered":"https:\/\/www.pescafish.it\/new\/?post_type=product&#038;p=56033"},"modified":"2024-08-06T00:09:44","modified_gmt":"2024-08-05T22:09:44","slug":"canna-monster-x-11ft-pellet-waggler-preston-innovations","status":"publish","type":"product","link":"https:\/\/www.pescafish.it\/new\/prodotto\/canna-monster-x-11ft-pellet-waggler-preston-innovations\/","title":{"rendered":"Canna Monster X 11ft Pellet Waggler &#8211; Preston Innovations"},"content":{"rendered":"<p>Questo modello \u00e8 stato specificatamente sviluppato per soddisfare le esigenze della pesca a pellet waggler, dove \u00e8 comune catturare grandi quantit\u00e0 di pesci. Realizzata con lunghezza di 11ft per favorire il massimo controllo del galleggiante nella fase di lancio e contrastare con velocit\u00e0 le prede pi\u00f9 grosse. Grazie alla sua azione progressiva senza interruzioni, la Monster X 11ft Pellet Waggler riduce al minimo la rottura del terminale e previene la perdita dei pesci durante il loro recupero.<\/p>\n<p><strong>Lunghezza:<\/strong> 11ft (3,30 m)<br \/>\n<strong>Ingombro:<\/strong> 171cm<br \/>\n<strong>Peso:<\/strong> 197g<br \/>\n<strong>Line Rating:<\/strong> 3-6lb<br \/>\n<strong>Lunghezza calcio:<\/strong> 53cm<br \/>\n<strong>Materiale della Manico:<\/strong> Fondo in sughero con manopola in EVA<\/p>\n","protected":false},"excerpt":{"rendered":"<p>Questo modello \u00e8 stato specificatamente sviluppato per soddisfare le esigenze della pesca a pellet waggler, dove \u00e8 comune catturare grandi quantit\u00e0 di pesci. Realizzata con lunghezza di 11ft per favorire il massimo controllo del galleggiante nella fase di lancio e contrastare con velocit\u00e0 le prede pi\u00f9 grosse. Grazie alla sua azione progressiva senza interruzioni, la [&hellip;]<\/p>\n","protected":false},"featured_media":56034,"comment_status":"closed","ping_status":"closed","template":"","meta":[],"product_cat":[317],"product_tag":[1020],"yoast_head":"<!-- This site is optimized with the Yoast SEO plugin v15.3 - https:\/\/yoast.com\/wordpress\/plugins\/seo\/ -->\n<title>Canna Monster X 11ft Pellet Waggler - Preston Innovations - Pesca Fish<\/title>\n<meta name=\"robots\" content=\"index, follow, max-snippet:-1, max-image-preview:large, max-video-preview:-1\" \/>\n<link rel=\"canonical\" href=\"https:\/\/www.pescafish.it\/new\/prodotto\/canna-monster-x-11ft-pellet-waggler-preston-innovations\/\" \/>\n<meta property=\"og:locale\" content=\"it_IT\" \/>\n<meta property=\"og:type\" content=\"article\" \/>\n<meta property=\"og:title\" content=\"Canna Monster X 11ft Pellet Waggler - Preston Innovations - Pesca Fish\" \/>\n<meta property=\"og:description\" content=\"Questo modello \u00e8 stato specificatamente sviluppato per soddisfare le esigenze della pesca a pellet waggler, dove \u00e8 comune catturare grandi quantit\u00e0 di pesci. Realizzata con lunghezza di 11ft per favorire il massimo controllo del galleggiante nella fase di lancio e contrastare con velocit\u00e0 le prede pi\u00f9 grosse. Grazie alla sua azione progressiva senza interruzioni, la [&hellip;]\" \/>\n<meta property=\"og:url\" content=\"https:\/\/www.pescafish.it\/new\/prodotto\/canna-monster-x-11ft-pellet-waggler-preston-innovations\/\" \/>\n<meta property=\"og:site_name\" content=\"Pesca Fish\" \/>\n<meta property=\"article:publisher\" content=\"https:\/\/www.facebook.com\/pescafishvr\/\" \/>\n<meta property=\"article:modified_time\" content=\"2024-08-05T22:09:44+00:00\" \/>\n<meta property=\"og:image\" content=\"https:\/\/www.pescafish.it\/new\/wp-content\/uploads\/2019\/09\/MONSTER-X-11-PELLET-WAGGLER.jpg\" \/>\n\t<meta property=\"og:image:width\" content=\"1000\" \/>\n\t<meta property=\"og:image:height\" content=\"742\" \/>\n<meta name=\"twitter:card\" content=\"summary_large_image\" \/>\n<meta name=\"twitter:label1\" content=\"Scritto da\">\n\t<meta name=\"twitter:data1\" content=\"francesca\">\n\t<meta name=\"twitter:label2\" content=\"Tempo di lettura stimato\">\n\t<meta name=\"twitter:data2\" content=\"0 minuti\">\n<script type=\"application\/ld+json\" class=\"yoast-schema-graph\">{\"@context\":\"https:\/\/schema.org\",\"@graph\":[{\"@type\":\"WebSite\",\"@id\":\"https:\/\/www.pescafish.it\/new\/#website\",\"url\":\"https:\/\/www.pescafish.it\/new\/\",\"name\":\"Pesca Fish\",\"description\":\"Benvenuti sul nostro sito!\",\"potentialAction\":[{\"@type\":\"SearchAction\",\"target\":\"https:\/\/www.pescafish.it\/new\/?s={search_term_string}\",\"query-input\":\"required name=search_term_string\"}],\"inLanguage\":\"it-IT\"},{\"@type\":\"ImageObject\",\"@id\":\"https:\/\/www.pescafish.it\/new\/prodotto\/canna-monster-x-11ft-pellet-waggler-preston-innovations\/#primaryimage\",\"inLanguage\":\"it-IT\",\"url\":\"https:\/\/www.pescafish.it\/new\/wp-content\/uploads\/2019\/09\/MONSTER-X-11-PELLET-WAGGLER.jpg\",\"width\":1000,\"height\":742},{\"@type\":\"WebPage\",\"@id\":\"https:\/\/www.pescafish.it\/new\/prodotto\/canna-monster-x-11ft-pellet-waggler-preston-innovations\/#webpage\",\"url\":\"https:\/\/www.pescafish.it\/new\/prodotto\/canna-monster-x-11ft-pellet-waggler-preston-innovations\/\",\"name\":\"Canna Monster X 11ft Pellet Waggler - Preston Innovations - Pesca Fish\",\"isPartOf\":{\"@id\":\"https:\/\/www.pescafish.it\/new\/#website\"},\"primaryImageOfPage\":{\"@id\":\"https:\/\/www.pescafish.it\/new\/prodotto\/canna-monster-x-11ft-pellet-waggler-preston-innovations\/#primaryimage\"},\"datePublished\":\"2019-09-28T09:34:12+00:00\",\"dateModified\":\"2024-08-05T22:09:44+00:00\",\"inLanguage\":\"it-IT\",\"potentialAction\":[{\"@type\":\"ReadAction\",\"target\":[\"https:\/\/www.pescafish.it\/new\/prodotto\/canna-monster-x-11ft-pellet-waggler-preston-innovations\/\"]}]}]}<\/script>\n<!-- \/ Yoast SEO plugin. -->","_links":{"self":[{"href":"https:\/\/www.pescafish.it\/new\/wp-json\/wp\/v2\/product\/56033"}],"collection":[{"href":"https:\/\/www.pescafish.it\/new\/wp-json\/wp\/v2\/product"}],"about":[{"href":"https:\/\/www.pescafish.it\/new\/wp-json\/wp\/v2\/types\/product"}],"replies":[{"embeddable":true,"href":"https:\/\/www.pescafish.it\/new\/wp-json\/wp\/v2\/comments?post=56033"}],"wp:featuredmedia":[{"embeddable":true,"href":"https:\/\/www.pescafish.it\/new\/wp-json\/wp\/v2\/media\/56034"}],"wp:attachment":[{"href":"https:\/\/www.pescafish.it\/new\/wp-json\/wp\/v2\/media?parent=56033"}],"wp:term":[{"taxonomy":"product_cat","embeddable":true,"href":"https:\/\/www.pescafish.it\/new\/wp-json\/wp\/v2\/product_cat?post=56033"},{"taxonomy":"product_tag","embeddable":true,"href":"https:\/\/www.pescafish.it\/new\/wp-json\/wp\/v2\/product_tag?post=56033"}],"curies":[{"name":"wp","href":"https:\/\/api.w.org\/{rel}","templated":true}]}}