{"id":55897,"date":"2019-09-13T18:42:48","date_gmt":"2019-09-13T16:42:48","guid":{"rendered":"https:\/\/www.pescafish.it\/new\/?post_type=product&#038;p=55897"},"modified":"2023-09-08T17:39:36","modified_gmt":"2023-09-08T15:39:36","slug":"trecciato-kairiki-8-yellow-150m-shimano","status":"publish","type":"product","link":"https:\/\/www.pescafish.it\/new\/prodotto\/trecciato-kairiki-8-yellow-150m-shimano\/","title":{"rendered":"Trecciato Kairiki 8 Yellow 150m &#8211; Shimano"},"content":{"rendered":"<p>Kairiki 8 \u00e8 il nuovo e rinnovato trecciato a 8 capi di Shimano, prodotto in Giappone e caratterizzato dalla tecnologia \u201cVT construction Method\u201d. \u00c8 un filo di PE molto resistente e fluido, perfetto per raggiungere lunghe distanze di lancio. Disponibile nei diametri da 0.06mm a 0.42mm, resistente alla rottura fino a 46,7kg. \u00c8 perfetto per lo spinning sia in acqua dolce che salata poich\u00e9 \u00e8 molto sensibile e particolarmente fluido, caratteristica che riduce il rumore. Grazie alla fluidit\u00e0 del filo e al diametro ridotto, Kairiki 8 \u00e8 ottimo per il jigging poich\u00e9 crea meno resistenza all\u2019acqua e allungamento massimo di &lt; 3.0 %, \u00e8 inoltre un filo molto sensibile.<\/p>\n<p><strong>Colore:<\/strong> Yellow<\/p>\n<p><strong>Disponibile nei seguenti diametri:<br \/>\n<\/strong><strong>59WPLA58R30\u00a0<\/strong> 0,06mm &#8211; 5,3kg<br \/>\n<strong>59WPLA58R31\u00a0<\/strong> 0,10mm &#8211; 6,5kg<br \/>\n<strong>59WPLA58R32\u00a0<\/strong> 0,13mm &#8211; 8,2kg<br \/>\n<strong>59WPLA58R33\u00a0<\/strong> 0,16mm &#8211; 10,3kg<br \/>\n<strong>59WPLA58R34\u00a0<\/strong> 0,19mm &#8211; 12kg<br \/>\n<strong>59WPLA58R35\u00a0<\/strong> 0,20mm &#8211; 17,10kg<br \/>\n<strong>59WPLA58R36\u00a0<\/strong> 0,21mm &#8211; 20,8kg<\/p>\n<p><strong>Bobina da 150m<\/strong><\/p>\n","protected":false},"excerpt":{"rendered":"<p>Kairiki 8 \u00e8 il nuovo e rinnovato trecciato a 8 capi di Shimano, prodotto in Giappone e caratterizzato dalla tecnologia \u201cVT construction Method\u201d. \u00c8 un filo di PE molto resistente e fluido, perfetto per raggiungere lunghe distanze di lancio. Disponibile nei diametri da 0.06mm a 0.42mm, resistente alla rottura fino a 46,7kg. \u00c8 perfetto per [&hellip;]<\/p>\n","protected":false},"featured_media":55898,"comment_status":"closed","ping_status":"closed","template":"","meta":[],"product_cat":[926],"product_tag":[1023],"yoast_head":"<!-- This site is optimized with the Yoast SEO plugin v15.3 - https:\/\/yoast.com\/wordpress\/plugins\/seo\/ -->\n<title>Trecciato Kairiki 8 Yellow 150m - Shimano - Pesca Fish<\/title>\n<meta name=\"robots\" content=\"index, follow, max-snippet:-1, max-image-preview:large, max-video-preview:-1\" \/>\n<link rel=\"canonical\" href=\"https:\/\/www.pescafish.it\/new\/prodotto\/trecciato-kairiki-8-yellow-150m-shimano\/\" \/>\n<meta property=\"og:locale\" content=\"it_IT\" \/>\n<meta property=\"og:type\" content=\"article\" \/>\n<meta property=\"og:title\" content=\"Trecciato Kairiki 8 Yellow 150m - Shimano - Pesca Fish\" \/>\n<meta property=\"og:description\" content=\"Kairiki 8 \u00e8 il nuovo e rinnovato trecciato a 8 capi di Shimano, prodotto in Giappone e caratterizzato dalla tecnologia \u201cVT construction Method\u201d. \u00c8 un filo di PE molto resistente e fluido, perfetto per raggiungere lunghe distanze di lancio. Disponibile nei diametri da 0.06mm a 0.42mm, resistente alla rottura fino a 46,7kg. \u00c8 perfetto per [&hellip;]\" \/>\n<meta property=\"og:url\" content=\"https:\/\/www.pescafish.it\/new\/prodotto\/trecciato-kairiki-8-yellow-150m-shimano\/\" \/>\n<meta property=\"og:site_name\" content=\"Pesca Fish\" \/>\n<meta property=\"article:publisher\" content=\"https:\/\/www.facebook.com\/pescafishvr\/\" \/>\n<meta property=\"article:modified_time\" content=\"2023-09-08T15:39:36+00:00\" \/>\n<meta property=\"og:image\" content=\"https:\/\/www.pescafish.it\/new\/wp-content\/uploads\/2019\/09\/KAIRIKI-8.png\" \/>\n\t<meta property=\"og:image:width\" content=\"1000\" \/>\n\t<meta property=\"og:image:height\" content=\"966\" \/>\n<meta name=\"twitter:card\" content=\"summary_large_image\" \/>\n<meta name=\"twitter:label1\" content=\"Scritto da\">\n\t<meta name=\"twitter:data1\" content=\"francesca\">\n\t<meta name=\"twitter:label2\" content=\"Tempo di lettura stimato\">\n\t<meta name=\"twitter:data2\" content=\"1 minuto\">\n<script type=\"application\/ld+json\" class=\"yoast-schema-graph\">{\"@context\":\"https:\/\/schema.org\",\"@graph\":[{\"@type\":\"WebSite\",\"@id\":\"https:\/\/www.pescafish.it\/new\/#website\",\"url\":\"https:\/\/www.pescafish.it\/new\/\",\"name\":\"Pesca Fish\",\"description\":\"Benvenuti sul nostro sito!\",\"potentialAction\":[{\"@type\":\"SearchAction\",\"target\":\"https:\/\/www.pescafish.it\/new\/?s={search_term_string}\",\"query-input\":\"required name=search_term_string\"}],\"inLanguage\":\"it-IT\"},{\"@type\":\"ImageObject\",\"@id\":\"https:\/\/www.pescafish.it\/new\/prodotto\/trecciato-kairiki-8-yellow-150m-shimano\/#primaryimage\",\"inLanguage\":\"it-IT\",\"url\":\"https:\/\/www.pescafish.it\/new\/wp-content\/uploads\/2019\/09\/KAIRIKI-8.png\",\"width\":1000,\"height\":966,\"caption\":\"kairiki shimano\"},{\"@type\":\"WebPage\",\"@id\":\"https:\/\/www.pescafish.it\/new\/prodotto\/trecciato-kairiki-8-yellow-150m-shimano\/#webpage\",\"url\":\"https:\/\/www.pescafish.it\/new\/prodotto\/trecciato-kairiki-8-yellow-150m-shimano\/\",\"name\":\"Trecciato Kairiki 8 Yellow 150m - Shimano - Pesca Fish\",\"isPartOf\":{\"@id\":\"https:\/\/www.pescafish.it\/new\/#website\"},\"primaryImageOfPage\":{\"@id\":\"https:\/\/www.pescafish.it\/new\/prodotto\/trecciato-kairiki-8-yellow-150m-shimano\/#primaryimage\"},\"datePublished\":\"2019-09-13T16:42:48+00:00\",\"dateModified\":\"2023-09-08T15:39:36+00:00\",\"inLanguage\":\"it-IT\",\"potentialAction\":[{\"@type\":\"ReadAction\",\"target\":[\"https:\/\/www.pescafish.it\/new\/prodotto\/trecciato-kairiki-8-yellow-150m-shimano\/\"]}]}]}<\/script>\n<!-- \/ Yoast SEO plugin. -->","_links":{"self":[{"href":"https:\/\/www.pescafish.it\/new\/wp-json\/wp\/v2\/product\/55897"}],"collection":[{"href":"https:\/\/www.pescafish.it\/new\/wp-json\/wp\/v2\/product"}],"about":[{"href":"https:\/\/www.pescafish.it\/new\/wp-json\/wp\/v2\/types\/product"}],"replies":[{"embeddable":true,"href":"https:\/\/www.pescafish.it\/new\/wp-json\/wp\/v2\/comments?post=55897"}],"wp:featuredmedia":[{"embeddable":true,"href":"https:\/\/www.pescafish.it\/new\/wp-json\/wp\/v2\/media\/55898"}],"wp:attachment":[{"href":"https:\/\/www.pescafish.it\/new\/wp-json\/wp\/v2\/media?parent=55897"}],"wp:term":[{"taxonomy":"product_cat","embeddable":true,"href":"https:\/\/www.pescafish.it\/new\/wp-json\/wp\/v2\/product_cat?post=55897"},{"taxonomy":"product_tag","embeddable":true,"href":"https:\/\/www.pescafish.it\/new\/wp-json\/wp\/v2\/product_tag?post=55897"}],"curies":[{"name":"wp","href":"https:\/\/api.w.org\/{rel}","templated":true}]}}