{"id":54931,"date":"2019-08-03T18:05:45","date_gmt":"2019-08-03T16:05:45","guid":{"rendered":"https:\/\/www.pescafish.it\/new\/?post_type=product&#038;p=54931"},"modified":"2020-12-02T16:46:05","modified_gmt":"2020-12-02T15:46:05","slug":"ecoscandaglio-striker-plus-4-garmin","status":"publish","type":"product","link":"https:\/\/www.pescafish.it\/new\/prodotto\/ecoscandaglio-striker-plus-4-garmin\/","title":{"rendered":"Ecoscandaglio Striker Plus 4 &#8211; Garmin"},"content":{"rendered":"<p>Il nuovo fishfinder STRIKER&#x2122; Plus 4 dotato di ecoscandaglio tradizionale e CHIRP, luminoso display da 4.3&#8243; e ricevitore GPS integrato da 5 Hz per aggiornare la posizione e la direzione 5 volte al secondo, consentendo di contrassegnare in modo preciso fino a 5.000 waypoint e di selezionare la rotta per raggiungere la destinazione desiderata. La funzione Quickdraw Countours permette di tracciare in totale autonomia le proprie batimetriche HD ogni 30 cm.<\/p>\n<p><strong>Caratteristiche:<\/strong><br \/>\n\u2022 Quickdraw Contours vi permette di tracciare in totale autonomia le proprie batimetriche HD ogni 30 cm.<br \/>\n\u2022 Nuovo display ancora pi\u00f9 luminoso, anche sotto la luce diretta del sole.<br \/>\n\u2022 La tecnologia CHIRP invia contemporaneamente un segnale su pi\u00f9 frequenze, dalle alte alle pi\u00f9 basse, e le interpreta per elaborare immagini pi\u00f9 nitide e ad alta risoluzione.<br \/>\n\u2022 Ricevitore GPS integrato da 5 Hz aggiorna la posizione e la direzione 5 volte al secondo per visualizzare sul display ad 4.3\u201d i movimenti dell\u2019imbarcazione in modo fluido e dinamico.<br \/>\n\u2022 Design rinnovato e studiato per un\u2019esperienza di pesca ancora pi\u00f9 facile e intuitiva.<\/p>\n<p><strong>Quickdraw Contours<\/strong><br \/>\nQuickdraw Contours vi permette di tracciare istantaneamente e in tempo reale le batimetriche sul vostro STRIKER&#x2122; Plus 4; i nuovi dati sono subito disponibili ed \u00e8 possibile condividerli gratuitamente con amici e compagni di pesca.<\/p>\n<div class=\"row top\">\n<div class=\"col-xs-12 col-sm-4\">\n<p><img decoding=\"async\" loading=\"lazy\" class=\"\" src=\"https:\/\/static.garmincdn.com\/en\/products\/010-01872-20\/over\/STRIKER-Quickdraw.jpg\" alt=\"!#171065%%alt%%#!\" width=\"612\" height=\"228\" \/><\/p>\n<p><strong>Tecnologia CHIRP<\/strong><br \/>\nIl nuovo STRIKER&#x2122; Plus 4 include la tecnologia CHIRP che invia contemporaneamente un segnale su pi\u00f9 frequenze, dalle alte alle pi\u00f9 basse, e le interpreta per elaborare immagini pi\u00f9 nitide e ad alta risoluzione.<\/p>\n<\/div>\n<\/div>\n<div class=\"row top\">\n<div class=\"col-xs-12 col-sm-4\">\n<p><img decoding=\"async\" loading=\"lazy\" class=\"\" src=\"https:\/\/static.garmincdn.com\/en\/products\/010-01872-20\/over\/STRIKER-Chirp.jpg\" alt=\"!#171167%%alt%%#!\" width=\"608\" height=\"284\" \/><\/p>\n<p><strong>Ricevitore GPS da 5 Hz<\/strong><br \/>\nRicevitore GPS integrato da 5 Hz aggiorna la posizione e la direzione 5 volte al secondo per visualizzare i movimenti dell\u2019imbarcazione in modo fluido e dinamico sul display del nuovo STRIKER&#x2122; Plus 4. Consente di contrassegnare in modo preciso fino a 5.000 waypoint e di selezionare la rotta per raggiungere la destinazione desiderata.<\/p>\n<\/div>\n<\/div>\n","protected":false},"excerpt":{"rendered":"<p>Il nuovo fishfinder STRIKER&#x2122; Plus 4 dotato di ecoscandaglio tradizionale e CHIRP, luminoso display da 4.3&#8243; e ricevitore GPS integrato da 5 Hz per aggiornare la posizione e la direzione 5 volte al secondo, consentendo di contrassegnare in modo preciso fino a 5.000 waypoint e di selezionare la rotta per raggiungere la destinazione desiderata. La [&hellip;]<\/p>\n","protected":false},"featured_media":54934,"comment_status":"open","ping_status":"closed","template":"","meta":[],"product_cat":[220],"product_tag":[1181],"yoast_head":"<!-- This site is optimized with the Yoast SEO plugin v15.3 - https:\/\/yoast.com\/wordpress\/plugins\/seo\/ -->\n<title>Ecoscandaglio Striker Plus 4 - Garmin - Pesca Fish<\/title>\n<meta name=\"robots\" content=\"index, follow, max-snippet:-1, max-image-preview:large, max-video-preview:-1\" \/>\n<link rel=\"canonical\" href=\"https:\/\/www.pescafish.it\/new\/prodotto\/ecoscandaglio-striker-plus-4-garmin\/\" \/>\n<meta property=\"og:locale\" content=\"it_IT\" \/>\n<meta property=\"og:type\" content=\"article\" \/>\n<meta property=\"og:title\" content=\"Ecoscandaglio Striker Plus 4 - Garmin - Pesca Fish\" \/>\n<meta property=\"og:description\" content=\"Il nuovo fishfinder STRIKER&#x2122; Plus 4 dotato di ecoscandaglio tradizionale e CHIRP, luminoso display da 4.3&#8243; e ricevitore GPS integrato da 5 Hz per aggiornare la posizione e la direzione 5 volte al secondo, consentendo di contrassegnare in modo preciso fino a 5.000 waypoint e di selezionare la rotta per raggiungere la destinazione desiderata. La [&hellip;]\" \/>\n<meta property=\"og:url\" content=\"https:\/\/www.pescafish.it\/new\/prodotto\/ecoscandaglio-striker-plus-4-garmin\/\" \/>\n<meta property=\"og:site_name\" content=\"Pesca Fish\" \/>\n<meta property=\"article:publisher\" content=\"https:\/\/www.facebook.com\/pescafishvr\/\" \/>\n<meta property=\"article:modified_time\" content=\"2020-12-02T15:46:05+00:00\" \/>\n<meta property=\"og:image\" content=\"https:\/\/www.pescafish.it\/new\/wp-content\/uploads\/2019\/08\/striker-plus-4.png\" \/>\n\t<meta property=\"og:image:width\" content=\"813\" \/>\n\t<meta property=\"og:image:height\" content=\"894\" \/>\n<meta name=\"twitter:card\" content=\"summary_large_image\" \/>\n<meta name=\"twitter:label1\" content=\"Scritto da\">\n\t<meta name=\"twitter:data1\" content=\"francesca\">\n\t<meta name=\"twitter:label2\" content=\"Tempo di lettura stimato\">\n\t<meta name=\"twitter:data2\" content=\"1 minuto\">\n<script type=\"application\/ld+json\" class=\"yoast-schema-graph\">{\"@context\":\"https:\/\/schema.org\",\"@graph\":[{\"@type\":\"WebSite\",\"@id\":\"https:\/\/www.pescafish.it\/new\/#website\",\"url\":\"https:\/\/www.pescafish.it\/new\/\",\"name\":\"Pesca Fish\",\"description\":\"Benvenuti sul nostro sito!\",\"potentialAction\":[{\"@type\":\"SearchAction\",\"target\":\"https:\/\/www.pescafish.it\/new\/?s={search_term_string}\",\"query-input\":\"required name=search_term_string\"}],\"inLanguage\":\"it-IT\"},{\"@type\":\"ImageObject\",\"@id\":\"https:\/\/www.pescafish.it\/new\/prodotto\/ecoscandaglio-striker-plus-4-garmin\/#primaryimage\",\"inLanguage\":\"it-IT\",\"url\":\"https:\/\/www.pescafish.it\/new\/wp-content\/uploads\/2019\/08\/striker-plus-4.png\",\"width\":813,\"height\":894,\"caption\":\"Ecoscandaglio Striker Plus 4 Garmin\"},{\"@type\":\"WebPage\",\"@id\":\"https:\/\/www.pescafish.it\/new\/prodotto\/ecoscandaglio-striker-plus-4-garmin\/#webpage\",\"url\":\"https:\/\/www.pescafish.it\/new\/prodotto\/ecoscandaglio-striker-plus-4-garmin\/\",\"name\":\"Ecoscandaglio Striker Plus 4 - Garmin - Pesca Fish\",\"isPartOf\":{\"@id\":\"https:\/\/www.pescafish.it\/new\/#website\"},\"primaryImageOfPage\":{\"@id\":\"https:\/\/www.pescafish.it\/new\/prodotto\/ecoscandaglio-striker-plus-4-garmin\/#primaryimage\"},\"datePublished\":\"2019-08-03T16:05:45+00:00\",\"dateModified\":\"2020-12-02T15:46:05+00:00\",\"inLanguage\":\"it-IT\",\"potentialAction\":[{\"@type\":\"ReadAction\",\"target\":[\"https:\/\/www.pescafish.it\/new\/prodotto\/ecoscandaglio-striker-plus-4-garmin\/\"]}]}]}<\/script>\n<!-- \/ Yoast SEO plugin. -->","_links":{"self":[{"href":"https:\/\/www.pescafish.it\/new\/wp-json\/wp\/v2\/product\/54931"}],"collection":[{"href":"https:\/\/www.pescafish.it\/new\/wp-json\/wp\/v2\/product"}],"about":[{"href":"https:\/\/www.pescafish.it\/new\/wp-json\/wp\/v2\/types\/product"}],"replies":[{"embeddable":true,"href":"https:\/\/www.pescafish.it\/new\/wp-json\/wp\/v2\/comments?post=54931"}],"wp:featuredmedia":[{"embeddable":true,"href":"https:\/\/www.pescafish.it\/new\/wp-json\/wp\/v2\/media\/54934"}],"wp:attachment":[{"href":"https:\/\/www.pescafish.it\/new\/wp-json\/wp\/v2\/media?parent=54931"}],"wp:term":[{"taxonomy":"product_cat","embeddable":true,"href":"https:\/\/www.pescafish.it\/new\/wp-json\/wp\/v2\/product_cat?post=54931"},{"taxonomy":"product_tag","embeddable":true,"href":"https:\/\/www.pescafish.it\/new\/wp-json\/wp\/v2\/product_tag?post=54931"}],"curies":[{"name":"wp","href":"https:\/\/api.w.org\/{rel}","templated":true}]}}