{"id":54527,"date":"2019-07-17T10:44:03","date_gmt":"2019-07-17T08:44:03","guid":{"rendered":"https:\/\/www.pescafish.it\/new\/?post_type=product&#038;p=54527"},"modified":"2019-07-17T10:44:03","modified_gmt":"2019-07-17T08:44:03","slug":"worm-clip-uni-cat","status":"publish","type":"product","link":"https:\/\/www.pescafish.it\/new\/prodotto\/worm-clip-uni-cat\/","title":{"rendered":"Worm Clip &#8211; Uni Cat"},"content":{"rendered":"<div class=\"text-wrap tlid-copy-target\">\n<div class=\"tlid-transliteration-content transliteration-content full\"><span class=\"tlid-translation translation\" lang=\"it\"><span class=\"\" title=\"\">Con l&#8217;aiuto della Worm Clip di Uni Cat sar\u00e0 possibile creare grossi inneschi di vermi. Grazie alla punta sar\u00e0 semplice innescarli. Il manicotto in alluminio conferisce maggior stabilit\u00e0 alla clip<\/span><span title=\"\">. Filo in acciaio da 1,6mm.<\/span><br \/>\n<\/span><br \/>\n<strong>Confezione da 3 pezzi<\/strong><\/div>\n<\/div>\n","protected":false},"excerpt":{"rendered":"<p>Con l&#8217;aiuto della Worm Clip di Uni Cat sar\u00e0 possibile creare grossi inneschi di vermi. Grazie alla punta sar\u00e0 semplice innescarli. Il manicotto in alluminio conferisce maggior stabilit\u00e0 alla clip. Filo in acciaio da 1,6mm. Confezione da 3 pezzi<\/p>\n","protected":false},"featured_media":54528,"comment_status":"open","ping_status":"closed","template":"","meta":[],"product_cat":[906,200],"product_tag":[],"yoast_head":"<!-- This site is optimized with the Yoast SEO plugin v15.3 - https:\/\/yoast.com\/wordpress\/plugins\/seo\/ -->\n<title>Worm Clip - Uni Cat - Pesca Fish<\/title>\n<meta name=\"robots\" content=\"index, follow, max-snippet:-1, max-image-preview:large, max-video-preview:-1\" \/>\n<link rel=\"canonical\" href=\"https:\/\/www.pescafish.it\/new\/prodotto\/worm-clip-uni-cat\/\" \/>\n<meta property=\"og:locale\" content=\"it_IT\" \/>\n<meta property=\"og:type\" content=\"article\" \/>\n<meta property=\"og:title\" content=\"Worm Clip - Uni Cat - Pesca Fish\" \/>\n<meta property=\"og:description\" content=\"Con l&#8217;aiuto della Worm Clip di Uni Cat sar\u00e0 possibile creare grossi inneschi di vermi. Grazie alla punta sar\u00e0 semplice innescarli. Il manicotto in alluminio conferisce maggior stabilit\u00e0 alla clip. Filo in acciaio da 1,6mm. Confezione da 3 pezzi\" \/>\n<meta property=\"og:url\" content=\"https:\/\/www.pescafish.it\/new\/prodotto\/worm-clip-uni-cat\/\" \/>\n<meta property=\"og:site_name\" content=\"Pesca Fish\" \/>\n<meta property=\"article:publisher\" content=\"https:\/\/www.facebook.com\/pescafishvr\/\" \/>\n<meta property=\"og:image\" content=\"https:\/\/www.pescafish.it\/new\/wp-content\/uploads\/2019\/07\/uni-cat-worm-clip.jpg\" \/>\n\t<meta property=\"og:image:width\" content=\"1000\" \/>\n\t<meta property=\"og:image:height\" content=\"1000\" \/>\n<meta name=\"twitter:card\" content=\"summary_large_image\" \/>\n<meta name=\"twitter:label1\" content=\"Scritto da\">\n\t<meta name=\"twitter:data1\" content=\"francesca\">\n\t<meta name=\"twitter:label2\" content=\"Tempo di lettura stimato\">\n\t<meta name=\"twitter:data2\" content=\"0 minuti\">\n<script type=\"application\/ld+json\" class=\"yoast-schema-graph\">{\"@context\":\"https:\/\/schema.org\",\"@graph\":[{\"@type\":\"WebSite\",\"@id\":\"https:\/\/www.pescafish.it\/new\/#website\",\"url\":\"https:\/\/www.pescafish.it\/new\/\",\"name\":\"Pesca Fish\",\"description\":\"Benvenuti sul nostro sito!\",\"potentialAction\":[{\"@type\":\"SearchAction\",\"target\":\"https:\/\/www.pescafish.it\/new\/?s={search_term_string}\",\"query-input\":\"required name=search_term_string\"}],\"inLanguage\":\"it-IT\"},{\"@type\":\"ImageObject\",\"@id\":\"https:\/\/www.pescafish.it\/new\/prodotto\/worm-clip-uni-cat\/#primaryimage\",\"inLanguage\":\"it-IT\",\"url\":\"https:\/\/www.pescafish.it\/new\/wp-content\/uploads\/2019\/07\/uni-cat-worm-clip.jpg\",\"width\":1000,\"height\":1000},{\"@type\":\"WebPage\",\"@id\":\"https:\/\/www.pescafish.it\/new\/prodotto\/worm-clip-uni-cat\/#webpage\",\"url\":\"https:\/\/www.pescafish.it\/new\/prodotto\/worm-clip-uni-cat\/\",\"name\":\"Worm Clip - Uni Cat - Pesca Fish\",\"isPartOf\":{\"@id\":\"https:\/\/www.pescafish.it\/new\/#website\"},\"primaryImageOfPage\":{\"@id\":\"https:\/\/www.pescafish.it\/new\/prodotto\/worm-clip-uni-cat\/#primaryimage\"},\"datePublished\":\"2019-07-17T08:44:03+00:00\",\"dateModified\":\"2019-07-17T08:44:03+00:00\",\"inLanguage\":\"it-IT\",\"potentialAction\":[{\"@type\":\"ReadAction\",\"target\":[\"https:\/\/www.pescafish.it\/new\/prodotto\/worm-clip-uni-cat\/\"]}]}]}<\/script>\n<!-- \/ Yoast SEO plugin. -->","_links":{"self":[{"href":"https:\/\/www.pescafish.it\/new\/wp-json\/wp\/v2\/product\/54527"}],"collection":[{"href":"https:\/\/www.pescafish.it\/new\/wp-json\/wp\/v2\/product"}],"about":[{"href":"https:\/\/www.pescafish.it\/new\/wp-json\/wp\/v2\/types\/product"}],"replies":[{"embeddable":true,"href":"https:\/\/www.pescafish.it\/new\/wp-json\/wp\/v2\/comments?post=54527"}],"wp:featuredmedia":[{"embeddable":true,"href":"https:\/\/www.pescafish.it\/new\/wp-json\/wp\/v2\/media\/54528"}],"wp:attachment":[{"href":"https:\/\/www.pescafish.it\/new\/wp-json\/wp\/v2\/media?parent=54527"}],"wp:term":[{"taxonomy":"product_cat","embeddable":true,"href":"https:\/\/www.pescafish.it\/new\/wp-json\/wp\/v2\/product_cat?post=54527"},{"taxonomy":"product_tag","embeddable":true,"href":"https:\/\/www.pescafish.it\/new\/wp-json\/wp\/v2\/product_tag?post=54527"}],"curies":[{"name":"wp","href":"https:\/\/api.w.org\/{rel}","templated":true}]}}