{"id":54153,"date":"2019-07-04T17:43:09","date_gmt":"2019-07-04T15:43:09","guid":{"rendered":"https:\/\/www.pescafish.it\/new\/?post_type=product&#038;p=54153"},"modified":"2023-01-26T18:23:39","modified_gmt":"2023-01-26T17:23:39","slug":"canna-monster-x-wandzee-7ft-preston-innovations","status":"publish","type":"product","link":"https:\/\/www.pescafish.it\/new\/prodotto\/canna-monster-x-wandzee-7ft-preston-innovations\/","title":{"rendered":"Canna Monster X Wandzee 7ft \u2013 Preston Innovations"},"content":{"rendered":"<p>La Monster X 7 &#8216;Wandzee\u2019 \u00e8 stata sviluppata per la pesca sotto sponda e per tutti gli spot dove \u00e8 richiesto un lancio di precisione a breve distanza. Caratterizzata da una configurazione a sezione unica pi\u00f9 vetta, pu\u00f2 essere trasportata (una volta rimossa la vetta) in un unico pezzo, questo la rende pratica ed estremamente veloce nella messa in pesca. Il design monopezzo offre anche un&#8217;azione senza interruzioni che da la possibilit\u00e0 a questo gioiello di catturare qualsiasi specie di qualsiasi dimensione. Perfetta per pescare la linea della roubasienne e la corta distanza.<br \/>\nDistribuita con 3 vette in carbonio 0.75oz, 1oz, 1.5oz.<\/p>\n<p><strong>Caratteristiche tecniche:<\/strong><br \/>\nLunghezza (FT) 7ft<br \/>\nLunghezza (M) 2.1m<br \/>\nLunghezza di trasporto (M) 180cm<br \/>\nPeso 138g<br \/>\nSezioni 1 + Quivertip<br \/>\nLunghezza calcio 50cm<br \/>\nCasting Weight 30g<br \/>\nLine rating 4-8lb<\/p>\n","protected":false},"excerpt":{"rendered":"<p>La Monster X 7 &#8216;Wandzee\u2019 \u00e8 stata sviluppata per la pesca sotto sponda e per tutti gli spot dove \u00e8 richiesto un lancio di precisione a breve distanza. Caratterizzata da una configurazione a sezione unica pi\u00f9 vetta, pu\u00f2 essere trasportata (una volta rimossa la vetta) in un unico pezzo, questo la rende pratica ed estremamente [&hellip;]<\/p>\n","protected":false},"featured_media":54155,"comment_status":"closed","ping_status":"closed","template":"","meta":[],"product_cat":[317],"product_tag":[1020],"yoast_head":"<!-- This site is optimized with the Yoast SEO plugin v15.3 - https:\/\/yoast.com\/wordpress\/plugins\/seo\/ -->\n<title>Canna Monster X Wandzee 7ft \u2013 Preston Innovations - Pesca Fish<\/title>\n<meta name=\"robots\" content=\"index, follow, max-snippet:-1, max-image-preview:large, max-video-preview:-1\" \/>\n<link rel=\"canonical\" href=\"https:\/\/www.pescafish.it\/new\/prodotto\/canna-monster-x-wandzee-7ft-preston-innovations\/\" \/>\n<meta property=\"og:locale\" content=\"it_IT\" \/>\n<meta property=\"og:type\" content=\"article\" \/>\n<meta property=\"og:title\" content=\"Canna Monster X Wandzee 7ft \u2013 Preston Innovations - Pesca Fish\" \/>\n<meta property=\"og:description\" content=\"La Monster X 7 &#8216;Wandzee\u2019 \u00e8 stata sviluppata per la pesca sotto sponda e per tutti gli spot dove \u00e8 richiesto un lancio di precisione a breve distanza. Caratterizzata da una configurazione a sezione unica pi\u00f9 vetta, pu\u00f2 essere trasportata (una volta rimossa la vetta) in un unico pezzo, questo la rende pratica ed estremamente [&hellip;]\" \/>\n<meta property=\"og:url\" content=\"https:\/\/www.pescafish.it\/new\/prodotto\/canna-monster-x-wandzee-7ft-preston-innovations\/\" \/>\n<meta property=\"og:site_name\" content=\"Pesca Fish\" \/>\n<meta property=\"article:publisher\" content=\"https:\/\/www.facebook.com\/pescafishvr\/\" \/>\n<meta property=\"article:modified_time\" content=\"2023-01-26T17:23:39+00:00\" \/>\n<meta property=\"og:image\" content=\"https:\/\/www.pescafish.it\/new\/wp-content\/uploads\/2019\/07\/monster_x_7ft_wandzee.jpg\" \/>\n\t<meta property=\"og:image:width\" content=\"1000\" \/>\n\t<meta property=\"og:image:height\" content=\"700\" \/>\n<meta name=\"twitter:card\" content=\"summary_large_image\" \/>\n<meta name=\"twitter:label1\" content=\"Scritto da\">\n\t<meta name=\"twitter:data1\" content=\"francesca\">\n\t<meta name=\"twitter:label2\" content=\"Tempo di lettura stimato\">\n\t<meta name=\"twitter:data2\" content=\"1 minuto\">\n<script type=\"application\/ld+json\" class=\"yoast-schema-graph\">{\"@context\":\"https:\/\/schema.org\",\"@graph\":[{\"@type\":\"WebSite\",\"@id\":\"https:\/\/www.pescafish.it\/new\/#website\",\"url\":\"https:\/\/www.pescafish.it\/new\/\",\"name\":\"Pesca Fish\",\"description\":\"Benvenuti sul nostro sito!\",\"potentialAction\":[{\"@type\":\"SearchAction\",\"target\":\"https:\/\/www.pescafish.it\/new\/?s={search_term_string}\",\"query-input\":\"required name=search_term_string\"}],\"inLanguage\":\"it-IT\"},{\"@type\":\"ImageObject\",\"@id\":\"https:\/\/www.pescafish.it\/new\/prodotto\/canna-monster-x-wandzee-7ft-preston-innovations\/#primaryimage\",\"inLanguage\":\"it-IT\",\"url\":\"https:\/\/www.pescafish.it\/new\/wp-content\/uploads\/2019\/07\/monster_x_7ft_wandzee.jpg\",\"width\":1000,\"height\":700,\"caption\":\"Canna SEMINUOVA Monster X Wandzee 7ft \\u2013 Preston Innovations\"},{\"@type\":\"WebPage\",\"@id\":\"https:\/\/www.pescafish.it\/new\/prodotto\/canna-monster-x-wandzee-7ft-preston-innovations\/#webpage\",\"url\":\"https:\/\/www.pescafish.it\/new\/prodotto\/canna-monster-x-wandzee-7ft-preston-innovations\/\",\"name\":\"Canna Monster X Wandzee 7ft \\u2013 Preston Innovations - Pesca Fish\",\"isPartOf\":{\"@id\":\"https:\/\/www.pescafish.it\/new\/#website\"},\"primaryImageOfPage\":{\"@id\":\"https:\/\/www.pescafish.it\/new\/prodotto\/canna-monster-x-wandzee-7ft-preston-innovations\/#primaryimage\"},\"datePublished\":\"2019-07-04T15:43:09+00:00\",\"dateModified\":\"2023-01-26T17:23:39+00:00\",\"inLanguage\":\"it-IT\",\"potentialAction\":[{\"@type\":\"ReadAction\",\"target\":[\"https:\/\/www.pescafish.it\/new\/prodotto\/canna-monster-x-wandzee-7ft-preston-innovations\/\"]}]}]}<\/script>\n<!-- \/ Yoast SEO plugin. -->","_links":{"self":[{"href":"https:\/\/www.pescafish.it\/new\/wp-json\/wp\/v2\/product\/54153"}],"collection":[{"href":"https:\/\/www.pescafish.it\/new\/wp-json\/wp\/v2\/product"}],"about":[{"href":"https:\/\/www.pescafish.it\/new\/wp-json\/wp\/v2\/types\/product"}],"replies":[{"embeddable":true,"href":"https:\/\/www.pescafish.it\/new\/wp-json\/wp\/v2\/comments?post=54153"}],"wp:featuredmedia":[{"embeddable":true,"href":"https:\/\/www.pescafish.it\/new\/wp-json\/wp\/v2\/media\/54155"}],"wp:attachment":[{"href":"https:\/\/www.pescafish.it\/new\/wp-json\/wp\/v2\/media?parent=54153"}],"wp:term":[{"taxonomy":"product_cat","embeddable":true,"href":"https:\/\/www.pescafish.it\/new\/wp-json\/wp\/v2\/product_cat?post=54153"},{"taxonomy":"product_tag","embeddable":true,"href":"https:\/\/www.pescafish.it\/new\/wp-json\/wp\/v2\/product_tag?post=54153"}],"curies":[{"name":"wp","href":"https:\/\/api.w.org\/{rel}","templated":true}]}}