{"id":52621,"date":"2019-03-22T18:11:26","date_gmt":"2019-03-22T17:11:26","guid":{"rendered":"https:\/\/www.pescafish.it\/new\/?post_type=product&#038;p=52621"},"modified":"2024-08-29T08:31:27","modified_gmt":"2024-08-29T06:31:27","slug":"icm-micro-pellet-feeder-preston-innovations","status":"publish","type":"product","link":"https:\/\/www.pescafish.it\/new\/prodotto\/icm-micro-pellet-feeder-preston-innovations\/","title":{"rendered":"ICM Micro Pellet Feeder &#8211; Preston Innovations"},"content":{"rendered":"<p>Il Pellet Feeder ICM \u00e8 la versione Micro del popolare fratello maggiore. Le sue dimensioni ridotte sono perfette quando \u00e8 richiesta una quantit\u00e0 minima di esche, mentre il suo ampio profilo permette il posizionamento in piano sul fondo. Dotato di stelo Micro, pu\u00f2 essere sostituito con qualsiasi altro prodotto ICM.<\/p>\n<p><strong>Peso:<\/strong> 25g<\/p>\n","protected":false},"excerpt":{"rendered":"<p>Il Pellet Feeder ICM \u00e8 la versione Micro del popolare fratello maggiore. Le sue dimensioni ridotte sono perfette quando \u00e8 richiesta una quantit\u00e0 minima di esche, mentre il suo ampio profilo permette il posizionamento in piano sul fondo. Dotato di stelo Micro, pu\u00f2 essere sostituito con qualsiasi altro prodotto ICM. Peso: 25g<\/p>\n","protected":false},"featured_media":52622,"comment_status":"closed","ping_status":"closed","template":"","meta":[],"product_cat":[178],"product_tag":[1020],"yoast_head":"<!-- This site is optimized with the Yoast SEO plugin v15.3 - https:\/\/yoast.com\/wordpress\/plugins\/seo\/ -->\n<title>ICM Micro Pellet Feeder - Preston Innovations - Pesca Fish<\/title>\n<meta name=\"robots\" content=\"index, follow, max-snippet:-1, max-image-preview:large, max-video-preview:-1\" \/>\n<link rel=\"canonical\" href=\"https:\/\/www.pescafish.it\/new\/prodotto\/icm-micro-pellet-feeder-preston-innovations\/\" \/>\n<meta property=\"og:locale\" content=\"it_IT\" \/>\n<meta property=\"og:type\" content=\"article\" \/>\n<meta property=\"og:title\" content=\"ICM Micro Pellet Feeder - Preston Innovations - Pesca Fish\" \/>\n<meta property=\"og:description\" content=\"Il Pellet Feeder ICM \u00e8 la versione Micro del popolare fratello maggiore. Le sue dimensioni ridotte sono perfette quando \u00e8 richiesta una quantit\u00e0 minima di esche, mentre il suo ampio profilo permette il posizionamento in piano sul fondo. Dotato di stelo Micro, pu\u00f2 essere sostituito con qualsiasi altro prodotto ICM. Peso: 25g\" \/>\n<meta property=\"og:url\" content=\"https:\/\/www.pescafish.it\/new\/prodotto\/icm-micro-pellet-feeder-preston-innovations\/\" \/>\n<meta property=\"og:site_name\" content=\"Pesca Fish\" \/>\n<meta property=\"article:publisher\" content=\"https:\/\/www.facebook.com\/pescafishvr\/\" \/>\n<meta property=\"article:modified_time\" content=\"2024-08-29T06:31:27+00:00\" \/>\n<meta property=\"og:image\" content=\"https:\/\/www.pescafish.it\/new\/wp-content\/uploads\/2019\/03\/icm_micro_pellet_feeder.jpg\" \/>\n\t<meta property=\"og:image:width\" content=\"1000\" \/>\n\t<meta property=\"og:image:height\" content=\"1070\" \/>\n<meta name=\"twitter:card\" content=\"summary_large_image\" \/>\n<meta name=\"twitter:label1\" content=\"Scritto da\">\n\t<meta name=\"twitter:data1\" content=\"francesca\">\n\t<meta name=\"twitter:label2\" content=\"Tempo di lettura stimato\">\n\t<meta name=\"twitter:data2\" content=\"0 minuti\">\n<script type=\"application\/ld+json\" class=\"yoast-schema-graph\">{\"@context\":\"https:\/\/schema.org\",\"@graph\":[{\"@type\":\"WebSite\",\"@id\":\"https:\/\/www.pescafish.it\/new\/#website\",\"url\":\"https:\/\/www.pescafish.it\/new\/\",\"name\":\"Pesca Fish\",\"description\":\"Benvenuti sul nostro sito!\",\"potentialAction\":[{\"@type\":\"SearchAction\",\"target\":\"https:\/\/www.pescafish.it\/new\/?s={search_term_string}\",\"query-input\":\"required name=search_term_string\"}],\"inLanguage\":\"it-IT\"},{\"@type\":\"ImageObject\",\"@id\":\"https:\/\/www.pescafish.it\/new\/prodotto\/icm-micro-pellet-feeder-preston-innovations\/#primaryimage\",\"inLanguage\":\"it-IT\",\"url\":\"https:\/\/www.pescafish.it\/new\/wp-content\/uploads\/2019\/03\/icm_micro_pellet_feeder.jpg\",\"width\":1000,\"height\":1070},{\"@type\":\"WebPage\",\"@id\":\"https:\/\/www.pescafish.it\/new\/prodotto\/icm-micro-pellet-feeder-preston-innovations\/#webpage\",\"url\":\"https:\/\/www.pescafish.it\/new\/prodotto\/icm-micro-pellet-feeder-preston-innovations\/\",\"name\":\"ICM Micro Pellet Feeder - Preston Innovations - Pesca Fish\",\"isPartOf\":{\"@id\":\"https:\/\/www.pescafish.it\/new\/#website\"},\"primaryImageOfPage\":{\"@id\":\"https:\/\/www.pescafish.it\/new\/prodotto\/icm-micro-pellet-feeder-preston-innovations\/#primaryimage\"},\"datePublished\":\"2019-03-22T17:11:26+00:00\",\"dateModified\":\"2024-08-29T06:31:27+00:00\",\"inLanguage\":\"it-IT\",\"potentialAction\":[{\"@type\":\"ReadAction\",\"target\":[\"https:\/\/www.pescafish.it\/new\/prodotto\/icm-micro-pellet-feeder-preston-innovations\/\"]}]}]}<\/script>\n<!-- \/ Yoast SEO plugin. -->","_links":{"self":[{"href":"https:\/\/www.pescafish.it\/new\/wp-json\/wp\/v2\/product\/52621"}],"collection":[{"href":"https:\/\/www.pescafish.it\/new\/wp-json\/wp\/v2\/product"}],"about":[{"href":"https:\/\/www.pescafish.it\/new\/wp-json\/wp\/v2\/types\/product"}],"replies":[{"embeddable":true,"href":"https:\/\/www.pescafish.it\/new\/wp-json\/wp\/v2\/comments?post=52621"}],"wp:featuredmedia":[{"embeddable":true,"href":"https:\/\/www.pescafish.it\/new\/wp-json\/wp\/v2\/media\/52622"}],"wp:attachment":[{"href":"https:\/\/www.pescafish.it\/new\/wp-json\/wp\/v2\/media?parent=52621"}],"wp:term":[{"taxonomy":"product_cat","embeddable":true,"href":"https:\/\/www.pescafish.it\/new\/wp-json\/wp\/v2\/product_cat?post=52621"},{"taxonomy":"product_tag","embeddable":true,"href":"https:\/\/www.pescafish.it\/new\/wp-json\/wp\/v2\/product_tag?post=52621"}],"curies":[{"name":"wp","href":"https:\/\/api.w.org\/{rel}","templated":true}]}}