{"id":5117,"date":"2015-12-01T11:37:27","date_gmt":"2015-12-01T10:37:27","guid":{"rendered":"http:\/\/www.pescafish.it\/new\/aroma-shellfish-da-100-ml-keen-carp"},"modified":"2025-06-14T11:58:32","modified_gmt":"2025-06-14T09:58:32","slug":"aroma-shellfish-da-100-ml-keen-carp","status":"publish","type":"product","link":"https:\/\/www.pescafish.it\/new\/prodotto\/aroma-shellfish-da-100-ml-keen-carp\/","title":{"rendered":"Aroma Shellfish da 100 ml &#8211; Keen Carp"},"content":{"rendered":"<h2>Aroma Shellfish da 100 ml<\/h2>\n<p>Questo aroma \u00e8 stato sviluppato in laboratorio appositamente per l&#8217;uso nell&#8217;allevamento ittico professionale. L&#8217;obiettivo era quello di dare alle carpe uno stimolo biologico all&#8217;esca anche quando non c&#8217;era pi\u00f9 alcun comportamento da esca. Questo aroma \u00e8 stato testato inizialmente alimentando le carpe fino a quando non c&#8217;era pi\u00f9 alcun comportamento da esca, quindi sono stati somministrati pellet con Shellfish: le carpe hanno mangiato immediatamente questi pellet ma poi anche una porzione extra di pellet non trattati! Shellfish ha un odore molto forte (coinquilini prendete nota!) ed \u00e8 molto economico da usare; i pescatori di prova lo trovano efficace a 1 ml per 500 g di miscela secca. Ulteriori test mostrano anche che il sovradosaggio pu\u00f2 talvolta causare una sorta di follia da esca. Diremmo che \u00e8 un &#8220;aroma ragionevole&#8221; che si far\u00e0 un nome.<\/p>\n<p align=\"left\">\n","protected":false},"excerpt":{"rendered":"<p>Aroma Shellfish da 100 ml Questo aroma \u00e8 stato sviluppato in laboratorio appositamente per l&#8217;uso nell&#8217;allevamento ittico professionale. L&#8217;obiettivo era quello di dare alle carpe uno stimolo biologico all&#8217;esca anche quando non c&#8217;era pi\u00f9 alcun comportamento da esca. Questo aroma \u00e8 stato testato inizialmente alimentando le carpe fino a quando non c&#8217;era pi\u00f9 alcun comportamento [&hellip;]<\/p>\n","protected":false},"featured_media":103408,"comment_status":"closed","ping_status":"closed","template":"","meta":[],"product_cat":[535],"product_tag":[1244],"yoast_head":"<!-- This site is optimized with the Yoast SEO plugin v15.3 - https:\/\/yoast.com\/wordpress\/plugins\/seo\/ -->\n<title>Aroma Shellfish da 100 ml - Keen Carp - Pesca Fish<\/title>\n<meta name=\"robots\" content=\"index, follow, max-snippet:-1, max-image-preview:large, max-video-preview:-1\" \/>\n<link rel=\"canonical\" href=\"https:\/\/www.pescafish.it\/new\/prodotto\/aroma-shellfish-da-100-ml-keen-carp\/\" \/>\n<meta property=\"og:locale\" content=\"it_IT\" \/>\n<meta property=\"og:type\" content=\"article\" \/>\n<meta property=\"og:title\" content=\"Aroma Shellfish da 100 ml - Keen Carp - Pesca Fish\" \/>\n<meta property=\"og:description\" content=\"Aroma Shellfish da 100 ml Questo aroma \u00e8 stato sviluppato in laboratorio appositamente per l&#8217;uso nell&#8217;allevamento ittico professionale. L&#8217;obiettivo era quello di dare alle carpe uno stimolo biologico all&#8217;esca anche quando non c&#8217;era pi\u00f9 alcun comportamento da esca. Questo aroma \u00e8 stato testato inizialmente alimentando le carpe fino a quando non c&#8217;era pi\u00f9 alcun comportamento [&hellip;]\" \/>\n<meta property=\"og:url\" content=\"https:\/\/www.pescafish.it\/new\/prodotto\/aroma-shellfish-da-100-ml-keen-carp\/\" \/>\n<meta property=\"og:site_name\" content=\"Pesca Fish\" \/>\n<meta property=\"article:publisher\" content=\"https:\/\/www.facebook.com\/pescafishvr\/\" \/>\n<meta property=\"article:modified_time\" content=\"2025-06-14T09:58:32+00:00\" \/>\n<meta property=\"og:image\" content=\"https:\/\/www.pescafish.it\/new\/wp-content\/uploads\/2015\/12\/shellfish.jpg\" \/>\n\t<meta property=\"og:image:width\" content=\"800\" \/>\n\t<meta property=\"og:image:height\" content=\"533\" \/>\n<meta name=\"twitter:card\" content=\"summary_large_image\" \/>\n<meta name=\"twitter:label1\" content=\"Scritto da\">\n\t<meta name=\"twitter:data1\" content=\"francesca\">\n\t<meta name=\"twitter:label2\" content=\"Tempo di lettura stimato\">\n\t<meta name=\"twitter:data2\" content=\"1 minuto\">\n<script type=\"application\/ld+json\" class=\"yoast-schema-graph\">{\"@context\":\"https:\/\/schema.org\",\"@graph\":[{\"@type\":\"WebSite\",\"@id\":\"https:\/\/www.pescafish.it\/new\/#website\",\"url\":\"https:\/\/www.pescafish.it\/new\/\",\"name\":\"Pesca Fish\",\"description\":\"Benvenuti sul nostro sito!\",\"potentialAction\":[{\"@type\":\"SearchAction\",\"target\":\"https:\/\/www.pescafish.it\/new\/?s={search_term_string}\",\"query-input\":\"required name=search_term_string\"}],\"inLanguage\":\"it-IT\"},{\"@type\":\"ImageObject\",\"@id\":\"https:\/\/www.pescafish.it\/new\/prodotto\/aroma-shellfish-da-100-ml-keen-carp\/#primaryimage\",\"inLanguage\":\"it-IT\",\"url\":\"https:\/\/www.pescafish.it\/new\/wp-content\/uploads\/2015\/12\/shellfish.jpg\",\"width\":800,\"height\":533,\"caption\":\"Keen Carp\"},{\"@type\":\"WebPage\",\"@id\":\"https:\/\/www.pescafish.it\/new\/prodotto\/aroma-shellfish-da-100-ml-keen-carp\/#webpage\",\"url\":\"https:\/\/www.pescafish.it\/new\/prodotto\/aroma-shellfish-da-100-ml-keen-carp\/\",\"name\":\"Aroma Shellfish da 100 ml - Keen Carp - Pesca Fish\",\"isPartOf\":{\"@id\":\"https:\/\/www.pescafish.it\/new\/#website\"},\"primaryImageOfPage\":{\"@id\":\"https:\/\/www.pescafish.it\/new\/prodotto\/aroma-shellfish-da-100-ml-keen-carp\/#primaryimage\"},\"datePublished\":\"2015-12-01T10:37:27+00:00\",\"dateModified\":\"2025-06-14T09:58:32+00:00\",\"inLanguage\":\"it-IT\",\"potentialAction\":[{\"@type\":\"ReadAction\",\"target\":[\"https:\/\/www.pescafish.it\/new\/prodotto\/aroma-shellfish-da-100-ml-keen-carp\/\"]}]}]}<\/script>\n<!-- \/ Yoast SEO plugin. -->","_links":{"self":[{"href":"https:\/\/www.pescafish.it\/new\/wp-json\/wp\/v2\/product\/5117"}],"collection":[{"href":"https:\/\/www.pescafish.it\/new\/wp-json\/wp\/v2\/product"}],"about":[{"href":"https:\/\/www.pescafish.it\/new\/wp-json\/wp\/v2\/types\/product"}],"replies":[{"embeddable":true,"href":"https:\/\/www.pescafish.it\/new\/wp-json\/wp\/v2\/comments?post=5117"}],"wp:featuredmedia":[{"embeddable":true,"href":"https:\/\/www.pescafish.it\/new\/wp-json\/wp\/v2\/media\/103408"}],"wp:attachment":[{"href":"https:\/\/www.pescafish.it\/new\/wp-json\/wp\/v2\/media?parent=5117"}],"wp:term":[{"taxonomy":"product_cat","embeddable":true,"href":"https:\/\/www.pescafish.it\/new\/wp-json\/wp\/v2\/product_cat?post=5117"},{"taxonomy":"product_tag","embeddable":true,"href":"https:\/\/www.pescafish.it\/new\/wp-json\/wp\/v2\/product_tag?post=5117"}],"curies":[{"name":"wp","href":"https:\/\/api.w.org\/{rel}","templated":true}]}}