{"id":51155,"date":"2018-11-22T11:08:35","date_gmt":"2018-11-22T10:08:35","guid":{"rendered":"https:\/\/www.pescafish.it\/new\/?post_type=product&#038;p=51155"},"modified":"2021-03-07T13:12:39","modified_gmt":"2021-03-07T12:12:39","slug":"boilies-neegle-yellow-solar","status":"publish","type":"product","link":"https:\/\/www.pescafish.it\/new\/prodotto\/boilies-neegle-yellow-solar\/","title":{"rendered":"Boilies Neegle Yellow &#8211; Solar"},"content":{"rendered":"<p>Uno strumento semplice ma essenziale, questo ago penetra facilmente anche nelle boilies pi\u00f9 dure. La sua sezione cos\u00ec sottile, permette all&#8217;ago di essere usato anche con boilies inferiori ai 10mm senza il rischio di romperle. La parte dell&#8217;ago di sezione maggiore, quella vicino al manico, consente di lavorare bene con le asole e i nodi &#8211; loop, per garantire ad esempio il facile inserimento degli stop boilies. La parte posteriore invece, \u00e8 dotata di un vano che pu\u00f2 contenere gli stoppers, in modo tale che siano sempre a portata di mano in caso di necessit\u00e0. Questo dispencer pu\u00f2 inoltre essere sempre ricaricato. Tutti gli aghi di Solar Tackle possono essere usati e intercambiabili con la boccola del Boilie Needle con un&#8217;azione &#8220;avvita &#8211; svita&#8221; semplicissima.<\/p>\n","protected":false},"excerpt":{"rendered":"<p>Uno strumento semplice ma essenziale, questo ago penetra facilmente anche nelle boilies pi\u00f9 dure. La sua sezione cos\u00ec sottile, permette all&#8217;ago di essere usato anche con boilies inferiori ai 10mm senza il rischio di romperle. La parte dell&#8217;ago di sezione maggiore, quella vicino al manico, consente di lavorare bene con le asole e i nodi [&hellip;]<\/p>\n","protected":false},"featured_media":51156,"comment_status":"open","ping_status":"closed","template":"","meta":[],"product_cat":[990],"product_tag":[],"yoast_head":"<!-- This site is optimized with the Yoast SEO plugin v15.3 - https:\/\/yoast.com\/wordpress\/plugins\/seo\/ -->\n<title>Boilies Neegle Yellow - Solar - Pesca Fish<\/title>\n<meta name=\"robots\" content=\"index, follow, max-snippet:-1, max-image-preview:large, max-video-preview:-1\" \/>\n<link rel=\"canonical\" href=\"https:\/\/www.pescafish.it\/new\/prodotto\/boilies-neegle-yellow-solar\/\" \/>\n<meta property=\"og:locale\" content=\"it_IT\" \/>\n<meta property=\"og:type\" content=\"article\" \/>\n<meta property=\"og:title\" content=\"Boilies Neegle Yellow - Solar - Pesca Fish\" \/>\n<meta property=\"og:description\" content=\"Uno strumento semplice ma essenziale, questo ago penetra facilmente anche nelle boilies pi\u00f9 dure. La sua sezione cos\u00ec sottile, permette all&#8217;ago di essere usato anche con boilies inferiori ai 10mm senza il rischio di romperle. La parte dell&#8217;ago di sezione maggiore, quella vicino al manico, consente di lavorare bene con le asole e i nodi [&hellip;]\" \/>\n<meta property=\"og:url\" content=\"https:\/\/www.pescafish.it\/new\/prodotto\/boilies-neegle-yellow-solar\/\" \/>\n<meta property=\"og:site_name\" content=\"Pesca Fish\" \/>\n<meta property=\"article:publisher\" content=\"https:\/\/www.facebook.com\/pescafishvr\/\" \/>\n<meta property=\"article:modified_time\" content=\"2021-03-07T12:12:39+00:00\" \/>\n<meta property=\"og:image\" content=\"https:\/\/www.pescafish.it\/new\/wp-content\/uploads\/2018\/11\/Solar_Boilie_Needle-geel-team-outdoors-600x600.jpg\" \/>\n\t<meta property=\"og:image:width\" content=\"600\" \/>\n\t<meta property=\"og:image:height\" content=\"600\" \/>\n<meta name=\"twitter:card\" content=\"summary_large_image\" \/>\n<meta name=\"twitter:label1\" content=\"Scritto da\">\n\t<meta name=\"twitter:data1\" content=\"francesca\">\n\t<meta name=\"twitter:label2\" content=\"Tempo di lettura stimato\">\n\t<meta name=\"twitter:data2\" content=\"0 minuti\">\n<script type=\"application\/ld+json\" class=\"yoast-schema-graph\">{\"@context\":\"https:\/\/schema.org\",\"@graph\":[{\"@type\":\"WebSite\",\"@id\":\"https:\/\/www.pescafish.it\/new\/#website\",\"url\":\"https:\/\/www.pescafish.it\/new\/\",\"name\":\"Pesca Fish\",\"description\":\"Benvenuti sul nostro sito!\",\"potentialAction\":[{\"@type\":\"SearchAction\",\"target\":\"https:\/\/www.pescafish.it\/new\/?s={search_term_string}\",\"query-input\":\"required name=search_term_string\"}],\"inLanguage\":\"it-IT\"},{\"@type\":\"ImageObject\",\"@id\":\"https:\/\/www.pescafish.it\/new\/prodotto\/boilies-neegle-yellow-solar\/#primaryimage\",\"inLanguage\":\"it-IT\",\"url\":\"https:\/\/www.pescafish.it\/new\/wp-content\/uploads\/2018\/11\/Solar_Boilie_Needle-geel-team-outdoors-600x600.jpg\",\"width\":600,\"height\":600},{\"@type\":\"WebPage\",\"@id\":\"https:\/\/www.pescafish.it\/new\/prodotto\/boilies-neegle-yellow-solar\/#webpage\",\"url\":\"https:\/\/www.pescafish.it\/new\/prodotto\/boilies-neegle-yellow-solar\/\",\"name\":\"Boilies Neegle Yellow - Solar - Pesca Fish\",\"isPartOf\":{\"@id\":\"https:\/\/www.pescafish.it\/new\/#website\"},\"primaryImageOfPage\":{\"@id\":\"https:\/\/www.pescafish.it\/new\/prodotto\/boilies-neegle-yellow-solar\/#primaryimage\"},\"datePublished\":\"2018-11-22T10:08:35+00:00\",\"dateModified\":\"2021-03-07T12:12:39+00:00\",\"inLanguage\":\"it-IT\",\"potentialAction\":[{\"@type\":\"ReadAction\",\"target\":[\"https:\/\/www.pescafish.it\/new\/prodotto\/boilies-neegle-yellow-solar\/\"]}]}]}<\/script>\n<!-- \/ Yoast SEO plugin. -->","_links":{"self":[{"href":"https:\/\/www.pescafish.it\/new\/wp-json\/wp\/v2\/product\/51155"}],"collection":[{"href":"https:\/\/www.pescafish.it\/new\/wp-json\/wp\/v2\/product"}],"about":[{"href":"https:\/\/www.pescafish.it\/new\/wp-json\/wp\/v2\/types\/product"}],"replies":[{"embeddable":true,"href":"https:\/\/www.pescafish.it\/new\/wp-json\/wp\/v2\/comments?post=51155"}],"wp:featuredmedia":[{"embeddable":true,"href":"https:\/\/www.pescafish.it\/new\/wp-json\/wp\/v2\/media\/51156"}],"wp:attachment":[{"href":"https:\/\/www.pescafish.it\/new\/wp-json\/wp\/v2\/media?parent=51155"}],"wp:term":[{"taxonomy":"product_cat","embeddable":true,"href":"https:\/\/www.pescafish.it\/new\/wp-json\/wp\/v2\/product_cat?post=51155"},{"taxonomy":"product_tag","embeddable":true,"href":"https:\/\/www.pescafish.it\/new\/wp-json\/wp\/v2\/product_tag?post=51155"}],"curies":[{"name":"wp","href":"https:\/\/api.w.org\/{rel}","templated":true}]}}