{"id":51146,"date":"2018-11-22T08:53:33","date_gmt":"2018-11-22T07:53:33","guid":{"rendered":"https:\/\/www.pescafish.it\/new\/?post_type=product&#038;p=51146"},"modified":"2018-11-22T08:53:33","modified_gmt":"2018-11-22T07:53:33","slug":"galleggiante-bow-loc-net-float-solar","status":"publish","type":"product","link":"https:\/\/www.pescafish.it\/new\/prodotto\/galleggiante-bow-loc-net-float-solar\/","title":{"rendered":"Galleggiante Bow-Loc Net Float &#8211; Solar"},"content":{"rendered":"<p>Il Solar Bow-Loc Net Float \u00e8 un galleggiante per guadino con rivestimento in nylon verde oliva resistente. Questo sottile galleggiante \u00e8 compatibile con la maggior parte dei guadini in commercio grazie alle estremit\u00e0 in neoprene &#8220;elastico&#8221;. Basta rimuovere il blocco del guadino, far scorrere questo galleggiante sul manico di rete e riavvitare il blocco per fissarlo in posizione con il laccio in neopreno.<\/p>\n<p><strong>Caratterstiche:<\/strong><\/p>\n<p>\u2022 Compatibile con tutti i pali della rete di atterraggio<br \/>\n\u2022 Rivestimento in nylon superleggiante e terminali in neoprene<\/p>\n","protected":false},"excerpt":{"rendered":"<p>Il Solar Bow-Loc Net Float \u00e8 un galleggiante per guadino con rivestimento in nylon verde oliva resistente. Questo sottile galleggiante \u00e8 compatibile con la maggior parte dei guadini in commercio grazie alle estremit\u00e0 in neoprene &#8220;elastico&#8221;. Basta rimuovere il blocco del guadino, far scorrere questo galleggiante sul manico di rete e riavvitare il blocco per [&hellip;]<\/p>\n","protected":false},"featured_media":51147,"comment_status":"open","ping_status":"closed","template":"","meta":[],"product_cat":[990],"product_tag":[],"yoast_head":"<!-- This site is optimized with the Yoast SEO plugin v15.3 - https:\/\/yoast.com\/wordpress\/plugins\/seo\/ -->\n<title>Galleggiante Bow-Loc Net Float - Solar - Pesca Fish<\/title>\n<meta name=\"robots\" content=\"index, follow, max-snippet:-1, max-image-preview:large, max-video-preview:-1\" \/>\n<link rel=\"canonical\" href=\"https:\/\/www.pescafish.it\/new\/prodotto\/galleggiante-bow-loc-net-float-solar\/\" \/>\n<meta property=\"og:locale\" content=\"it_IT\" \/>\n<meta property=\"og:type\" content=\"article\" \/>\n<meta property=\"og:title\" content=\"Galleggiante Bow-Loc Net Float - Solar - Pesca Fish\" \/>\n<meta property=\"og:description\" content=\"Il Solar Bow-Loc Net Float \u00e8 un galleggiante per guadino con rivestimento in nylon verde oliva resistente. Questo sottile galleggiante \u00e8 compatibile con la maggior parte dei guadini in commercio grazie alle estremit\u00e0 in neoprene &#8220;elastico&#8221;. Basta rimuovere il blocco del guadino, far scorrere questo galleggiante sul manico di rete e riavvitare il blocco per [&hellip;]\" \/>\n<meta property=\"og:url\" content=\"https:\/\/www.pescafish.it\/new\/prodotto\/galleggiante-bow-loc-net-float-solar\/\" \/>\n<meta property=\"og:site_name\" content=\"Pesca Fish\" \/>\n<meta property=\"article:publisher\" content=\"https:\/\/www.facebook.com\/pescafishvr\/\" \/>\n<meta property=\"og:image\" content=\"https:\/\/www.pescafish.it\/new\/wp-content\/uploads\/2018\/11\/bow_loc_net_float_1_.jpg.png\" \/>\n\t<meta property=\"og:image:width\" content=\"249\" \/>\n\t<meta property=\"og:image:height\" content=\"426\" \/>\n<meta name=\"twitter:card\" content=\"summary_large_image\" \/>\n<meta name=\"twitter:label1\" content=\"Scritto da\">\n\t<meta name=\"twitter:data1\" content=\"francesca\">\n\t<meta name=\"twitter:label2\" content=\"Tempo di lettura stimato\">\n\t<meta name=\"twitter:data2\" content=\"0 minuti\">\n<script type=\"application\/ld+json\" class=\"yoast-schema-graph\">{\"@context\":\"https:\/\/schema.org\",\"@graph\":[{\"@type\":\"WebSite\",\"@id\":\"https:\/\/www.pescafish.it\/new\/#website\",\"url\":\"https:\/\/www.pescafish.it\/new\/\",\"name\":\"Pesca Fish\",\"description\":\"Benvenuti sul nostro sito!\",\"potentialAction\":[{\"@type\":\"SearchAction\",\"target\":\"https:\/\/www.pescafish.it\/new\/?s={search_term_string}\",\"query-input\":\"required name=search_term_string\"}],\"inLanguage\":\"it-IT\"},{\"@type\":\"ImageObject\",\"@id\":\"https:\/\/www.pescafish.it\/new\/prodotto\/galleggiante-bow-loc-net-float-solar\/#primaryimage\",\"inLanguage\":\"it-IT\",\"url\":\"https:\/\/www.pescafish.it\/new\/wp-content\/uploads\/2018\/11\/bow_loc_net_float_1_.jpg.png\",\"width\":249,\"height\":426},{\"@type\":\"WebPage\",\"@id\":\"https:\/\/www.pescafish.it\/new\/prodotto\/galleggiante-bow-loc-net-float-solar\/#webpage\",\"url\":\"https:\/\/www.pescafish.it\/new\/prodotto\/galleggiante-bow-loc-net-float-solar\/\",\"name\":\"Galleggiante Bow-Loc Net Float - Solar - Pesca Fish\",\"isPartOf\":{\"@id\":\"https:\/\/www.pescafish.it\/new\/#website\"},\"primaryImageOfPage\":{\"@id\":\"https:\/\/www.pescafish.it\/new\/prodotto\/galleggiante-bow-loc-net-float-solar\/#primaryimage\"},\"datePublished\":\"2018-11-22T07:53:33+00:00\",\"dateModified\":\"2018-11-22T07:53:33+00:00\",\"inLanguage\":\"it-IT\",\"potentialAction\":[{\"@type\":\"ReadAction\",\"target\":[\"https:\/\/www.pescafish.it\/new\/prodotto\/galleggiante-bow-loc-net-float-solar\/\"]}]}]}<\/script>\n<!-- \/ Yoast SEO plugin. -->","_links":{"self":[{"href":"https:\/\/www.pescafish.it\/new\/wp-json\/wp\/v2\/product\/51146"}],"collection":[{"href":"https:\/\/www.pescafish.it\/new\/wp-json\/wp\/v2\/product"}],"about":[{"href":"https:\/\/www.pescafish.it\/new\/wp-json\/wp\/v2\/types\/product"}],"replies":[{"embeddable":true,"href":"https:\/\/www.pescafish.it\/new\/wp-json\/wp\/v2\/comments?post=51146"}],"wp:featuredmedia":[{"embeddable":true,"href":"https:\/\/www.pescafish.it\/new\/wp-json\/wp\/v2\/media\/51147"}],"wp:attachment":[{"href":"https:\/\/www.pescafish.it\/new\/wp-json\/wp\/v2\/media?parent=51146"}],"wp:term":[{"taxonomy":"product_cat","embeddable":true,"href":"https:\/\/www.pescafish.it\/new\/wp-json\/wp\/v2\/product_cat?post=51146"},{"taxonomy":"product_tag","embeddable":true,"href":"https:\/\/www.pescafish.it\/new\/wp-json\/wp\/v2\/product_tag?post=51146"}],"curies":[{"name":"wp","href":"https:\/\/api.w.org\/{rel}","templated":true}]}}