{"id":50782,"date":"2018-11-02T18:16:06","date_gmt":"2018-11-02T17:16:06","guid":{"rendered":"https:\/\/www.pescafish.it\/new\/?post_type=product&#038;p=50782"},"modified":"2025-01-30T12:03:16","modified_gmt":"2025-01-30T11:03:16","slug":"canna-parabolix-feeder-suv-black-edition-map","status":"publish","type":"product","link":"https:\/\/www.pescafish.it\/new\/prodotto\/canna-parabolix-feeder-suv-black-edition-map\/","title":{"rendered":"Canna Parabolix Feeder SUV Black Edition &#8211; MAP"},"content":{"rendered":"<h2>Canna Parabolix Feeder SUV Black Edition MAP<\/h2>\n<p>La\u00a0Parabolix Black Feeder SUV \u00e8 la versione potenziata della versione Parabolix Black Feeder\u00a0ed \u00e8 stata concepita per lanci pi\u00f9 lunghi e per prede pi\u00f9 importanti, quali breme, carassi, carpe anche di media\/grossa taglia. Ottima anche nella pesca a Method Feeder. La canna \u00e8 realizzata in due pezzi pi\u00f9 cimino e una volta chiusa l\u2019ingombro del manico \u00e8 uguale al pezzo intermedio con innestato il tip. Questa canna ha un blank ultra sottile e super leggero con un&#8217;incredibile azione parabolica e potente, studiata per la pesca a feeder \u00e8 l&#8217;ideale per la pesca sia nei luoghi naturali che nei laghi commerciali.<\/p>\n<p><strong>Disponibili nei seguenti modelli:<br \/>\n<\/strong><br \/>\n<strong>A5069\u00a0 <span style=\"color: #ff0000;\">10ft<\/span><\/strong><br \/>\n<strong>Lunghezza:<\/strong> 10ft \/ 3,05 mt<br \/>\n<strong>Sezioni:<\/strong> 2 + 3 tips in carbonio (0,5 -1 -1,5\u00a0 oz)<br \/>\n<strong>Ingombro da chiusa:<\/strong> 1,57 mt<br \/>\n<strong>Potenza:<\/strong> 20\/45gr<br \/>\n<strong>N\u00b0 anelli:<\/strong> 14 in sic<br \/>\nIdeale per lanci a media distanza sino a 40mt con pasturatori sino ai 45gr<\/p>\n<p><strong>A5085\u00a0 <span style=\"color: #ff0000;\">11ft<\/span><\/strong><br \/>\n<strong>Lunghezza:<\/strong> 11ft \/ 3,35 mt<br \/>\n<strong>Sezioni:<\/strong> 2 + 3 tips in carbonio (0,5 -1 -1,5\u00a0 oz)<br \/>\n<strong>Ingombro da chiusa:<\/strong> 1,73 mt<br \/>\n<strong>Potenza:<\/strong> 20\/60gr<br \/>\n<strong>N\u00b0 anelli:<\/strong> 14 in sic<br \/>\nIdeale per lanci a media distanza sino a 60mt con pasturatori sino ai 60gr<\/p>\n<p><strong>A5086\u00a0 <span style=\"color: #ff0000;\">12ft<\/span><\/strong><br \/>\n<strong>Lunghezza:<\/strong> 12ft \/ 3,65mt<br \/>\n<strong>Sezioni:<\/strong> 2 + 3 tips in carbonio (1,5 -2 -2,5\u00a0 oz)<br \/>\n<strong>Ingombro da chiusa:<\/strong> 1,87 mt<br \/>\n<strong>Potenza:<\/strong> 20\/60gr<br \/>\n<strong>N\u00b0 anelli:<\/strong> 14 in sic<br \/>\nIdeale per lanci a media lunga distanza sino a 70mt con pasturatori sino ai 60gr<\/p>\n","protected":false},"excerpt":{"rendered":"<p>Canna Parabolix Feeder SUV Black Edition MAP La\u00a0Parabolix Black Feeder SUV \u00e8 la versione potenziata della versione Parabolix Black Feeder\u00a0ed \u00e8 stata concepita per lanci pi\u00f9 lunghi e per prede pi\u00f9 importanti, quali breme, carassi, carpe anche di media\/grossa taglia. Ottima anche nella pesca a Method Feeder. La canna \u00e8 realizzata in due pezzi pi\u00f9 [&hellip;]<\/p>\n","protected":false},"featured_media":50783,"comment_status":"closed","ping_status":"closed","template":"","meta":[],"product_cat":[997,880],"product_tag":[1068],"yoast_head":"<!-- This site is optimized with the Yoast SEO plugin v15.3 - https:\/\/yoast.com\/wordpress\/plugins\/seo\/ -->\n<title>Canna Parabolix Feeder SUV Black Edition - MAP - Pesca Fish<\/title>\n<meta name=\"description\" content=\"Canna Parabolix Feeder SUV Black Edition - MAP | Per informazioni scriveteci a info@pescafish.it oppure contattateci allo 045\/6100748\" \/>\n<meta name=\"robots\" content=\"index, follow, max-snippet:-1, max-image-preview:large, max-video-preview:-1\" \/>\n<link rel=\"canonical\" href=\"https:\/\/www.pescafish.it\/new\/prodotto\/canna-parabolix-feeder-suv-black-edition-map\/\" \/>\n<meta property=\"og:locale\" content=\"it_IT\" \/>\n<meta property=\"og:type\" content=\"article\" \/>\n<meta property=\"og:title\" content=\"Canna Parabolix Feeder SUV Black Edition - MAP - Pesca Fish\" \/>\n<meta property=\"og:description\" content=\"Canna Parabolix Feeder SUV Black Edition - MAP | Per informazioni scriveteci a info@pescafish.it oppure contattateci allo 045\/6100748\" \/>\n<meta property=\"og:url\" content=\"https:\/\/www.pescafish.it\/new\/prodotto\/canna-parabolix-feeder-suv-black-edition-map\/\" \/>\n<meta property=\"og:site_name\" content=\"Pesca Fish\" \/>\n<meta property=\"article:publisher\" content=\"https:\/\/www.facebook.com\/pescafishvr\/\" \/>\n<meta property=\"article:modified_time\" content=\"2025-01-30T11:03:16+00:00\" \/>\n<meta property=\"og:image\" content=\"https:\/\/www.pescafish.it\/new\/wp-content\/uploads\/2018\/11\/PARABOLIX.jpg\" \/>\n\t<meta property=\"og:image:width\" content=\"1000\" \/>\n\t<meta property=\"og:image:height\" content=\"949\" \/>\n<meta name=\"twitter:card\" content=\"summary_large_image\" \/>\n<meta name=\"twitter:label1\" content=\"Scritto da\">\n\t<meta name=\"twitter:data1\" content=\"francesca\">\n\t<meta name=\"twitter:label2\" content=\"Tempo di lettura stimato\">\n\t<meta name=\"twitter:data2\" content=\"1 minuto\">\n<script type=\"application\/ld+json\" class=\"yoast-schema-graph\">{\"@context\":\"https:\/\/schema.org\",\"@graph\":[{\"@type\":\"WebSite\",\"@id\":\"https:\/\/www.pescafish.it\/new\/#website\",\"url\":\"https:\/\/www.pescafish.it\/new\/\",\"name\":\"Pesca Fish\",\"description\":\"Benvenuti sul nostro sito!\",\"potentialAction\":[{\"@type\":\"SearchAction\",\"target\":\"https:\/\/www.pescafish.it\/new\/?s={search_term_string}\",\"query-input\":\"required name=search_term_string\"}],\"inLanguage\":\"it-IT\"},{\"@type\":\"ImageObject\",\"@id\":\"https:\/\/www.pescafish.it\/new\/prodotto\/canna-parabolix-feeder-suv-black-edition-map\/#primaryimage\",\"inLanguage\":\"it-IT\",\"url\":\"https:\/\/www.pescafish.it\/new\/wp-content\/uploads\/2018\/11\/PARABOLIX.jpg\",\"width\":1000,\"height\":949,\"caption\":\"Canna USATA Parabolix Feeder 11ft Black Edition \\u2013 MAP\"},{\"@type\":\"WebPage\",\"@id\":\"https:\/\/www.pescafish.it\/new\/prodotto\/canna-parabolix-feeder-suv-black-edition-map\/#webpage\",\"url\":\"https:\/\/www.pescafish.it\/new\/prodotto\/canna-parabolix-feeder-suv-black-edition-map\/\",\"name\":\"Canna Parabolix Feeder SUV Black Edition - MAP - Pesca Fish\",\"isPartOf\":{\"@id\":\"https:\/\/www.pescafish.it\/new\/#website\"},\"primaryImageOfPage\":{\"@id\":\"https:\/\/www.pescafish.it\/new\/prodotto\/canna-parabolix-feeder-suv-black-edition-map\/#primaryimage\"},\"datePublished\":\"2018-11-02T17:16:06+00:00\",\"dateModified\":\"2025-01-30T11:03:16+00:00\",\"description\":\"Canna Parabolix Feeder SUV Black Edition - MAP | Per informazioni scriveteci a info@pescafish.it oppure contattateci allo 045\/6100748\",\"inLanguage\":\"it-IT\",\"potentialAction\":[{\"@type\":\"ReadAction\",\"target\":[\"https:\/\/www.pescafish.it\/new\/prodotto\/canna-parabolix-feeder-suv-black-edition-map\/\"]}]}]}<\/script>\n<!-- \/ Yoast SEO plugin. -->","_links":{"self":[{"href":"https:\/\/www.pescafish.it\/new\/wp-json\/wp\/v2\/product\/50782"}],"collection":[{"href":"https:\/\/www.pescafish.it\/new\/wp-json\/wp\/v2\/product"}],"about":[{"href":"https:\/\/www.pescafish.it\/new\/wp-json\/wp\/v2\/types\/product"}],"replies":[{"embeddable":true,"href":"https:\/\/www.pescafish.it\/new\/wp-json\/wp\/v2\/comments?post=50782"}],"wp:featuredmedia":[{"embeddable":true,"href":"https:\/\/www.pescafish.it\/new\/wp-json\/wp\/v2\/media\/50783"}],"wp:attachment":[{"href":"https:\/\/www.pescafish.it\/new\/wp-json\/wp\/v2\/media?parent=50782"}],"wp:term":[{"taxonomy":"product_cat","embeddable":true,"href":"https:\/\/www.pescafish.it\/new\/wp-json\/wp\/v2\/product_cat?post=50782"},{"taxonomy":"product_tag","embeddable":true,"href":"https:\/\/www.pescafish.it\/new\/wp-json\/wp\/v2\/product_tag?post=50782"}],"curies":[{"name":"wp","href":"https:\/\/api.w.org\/{rel}","templated":true}]}}