{"id":50532,"date":"2018-10-11T19:11:51","date_gmt":"2018-10-11T17:11:51","guid":{"rendered":"https:\/\/www.pescafish.it\/new\/?post_type=product&#038;p=50532"},"modified":"2025-04-14T18:28:41","modified_gmt":"2025-04-14T16:28:41","slug":"mulinello-catana-fd-shimano","status":"publish","type":"product","link":"https:\/\/www.pescafish.it\/new\/prodotto\/mulinello-catana-fd-shimano\/","title":{"rendered":"Mulinello Catana FD &#8211; Shimano"},"content":{"rendered":"<p>Il Catana \u00e8 stato per molti anni il mulinello Shimano da spinning pi\u00f9 venduto a livello europeo! Non \u00e8 una coincidenza: Catana \u00e8 forte, solido, fluido, affidabile per anni e il prezzo \u00e8 molto competitivo. Se confrontato alla serie precedente (FC), il mulinello presenta un nuovo, moderno design di frenaggio di colore nero stealth. Ruota in maniera fluida e tutte le parti sono costruite per durare nel tempo. Molte parti interne sono state migliorate, rendendo possibile una maggior tenuta rispetto al modello FC. Questo rende il mulinello ancora pi\u00f9 potente e resistente al combattimento con grosse prede! Il Catana \u00e8 molto versatile; spazia dai predatori\/spinning\/ trota al feeder\/match\/coarse e commercial, poich\u00e9 \u00e8 dotato di meccanismo anti-ritorno, apprezzato da molti tipi differenti di pescatore. La gamma \u00e8 molto ampia, esistono anche versioni HG, quindi il mulinello \u00e8 molto pi\u00f9 versatile della generazione precedente!<\/p>\n<p><strong>Manovella:<\/strong> Singola Zinco Pressofuso<br \/>\n<strong>Cuscinetti:<\/strong> 2+1<br \/>\n<strong>Materiale del corpo:<\/strong> XT-7<br \/>\n<strong>Imbobinamento:<\/strong> Varispeed II<br \/>\n<strong>Materiale della bobina:<\/strong> Alluminio pressofuso<br \/>\n<strong>Bobina extra:<\/strong> No<\/p>\n<p><strong>Disponibile nei seguenti modelli:<br \/>\n<\/strong><\/p>\n<table style=\"border-color: #000000;\" border=\"2\">\n<tbody>\n<tr>\n<td><strong>Modello<\/strong><\/td>\n<td style=\"text-align: center;\"><strong>Capacit\u00e0 Bobina (mm\/m)<\/strong><\/td>\n<td style=\"text-align: center;\"><strong>Capacit\u00e0 Bobina (lb\/yds)<\/strong><\/td>\n<td style=\"text-align: center;\"><strong>Rapporto di Recupero<\/strong><\/td>\n<td style=\"text-align: center;\"><strong>Peso<\/strong><\/td>\n<td style=\"text-align: center;\"><strong>Max Drag<\/strong><\/td>\n<\/tr>\n<tr>\n<td><strong>CATC3000FD<\/strong><\/td>\n<td style=\"text-align: center;\">0.25-210,0.30-130,0.35-100<\/td>\n<td style=\"text-align: center;\">6-230,8-170,10-140<\/td>\n<td style=\"text-align: center;\">5.0:1<\/td>\n<td style=\"text-align: center;\">260g<\/td>\n<td style=\"text-align: center;\">8,5kg<\/td>\n<\/tr>\n<tr>\n<td><strong>CATC3000HGFD<\/strong><\/td>\n<td style=\"text-align: center;\">0.25-210,0.30-130,0.35-100<\/td>\n<td style=\"text-align: center;\">6-230,8-170,10-140<\/td>\n<td style=\"text-align: center;\">6.2:1<\/td>\n<td style=\"text-align: center;\">260g<\/td>\n<td style=\"text-align: center;\">8,5kg<\/td>\n<\/tr>\n<\/tbody>\n<\/table>\n<p><strong><span style=\"color: #ff0000;\">DUE ANNI DI GARANZIA<\/span><br \/>\n<span style=\"color: #ff0000;\">Da oggi per avere il TERZO ANNO DI GARANZIA, collegati al nuovo portale e registra il tuo prodotto su:<\/span><br \/>\n<a href=\"http:\/\/www.shimanofishnetwork.it\/garanzia\/sign_in\"><span style=\"color: #000000; background-color: #ffff00;\">http:\/\/www.shimanofishnetwork.it\/garanzia\/sign_in<\/span><\/a><\/strong><\/p>\n<p><strong>\u00a0<\/strong><\/p>\n","protected":false},"excerpt":{"rendered":"<p>Il Catana \u00e8 stato per molti anni il mulinello Shimano da spinning pi\u00f9 venduto a livello europeo! Non \u00e8 una coincidenza: Catana \u00e8 forte, solido, fluido, affidabile per anni e il prezzo \u00e8 molto competitivo. Se confrontato alla serie precedente (FC), il mulinello presenta un nuovo, moderno design di frenaggio di colore nero stealth. Ruota [&hellip;]<\/p>\n","protected":false},"featured_media":50533,"comment_status":"closed","ping_status":"closed","template":"","meta":[],"product_cat":[348],"product_tag":[1023],"yoast_head":"<!-- This site is optimized with the Yoast SEO plugin v15.3 - https:\/\/yoast.com\/wordpress\/plugins\/seo\/ -->\n<title>Mulinello Catana FD - Shimano - Pesca Fish<\/title>\n<meta name=\"robots\" content=\"index, follow, max-snippet:-1, max-image-preview:large, max-video-preview:-1\" \/>\n<link rel=\"canonical\" href=\"https:\/\/www.pescafish.it\/new\/prodotto\/mulinello-catana-fd-shimano\/\" \/>\n<meta property=\"og:locale\" content=\"it_IT\" \/>\n<meta property=\"og:type\" content=\"article\" \/>\n<meta property=\"og:title\" content=\"Mulinello Catana FD - Shimano - Pesca Fish\" \/>\n<meta property=\"og:description\" content=\"Il Catana \u00e8 stato per molti anni il mulinello Shimano da spinning pi\u00f9 venduto a livello europeo! Non \u00e8 una coincidenza: Catana \u00e8 forte, solido, fluido, affidabile per anni e il prezzo \u00e8 molto competitivo. Se confrontato alla serie precedente (FC), il mulinello presenta un nuovo, moderno design di frenaggio di colore nero stealth. Ruota [&hellip;]\" \/>\n<meta property=\"og:url\" content=\"https:\/\/www.pescafish.it\/new\/prodotto\/mulinello-catana-fd-shimano\/\" \/>\n<meta property=\"og:site_name\" content=\"Pesca Fish\" \/>\n<meta property=\"article:publisher\" content=\"https:\/\/www.facebook.com\/pescafishvr\/\" \/>\n<meta property=\"article:modified_time\" content=\"2025-04-14T16:28:41+00:00\" \/>\n<meta property=\"og:image\" content=\"https:\/\/www.pescafish.it\/new\/wp-content\/uploads\/2018\/10\/catana-fd.jpg\" \/>\n\t<meta property=\"og:image:width\" content=\"1000\" \/>\n\t<meta property=\"og:image:height\" content=\"1000\" \/>\n<meta name=\"twitter:card\" content=\"summary_large_image\" \/>\n<meta name=\"twitter:label1\" content=\"Scritto da\">\n\t<meta name=\"twitter:data1\" content=\"francesca\">\n\t<meta name=\"twitter:label2\" content=\"Tempo di lettura stimato\">\n\t<meta name=\"twitter:data2\" content=\"1 minuto\">\n<script type=\"application\/ld+json\" class=\"yoast-schema-graph\">{\"@context\":\"https:\/\/schema.org\",\"@graph\":[{\"@type\":\"WebSite\",\"@id\":\"https:\/\/www.pescafish.it\/new\/#website\",\"url\":\"https:\/\/www.pescafish.it\/new\/\",\"name\":\"Pesca Fish\",\"description\":\"Benvenuti sul nostro sito!\",\"potentialAction\":[{\"@type\":\"SearchAction\",\"target\":\"https:\/\/www.pescafish.it\/new\/?s={search_term_string}\",\"query-input\":\"required name=search_term_string\"}],\"inLanguage\":\"it-IT\"},{\"@type\":\"ImageObject\",\"@id\":\"https:\/\/www.pescafish.it\/new\/prodotto\/mulinello-catana-fd-shimano\/#primaryimage\",\"inLanguage\":\"it-IT\",\"url\":\"https:\/\/www.pescafish.it\/new\/wp-content\/uploads\/2018\/10\/catana-fd.jpg\",\"width\":1000,\"height\":1000},{\"@type\":\"WebPage\",\"@id\":\"https:\/\/www.pescafish.it\/new\/prodotto\/mulinello-catana-fd-shimano\/#webpage\",\"url\":\"https:\/\/www.pescafish.it\/new\/prodotto\/mulinello-catana-fd-shimano\/\",\"name\":\"Mulinello Catana FD - Shimano - Pesca Fish\",\"isPartOf\":{\"@id\":\"https:\/\/www.pescafish.it\/new\/#website\"},\"primaryImageOfPage\":{\"@id\":\"https:\/\/www.pescafish.it\/new\/prodotto\/mulinello-catana-fd-shimano\/#primaryimage\"},\"datePublished\":\"2018-10-11T17:11:51+00:00\",\"dateModified\":\"2025-04-14T16:28:41+00:00\",\"inLanguage\":\"it-IT\",\"potentialAction\":[{\"@type\":\"ReadAction\",\"target\":[\"https:\/\/www.pescafish.it\/new\/prodotto\/mulinello-catana-fd-shimano\/\"]}]}]}<\/script>\n<!-- \/ Yoast SEO plugin. -->","_links":{"self":[{"href":"https:\/\/www.pescafish.it\/new\/wp-json\/wp\/v2\/product\/50532"}],"collection":[{"href":"https:\/\/www.pescafish.it\/new\/wp-json\/wp\/v2\/product"}],"about":[{"href":"https:\/\/www.pescafish.it\/new\/wp-json\/wp\/v2\/types\/product"}],"replies":[{"embeddable":true,"href":"https:\/\/www.pescafish.it\/new\/wp-json\/wp\/v2\/comments?post=50532"}],"wp:featuredmedia":[{"embeddable":true,"href":"https:\/\/www.pescafish.it\/new\/wp-json\/wp\/v2\/media\/50533"}],"wp:attachment":[{"href":"https:\/\/www.pescafish.it\/new\/wp-json\/wp\/v2\/media?parent=50532"}],"wp:term":[{"taxonomy":"product_cat","embeddable":true,"href":"https:\/\/www.pescafish.it\/new\/wp-json\/wp\/v2\/product_cat?post=50532"},{"taxonomy":"product_tag","embeddable":true,"href":"https:\/\/www.pescafish.it\/new\/wp-json\/wp\/v2\/product_tag?post=50532"}],"curies":[{"name":"wp","href":"https:\/\/api.w.org\/{rel}","templated":true}]}}