{"id":50503,"date":"2018-10-11T12:22:54","date_gmt":"2018-10-11T10:22:54","guid":{"rendered":"https:\/\/www.pescafish.it\/new\/?post_type=product&#038;p=50503"},"modified":"2023-06-08T16:49:30","modified_gmt":"2023-06-08T14:49:30","slug":"k3-bite-alarm-prologic","status":"publish","type":"product","link":"https:\/\/www.pescafish.it\/new\/prodotto\/k3-bite-alarm-prologic\/","title":{"rendered":"K3 Bite Alarm &#8211; Prologic"},"content":{"rendered":"<h2>K3 Bite Alarm<\/h2>\n<p><span id=\"result_box\" class=\"\" lang=\"it\"><span title=\"The K3 bite alarm is the result of a 2-year project which has seen countless tests, tweaks, more tests and further tweaks.\">Il Segnalatore K3 \u00e8 il risultato di un progetto di 2 anni che ha visto innumerevoli test, modifiche . <\/span><span title=\"The aim was to produce a compact, waterproof alarm with unrivalled battery life while remaining feature-packed and pleasing to the eye.\">L&#8217;obiettivo era quello di produrre un segnalatore compatto, impermeabile con durata della batteria senza rivali, pur rimanendo ricco di funzionalit\u00e0 e piacevole alla vista. <\/span><span title=\"Removing the tone function has allowed us to install a smaller, less power-draining speaker for a much more compact unit with a superb battery life.\">Rimozione della funzione di tono ci ha permesso di installare un altoparlante pi\u00f9 piccolo, meno scarico di energia per un&#8217;unit\u00e0 molto pi\u00f9 compatta con una durata della batteria superba. <\/span><span title=\"The body features a crossover-construction consisting of high grade aluminium, 3K Carbon and high strength nylon, reducing weight where possible whilst maintaining overall strength and durability.\">Il corpo presenta una struttura crossover composta da alluminio di alta qualit\u00e0, carbonio 3K e nylon ad alta resistenza, riducendo il peso, laddove possibile, mantenendo nel contempo la resistenza e la durabilit\u00e0 complessive. <\/span><span title=\"Though small, the K3 is feature-packed including a 30-second silent mode for attaching indicators silently and dual isotope slots for those wishing to personalize their setup even further.\">Sebbene piccolo, il K3 \u00e8 ricco di funzionalit\u00e0 che includono una modalit\u00e0 silenziosa di 30 secondi per collegare gli indicatori in modo silenzioso e due slot per isotopi per coloro che desiderano personalizzare ulteriormente la loro configurazione. <\/span><span title=\"The K3 Alarms are fully waterproof (IPX6 rated) and come supplied with protective covers. \">Gli allarmi K3 sono completamente impermeabili (classificati IPX6) e sono forniti con coperture protettive.<br \/>\n<\/span><span title=\"\u2022 Four volume level (including silent mode) \">\u2022 Quattro livelli di volume (compresa la modalit\u00e0 silenziosa)<br \/>\n<\/span><span title=\"\u2022 Five sensitivity level \">\u2022 Cinque livelli di sensibilit\u00e0<br \/>\n<\/span><span title=\"\u2022 Waterproof (IPX6 rated) \">\u2022 Impermeabile (classificato IPX6)<br \/>\n<\/span><span title=\"\u2022 Temporary silent mode (30 seconds) \">\u2022 Modalit\u00e0 silenziosa temporanea (30 secondi)<br \/>\n<\/span><span title=\"\u2022 Two Isotopes slots \">\u2022 Due slot per isotopi<br \/>\n<\/span><span title=\"\u2022 Machine cut 3K Carbon body and high grade aluminum base \">\u2022 Corpo in carbonio 3K tagliato a macchina con base in alluminio di alta qualit\u00e0<br \/>\n<\/span><span title=\"\u2022 Up to 150m wireless range \">\u2022 Fino a 150 m di portata wireless<br \/>\n<\/span><span title=\"\u2022 Operate with one CR2 3V battery (not included) \">\u2022 Funziona con una batteria CR2 3V (non inclusa)<br \/>\n<\/span><span title=\"\u2022 Protective cover included\">\u2022 Coperchio di protezione incluso<\/span><\/span><\/p>\n<p><strong>Disponibili nelle seguenti varianti:<\/strong><br \/>\n<strong>62040\u00a0<\/strong> 3+1<\/p>\n","protected":false},"excerpt":{"rendered":"<p>K3 Bite Alarm Il Segnalatore K3 \u00e8 il risultato di un progetto di 2 anni che ha visto innumerevoli test, modifiche . L&#8217;obiettivo era quello di produrre un segnalatore compatto, impermeabile con durata della batteria senza rivali, pur rimanendo ricco di funzionalit\u00e0 e piacevole alla vista. Rimozione della funzione di tono ci ha permesso di [&hellip;]<\/p>\n","protected":false},"featured_media":50504,"comment_status":"closed","ping_status":"closed","template":"","meta":[],"product_cat":[474],"product_tag":[1040],"yoast_head":"<!-- This site is optimized with the Yoast SEO plugin v15.3 - https:\/\/yoast.com\/wordpress\/plugins\/seo\/ -->\n<title>K3 Bite Alarm - Prologic - Pesca Fish<\/title>\n<meta name=\"robots\" content=\"index, follow, max-snippet:-1, max-image-preview:large, max-video-preview:-1\" \/>\n<link rel=\"canonical\" href=\"https:\/\/www.pescafish.it\/new\/prodotto\/k3-bite-alarm-prologic\/\" \/>\n<meta property=\"og:locale\" content=\"it_IT\" \/>\n<meta property=\"og:type\" content=\"article\" \/>\n<meta property=\"og:title\" content=\"K3 Bite Alarm - Prologic - Pesca Fish\" \/>\n<meta property=\"og:description\" content=\"K3 Bite Alarm Il Segnalatore K3 \u00e8 il risultato di un progetto di 2 anni che ha visto innumerevoli test, modifiche . L&#8217;obiettivo era quello di produrre un segnalatore compatto, impermeabile con durata della batteria senza rivali, pur rimanendo ricco di funzionalit\u00e0 e piacevole alla vista. Rimozione della funzione di tono ci ha permesso di [&hellip;]\" \/>\n<meta property=\"og:url\" content=\"https:\/\/www.pescafish.it\/new\/prodotto\/k3-bite-alarm-prologic\/\" \/>\n<meta property=\"og:site_name\" content=\"Pesca Fish\" \/>\n<meta property=\"article:publisher\" content=\"https:\/\/www.facebook.com\/pescafishvr\/\" \/>\n<meta property=\"article:modified_time\" content=\"2023-06-08T14:49:30+00:00\" \/>\n<meta property=\"og:image\" content=\"https:\/\/www.pescafish.it\/new\/wp-content\/uploads\/2018\/10\/s-l225.jpg\" \/>\n\t<meta property=\"og:image:width\" content=\"225\" \/>\n\t<meta property=\"og:image:height\" content=\"225\" \/>\n<meta name=\"twitter:card\" content=\"summary_large_image\" \/>\n<meta name=\"twitter:label1\" content=\"Scritto da\">\n\t<meta name=\"twitter:data1\" content=\"francesca\">\n\t<meta name=\"twitter:label2\" content=\"Tempo di lettura stimato\">\n\t<meta name=\"twitter:data2\" content=\"1 minuto\">\n<script type=\"application\/ld+json\" class=\"yoast-schema-graph\">{\"@context\":\"https:\/\/schema.org\",\"@graph\":[{\"@type\":\"WebSite\",\"@id\":\"https:\/\/www.pescafish.it\/new\/#website\",\"url\":\"https:\/\/www.pescafish.it\/new\/\",\"name\":\"Pesca Fish\",\"description\":\"Benvenuti sul nostro sito!\",\"potentialAction\":[{\"@type\":\"SearchAction\",\"target\":\"https:\/\/www.pescafish.it\/new\/?s={search_term_string}\",\"query-input\":\"required name=search_term_string\"}],\"inLanguage\":\"it-IT\"},{\"@type\":\"ImageObject\",\"@id\":\"https:\/\/www.pescafish.it\/new\/prodotto\/k3-bite-alarm-prologic\/#primaryimage\",\"inLanguage\":\"it-IT\",\"url\":\"https:\/\/www.pescafish.it\/new\/wp-content\/uploads\/2018\/10\/s-l225.jpg\",\"width\":225,\"height\":225},{\"@type\":\"WebPage\",\"@id\":\"https:\/\/www.pescafish.it\/new\/prodotto\/k3-bite-alarm-prologic\/#webpage\",\"url\":\"https:\/\/www.pescafish.it\/new\/prodotto\/k3-bite-alarm-prologic\/\",\"name\":\"K3 Bite Alarm - Prologic - Pesca Fish\",\"isPartOf\":{\"@id\":\"https:\/\/www.pescafish.it\/new\/#website\"},\"primaryImageOfPage\":{\"@id\":\"https:\/\/www.pescafish.it\/new\/prodotto\/k3-bite-alarm-prologic\/#primaryimage\"},\"datePublished\":\"2018-10-11T10:22:54+00:00\",\"dateModified\":\"2023-06-08T14:49:30+00:00\",\"inLanguage\":\"it-IT\",\"potentialAction\":[{\"@type\":\"ReadAction\",\"target\":[\"https:\/\/www.pescafish.it\/new\/prodotto\/k3-bite-alarm-prologic\/\"]}]}]}<\/script>\n<!-- \/ Yoast SEO plugin. -->","_links":{"self":[{"href":"https:\/\/www.pescafish.it\/new\/wp-json\/wp\/v2\/product\/50503"}],"collection":[{"href":"https:\/\/www.pescafish.it\/new\/wp-json\/wp\/v2\/product"}],"about":[{"href":"https:\/\/www.pescafish.it\/new\/wp-json\/wp\/v2\/types\/product"}],"replies":[{"embeddable":true,"href":"https:\/\/www.pescafish.it\/new\/wp-json\/wp\/v2\/comments?post=50503"}],"wp:featuredmedia":[{"embeddable":true,"href":"https:\/\/www.pescafish.it\/new\/wp-json\/wp\/v2\/media\/50504"}],"wp:attachment":[{"href":"https:\/\/www.pescafish.it\/new\/wp-json\/wp\/v2\/media?parent=50503"}],"wp:term":[{"taxonomy":"product_cat","embeddable":true,"href":"https:\/\/www.pescafish.it\/new\/wp-json\/wp\/v2\/product_cat?post=50503"},{"taxonomy":"product_tag","embeddable":true,"href":"https:\/\/www.pescafish.it\/new\/wp-json\/wp\/v2\/product_tag?post=50503"}],"curies":[{"name":"wp","href":"https:\/\/api.w.org\/{rel}","templated":true}]}}