{"id":49789,"date":"2018-08-21T15:58:44","date_gmt":"2018-08-21T13:58:44","guid":{"rendered":"https:\/\/www.pescafish.it\/new\/?post_type=product&#038;p=49789"},"modified":"2019-03-19T19:12:11","modified_gmt":"2019-03-19T18:12:11","slug":"squarebill-floating-5cm-14gr-salmo","status":"publish","type":"product","link":"https:\/\/www.pescafish.it\/new\/prodotto\/squarebill-floating-5cm-14gr-salmo\/","title":{"rendered":"Squarebill Floating 5cm 14gr &#8211; Salmo"},"content":{"rendered":"<p><span id=\"result_box\" class=\"\" lang=\"it\"><span class=\"\">La paletta quadrata in policarbonato duro assicura che questo Squarebill possa lavorare tra gli ostacoli, riducendo enormemente le probabilit\u00e0 che l&#8217;esca si impigli.<\/span> Il materiale di costruzione ad alta densit\u00e0 di Salmo, inoltre, garantisce molta pi\u00f9 resistenza di un artificiale di balsa. Il perfetto bilanciamento di pesi all&#8217;interno assicura un lancio lungo e preciso.<\/span><\/p>\n<p><strong>Lunghezza:<\/strong> 5cm<br \/>\n<strong>Peso:<\/strong> 14gr<br \/>\n<strong>Azione:<\/strong> Galleggiante \u2013 Floating<br \/>\n<strong>Profondit\u00e0 di lavoro a Spinning:<\/strong> 1,5mt<br \/>\n<strong>Profondit\u00e0 di lavoro a Traina:<\/strong> 3mt<\/p>\n<p><strong>Disponibili nelle seguenti colorazioni:<\/strong><br \/>\n<strong>QSQ001\u00a0<\/strong> Chartreuse Powder<br \/>\n<strong>QSQ004<\/strong>\u00a0 Green Tiger<br \/>\n<strong>QSQ005\u00a0<\/strong> Sexy Shad<br \/>\n<strong>QSQ007<\/strong>\u00a0 Demon Craw<br \/>\n<strong>QSQ008\u00a0<\/strong> Holo Grey Shad<\/p>\n","protected":false},"excerpt":{"rendered":"<p>La paletta quadrata in policarbonato duro assicura che questo Squarebill possa lavorare tra gli ostacoli, riducendo enormemente le probabilit\u00e0 che l&#8217;esca si impigli. Il materiale di costruzione ad alta densit\u00e0 di Salmo, inoltre, garantisce molta pi\u00f9 resistenza di un artificiale di balsa. Il perfetto bilanciamento di pesi all&#8217;interno assicura un lancio lungo e preciso. Lunghezza: [&hellip;]<\/p>\n","protected":false},"featured_media":49790,"comment_status":"open","ping_status":"closed","template":"","meta":[],"product_cat":[623],"product_tag":[],"yoast_head":"<!-- This site is optimized with the Yoast SEO plugin v15.3 - https:\/\/yoast.com\/wordpress\/plugins\/seo\/ -->\n<title>Squarebill Floating 5cm 14gr - Salmo - Pesca Fish<\/title>\n<meta name=\"robots\" content=\"index, follow, max-snippet:-1, max-image-preview:large, max-video-preview:-1\" \/>\n<link rel=\"canonical\" href=\"https:\/\/www.pescafish.it\/new\/prodotto\/squarebill-floating-5cm-14gr-salmo\/\" \/>\n<meta property=\"og:locale\" content=\"it_IT\" \/>\n<meta property=\"og:type\" content=\"article\" \/>\n<meta property=\"og:title\" content=\"Squarebill Floating 5cm 14gr - Salmo - Pesca Fish\" \/>\n<meta property=\"og:description\" content=\"La paletta quadrata in policarbonato duro assicura che questo Squarebill possa lavorare tra gli ostacoli, riducendo enormemente le probabilit\u00e0 che l&#8217;esca si impigli. Il materiale di costruzione ad alta densit\u00e0 di Salmo, inoltre, garantisce molta pi\u00f9 resistenza di un artificiale di balsa. Il perfetto bilanciamento di pesi all&#8217;interno assicura un lancio lungo e preciso. Lunghezza: [&hellip;]\" \/>\n<meta property=\"og:url\" content=\"https:\/\/www.pescafish.it\/new\/prodotto\/squarebill-floating-5cm-14gr-salmo\/\" \/>\n<meta property=\"og:site_name\" content=\"Pesca Fish\" \/>\n<meta property=\"article:publisher\" content=\"https:\/\/www.facebook.com\/pescafishvr\/\" \/>\n<meta property=\"article:modified_time\" content=\"2019-03-19T18:12:11+00:00\" \/>\n<meta property=\"og:image\" content=\"https:\/\/www.pescafish.it\/new\/wp-content\/uploads\/2018\/08\/squarebill_qsq001.png\" \/>\n\t<meta property=\"og:image:width\" content=\"1000\" \/>\n\t<meta property=\"og:image:height\" content=\"563\" \/>\n<meta name=\"twitter:card\" content=\"summary_large_image\" \/>\n<meta name=\"twitter:label1\" content=\"Scritto da\">\n\t<meta name=\"twitter:data1\" content=\"francesca\">\n\t<meta name=\"twitter:label2\" content=\"Tempo di lettura stimato\">\n\t<meta name=\"twitter:data2\" content=\"0 minuti\">\n<script type=\"application\/ld+json\" class=\"yoast-schema-graph\">{\"@context\":\"https:\/\/schema.org\",\"@graph\":[{\"@type\":\"WebSite\",\"@id\":\"https:\/\/www.pescafish.it\/new\/#website\",\"url\":\"https:\/\/www.pescafish.it\/new\/\",\"name\":\"Pesca Fish\",\"description\":\"Benvenuti sul nostro sito!\",\"potentialAction\":[{\"@type\":\"SearchAction\",\"target\":\"https:\/\/www.pescafish.it\/new\/?s={search_term_string}\",\"query-input\":\"required name=search_term_string\"}],\"inLanguage\":\"it-IT\"},{\"@type\":\"ImageObject\",\"@id\":\"https:\/\/www.pescafish.it\/new\/prodotto\/squarebill-floating-5cm-14gr-salmo\/#primaryimage\",\"inLanguage\":\"it-IT\",\"url\":\"https:\/\/www.pescafish.it\/new\/wp-content\/uploads\/2018\/08\/squarebill_qsq001.png\",\"width\":1000,\"height\":563},{\"@type\":\"WebPage\",\"@id\":\"https:\/\/www.pescafish.it\/new\/prodotto\/squarebill-floating-5cm-14gr-salmo\/#webpage\",\"url\":\"https:\/\/www.pescafish.it\/new\/prodotto\/squarebill-floating-5cm-14gr-salmo\/\",\"name\":\"Squarebill Floating 5cm 14gr - Salmo - Pesca Fish\",\"isPartOf\":{\"@id\":\"https:\/\/www.pescafish.it\/new\/#website\"},\"primaryImageOfPage\":{\"@id\":\"https:\/\/www.pescafish.it\/new\/prodotto\/squarebill-floating-5cm-14gr-salmo\/#primaryimage\"},\"datePublished\":\"2018-08-21T13:58:44+00:00\",\"dateModified\":\"2019-03-19T18:12:11+00:00\",\"inLanguage\":\"it-IT\",\"potentialAction\":[{\"@type\":\"ReadAction\",\"target\":[\"https:\/\/www.pescafish.it\/new\/prodotto\/squarebill-floating-5cm-14gr-salmo\/\"]}]}]}<\/script>\n<!-- \/ Yoast SEO plugin. -->","_links":{"self":[{"href":"https:\/\/www.pescafish.it\/new\/wp-json\/wp\/v2\/product\/49789"}],"collection":[{"href":"https:\/\/www.pescafish.it\/new\/wp-json\/wp\/v2\/product"}],"about":[{"href":"https:\/\/www.pescafish.it\/new\/wp-json\/wp\/v2\/types\/product"}],"replies":[{"embeddable":true,"href":"https:\/\/www.pescafish.it\/new\/wp-json\/wp\/v2\/comments?post=49789"}],"wp:featuredmedia":[{"embeddable":true,"href":"https:\/\/www.pescafish.it\/new\/wp-json\/wp\/v2\/media\/49790"}],"wp:attachment":[{"href":"https:\/\/www.pescafish.it\/new\/wp-json\/wp\/v2\/media?parent=49789"}],"wp:term":[{"taxonomy":"product_cat","embeddable":true,"href":"https:\/\/www.pescafish.it\/new\/wp-json\/wp\/v2\/product_cat?post=49789"},{"taxonomy":"product_tag","embeddable":true,"href":"https:\/\/www.pescafish.it\/new\/wp-json\/wp\/v2\/product_tag?post=49789"}],"curies":[{"name":"wp","href":"https:\/\/api.w.org\/{rel}","templated":true}]}}