{"id":49684,"date":"2018-08-10T09:32:03","date_gmt":"2018-08-10T07:32:03","guid":{"rendered":"https:\/\/www.pescafish.it\/new\/?post_type=product&#038;p=49684"},"modified":"2018-08-10T09:32:03","modified_gmt":"2018-08-10T07:32:03","slug":"mulinello-exist-lt-4000-cxh-daiwa","status":"publish","type":"product","link":"https:\/\/www.pescafish.it\/new\/prodotto\/mulinello-exist-lt-4000-cxh-daiwa\/","title":{"rendered":"Mulinello Exist LT 4000 CXH &#8211; Daiwa"},"content":{"rendered":"<p>I nuovi Exist celebrano i 60 Anni di inarrestabile innovazione tecnologica di Daiwa! Prodotti in Giappone, seguendo il nuovo concetto Light &amp; Tough, sono semplicemente il massimo che ogni Pescatore possa desiderare tra i mulinelli a frizione anteriore. Senza compromessi. Il corpo monoscocca \u2013 Monocoque Body \u2013 \u00e8 costruito in Magnesio, mentre il rotore \u00e8 un Air Rotor super-leggero in Zaion. Questa accoppiata offre una inimmaginabile leggerezza ma, al contempo, una solidit\u00e0 e rigidit\u00e0 strutturali tali da garantire il perfetto funzionamento della meccanica interna di tipo Tough Digigear. Due Magsealed Bearings, i cuscinetti sviluppati con tecnologia Magsealed, sono stati posizionati ai lati del corpo, a protezione della Drive Gear. Questo, assieme alla piastra Magsealed a protezione del corpo e al rullino guidafilo con cuscinetto Magsealed, rende i nuovi Exist praticamente inattaccabili dagli agenti esterni quali sabbia, acqua salata e sporco di ogni tipo. La frizione Automatic Tournament Drag pone fine alle rotture di lenza sulla prima fuga dei pesci allamati, permettendo l\u2019uso di trecciati molto sottili cos\u00ec da godere appieno l\u2019emozione di ogni cattura, mentre la bobina ABS con profilo \u2018long cast\u2019 garantisce lanci lunghi e precisi. Non scontata la scelta di montare i cuscinetti anti-corrosione CRBB, ben dodici, soluzione tecnica in grado di mantenere inalterata nel tempo l\u2019eccezionale fluidit\u00e0 di rotazione.<\/p>\n<p><strong>Caratteristiche:<\/strong><br \/>\n\u2022 Corpo in Magnesio<br \/>\n\u2022 Monocoque Body (corpo monoscocca)<br \/>\n\u2022 Air Rotor in Zaion<br \/>\n\u2022 Tough Digigear in Alluminio<br \/>\n\u2022 Magsealed a protezione del corpo<br \/>\n\u2022 Rullino guidafilo con cuscinetto Magsealed<br \/>\n\u2022 Magsealed Ball Bearing a protezione della Drive Gear<br \/>\n\u2022 Bobina ABS \u2018Long Cast\u2019<br \/>\n\u2022 Frizione ATD (Automatic Tournament Drag)<br \/>\n\u2022 Archetto Air Bail<br \/>\n\u2022 12 cuscinetti CRBB anti-corrosione<br \/>\n\u2022 Rullino guidafilo Twist Buster 2<br \/>\n\u2022 Manovella monoblocco in Alluminio<br \/>\n\u2022 Nuovo disegno della clip fermafilo<br \/>\n\u2022 Nuovo disegno dell&#8217;anti-ritorno<br \/>\n\u2022 Pomello con rivestimento antiscivolo<br \/>\n\u2022 Infinite Anti-Reverse<br \/>\n\u2022 Cross Wrap<\/p>\n<p><strong>Capacit\u00e0 bobina:<\/strong> 150 m \u00d8 28<br \/>\n<strong>Rapporto di Recupero:<\/strong> 6.2:1 (99 cm)<br \/>\n<strong>Peso: <\/strong>205g<br \/>\n<strong>Freno:<\/strong> 10kg<\/p>\n","protected":false},"excerpt":{"rendered":"<p>I nuovi Exist celebrano i 60 Anni di inarrestabile innovazione tecnologica di Daiwa! Prodotti in Giappone, seguendo il nuovo concetto Light &amp; Tough, sono semplicemente il massimo che ogni Pescatore possa desiderare tra i mulinelli a frizione anteriore. Senza compromessi. Il corpo monoscocca \u2013 Monocoque Body \u2013 \u00e8 costruito in Magnesio, mentre il rotore \u00e8 [&hellip;]<\/p>\n","protected":false},"featured_media":49685,"comment_status":"open","ping_status":"closed","template":"","meta":[],"product_cat":[351],"product_tag":[],"yoast_head":"<!-- This site is optimized with the Yoast SEO plugin v15.3 - https:\/\/yoast.com\/wordpress\/plugins\/seo\/ -->\n<title>Mulinello Exist LT 4000 CXH - Daiwa - Pesca Fish<\/title>\n<meta name=\"robots\" content=\"index, follow, max-snippet:-1, max-image-preview:large, max-video-preview:-1\" \/>\n<link rel=\"canonical\" href=\"https:\/\/www.pescafish.it\/new\/prodotto\/mulinello-exist-lt-4000-cxh-daiwa\/\" \/>\n<meta property=\"og:locale\" content=\"it_IT\" \/>\n<meta property=\"og:type\" content=\"article\" \/>\n<meta property=\"og:title\" content=\"Mulinello Exist LT 4000 CXH - Daiwa - Pesca Fish\" \/>\n<meta property=\"og:description\" content=\"I nuovi Exist celebrano i 60 Anni di inarrestabile innovazione tecnologica di Daiwa! Prodotti in Giappone, seguendo il nuovo concetto Light &amp; Tough, sono semplicemente il massimo che ogni Pescatore possa desiderare tra i mulinelli a frizione anteriore. Senza compromessi. Il corpo monoscocca \u2013 Monocoque Body \u2013 \u00e8 costruito in Magnesio, mentre il rotore \u00e8 [&hellip;]\" \/>\n<meta property=\"og:url\" content=\"https:\/\/www.pescafish.it\/new\/prodotto\/mulinello-exist-lt-4000-cxh-daiwa\/\" \/>\n<meta property=\"og:site_name\" content=\"Pesca Fish\" \/>\n<meta property=\"article:publisher\" content=\"https:\/\/www.facebook.com\/pescafishvr\/\" \/>\n<meta property=\"og:image\" content=\"https:\/\/www.pescafish.it\/new\/wp-content\/uploads\/2018\/08\/EXIST_4000.jpg\" \/>\n\t<meta property=\"og:image:width\" content=\"640\" \/>\n\t<meta property=\"og:image:height\" content=\"640\" \/>\n<meta name=\"twitter:card\" content=\"summary_large_image\" \/>\n<meta name=\"twitter:label1\" content=\"Scritto da\">\n\t<meta name=\"twitter:data1\" content=\"francesca\">\n\t<meta name=\"twitter:label2\" content=\"Tempo di lettura stimato\">\n\t<meta name=\"twitter:data2\" content=\"1 minuto\">\n<script type=\"application\/ld+json\" class=\"yoast-schema-graph\">{\"@context\":\"https:\/\/schema.org\",\"@graph\":[{\"@type\":\"WebSite\",\"@id\":\"https:\/\/www.pescafish.it\/new\/#website\",\"url\":\"https:\/\/www.pescafish.it\/new\/\",\"name\":\"Pesca Fish\",\"description\":\"Benvenuti sul nostro sito!\",\"potentialAction\":[{\"@type\":\"SearchAction\",\"target\":\"https:\/\/www.pescafish.it\/new\/?s={search_term_string}\",\"query-input\":\"required name=search_term_string\"}],\"inLanguage\":\"it-IT\"},{\"@type\":\"ImageObject\",\"@id\":\"https:\/\/www.pescafish.it\/new\/prodotto\/mulinello-exist-lt-4000-cxh-daiwa\/#primaryimage\",\"inLanguage\":\"it-IT\",\"url\":\"https:\/\/www.pescafish.it\/new\/wp-content\/uploads\/2018\/08\/EXIST_4000.jpg\",\"width\":640,\"height\":640},{\"@type\":\"WebPage\",\"@id\":\"https:\/\/www.pescafish.it\/new\/prodotto\/mulinello-exist-lt-4000-cxh-daiwa\/#webpage\",\"url\":\"https:\/\/www.pescafish.it\/new\/prodotto\/mulinello-exist-lt-4000-cxh-daiwa\/\",\"name\":\"Mulinello Exist LT 4000 CXH - Daiwa - Pesca Fish\",\"isPartOf\":{\"@id\":\"https:\/\/www.pescafish.it\/new\/#website\"},\"primaryImageOfPage\":{\"@id\":\"https:\/\/www.pescafish.it\/new\/prodotto\/mulinello-exist-lt-4000-cxh-daiwa\/#primaryimage\"},\"datePublished\":\"2018-08-10T07:32:03+00:00\",\"dateModified\":\"2018-08-10T07:32:03+00:00\",\"inLanguage\":\"it-IT\",\"potentialAction\":[{\"@type\":\"ReadAction\",\"target\":[\"https:\/\/www.pescafish.it\/new\/prodotto\/mulinello-exist-lt-4000-cxh-daiwa\/\"]}]}]}<\/script>\n<!-- \/ Yoast SEO plugin. -->","_links":{"self":[{"href":"https:\/\/www.pescafish.it\/new\/wp-json\/wp\/v2\/product\/49684"}],"collection":[{"href":"https:\/\/www.pescafish.it\/new\/wp-json\/wp\/v2\/product"}],"about":[{"href":"https:\/\/www.pescafish.it\/new\/wp-json\/wp\/v2\/types\/product"}],"replies":[{"embeddable":true,"href":"https:\/\/www.pescafish.it\/new\/wp-json\/wp\/v2\/comments?post=49684"}],"wp:featuredmedia":[{"embeddable":true,"href":"https:\/\/www.pescafish.it\/new\/wp-json\/wp\/v2\/media\/49685"}],"wp:attachment":[{"href":"https:\/\/www.pescafish.it\/new\/wp-json\/wp\/v2\/media?parent=49684"}],"wp:term":[{"taxonomy":"product_cat","embeddable":true,"href":"https:\/\/www.pescafish.it\/new\/wp-json\/wp\/v2\/product_cat?post=49684"},{"taxonomy":"product_tag","embeddable":true,"href":"https:\/\/www.pescafish.it\/new\/wp-json\/wp\/v2\/product_tag?post=49684"}],"curies":[{"name":"wp","href":"https:\/\/api.w.org\/{rel}","templated":true}]}}