{"id":49397,"date":"2018-07-26T11:55:14","date_gmt":"2018-07-26T09:55:14","guid":{"rendered":"https:\/\/www.pescafish.it\/new\/?post_type=product&#038;p=49397"},"modified":"2025-10-18T11:01:59","modified_gmt":"2025-10-18T09:01:59","slug":"shadow-rap-deep-11cm-13g-rapala","status":"publish","type":"product","link":"https:\/\/www.pescafish.it\/new\/prodotto\/shadow-rap-deep-11cm-13g-rapala\/","title":{"rendered":"Shadow Rap Deep SDRD11 &#8211; Rapala"},"content":{"rendered":"<h2>Shadow Rap Deep SDRD11<\/h2>\n<p>Ideale per movimenti lenti, dotato autonomamente di azione Dying Minnow per presentazioni in acque un po&#8217; pi\u00f9 profonde rispetto al classico Shadow Rap. Pu\u00f2 essere utilizzato con piccoli recuperi, producendo cos\u00ec, tanto movimento in una direzione e nell&#8217;altra. Con jerkate veloci e stop improvvisi lo Shadow Rap Deep si volta a guardare indietro di almeno 180 gradi prima di assestarsi con un fremito ed iniziare una lento immersione.<\/p>\n<p><strong>Caratteristiche:<br \/>\n<\/strong>\u2022 Azione jerkbait stretta e reattiva<br \/>\n\u2022 Discesa lenta a testa bassa sulle pause<br \/>\n\u2022 Riproduce un pesciolino morente grazie all&#8217;azione Dying Minnow<br \/>\n\u2022 Rivestimento metallico interno e decorazioni naturali<br \/>\n\u2022 Inserti olografici e richiami alle ossa del pesce<br \/>\n\u2022 n\u00b03 ancorette VMC Black Nickel<\/p>\n<p><strong>Lunghezza:<\/strong> 11cm<br \/>\n<strong>Peso:<\/strong> 13g<br \/>\n<strong>Azione:<\/strong> Slow Sinking<br \/>\n<strong>Profondit\u00e0 di nuoto:<\/strong> 1,2 &#8211; 2,4 m<\/p>\n<p><strong>Disponibile nelle seguenti colorazioni:<\/strong><br \/>\n<strong>RA5815616<\/strong>\u00a0 HLW<br \/>\n<strong>RA5818135\u00a0<\/strong> FT<br \/>\n<strong>RA5815612\u00a0<\/strong> S<\/p>\n","protected":false},"excerpt":{"rendered":"<p>Shadow Rap Deep SDRD11 Ideale per movimenti lenti, dotato autonomamente di azione Dying Minnow per presentazioni in acque un po&#8217; pi\u00f9 profonde rispetto al classico Shadow Rap. Pu\u00f2 essere utilizzato con piccoli recuperi, producendo cos\u00ec, tanto movimento in una direzione e nell&#8217;altra. Con jerkate veloci e stop improvvisi lo Shadow Rap Deep si volta a [&hellip;]<\/p>\n","protected":false},"featured_media":65927,"comment_status":"closed","ping_status":"closed","template":"","meta":[],"product_cat":[625],"product_tag":[1113],"yoast_head":"<!-- This site is optimized with the Yoast SEO plugin v15.3 - https:\/\/yoast.com\/wordpress\/plugins\/seo\/ -->\n<title>Shadow Rap Deep SDRD11 - Rapala - Pesca Fish<\/title>\n<meta name=\"robots\" content=\"index, follow, max-snippet:-1, max-image-preview:large, max-video-preview:-1\" \/>\n<link rel=\"canonical\" href=\"https:\/\/www.pescafish.it\/new\/prodotto\/shadow-rap-deep-11cm-13g-rapala\/\" \/>\n<meta property=\"og:locale\" content=\"it_IT\" \/>\n<meta property=\"og:type\" content=\"article\" \/>\n<meta property=\"og:title\" content=\"Shadow Rap Deep SDRD11 - Rapala - Pesca Fish\" \/>\n<meta property=\"og:description\" content=\"Shadow Rap Deep SDRD11 Ideale per movimenti lenti, dotato autonomamente di azione Dying Minnow per presentazioni in acque un po&#8217; pi\u00f9 profonde rispetto al classico Shadow Rap. Pu\u00f2 essere utilizzato con piccoli recuperi, producendo cos\u00ec, tanto movimento in una direzione e nell&#8217;altra. Con jerkate veloci e stop improvvisi lo Shadow Rap Deep si volta a [&hellip;]\" \/>\n<meta property=\"og:url\" content=\"https:\/\/www.pescafish.it\/new\/prodotto\/shadow-rap-deep-11cm-13g-rapala\/\" \/>\n<meta property=\"og:site_name\" content=\"Pesca Fish\" \/>\n<meta property=\"article:publisher\" content=\"https:\/\/www.facebook.com\/pescafishvr\/\" \/>\n<meta property=\"article:modified_time\" content=\"2025-10-18T09:01:59+00:00\" \/>\n<meta property=\"og:image\" content=\"https:\/\/www.pescafish.it\/new\/wp-content\/uploads\/2018\/07\/shadow-rap-deep_HLW.jpg\" \/>\n\t<meta property=\"og:image:width\" content=\"1000\" \/>\n\t<meta property=\"og:image:height\" content=\"846\" \/>\n<meta name=\"twitter:card\" content=\"summary_large_image\" \/>\n<meta name=\"twitter:label1\" content=\"Scritto da\">\n\t<meta name=\"twitter:data1\" content=\"francesca\">\n\t<meta name=\"twitter:label2\" content=\"Tempo di lettura stimato\">\n\t<meta name=\"twitter:data2\" content=\"1 minuto\">\n<script type=\"application\/ld+json\" class=\"yoast-schema-graph\">{\"@context\":\"https:\/\/schema.org\",\"@graph\":[{\"@type\":\"WebSite\",\"@id\":\"https:\/\/www.pescafish.it\/new\/#website\",\"url\":\"https:\/\/www.pescafish.it\/new\/\",\"name\":\"Pesca Fish\",\"description\":\"Benvenuti sul nostro sito!\",\"potentialAction\":[{\"@type\":\"SearchAction\",\"target\":\"https:\/\/www.pescafish.it\/new\/?s={search_term_string}\",\"query-input\":\"required name=search_term_string\"}],\"inLanguage\":\"it-IT\"},{\"@type\":\"ImageObject\",\"@id\":\"https:\/\/www.pescafish.it\/new\/prodotto\/shadow-rap-deep-11cm-13g-rapala\/#primaryimage\",\"inLanguage\":\"it-IT\",\"url\":\"https:\/\/www.pescafish.it\/new\/wp-content\/uploads\/2018\/07\/shadow-rap-deep_HLW.jpg\",\"width\":1000,\"height\":846,\"caption\":\"SHADOW RAP DEEP RAPALA\"},{\"@type\":\"WebPage\",\"@id\":\"https:\/\/www.pescafish.it\/new\/prodotto\/shadow-rap-deep-11cm-13g-rapala\/#webpage\",\"url\":\"https:\/\/www.pescafish.it\/new\/prodotto\/shadow-rap-deep-11cm-13g-rapala\/\",\"name\":\"Shadow Rap Deep SDRD11 - Rapala - Pesca Fish\",\"isPartOf\":{\"@id\":\"https:\/\/www.pescafish.it\/new\/#website\"},\"primaryImageOfPage\":{\"@id\":\"https:\/\/www.pescafish.it\/new\/prodotto\/shadow-rap-deep-11cm-13g-rapala\/#primaryimage\"},\"datePublished\":\"2018-07-26T09:55:14+00:00\",\"dateModified\":\"2025-10-18T09:01:59+00:00\",\"inLanguage\":\"it-IT\",\"potentialAction\":[{\"@type\":\"ReadAction\",\"target\":[\"https:\/\/www.pescafish.it\/new\/prodotto\/shadow-rap-deep-11cm-13g-rapala\/\"]}]}]}<\/script>\n<!-- \/ Yoast SEO plugin. -->","_links":{"self":[{"href":"https:\/\/www.pescafish.it\/new\/wp-json\/wp\/v2\/product\/49397"}],"collection":[{"href":"https:\/\/www.pescafish.it\/new\/wp-json\/wp\/v2\/product"}],"about":[{"href":"https:\/\/www.pescafish.it\/new\/wp-json\/wp\/v2\/types\/product"}],"replies":[{"embeddable":true,"href":"https:\/\/www.pescafish.it\/new\/wp-json\/wp\/v2\/comments?post=49397"}],"wp:featuredmedia":[{"embeddable":true,"href":"https:\/\/www.pescafish.it\/new\/wp-json\/wp\/v2\/media\/65927"}],"wp:attachment":[{"href":"https:\/\/www.pescafish.it\/new\/wp-json\/wp\/v2\/media?parent=49397"}],"wp:term":[{"taxonomy":"product_cat","embeddable":true,"href":"https:\/\/www.pescafish.it\/new\/wp-json\/wp\/v2\/product_cat?post=49397"},{"taxonomy":"product_tag","embeddable":true,"href":"https:\/\/www.pescafish.it\/new\/wp-json\/wp\/v2\/product_tag?post=49397"}],"curies":[{"name":"wp","href":"https:\/\/api.w.org\/{rel}","templated":true}]}}