{"id":48967,"date":"2018-07-12T12:10:34","date_gmt":"2018-07-12T10:10:34","guid":{"rendered":"http:\/\/www.pescafish.it\/new\/?post_type=product&#038;p=48967"},"modified":"2023-10-25T08:48:51","modified_gmt":"2023-10-25T06:48:51","slug":"percy-the-perch-inline-20cm-westin","status":"publish","type":"product","link":"https:\/\/www.pescafish.it\/new\/prodotto\/percy-the-perch-inline-20cm-westin\/","title":{"rendered":"Percy The Perch Inline 20cm &#8211; Westin"},"content":{"rendered":"<p>Questa swimbait misura 200 mm di lunghezza e 100 gr di peso in plastica abs, pinne semi-soft e colori realistici.\u00a0 Ci\u00f2 che balza all&#8217;occhio di questa swimbait \u00e8 il suo sistema di armatura: Percy the Perch inline non ha il comune occhiello a cui fissare la lenza ma bens\u00ec un cavetto in acciaio a cui sono legate, tramite una serie di anelli, l&#8217;ancoretta principale e una seconda ancoretta tramite l&#8217;assist da 90 lbs. Una volta che il predatore ha abboccato l&#8217;assist si sgancia e libera la swimbait, in questo modo non si rovina l&#8217;esca e non si rischia di slamare il pesce. Questa swimbait ha due ancorette in carbon steel hook da #1 e una profondit\u00e0 operativa da 0.5 m a 2 m.<\/p>\n<p><strong>Disponibile nelle seguenti colorazioni:<\/strong><br \/>\n<strong>018622\u00a0<\/strong> Blue Back Her<br \/>\n<strong>018620\u00a0<\/strong> Fire Tiger<br \/>\n<strong>018621\u00a0<\/strong> Official Roach<\/p>\n","protected":false},"excerpt":{"rendered":"<p>Questa swimbait misura 200 mm di lunghezza e 100 gr di peso in plastica abs, pinne semi-soft e colori realistici.\u00a0 Ci\u00f2 che balza all&#8217;occhio di questa swimbait \u00e8 il suo sistema di armatura: Percy the Perch inline non ha il comune occhiello a cui fissare la lenza ma bens\u00ec un cavetto in acciaio a cui [&hellip;]<\/p>\n","protected":false},"featured_media":48968,"comment_status":"closed","ping_status":"closed","template":"","meta":[],"product_cat":[928],"product_tag":[1205],"yoast_head":"<!-- This site is optimized with the Yoast SEO plugin v15.3 - https:\/\/yoast.com\/wordpress\/plugins\/seo\/ -->\n<title>Percy The Perch Inline 20cm - Westin - Pesca Fish<\/title>\n<meta name=\"robots\" content=\"index, follow, max-snippet:-1, max-image-preview:large, max-video-preview:-1\" \/>\n<link rel=\"canonical\" href=\"https:\/\/www.pescafish.it\/new\/prodotto\/percy-the-perch-inline-20cm-westin\/\" \/>\n<meta property=\"og:locale\" content=\"it_IT\" \/>\n<meta property=\"og:type\" content=\"article\" \/>\n<meta property=\"og:title\" content=\"Percy The Perch Inline 20cm - Westin - Pesca Fish\" \/>\n<meta property=\"og:description\" content=\"Questa swimbait misura 200 mm di lunghezza e 100 gr di peso in plastica abs, pinne semi-soft e colori realistici.\u00a0 Ci\u00f2 che balza all&#8217;occhio di questa swimbait \u00e8 il suo sistema di armatura: Percy the Perch inline non ha il comune occhiello a cui fissare la lenza ma bens\u00ec un cavetto in acciaio a cui [&hellip;]\" \/>\n<meta property=\"og:url\" content=\"https:\/\/www.pescafish.it\/new\/prodotto\/percy-the-perch-inline-20cm-westin\/\" \/>\n<meta property=\"og:site_name\" content=\"Pesca Fish\" \/>\n<meta property=\"article:publisher\" content=\"https:\/\/www.facebook.com\/pescafishvr\/\" \/>\n<meta property=\"article:modified_time\" content=\"2023-10-25T06:48:51+00:00\" \/>\n<meta property=\"og:image\" content=\"https:\/\/www.pescafish.it\/new\/wp-content\/uploads\/2018\/07\/PEPHLIN_023_x1.jpg\" \/>\n\t<meta property=\"og:image:width\" content=\"900\" \/>\n\t<meta property=\"og:image:height\" content=\"300\" \/>\n<meta name=\"twitter:card\" content=\"summary_large_image\" \/>\n<meta name=\"twitter:label1\" content=\"Scritto da\">\n\t<meta name=\"twitter:data1\" content=\"francesca\">\n\t<meta name=\"twitter:label2\" content=\"Tempo di lettura stimato\">\n\t<meta name=\"twitter:data2\" content=\"1 minuto\">\n<script type=\"application\/ld+json\" class=\"yoast-schema-graph\">{\"@context\":\"https:\/\/schema.org\",\"@graph\":[{\"@type\":\"WebSite\",\"@id\":\"https:\/\/www.pescafish.it\/new\/#website\",\"url\":\"https:\/\/www.pescafish.it\/new\/\",\"name\":\"Pesca Fish\",\"description\":\"Benvenuti sul nostro sito!\",\"potentialAction\":[{\"@type\":\"SearchAction\",\"target\":\"https:\/\/www.pescafish.it\/new\/?s={search_term_string}\",\"query-input\":\"required name=search_term_string\"}],\"inLanguage\":\"it-IT\"},{\"@type\":\"ImageObject\",\"@id\":\"https:\/\/www.pescafish.it\/new\/prodotto\/percy-the-perch-inline-20cm-westin\/#primaryimage\",\"inLanguage\":\"it-IT\",\"url\":\"https:\/\/www.pescafish.it\/new\/wp-content\/uploads\/2018\/07\/PEPHLIN_023_x1.jpg\",\"width\":900,\"height\":300},{\"@type\":\"WebPage\",\"@id\":\"https:\/\/www.pescafish.it\/new\/prodotto\/percy-the-perch-inline-20cm-westin\/#webpage\",\"url\":\"https:\/\/www.pescafish.it\/new\/prodotto\/percy-the-perch-inline-20cm-westin\/\",\"name\":\"Percy The Perch Inline 20cm - Westin - Pesca Fish\",\"isPartOf\":{\"@id\":\"https:\/\/www.pescafish.it\/new\/#website\"},\"primaryImageOfPage\":{\"@id\":\"https:\/\/www.pescafish.it\/new\/prodotto\/percy-the-perch-inline-20cm-westin\/#primaryimage\"},\"datePublished\":\"2018-07-12T10:10:34+00:00\",\"dateModified\":\"2023-10-25T06:48:51+00:00\",\"inLanguage\":\"it-IT\",\"potentialAction\":[{\"@type\":\"ReadAction\",\"target\":[\"https:\/\/www.pescafish.it\/new\/prodotto\/percy-the-perch-inline-20cm-westin\/\"]}]}]}<\/script>\n<!-- \/ Yoast SEO plugin. -->","_links":{"self":[{"href":"https:\/\/www.pescafish.it\/new\/wp-json\/wp\/v2\/product\/48967"}],"collection":[{"href":"https:\/\/www.pescafish.it\/new\/wp-json\/wp\/v2\/product"}],"about":[{"href":"https:\/\/www.pescafish.it\/new\/wp-json\/wp\/v2\/types\/product"}],"replies":[{"embeddable":true,"href":"https:\/\/www.pescafish.it\/new\/wp-json\/wp\/v2\/comments?post=48967"}],"wp:featuredmedia":[{"embeddable":true,"href":"https:\/\/www.pescafish.it\/new\/wp-json\/wp\/v2\/media\/48968"}],"wp:attachment":[{"href":"https:\/\/www.pescafish.it\/new\/wp-json\/wp\/v2\/media?parent=48967"}],"wp:term":[{"taxonomy":"product_cat","embeddable":true,"href":"https:\/\/www.pescafish.it\/new\/wp-json\/wp\/v2\/product_cat?post=48967"},{"taxonomy":"product_tag","embeddable":true,"href":"https:\/\/www.pescafish.it\/new\/wp-json\/wp\/v2\/product_tag?post=48967"}],"curies":[{"name":"wp","href":"https:\/\/api.w.org\/{rel}","templated":true}]}}