{"id":48954,"date":"2018-07-12T10:22:29","date_gmt":"2018-07-12T08:22:29","guid":{"rendered":"http:\/\/www.pescafish.it\/new\/?post_type=product&#038;p=48954"},"modified":"2018-07-12T10:22:29","modified_gmt":"2018-07-12T08:22:29","slug":"lantern-zx-510-zexus","status":"publish","type":"product","link":"https:\/\/www.pescafish.it\/new\/prodotto\/lantern-zx-510-zexus\/","title":{"rendered":"Lantern ZX-510 &#8211; Zexus"},"content":{"rendered":"<div class=\"productTabs-body\">\n<div id=\"quickTab-default\" class=\"ui-tabs-panel ui-widget-content ui-corner-bottom\" role=\"tabpanel\" aria-labelledby=\"ui-id-1\" aria-expanded=\"true\" aria-hidden=\"false\">\n<div class=\"full-description\">\n<p>La ZX-510 BK della Zexus \u00e8 una lanterna di altissima qualit\u00e0 giapponese! E&#8217; una lanterna unica nel suo genere che possiede un gran numero di innovazioni e di caratteristiche tecniche. Come prima cosa si pu\u00f2 scegliere se utilizzare solo le luci fredde o solo le luci calde, oppure anche tutte e due insieme. In tutte e 3 le modalit\u00e0, si potr\u00e0 scegliere l&#8217;intensit\u00e0 (dal 10% al 100%) grazie alla funzione Dimming. Possiede, inoltre, il Sensor Switch, il sensore che permette di accendere e spegnere la lampada con il solo scorrimento della mano davanti alla lampada stessa.\u00a0Molto semplice da utilizzare, possiede una protezione all&#8217;acqua del livello IPX 6 qundi pu\u00f2 essere utilizzata anche in presenza di pioggia sostenuta. Possiede una potenza massima di 350 lumens con una durata della batteria va dalle 25 alle 390 ore a seconda della modalit\u00e0 d&#8217;uso selezionata. Il suo fascio di luce \u00e8 da 270\u00b0 e sono necessarie 6 batterie AA (non comprese nel prezzo).<\/p>\n<\/div>\n<\/div>\n<\/div>\n","protected":false},"excerpt":{"rendered":"<p>La ZX-510 BK della Zexus \u00e8 una lanterna di altissima qualit\u00e0 giapponese! E&#8217; una lanterna unica nel suo genere che possiede un gran numero di innovazioni e di caratteristiche tecniche. Come prima cosa si pu\u00f2 scegliere se utilizzare solo le luci fredde o solo le luci calde, oppure anche tutte e due insieme. In tutte [&hellip;]<\/p>\n","protected":false},"featured_media":48955,"comment_status":"open","ping_status":"closed","template":"","meta":[],"product_cat":[235],"product_tag":[],"yoast_head":"<!-- This site is optimized with the Yoast SEO plugin v15.3 - https:\/\/yoast.com\/wordpress\/plugins\/seo\/ -->\n<title>Lantern ZX-510 - Zexus - Pesca Fish<\/title>\n<meta name=\"robots\" content=\"index, follow, max-snippet:-1, max-image-preview:large, max-video-preview:-1\" \/>\n<link rel=\"canonical\" href=\"https:\/\/www.pescafish.it\/new\/prodotto\/lantern-zx-510-zexus\/\" \/>\n<meta property=\"og:locale\" content=\"it_IT\" \/>\n<meta property=\"og:type\" content=\"article\" \/>\n<meta property=\"og:title\" content=\"Lantern ZX-510 - Zexus - Pesca Fish\" \/>\n<meta property=\"og:description\" content=\"La ZX-510 BK della Zexus \u00e8 una lanterna di altissima qualit\u00e0 giapponese! E&#8217; una lanterna unica nel suo genere che possiede un gran numero di innovazioni e di caratteristiche tecniche. Come prima cosa si pu\u00f2 scegliere se utilizzare solo le luci fredde o solo le luci calde, oppure anche tutte e due insieme. In tutte [&hellip;]\" \/>\n<meta property=\"og:url\" content=\"https:\/\/www.pescafish.it\/new\/prodotto\/lantern-zx-510-zexus\/\" \/>\n<meta property=\"og:site_name\" content=\"Pesca Fish\" \/>\n<meta property=\"article:publisher\" content=\"https:\/\/www.facebook.com\/pescafishvr\/\" \/>\n<meta property=\"og:image\" content=\"https:\/\/www.pescafish.it\/new\/wp-content\/uploads\/2018\/07\/510.png\" \/>\n\t<meta property=\"og:image:width\" content=\"800\" \/>\n\t<meta property=\"og:image:height\" content=\"800\" \/>\n<meta name=\"twitter:card\" content=\"summary_large_image\" \/>\n<meta name=\"twitter:label1\" content=\"Scritto da\">\n\t<meta name=\"twitter:data1\" content=\"francesca\">\n\t<meta name=\"twitter:label2\" content=\"Tempo di lettura stimato\">\n\t<meta name=\"twitter:data2\" content=\"1 minuto\">\n<script type=\"application\/ld+json\" class=\"yoast-schema-graph\">{\"@context\":\"https:\/\/schema.org\",\"@graph\":[{\"@type\":\"WebSite\",\"@id\":\"https:\/\/www.pescafish.it\/new\/#website\",\"url\":\"https:\/\/www.pescafish.it\/new\/\",\"name\":\"Pesca Fish\",\"description\":\"Benvenuti sul nostro sito!\",\"potentialAction\":[{\"@type\":\"SearchAction\",\"target\":\"https:\/\/www.pescafish.it\/new\/?s={search_term_string}\",\"query-input\":\"required name=search_term_string\"}],\"inLanguage\":\"it-IT\"},{\"@type\":\"ImageObject\",\"@id\":\"https:\/\/www.pescafish.it\/new\/prodotto\/lantern-zx-510-zexus\/#primaryimage\",\"inLanguage\":\"it-IT\",\"url\":\"https:\/\/www.pescafish.it\/new\/wp-content\/uploads\/2018\/07\/510.png\",\"width\":800,\"height\":800},{\"@type\":\"WebPage\",\"@id\":\"https:\/\/www.pescafish.it\/new\/prodotto\/lantern-zx-510-zexus\/#webpage\",\"url\":\"https:\/\/www.pescafish.it\/new\/prodotto\/lantern-zx-510-zexus\/\",\"name\":\"Lantern ZX-510 - Zexus - Pesca Fish\",\"isPartOf\":{\"@id\":\"https:\/\/www.pescafish.it\/new\/#website\"},\"primaryImageOfPage\":{\"@id\":\"https:\/\/www.pescafish.it\/new\/prodotto\/lantern-zx-510-zexus\/#primaryimage\"},\"datePublished\":\"2018-07-12T08:22:29+00:00\",\"dateModified\":\"2018-07-12T08:22:29+00:00\",\"inLanguage\":\"it-IT\",\"potentialAction\":[{\"@type\":\"ReadAction\",\"target\":[\"https:\/\/www.pescafish.it\/new\/prodotto\/lantern-zx-510-zexus\/\"]}]}]}<\/script>\n<!-- \/ Yoast SEO plugin. -->","_links":{"self":[{"href":"https:\/\/www.pescafish.it\/new\/wp-json\/wp\/v2\/product\/48954"}],"collection":[{"href":"https:\/\/www.pescafish.it\/new\/wp-json\/wp\/v2\/product"}],"about":[{"href":"https:\/\/www.pescafish.it\/new\/wp-json\/wp\/v2\/types\/product"}],"replies":[{"embeddable":true,"href":"https:\/\/www.pescafish.it\/new\/wp-json\/wp\/v2\/comments?post=48954"}],"wp:featuredmedia":[{"embeddable":true,"href":"https:\/\/www.pescafish.it\/new\/wp-json\/wp\/v2\/media\/48955"}],"wp:attachment":[{"href":"https:\/\/www.pescafish.it\/new\/wp-json\/wp\/v2\/media?parent=48954"}],"wp:term":[{"taxonomy":"product_cat","embeddable":true,"href":"https:\/\/www.pescafish.it\/new\/wp-json\/wp\/v2\/product_cat?post=48954"},{"taxonomy":"product_tag","embeddable":true,"href":"https:\/\/www.pescafish.it\/new\/wp-json\/wp\/v2\/product_tag?post=48954"}],"curies":[{"name":"wp","href":"https:\/\/api.w.org\/{rel}","templated":true}]}}