{"id":48897,"date":"2018-07-10T10:47:15","date_gmt":"2018-07-10T08:47:15","guid":{"rendered":"http:\/\/www.pescafish.it\/new\/?post_type=product&#038;p=48897"},"modified":"2021-11-18T17:25:52","modified_gmt":"2021-11-18T16:25:52","slug":"nxg-compact-carryall-trakker","status":"publish","type":"product","link":"https:\/\/www.pescafish.it\/new\/prodotto\/nxg-compact-carryall-trakker\/","title":{"rendered":"NXG Compact Carryall &#8211; Trakker"},"content":{"rendered":"<h2>NXG Compact Carryall<\/h2>\n<p>Progettata per rendere semplice il trasporto e la conservazione degli oggetti, la NXG Compact Carryall vi permetter\u00e0 di contenere tutto il materiale necessario in un\u2019unica borsa, in modo da sapere esattamente dove tutto \u00e8 stato posizionato, nel momento del bisogno. Possiede un coperchio rigido sopra il vano principale che pu\u00f2 essere utilizzato come tavolino da tenda, e cinque tasche esterne che offrono spazio ad una grande variet\u00e0 di materiale. La tracolla imbottita permette di trasportare comodamente la borsa anche quando \u00e8 piena e pesante, mentre la base in materiale impermeabile evita che la borsa si bagni se appoggiata sul terreno umido, proteggendo il contenuto. La Compact Carryall \u00e8 stata costruita in materiale poliestere 600D e rifinita in colore verde oliva.<\/p>\n<p><strong>Caratteristiche:<br \/>\n<\/strong>\u2022 Borsa portatutto pratica e compatta<br \/>\n\u2022 Copertura rinforzata per usarla come un tavolino<br \/>\n\u2022 5 tasche esterne<br \/>\n\u2022 Spallaccio imbottito<br \/>\n\u2022 Base impermeabile<\/p>\n","protected":false},"excerpt":{"rendered":"<p>NXG Compact Carryall Progettata per rendere semplice il trasporto e la conservazione degli oggetti, la NXG Compact Carryall vi permetter\u00e0 di contenere tutto il materiale necessario in un\u2019unica borsa, in modo da sapere esattamente dove tutto \u00e8 stato posizionato, nel momento del bisogno. Possiede un coperchio rigido sopra il vano principale che pu\u00f2 essere utilizzato [&hellip;]<\/p>\n","protected":false},"featured_media":48898,"comment_status":"closed","ping_status":"closed","template":"","meta":[],"product_cat":[568],"product_tag":[1073],"yoast_head":"<!-- This site is optimized with the Yoast SEO plugin v15.3 - https:\/\/yoast.com\/wordpress\/plugins\/seo\/ -->\n<title>NXG Compact Carryall - Trakker - Pesca Fish<\/title>\n<meta name=\"robots\" content=\"index, follow, max-snippet:-1, max-image-preview:large, max-video-preview:-1\" \/>\n<link rel=\"canonical\" href=\"https:\/\/www.pescafish.it\/new\/prodotto\/nxg-compact-carryall-trakker\/\" \/>\n<meta property=\"og:locale\" content=\"it_IT\" \/>\n<meta property=\"og:type\" content=\"article\" \/>\n<meta property=\"og:title\" content=\"NXG Compact Carryall - Trakker - Pesca Fish\" \/>\n<meta property=\"og:description\" content=\"NXG Compact Carryall Progettata per rendere semplice il trasporto e la conservazione degli oggetti, la NXG Compact Carryall vi permetter\u00e0 di contenere tutto il materiale necessario in un\u2019unica borsa, in modo da sapere esattamente dove tutto \u00e8 stato posizionato, nel momento del bisogno. Possiede un coperchio rigido sopra il vano principale che pu\u00f2 essere utilizzato [&hellip;]\" \/>\n<meta property=\"og:url\" content=\"https:\/\/www.pescafish.it\/new\/prodotto\/nxg-compact-carryall-trakker\/\" \/>\n<meta property=\"og:site_name\" content=\"Pesca Fish\" \/>\n<meta property=\"article:publisher\" content=\"https:\/\/www.facebook.com\/pescafishvr\/\" \/>\n<meta property=\"article:modified_time\" content=\"2021-11-18T16:25:52+00:00\" \/>\n<meta property=\"og:image\" content=\"https:\/\/www.pescafish.it\/new\/wp-content\/uploads\/2018\/07\/204105_Compact_Carryall_01_web-3.jpg\" \/>\n\t<meta property=\"og:image:width\" content=\"764\" \/>\n\t<meta property=\"og:image:height\" content=\"485\" \/>\n<meta name=\"twitter:card\" content=\"summary_large_image\" \/>\n<meta name=\"twitter:label1\" content=\"Scritto da\">\n\t<meta name=\"twitter:data1\" content=\"francesca\">\n\t<meta name=\"twitter:label2\" content=\"Tempo di lettura stimato\">\n\t<meta name=\"twitter:data2\" content=\"1 minuto\">\n<script type=\"application\/ld+json\" class=\"yoast-schema-graph\">{\"@context\":\"https:\/\/schema.org\",\"@graph\":[{\"@type\":\"WebSite\",\"@id\":\"https:\/\/www.pescafish.it\/new\/#website\",\"url\":\"https:\/\/www.pescafish.it\/new\/\",\"name\":\"Pesca Fish\",\"description\":\"Benvenuti sul nostro sito!\",\"potentialAction\":[{\"@type\":\"SearchAction\",\"target\":\"https:\/\/www.pescafish.it\/new\/?s={search_term_string}\",\"query-input\":\"required name=search_term_string\"}],\"inLanguage\":\"it-IT\"},{\"@type\":\"ImageObject\",\"@id\":\"https:\/\/www.pescafish.it\/new\/prodotto\/nxg-compact-carryall-trakker\/#primaryimage\",\"inLanguage\":\"it-IT\",\"url\":\"https:\/\/www.pescafish.it\/new\/wp-content\/uploads\/2018\/07\/204105_Compact_Carryall_01_web-3.jpg\",\"width\":764,\"height\":485},{\"@type\":\"WebPage\",\"@id\":\"https:\/\/www.pescafish.it\/new\/prodotto\/nxg-compact-carryall-trakker\/#webpage\",\"url\":\"https:\/\/www.pescafish.it\/new\/prodotto\/nxg-compact-carryall-trakker\/\",\"name\":\"NXG Compact Carryall - Trakker - Pesca Fish\",\"isPartOf\":{\"@id\":\"https:\/\/www.pescafish.it\/new\/#website\"},\"primaryImageOfPage\":{\"@id\":\"https:\/\/www.pescafish.it\/new\/prodotto\/nxg-compact-carryall-trakker\/#primaryimage\"},\"datePublished\":\"2018-07-10T08:47:15+00:00\",\"dateModified\":\"2021-11-18T16:25:52+00:00\",\"inLanguage\":\"it-IT\",\"potentialAction\":[{\"@type\":\"ReadAction\",\"target\":[\"https:\/\/www.pescafish.it\/new\/prodotto\/nxg-compact-carryall-trakker\/\"]}]}]}<\/script>\n<!-- \/ Yoast SEO plugin. -->","_links":{"self":[{"href":"https:\/\/www.pescafish.it\/new\/wp-json\/wp\/v2\/product\/48897"}],"collection":[{"href":"https:\/\/www.pescafish.it\/new\/wp-json\/wp\/v2\/product"}],"about":[{"href":"https:\/\/www.pescafish.it\/new\/wp-json\/wp\/v2\/types\/product"}],"replies":[{"embeddable":true,"href":"https:\/\/www.pescafish.it\/new\/wp-json\/wp\/v2\/comments?post=48897"}],"wp:featuredmedia":[{"embeddable":true,"href":"https:\/\/www.pescafish.it\/new\/wp-json\/wp\/v2\/media\/48898"}],"wp:attachment":[{"href":"https:\/\/www.pescafish.it\/new\/wp-json\/wp\/v2\/media?parent=48897"}],"wp:term":[{"taxonomy":"product_cat","embeddable":true,"href":"https:\/\/www.pescafish.it\/new\/wp-json\/wp\/v2\/product_cat?post=48897"},{"taxonomy":"product_tag","embeddable":true,"href":"https:\/\/www.pescafish.it\/new\/wp-json\/wp\/v2\/product_tag?post=48897"}],"curies":[{"name":"wp","href":"https:\/\/api.w.org\/{rel}","templated":true}]}}