{"id":48837,"date":"2018-07-09T15:34:27","date_gmt":"2018-07-09T13:34:27","guid":{"rendered":"http:\/\/www.pescafish.it\/new\/?post_type=product&#038;p=48837"},"modified":"2026-01-08T10:18:43","modified_gmt":"2026-01-08T09:18:43","slug":"bullet-mono-12lb-0-33mm-brown-nash","status":"publish","type":"product","link":"https:\/\/www.pescafish.it\/new\/prodotto\/bullet-mono-12lb-0-33mm-brown-nash\/","title":{"rendered":"Bullet Mono Brown &#8211; Nash"},"content":{"rendered":"<h2>Bullet Mono Brown<\/h2>\n<p>Il famoso monofilo Nash Bullet Mono \u00e8 tornato! Basso allungamento, affondamento veloce e ideale per lanci lunghi, il Bullet non \u00e8 mai stato cos\u00ec forte e resistente all&#8217;abrasione. Il Bullet da 0,28mm ha sempre sviluppato una superba reputazione come lenza madre per distanze estreme nei lanci, ma ora \u00e8 anche molto pi\u00f9 resistente ai nodi, molto di pi\u00f9 del suo carico di rottura dichiarato.<\/p>\n<p><strong>Disponibile nelle seguenti varianti:<br \/>\n<\/strong><\/p>\n<p><strong><br \/>\nKNT2805\u00a0 <\/strong>12lb<br \/>\n<strong>KNT2804<\/strong>\u00a0 10lb<\/p>\n<p><strong>Bobina da 1000mt<\/strong><\/p>\n<p>&nbsp;<\/p>\n<p>&nbsp;<\/p>\n","protected":false},"excerpt":{"rendered":"<p>Bullet Mono Brown Il famoso monofilo Nash Bullet Mono \u00e8 tornato! Basso allungamento, affondamento veloce e ideale per lanci lunghi, il Bullet non \u00e8 mai stato cos\u00ec forte e resistente all&#8217;abrasione. Il Bullet da 0,28mm ha sempre sviluppato una superba reputazione come lenza madre per distanze estreme nei lanci, ma ora \u00e8 anche molto pi\u00f9 [&hellip;]<\/p>\n","protected":false},"featured_media":48838,"comment_status":"closed","ping_status":"closed","template":"","meta":[],"product_cat":[726],"product_tag":[1024],"yoast_head":"<!-- This site is optimized with the Yoast SEO plugin v15.3 - https:\/\/yoast.com\/wordpress\/plugins\/seo\/ -->\n<title>Bullet Mono Brown - Nash - Pesca Fish<\/title>\n<meta name=\"robots\" content=\"index, follow, max-snippet:-1, max-image-preview:large, max-video-preview:-1\" \/>\n<link rel=\"canonical\" href=\"https:\/\/www.pescafish.it\/new\/prodotto\/bullet-mono-12lb-0-33mm-brown-nash\/\" \/>\n<meta property=\"og:locale\" content=\"it_IT\" \/>\n<meta property=\"og:type\" content=\"article\" \/>\n<meta property=\"og:title\" content=\"Bullet Mono Brown - Nash - Pesca Fish\" \/>\n<meta property=\"og:description\" content=\"Bullet Mono Brown Il famoso monofilo Nash Bullet Mono \u00e8 tornato! Basso allungamento, affondamento veloce e ideale per lanci lunghi, il Bullet non \u00e8 mai stato cos\u00ec forte e resistente all&#8217;abrasione. Il Bullet da 0,28mm ha sempre sviluppato una superba reputazione come lenza madre per distanze estreme nei lanci, ma ora \u00e8 anche molto pi\u00f9 [&hellip;]\" \/>\n<meta property=\"og:url\" content=\"https:\/\/www.pescafish.it\/new\/prodotto\/bullet-mono-12lb-0-33mm-brown-nash\/\" \/>\n<meta property=\"og:site_name\" content=\"Pesca Fish\" \/>\n<meta property=\"article:publisher\" content=\"https:\/\/www.facebook.com\/pescafishvr\/\" \/>\n<meta property=\"article:modified_time\" content=\"2026-01-08T09:18:43+00:00\" \/>\n<meta property=\"og:image\" content=\"https:\/\/www.pescafish.it\/new\/wp-content\/uploads\/2018\/07\/bullet-12.jpeg\" \/>\n\t<meta property=\"og:image:width\" content=\"700\" \/>\n\t<meta property=\"og:image:height\" content=\"380\" \/>\n<meta name=\"twitter:card\" content=\"summary_large_image\" \/>\n<meta name=\"twitter:label1\" content=\"Scritto da\">\n\t<meta name=\"twitter:data1\" content=\"francesca\">\n\t<meta name=\"twitter:label2\" content=\"Tempo di lettura stimato\">\n\t<meta name=\"twitter:data2\" content=\"0 minuti\">\n<script type=\"application\/ld+json\" class=\"yoast-schema-graph\">{\"@context\":\"https:\/\/schema.org\",\"@graph\":[{\"@type\":\"WebSite\",\"@id\":\"https:\/\/www.pescafish.it\/new\/#website\",\"url\":\"https:\/\/www.pescafish.it\/new\/\",\"name\":\"Pesca Fish\",\"description\":\"Benvenuti sul nostro sito!\",\"potentialAction\":[{\"@type\":\"SearchAction\",\"target\":\"https:\/\/www.pescafish.it\/new\/?s={search_term_string}\",\"query-input\":\"required name=search_term_string\"}],\"inLanguage\":\"it-IT\"},{\"@type\":\"ImageObject\",\"@id\":\"https:\/\/www.pescafish.it\/new\/prodotto\/bullet-mono-12lb-0-33mm-brown-nash\/#primaryimage\",\"inLanguage\":\"it-IT\",\"url\":\"https:\/\/www.pescafish.it\/new\/wp-content\/uploads\/2018\/07\/bullet-12.jpeg\",\"width\":700,\"height\":380},{\"@type\":\"WebPage\",\"@id\":\"https:\/\/www.pescafish.it\/new\/prodotto\/bullet-mono-12lb-0-33mm-brown-nash\/#webpage\",\"url\":\"https:\/\/www.pescafish.it\/new\/prodotto\/bullet-mono-12lb-0-33mm-brown-nash\/\",\"name\":\"Bullet Mono Brown - Nash - Pesca Fish\",\"isPartOf\":{\"@id\":\"https:\/\/www.pescafish.it\/new\/#website\"},\"primaryImageOfPage\":{\"@id\":\"https:\/\/www.pescafish.it\/new\/prodotto\/bullet-mono-12lb-0-33mm-brown-nash\/#primaryimage\"},\"datePublished\":\"2018-07-09T13:34:27+00:00\",\"dateModified\":\"2026-01-08T09:18:43+00:00\",\"inLanguage\":\"it-IT\",\"potentialAction\":[{\"@type\":\"ReadAction\",\"target\":[\"https:\/\/www.pescafish.it\/new\/prodotto\/bullet-mono-12lb-0-33mm-brown-nash\/\"]}]}]}<\/script>\n<!-- \/ Yoast SEO plugin. -->","_links":{"self":[{"href":"https:\/\/www.pescafish.it\/new\/wp-json\/wp\/v2\/product\/48837"}],"collection":[{"href":"https:\/\/www.pescafish.it\/new\/wp-json\/wp\/v2\/product"}],"about":[{"href":"https:\/\/www.pescafish.it\/new\/wp-json\/wp\/v2\/types\/product"}],"replies":[{"embeddable":true,"href":"https:\/\/www.pescafish.it\/new\/wp-json\/wp\/v2\/comments?post=48837"}],"wp:featuredmedia":[{"embeddable":true,"href":"https:\/\/www.pescafish.it\/new\/wp-json\/wp\/v2\/media\/48838"}],"wp:attachment":[{"href":"https:\/\/www.pescafish.it\/new\/wp-json\/wp\/v2\/media?parent=48837"}],"wp:term":[{"taxonomy":"product_cat","embeddable":true,"href":"https:\/\/www.pescafish.it\/new\/wp-json\/wp\/v2\/product_cat?post=48837"},{"taxonomy":"product_tag","embeddable":true,"href":"https:\/\/www.pescafish.it\/new\/wp-json\/wp\/v2\/product_tag?post=48837"}],"curies":[{"name":"wp","href":"https:\/\/api.w.org\/{rel}","templated":true}]}}