{"id":48769,"date":"2018-07-04T19:18:14","date_gmt":"2018-07-04T17:18:14","guid":{"rendered":"http:\/\/www.pescafish.it\/new\/?post_type=product&#038;p=48769"},"modified":"2026-03-18T17:30:34","modified_gmt":"2026-03-18T16:30:34","slug":"giant-honeyworm-berkley","status":"publish","type":"product","link":"https:\/\/www.pescafish.it\/new\/prodotto\/giant-honeyworm-berkley\/","title":{"rendered":"Giant Honeyworm &#8211; Berkley"},"content":{"rendered":"<p>Ormai lo sappiamo tutti benissimo: le esche Gulp! sono scientificamente incomparabili con le normali esche siliconiche. Gulp! cattura di pi\u00f9, persino della nostra Powerbait che \u00e8 la gomma in PVC pi\u00f9 attrattiva sul mercato, da dati di laboratorio.<br \/>\nIl successo della linea Gulp! \u00e8 ampiamente testimoniato dai pi\u00f9 esigenti e raffinati pescatori alla trota ed il messaggio non tarder\u00e0 ad arrivare anche ai pescatori in acqua salata, dove le esche Gulp! hanno ampliamente dimostrato la loro efficacia nelle varie tecniche, specialmente nel surfcasting.<br \/>\nEd \u00e8 proprio grazie a questo successo che Berkley sta ampliando la sua gamma prodotti (e non solo&#8230;.) creando nuovi colori e forme.<br \/>\nSiamo lieti di presentare le tanto attese camole in versioni maggiorate ossia la versione B.I.G. da 33 mm e GIANT da 45 mm. Confezionate rigorosamente nel vasetto Berkley grazie al quale prenderanno una leggera curvatura, sono il prodotto che molti pescatori stanno aspettando da anni&#8230;..<\/p>\n<p><strong>Disponibili nelle seguenti varianti:<\/strong><br \/>\n<strong>1480772<\/strong>\u00a0 33mm &#8211; Black<br \/>\n<strong>1480773\u00a0<\/strong> 33mm &#8211; Bubblegum<br \/>\n<strong>1480774\u00a0<\/strong> 33mm &#8211; Chartreuse<br \/>\n<strong>1480775<\/strong>\u00a0 33mm &#8211; Honey Hellow<br \/>\n<strong>1480776<\/strong>\u00a0 33mm &#8211; Milky White<br \/>\n<strong>1480777\u00a0<\/strong> 33mm &#8211; Natural<br \/>\n<strong>1480779\u00a0 <\/strong>45mm &#8211; Black<strong><br \/>\n1480780\u00a0 <\/strong>45mm &#8211; Bubblegum<strong><br \/>\n<\/strong><strong>1480782\u00a0<\/strong> 45mm &#8211; Honey Hellow<strong><br \/>\n1480783\u00a0<\/strong> 45mm &#8211; Milky White<strong><br \/>\n1480784\u00a0 <\/strong>45mm &#8211; Natural<strong><br \/>\n<\/strong><strong><br \/>\n<\/strong><br \/>\n<strong>Barattolo da 10 pezzi per le 45mm e da 18 pezzi per le 33mm<\/strong><\/p>\n","protected":false},"excerpt":{"rendered":"<p>Ormai lo sappiamo tutti benissimo: le esche Gulp! sono scientificamente incomparabili con le normali esche siliconiche. Gulp! cattura di pi\u00f9, persino della nostra Powerbait che \u00e8 la gomma in PVC pi\u00f9 attrattiva sul mercato, da dati di laboratorio. Il successo della linea Gulp! \u00e8 ampiamente testimoniato dai pi\u00f9 esigenti e raffinati pescatori alla trota ed [&hellip;]<\/p>\n","protected":false},"featured_media":48771,"comment_status":"closed","ping_status":"closed","template":"","meta":[],"product_cat":[656],"product_tag":[1089],"yoast_head":"<!-- This site is optimized with the Yoast SEO plugin v15.3 - https:\/\/yoast.com\/wordpress\/plugins\/seo\/ -->\n<title>Giant Honeyworm - Berkley - Pesca Fish<\/title>\n<meta name=\"robots\" content=\"index, follow, max-snippet:-1, max-image-preview:large, max-video-preview:-1\" \/>\n<link rel=\"canonical\" href=\"https:\/\/www.pescafish.it\/new\/prodotto\/giant-honeyworm-berkley\/\" \/>\n<meta property=\"og:locale\" content=\"it_IT\" \/>\n<meta property=\"og:type\" content=\"article\" \/>\n<meta property=\"og:title\" content=\"Giant Honeyworm - Berkley - Pesca Fish\" \/>\n<meta property=\"og:description\" content=\"Ormai lo sappiamo tutti benissimo: le esche Gulp! sono scientificamente incomparabili con le normali esche siliconiche. Gulp! cattura di pi\u00f9, persino della nostra Powerbait che \u00e8 la gomma in PVC pi\u00f9 attrattiva sul mercato, da dati di laboratorio. Il successo della linea Gulp! \u00e8 ampiamente testimoniato dai pi\u00f9 esigenti e raffinati pescatori alla trota ed [&hellip;]\" \/>\n<meta property=\"og:url\" content=\"https:\/\/www.pescafish.it\/new\/prodotto\/giant-honeyworm-berkley\/\" \/>\n<meta property=\"og:site_name\" content=\"Pesca Fish\" \/>\n<meta property=\"article:publisher\" content=\"https:\/\/www.facebook.com\/pescafishvr\/\" \/>\n<meta property=\"article:modified_time\" content=\"2026-03-18T16:30:34+00:00\" \/>\n<meta property=\"og:image\" content=\"https:\/\/www.pescafish.it\/new\/wp-content\/uploads\/2018\/07\/giant_honeyworm-berkley.jpg\" \/>\n\t<meta property=\"og:image:width\" content=\"968\" \/>\n\t<meta property=\"og:image:height\" content=\"758\" \/>\n<meta name=\"twitter:card\" content=\"summary_large_image\" \/>\n<meta name=\"twitter:label1\" content=\"Scritto da\">\n\t<meta name=\"twitter:data1\" content=\"francesca\">\n\t<meta name=\"twitter:label2\" content=\"Tempo di lettura stimato\">\n\t<meta name=\"twitter:data2\" content=\"1 minuto\">\n<script type=\"application\/ld+json\" class=\"yoast-schema-graph\">{\"@context\":\"https:\/\/schema.org\",\"@graph\":[{\"@type\":\"WebSite\",\"@id\":\"https:\/\/www.pescafish.it\/new\/#website\",\"url\":\"https:\/\/www.pescafish.it\/new\/\",\"name\":\"Pesca Fish\",\"description\":\"Benvenuti sul nostro sito!\",\"potentialAction\":[{\"@type\":\"SearchAction\",\"target\":\"https:\/\/www.pescafish.it\/new\/?s={search_term_string}\",\"query-input\":\"required name=search_term_string\"}],\"inLanguage\":\"it-IT\"},{\"@type\":\"ImageObject\",\"@id\":\"https:\/\/www.pescafish.it\/new\/prodotto\/giant-honeyworm-berkley\/#primaryimage\",\"inLanguage\":\"it-IT\",\"url\":\"https:\/\/www.pescafish.it\/new\/wp-content\/uploads\/2018\/07\/giant_honeyworm-berkley.jpg\",\"width\":968,\"height\":758},{\"@type\":\"WebPage\",\"@id\":\"https:\/\/www.pescafish.it\/new\/prodotto\/giant-honeyworm-berkley\/#webpage\",\"url\":\"https:\/\/www.pescafish.it\/new\/prodotto\/giant-honeyworm-berkley\/\",\"name\":\"Giant Honeyworm - Berkley - Pesca Fish\",\"isPartOf\":{\"@id\":\"https:\/\/www.pescafish.it\/new\/#website\"},\"primaryImageOfPage\":{\"@id\":\"https:\/\/www.pescafish.it\/new\/prodotto\/giant-honeyworm-berkley\/#primaryimage\"},\"datePublished\":\"2018-07-04T17:18:14+00:00\",\"dateModified\":\"2026-03-18T16:30:34+00:00\",\"inLanguage\":\"it-IT\",\"potentialAction\":[{\"@type\":\"ReadAction\",\"target\":[\"https:\/\/www.pescafish.it\/new\/prodotto\/giant-honeyworm-berkley\/\"]}]}]}<\/script>\n<!-- \/ Yoast SEO plugin. -->","_links":{"self":[{"href":"https:\/\/www.pescafish.it\/new\/wp-json\/wp\/v2\/product\/48769"}],"collection":[{"href":"https:\/\/www.pescafish.it\/new\/wp-json\/wp\/v2\/product"}],"about":[{"href":"https:\/\/www.pescafish.it\/new\/wp-json\/wp\/v2\/types\/product"}],"replies":[{"embeddable":true,"href":"https:\/\/www.pescafish.it\/new\/wp-json\/wp\/v2\/comments?post=48769"}],"wp:featuredmedia":[{"embeddable":true,"href":"https:\/\/www.pescafish.it\/new\/wp-json\/wp\/v2\/media\/48771"}],"wp:attachment":[{"href":"https:\/\/www.pescafish.it\/new\/wp-json\/wp\/v2\/media?parent=48769"}],"wp:term":[{"taxonomy":"product_cat","embeddable":true,"href":"https:\/\/www.pescafish.it\/new\/wp-json\/wp\/v2\/product_cat?post=48769"},{"taxonomy":"product_tag","embeddable":true,"href":"https:\/\/www.pescafish.it\/new\/wp-json\/wp\/v2\/product_tag?post=48769"}],"curies":[{"name":"wp","href":"https:\/\/api.w.org\/{rel}","templated":true}]}}