{"id":47934,"date":"2018-06-12T16:53:14","date_gmt":"2018-06-12T14:53:14","guid":{"rendered":"http:\/\/www.pescafish.it\/new\/?post_type=product&#038;p=47934"},"modified":"2026-03-06T13:38:07","modified_gmt":"2026-03-06T12:38:07","slug":"mulinello-beastmaster-10000-xb-shimano","status":"publish","type":"product","link":"https:\/\/www.pescafish.it\/new\/prodotto\/mulinello-beastmaster-10000-xb-shimano\/","title":{"rendered":"Mulinello BeastMaster 10000 XB &#8211; Shimano"},"content":{"rendered":"<p>Beastmaster XB \u00e8 la versione rinnovata del mulinello big pit Beastmaster XTA\/XSA. \u00c8 il mulinello big pit con il prezzo pi\u00f9 basso di tutta la gamma Shimano, RRP di \u20ac79,95. A questa cifra, il pescatore avr\u00e0 acquistato un eccellente mulinello, resistente e duraturo, ad un costo contenuto. La bobina in alluminio di taglia 10000 supporta un filo da 0.35 mm &#8211; 400m, adatta sia agli appassionati di carp fishing che vogliono un\u2019esperienza di pesca estrema che ai surfcaster che cercano grandi performance di lancio. Il riavvolgimento istantaneo \u00e8 delicato e affidabile. Il mulinello possiede cuscinetti 1+1 A-RB, le prestazioni degli ingranaggi sono di 4,6:1 e il filo recuperato per giro di manovella \u00e8 di 100 cm (360 gradi). Il mulinello \u00e8 nero satinato con dettagli grigi, il colore pi\u00f9 apprezzato dagli amanti del carp fishing, questo colore \u00e8 stato scelto in modo che il mulinello possa essere abbinato alla maggior parte delle canne in commercio.<\/p>\n<p><strong>Materiale del corpo:<\/strong> XT-7<br \/>\n<strong>Manovella:<\/strong> Singola in alluminio<br \/>\n<strong>Imbobinamento: <\/strong>Aerowrap Oscillation system<br \/>\n<strong>Materiale della Bobina:<\/strong> Alluminio<br \/>\n<strong>Cuscinetti:<\/strong> 1+1<br \/>\n<strong>Capacit\u00e0 bobina(mm\/m):<\/strong> 0.35-400,0.40-300,0.45-200<br \/>\n<strong>Rapporto di Recupero:<\/strong> 4,6:1<br \/>\n<strong>Peso:<\/strong> 705gr<br \/>\n<strong>Filo recuperato per giro di manovella:<\/strong> 100cm<br \/>\n<strong>Max Drag:<\/strong> 15kg<\/p>\n<p><strong><span style=\"color: #ff0000;\">DUE ANNI DI GARANZIA<\/span><br \/>\n<span style=\"color: #ff0000;\">Da oggi per avere il TERZO ANNO DI GARANZIA, collegati al nuovo portale e registra il <span style=\"background-color: #ffffff;\">tuo prodotto su:<\/span><\/span><br \/>\n<a href=\"http:\/\/www.shimanofishnetwork.it\/garanzia\/sign_in\"><span style=\"color: #000000; background-color: #ffff00;\">http:\/\/www.shimanofishnetwork.it\/garanzia\/sign_in<\/span><\/a><\/strong><\/p>\n","protected":false},"excerpt":{"rendered":"<p>Beastmaster XB \u00e8 la versione rinnovata del mulinello big pit Beastmaster XTA\/XSA. \u00c8 il mulinello big pit con il prezzo pi\u00f9 basso di tutta la gamma Shimano, RRP di \u20ac79,95. A questa cifra, il pescatore avr\u00e0 acquistato un eccellente mulinello, resistente e duraturo, ad un costo contenuto. La bobina in alluminio di taglia 10000 supporta [&hellip;]<\/p>\n","protected":false},"featured_media":47935,"comment_status":"closed","ping_status":"closed","template":"","meta":[],"product_cat":[348],"product_tag":[1023],"yoast_head":"<!-- This site is optimized with the Yoast SEO plugin v15.3 - https:\/\/yoast.com\/wordpress\/plugins\/seo\/ -->\n<title>Mulinello BeastMaster 10000 XB - Shimano - Pesca Fish<\/title>\n<meta name=\"robots\" content=\"index, follow, max-snippet:-1, max-image-preview:large, max-video-preview:-1\" \/>\n<link rel=\"canonical\" href=\"https:\/\/www.pescafish.it\/new\/prodotto\/mulinello-beastmaster-10000-xb-shimano\/\" \/>\n<meta property=\"og:locale\" content=\"it_IT\" \/>\n<meta property=\"og:type\" content=\"article\" \/>\n<meta property=\"og:title\" content=\"Mulinello BeastMaster 10000 XB - Shimano - Pesca Fish\" \/>\n<meta property=\"og:description\" content=\"Beastmaster XB \u00e8 la versione rinnovata del mulinello big pit Beastmaster XTA\/XSA. \u00c8 il mulinello big pit con il prezzo pi\u00f9 basso di tutta la gamma Shimano, RRP di \u20ac79,95. A questa cifra, il pescatore avr\u00e0 acquistato un eccellente mulinello, resistente e duraturo, ad un costo contenuto. La bobina in alluminio di taglia 10000 supporta [&hellip;]\" \/>\n<meta property=\"og:url\" content=\"https:\/\/www.pescafish.it\/new\/prodotto\/mulinello-beastmaster-10000-xb-shimano\/\" \/>\n<meta property=\"og:site_name\" content=\"Pesca Fish\" \/>\n<meta property=\"article:publisher\" content=\"https:\/\/www.facebook.com\/pescafishvr\/\" \/>\n<meta property=\"article:modified_time\" content=\"2026-03-06T12:38:07+00:00\" \/>\n<meta property=\"og:image\" content=\"https:\/\/www.pescafish.it\/new\/wp-content\/uploads\/2018\/06\/beastmaster_10000_xb.jpg\" \/>\n\t<meta property=\"og:image:width\" content=\"1000\" \/>\n\t<meta property=\"og:image:height\" content=\"1000\" \/>\n<meta name=\"twitter:card\" content=\"summary_large_image\" \/>\n<meta name=\"twitter:label1\" content=\"Scritto da\">\n\t<meta name=\"twitter:data1\" content=\"francesca\">\n\t<meta name=\"twitter:label2\" content=\"Tempo di lettura stimato\">\n\t<meta name=\"twitter:data2\" content=\"1 minuto\">\n<script type=\"application\/ld+json\" class=\"yoast-schema-graph\">{\"@context\":\"https:\/\/schema.org\",\"@graph\":[{\"@type\":\"WebSite\",\"@id\":\"https:\/\/www.pescafish.it\/new\/#website\",\"url\":\"https:\/\/www.pescafish.it\/new\/\",\"name\":\"Pesca Fish\",\"description\":\"Benvenuti sul nostro sito!\",\"potentialAction\":[{\"@type\":\"SearchAction\",\"target\":\"https:\/\/www.pescafish.it\/new\/?s={search_term_string}\",\"query-input\":\"required name=search_term_string\"}],\"inLanguage\":\"it-IT\"},{\"@type\":\"ImageObject\",\"@id\":\"https:\/\/www.pescafish.it\/new\/prodotto\/mulinello-beastmaster-10000-xb-shimano\/#primaryimage\",\"inLanguage\":\"it-IT\",\"url\":\"https:\/\/www.pescafish.it\/new\/wp-content\/uploads\/2018\/06\/beastmaster_10000_xb.jpg\",\"width\":1000,\"height\":1000},{\"@type\":\"WebPage\",\"@id\":\"https:\/\/www.pescafish.it\/new\/prodotto\/mulinello-beastmaster-10000-xb-shimano\/#webpage\",\"url\":\"https:\/\/www.pescafish.it\/new\/prodotto\/mulinello-beastmaster-10000-xb-shimano\/\",\"name\":\"Mulinello BeastMaster 10000 XB - Shimano - Pesca Fish\",\"isPartOf\":{\"@id\":\"https:\/\/www.pescafish.it\/new\/#website\"},\"primaryImageOfPage\":{\"@id\":\"https:\/\/www.pescafish.it\/new\/prodotto\/mulinello-beastmaster-10000-xb-shimano\/#primaryimage\"},\"datePublished\":\"2018-06-12T14:53:14+00:00\",\"dateModified\":\"2026-03-06T12:38:07+00:00\",\"inLanguage\":\"it-IT\",\"potentialAction\":[{\"@type\":\"ReadAction\",\"target\":[\"https:\/\/www.pescafish.it\/new\/prodotto\/mulinello-beastmaster-10000-xb-shimano\/\"]}]}]}<\/script>\n<!-- \/ Yoast SEO plugin. -->","_links":{"self":[{"href":"https:\/\/www.pescafish.it\/new\/wp-json\/wp\/v2\/product\/47934"}],"collection":[{"href":"https:\/\/www.pescafish.it\/new\/wp-json\/wp\/v2\/product"}],"about":[{"href":"https:\/\/www.pescafish.it\/new\/wp-json\/wp\/v2\/types\/product"}],"replies":[{"embeddable":true,"href":"https:\/\/www.pescafish.it\/new\/wp-json\/wp\/v2\/comments?post=47934"}],"wp:featuredmedia":[{"embeddable":true,"href":"https:\/\/www.pescafish.it\/new\/wp-json\/wp\/v2\/media\/47935"}],"wp:attachment":[{"href":"https:\/\/www.pescafish.it\/new\/wp-json\/wp\/v2\/media?parent=47934"}],"wp:term":[{"taxonomy":"product_cat","embeddable":true,"href":"https:\/\/www.pescafish.it\/new\/wp-json\/wp\/v2\/product_cat?post=47934"},{"taxonomy":"product_tag","embeddable":true,"href":"https:\/\/www.pescafish.it\/new\/wp-json\/wp\/v2\/product_tag?post=47934"}],"curies":[{"name":"wp","href":"https:\/\/api.w.org\/{rel}","templated":true}]}}