{"id":47829,"date":"2018-06-08T17:54:40","date_gmt":"2018-06-08T15:54:40","guid":{"rendered":"http:\/\/www.pescafish.it\/new\/?post_type=product&#038;p=47829"},"modified":"2024-05-25T09:43:01","modified_gmt":"2024-05-25T07:43:01","slug":"pinpoint-precision-dual-diamond-nash","status":"publish","type":"product","link":"https:\/\/www.pescafish.it\/new\/prodotto\/pinpoint-precision-dual-diamond-nash\/","title":{"rendered":"Pinpoint Precision Dual Diamond &#8211; Nash"},"content":{"rendered":"<h2>Pinpoint Precision Dual Diamond Nash<\/h2>\n<p>Il metodo perfetto per affilare a mano, la lima pi\u00f9 grossa di 400 gradi \u00e8 usata per affilare e sagomare la punta, il retro ha una pietra pi\u00f9 fine con grado 600 per lucidare la punta ottenendo una finitura liscia, rimuove facilmente sbavature, facendo tornare nuovamente gli ami all\u2019originale, stando certi di aver maggior sicurezza per la prossima cattura.<\/p>\n","protected":false},"excerpt":{"rendered":"<p>Pinpoint Precision Dual Diamond Nash Il metodo perfetto per affilare a mano, la lima pi\u00f9 grossa di 400 gradi \u00e8 usata per affilare e sagomare la punta, il retro ha una pietra pi\u00f9 fine con grado 600 per lucidare la punta ottenendo una finitura liscia, rimuove facilmente sbavature, facendo tornare nuovamente gli ami all\u2019originale, stando [&hellip;]<\/p>\n","protected":false},"featured_media":47836,"comment_status":"closed","ping_status":"closed","template":"","meta":[],"product_cat":[390],"product_tag":[1024],"yoast_head":"<!-- This site is optimized with the Yoast SEO plugin v15.3 - https:\/\/yoast.com\/wordpress\/plugins\/seo\/ -->\n<title>Pinpoint Precision Dual Diamond - Nash - Pesca Fish<\/title>\n<meta name=\"description\" content=\"Pinpoint Precision Dual Diamond - Nash | Per informazioni scriveteci a info@pescafish.it oppure contattateci allo 045\/6100748\" \/>\n<meta name=\"robots\" content=\"index, follow, max-snippet:-1, max-image-preview:large, max-video-preview:-1\" \/>\n<link rel=\"canonical\" href=\"https:\/\/www.pescafish.it\/new\/prodotto\/pinpoint-precision-dual-diamond-nash\/\" \/>\n<meta property=\"og:locale\" content=\"it_IT\" \/>\n<meta property=\"og:type\" content=\"article\" \/>\n<meta property=\"og:title\" content=\"Pinpoint Precision Dual Diamond - Nash - Pesca Fish\" \/>\n<meta property=\"og:description\" content=\"Pinpoint Precision Dual Diamond - Nash | Per informazioni scriveteci a info@pescafish.it oppure contattateci allo 045\/6100748\" \/>\n<meta property=\"og:url\" content=\"https:\/\/www.pescafish.it\/new\/prodotto\/pinpoint-precision-dual-diamond-nash\/\" \/>\n<meta property=\"og:site_name\" content=\"Pesca Fish\" \/>\n<meta property=\"article:publisher\" content=\"https:\/\/www.facebook.com\/pescafishvr\/\" \/>\n<meta property=\"article:modified_time\" content=\"2024-05-25T07:43:01+00:00\" \/>\n<meta property=\"og:image\" content=\"https:\/\/www.pescafish.it\/new\/wp-content\/uploads\/2018\/06\/t6201.jpeg\" \/>\n\t<meta property=\"og:image:width\" content=\"700\" \/>\n\t<meta property=\"og:image:height\" content=\"380\" \/>\n<meta name=\"twitter:card\" content=\"summary_large_image\" \/>\n<meta name=\"twitter:label1\" content=\"Scritto da\">\n\t<meta name=\"twitter:data1\" content=\"francesca\">\n\t<meta name=\"twitter:label2\" content=\"Tempo di lettura stimato\">\n\t<meta name=\"twitter:data2\" content=\"0 minuti\">\n<script type=\"application\/ld+json\" class=\"yoast-schema-graph\">{\"@context\":\"https:\/\/schema.org\",\"@graph\":[{\"@type\":\"WebSite\",\"@id\":\"https:\/\/www.pescafish.it\/new\/#website\",\"url\":\"https:\/\/www.pescafish.it\/new\/\",\"name\":\"Pesca Fish\",\"description\":\"Benvenuti sul nostro sito!\",\"potentialAction\":[{\"@type\":\"SearchAction\",\"target\":\"https:\/\/www.pescafish.it\/new\/?s={search_term_string}\",\"query-input\":\"required name=search_term_string\"}],\"inLanguage\":\"it-IT\"},{\"@type\":\"ImageObject\",\"@id\":\"https:\/\/www.pescafish.it\/new\/prodotto\/pinpoint-precision-dual-diamond-nash\/#primaryimage\",\"inLanguage\":\"it-IT\",\"url\":\"https:\/\/www.pescafish.it\/new\/wp-content\/uploads\/2018\/06\/t6201.jpeg\",\"width\":700,\"height\":380},{\"@type\":\"WebPage\",\"@id\":\"https:\/\/www.pescafish.it\/new\/prodotto\/pinpoint-precision-dual-diamond-nash\/#webpage\",\"url\":\"https:\/\/www.pescafish.it\/new\/prodotto\/pinpoint-precision-dual-diamond-nash\/\",\"name\":\"Pinpoint Precision Dual Diamond - Nash - Pesca Fish\",\"isPartOf\":{\"@id\":\"https:\/\/www.pescafish.it\/new\/#website\"},\"primaryImageOfPage\":{\"@id\":\"https:\/\/www.pescafish.it\/new\/prodotto\/pinpoint-precision-dual-diamond-nash\/#primaryimage\"},\"datePublished\":\"2018-06-08T15:54:40+00:00\",\"dateModified\":\"2024-05-25T07:43:01+00:00\",\"description\":\"Pinpoint Precision Dual Diamond - Nash | Per informazioni scriveteci a info@pescafish.it oppure contattateci allo 045\/6100748\",\"inLanguage\":\"it-IT\",\"potentialAction\":[{\"@type\":\"ReadAction\",\"target\":[\"https:\/\/www.pescafish.it\/new\/prodotto\/pinpoint-precision-dual-diamond-nash\/\"]}]}]}<\/script>\n<!-- \/ Yoast SEO plugin. -->","_links":{"self":[{"href":"https:\/\/www.pescafish.it\/new\/wp-json\/wp\/v2\/product\/47829"}],"collection":[{"href":"https:\/\/www.pescafish.it\/new\/wp-json\/wp\/v2\/product"}],"about":[{"href":"https:\/\/www.pescafish.it\/new\/wp-json\/wp\/v2\/types\/product"}],"replies":[{"embeddable":true,"href":"https:\/\/www.pescafish.it\/new\/wp-json\/wp\/v2\/comments?post=47829"}],"wp:featuredmedia":[{"embeddable":true,"href":"https:\/\/www.pescafish.it\/new\/wp-json\/wp\/v2\/media\/47836"}],"wp:attachment":[{"href":"https:\/\/www.pescafish.it\/new\/wp-json\/wp\/v2\/media?parent=47829"}],"wp:term":[{"taxonomy":"product_cat","embeddable":true,"href":"https:\/\/www.pescafish.it\/new\/wp-json\/wp\/v2\/product_cat?post=47829"},{"taxonomy":"product_tag","embeddable":true,"href":"https:\/\/www.pescafish.it\/new\/wp-json\/wp\/v2\/product_tag?post=47829"}],"curies":[{"name":"wp","href":"https:\/\/api.w.org\/{rel}","templated":true}]}}