{"id":47815,"date":"2018-06-08T17:46:06","date_gmt":"2018-06-08T15:46:06","guid":{"rendered":"http:\/\/www.pescafish.it\/new\/?post_type=product&#038;p=47815"},"modified":"2026-02-11T08:43:23","modified_gmt":"2026-02-11T07:43:23","slug":"amo-flota-claw-nash","status":"publish","type":"product","link":"https:\/\/www.pescafish.it\/new\/prodotto\/amo-flota-claw-nash\/","title":{"rendered":"Amo Flota Claw &#8211; Nash"},"content":{"rendered":"<p>L\u2019esperienza di Marc ha contribuito a sviluppare la nuova gamma Nash Pinpoint, utilizzando l\u2019ultima tecnologia in leghe di acciaio e carbonio, CARBIDE 617, ottenendo ami fino al 50% pi\u00f9 resistenti, anche se pi\u00f9 leggeri, rispetto ai modelli Nash in voga. Affilatura e maggior penetrazione \u00e8 ci\u00f2 che ci si aspetta da Pinpoint: i pi\u00f9 affilati ora disponibili.<\/p>\n<p>Insieme agli ami pi\u00f9 famosi e apprezzati nel mondo della pesca, come il Twister e i Fang, Kevin Nash ha sfruttato l\u2019opportunit\u00e0 di aggiungere nuovi modelli, garantendo pi\u00f9 performance in termini di sicurezza per i grandi carpisti.<\/p>\n<p><b>Caratteristiche<\/b><strong>:<\/strong><\/p>\n<p>\u2022 Lo stesso ed unico design del modello super resistente Claw con spessore ridotto \u2013 perfetto per inneschi galleggianti, pesca a zig o con esche naturali.<br \/>\n\u2022 Ampia curvatura per una maggiore efficienza durante il combattimento e l\u2019allamata.<br \/>\n\u2022 La curvatura angolata impedisce l\u2019effetto ombra assicurando un perfetto punto di allamata.<br \/>\n\u2022 Leggero per una migliore presentazione con inneschi galleggianti e ad affondamento lento.<\/p>\n<p><b>Disponibili nelle seguenti misure:<\/b><\/p>\n<p><strong>KNT6139\u00a0<\/strong> Size 6<strong><br \/>\nKNT6140\u00a0 <\/strong>Size 7<strong><br \/>\nKNT6141\u00a0 <\/strong>Size 8<\/p>\n<p><strong>Confezione da 10 ami<\/strong><\/p>\n","protected":false},"excerpt":{"rendered":"<p>L\u2019esperienza di Marc ha contribuito a sviluppare la nuova gamma Nash Pinpoint, utilizzando l\u2019ultima tecnologia in leghe di acciaio e carbonio, CARBIDE 617, ottenendo ami fino al 50% pi\u00f9 resistenti, anche se pi\u00f9 leggeri, rispetto ai modelli Nash in voga. Affilatura e maggior penetrazione \u00e8 ci\u00f2 che ci si aspetta da Pinpoint: i pi\u00f9 affilati [&hellip;]<\/p>\n","protected":false},"featured_media":47816,"comment_status":"closed","ping_status":"closed","template":"","meta":[],"product_cat":[390],"product_tag":[1024],"yoast_head":"<!-- This site is optimized with the Yoast SEO plugin v15.3 - https:\/\/yoast.com\/wordpress\/plugins\/seo\/ -->\n<title>Amo Flota Claw - Nash - Pesca Fish<\/title>\n<meta name=\"robots\" content=\"index, follow, max-snippet:-1, max-image-preview:large, max-video-preview:-1\" \/>\n<link rel=\"canonical\" href=\"https:\/\/www.pescafish.it\/new\/prodotto\/amo-flota-claw-nash\/\" \/>\n<meta property=\"og:locale\" content=\"it_IT\" \/>\n<meta property=\"og:type\" content=\"article\" \/>\n<meta property=\"og:title\" content=\"Amo Flota Claw - Nash - Pesca Fish\" \/>\n<meta property=\"og:description\" content=\"L\u2019esperienza di Marc ha contribuito a sviluppare la nuova gamma Nash Pinpoint, utilizzando l\u2019ultima tecnologia in leghe di acciaio e carbonio, CARBIDE 617, ottenendo ami fino al 50% pi\u00f9 resistenti, anche se pi\u00f9 leggeri, rispetto ai modelli Nash in voga. Affilatura e maggior penetrazione \u00e8 ci\u00f2 che ci si aspetta da Pinpoint: i pi\u00f9 affilati [&hellip;]\" \/>\n<meta property=\"og:url\" content=\"https:\/\/www.pescafish.it\/new\/prodotto\/amo-flota-claw-nash\/\" \/>\n<meta property=\"og:site_name\" content=\"Pesca Fish\" \/>\n<meta property=\"article:publisher\" content=\"https:\/\/www.facebook.com\/pescafishvr\/\" \/>\n<meta property=\"article:modified_time\" content=\"2026-02-11T07:43:23+00:00\" \/>\n<meta property=\"og:image\" content=\"https:\/\/www.pescafish.it\/new\/wp-content\/uploads\/2018\/06\/flota.jpeg\" \/>\n\t<meta property=\"og:image:width\" content=\"700\" \/>\n\t<meta property=\"og:image:height\" content=\"380\" \/>\n<meta name=\"twitter:card\" content=\"summary_large_image\" \/>\n<meta name=\"twitter:label1\" content=\"Scritto da\">\n\t<meta name=\"twitter:data1\" content=\"francesca\">\n\t<meta name=\"twitter:label2\" content=\"Tempo di lettura stimato\">\n\t<meta name=\"twitter:data2\" content=\"1 minuto\">\n<script type=\"application\/ld+json\" class=\"yoast-schema-graph\">{\"@context\":\"https:\/\/schema.org\",\"@graph\":[{\"@type\":\"WebSite\",\"@id\":\"https:\/\/www.pescafish.it\/new\/#website\",\"url\":\"https:\/\/www.pescafish.it\/new\/\",\"name\":\"Pesca Fish\",\"description\":\"Benvenuti sul nostro sito!\",\"potentialAction\":[{\"@type\":\"SearchAction\",\"target\":\"https:\/\/www.pescafish.it\/new\/?s={search_term_string}\",\"query-input\":\"required name=search_term_string\"}],\"inLanguage\":\"it-IT\"},{\"@type\":\"ImageObject\",\"@id\":\"https:\/\/www.pescafish.it\/new\/prodotto\/amo-flota-claw-nash\/#primaryimage\",\"inLanguage\":\"it-IT\",\"url\":\"https:\/\/www.pescafish.it\/new\/wp-content\/uploads\/2018\/06\/flota.jpeg\",\"width\":700,\"height\":380},{\"@type\":\"WebPage\",\"@id\":\"https:\/\/www.pescafish.it\/new\/prodotto\/amo-flota-claw-nash\/#webpage\",\"url\":\"https:\/\/www.pescafish.it\/new\/prodotto\/amo-flota-claw-nash\/\",\"name\":\"Amo Flota Claw - Nash - Pesca Fish\",\"isPartOf\":{\"@id\":\"https:\/\/www.pescafish.it\/new\/#website\"},\"primaryImageOfPage\":{\"@id\":\"https:\/\/www.pescafish.it\/new\/prodotto\/amo-flota-claw-nash\/#primaryimage\"},\"datePublished\":\"2018-06-08T15:46:06+00:00\",\"dateModified\":\"2026-02-11T07:43:23+00:00\",\"inLanguage\":\"it-IT\",\"potentialAction\":[{\"@type\":\"ReadAction\",\"target\":[\"https:\/\/www.pescafish.it\/new\/prodotto\/amo-flota-claw-nash\/\"]}]}]}<\/script>\n<!-- \/ Yoast SEO plugin. -->","_links":{"self":[{"href":"https:\/\/www.pescafish.it\/new\/wp-json\/wp\/v2\/product\/47815"}],"collection":[{"href":"https:\/\/www.pescafish.it\/new\/wp-json\/wp\/v2\/product"}],"about":[{"href":"https:\/\/www.pescafish.it\/new\/wp-json\/wp\/v2\/types\/product"}],"replies":[{"embeddable":true,"href":"https:\/\/www.pescafish.it\/new\/wp-json\/wp\/v2\/comments?post=47815"}],"wp:featuredmedia":[{"embeddable":true,"href":"https:\/\/www.pescafish.it\/new\/wp-json\/wp\/v2\/media\/47816"}],"wp:attachment":[{"href":"https:\/\/www.pescafish.it\/new\/wp-json\/wp\/v2\/media?parent=47815"}],"wp:term":[{"taxonomy":"product_cat","embeddable":true,"href":"https:\/\/www.pescafish.it\/new\/wp-json\/wp\/v2\/product_cat?post=47815"},{"taxonomy":"product_tag","embeddable":true,"href":"https:\/\/www.pescafish.it\/new\/wp-json\/wp\/v2\/product_tag?post=47815"}],"curies":[{"name":"wp","href":"https:\/\/api.w.org\/{rel}","templated":true}]}}