{"id":47787,"date":"2018-06-08T16:25:59","date_gmt":"2018-06-08T14:25:59","guid":{"rendered":"http:\/\/www.pescafish.it\/new\/?post_type=product&#038;p=47787"},"modified":"2023-09-23T18:00:11","modified_gmt":"2023-09-23T16:00:11","slug":"amo-fang-x-nash","status":"publish","type":"product","link":"https:\/\/www.pescafish.it\/new\/prodotto\/amo-fang-x-nash\/","title":{"rendered":"Amo Fang X &#8211; Nash"},"content":{"rendered":"<h2>Nash Fang X<\/h2>\n<p>L\u2019esperienza di Marc ha contribuito a sviluppare la nuova gamma Nash Pinpoint, utilizzando l\u2019ultima tecnologia in leghe di acciaio e carbonio, CARBIDE 617, ottenendo ami fino al 50% pi\u00f9 resistenti, anche se pi\u00f9 leggeri, rispetto ai modelli Nash in voga. Affilatura e maggior penetrazione \u00e8 ci\u00f2 che ci si aspetta da Pinpoint: i pi\u00f9 affilati ora disponibili.<br \/>\nInsieme agli ami pi\u00f9 famosi e apprezzati nel mondo della pesca, come il Twister e i Fang, Kevin Nash ha sfruttato l\u2019opportunit\u00e0 di aggiungere nuovi modelli, garantendo pi\u00f9 performance in termini di sicurezza per i grandi carpisti.<br \/>\n<strong><br \/>\nCaratteristiche:<br \/>\n<\/strong>\u2022 Ora pi\u00f9 forte, pi\u00f9 affilato e leggero, grazie alla produzione e ai materiali avanzati di Pinpoint<br \/>\n\u2022 Gambo ricurvo e occhiello rivolto verso il basso di 20 gradi per prestazioni anti-espulsioni e allamate precise.<br \/>\n\u2022 Versatile per quasi tutte le presentazioni.<\/p>\n<p><strong>Disponibili nelle seguenti varianti:<\/strong><br \/>\n<strong>KNT6123\u00a0<\/strong> Size 1<br \/>\n<strong>KNT6124\u00a0<\/strong> Size 2<br \/>\n<strong>KNT6125\u00a0<\/strong> Size 4<br \/>\n<strong>KNT6126\u00a0<\/strong> Size 5<br \/>\n<strong>KNT6127\u00a0<\/strong> Size 6<br \/>\n<strong>KNT6128\u00a0<\/strong> Size 7<br \/>\n<strong>KNT6129<\/strong> Size 8<\/p>\n","protected":false},"excerpt":{"rendered":"<p>Nash Fang X L\u2019esperienza di Marc ha contribuito a sviluppare la nuova gamma Nash Pinpoint, utilizzando l\u2019ultima tecnologia in leghe di acciaio e carbonio, CARBIDE 617, ottenendo ami fino al 50% pi\u00f9 resistenti, anche se pi\u00f9 leggeri, rispetto ai modelli Nash in voga. Affilatura e maggior penetrazione \u00e8 ci\u00f2 che ci si aspetta da Pinpoint: [&hellip;]<\/p>\n","protected":false},"featured_media":47788,"comment_status":"closed","ping_status":"closed","template":"","meta":[],"product_cat":[390],"product_tag":[1024],"yoast_head":"<!-- This site is optimized with the Yoast SEO plugin v15.3 - https:\/\/yoast.com\/wordpress\/plugins\/seo\/ -->\n<title>Amo Fang X - Nash - Pesca Fish<\/title>\n<meta name=\"description\" content=\"Amo Fang X - Nash | Per informazioni scriveteci a info@pescafish.it oppure contattateci allo 045\/6100748\" \/>\n<meta name=\"robots\" content=\"index, follow, max-snippet:-1, max-image-preview:large, max-video-preview:-1\" \/>\n<link rel=\"canonical\" href=\"https:\/\/www.pescafish.it\/new\/prodotto\/amo-fang-x-nash\/\" \/>\n<meta property=\"og:locale\" content=\"it_IT\" \/>\n<meta property=\"og:type\" content=\"article\" \/>\n<meta property=\"og:title\" content=\"Amo Fang X - Nash - Pesca Fish\" \/>\n<meta property=\"og:description\" content=\"Amo Fang X - Nash | Per informazioni scriveteci a info@pescafish.it oppure contattateci allo 045\/6100748\" \/>\n<meta property=\"og:url\" content=\"https:\/\/www.pescafish.it\/new\/prodotto\/amo-fang-x-nash\/\" \/>\n<meta property=\"og:site_name\" content=\"Pesca Fish\" \/>\n<meta property=\"article:publisher\" content=\"https:\/\/www.facebook.com\/pescafishvr\/\" \/>\n<meta property=\"article:modified_time\" content=\"2023-09-23T16:00:11+00:00\" \/>\n<meta property=\"og:image\" content=\"https:\/\/www.pescafish.it\/new\/wp-content\/uploads\/2018\/06\/x.jpeg\" \/>\n\t<meta property=\"og:image:width\" content=\"700\" \/>\n\t<meta property=\"og:image:height\" content=\"380\" \/>\n<meta name=\"twitter:card\" content=\"summary_large_image\" \/>\n<meta name=\"twitter:label1\" content=\"Scritto da\">\n\t<meta name=\"twitter:data1\" content=\"francesca\">\n\t<meta name=\"twitter:label2\" content=\"Tempo di lettura stimato\">\n\t<meta name=\"twitter:data2\" content=\"1 minuto\">\n<script type=\"application\/ld+json\" class=\"yoast-schema-graph\">{\"@context\":\"https:\/\/schema.org\",\"@graph\":[{\"@type\":\"WebSite\",\"@id\":\"https:\/\/www.pescafish.it\/new\/#website\",\"url\":\"https:\/\/www.pescafish.it\/new\/\",\"name\":\"Pesca Fish\",\"description\":\"Benvenuti sul nostro sito!\",\"potentialAction\":[{\"@type\":\"SearchAction\",\"target\":\"https:\/\/www.pescafish.it\/new\/?s={search_term_string}\",\"query-input\":\"required name=search_term_string\"}],\"inLanguage\":\"it-IT\"},{\"@type\":\"ImageObject\",\"@id\":\"https:\/\/www.pescafish.it\/new\/prodotto\/amo-fang-x-nash\/#primaryimage\",\"inLanguage\":\"it-IT\",\"url\":\"https:\/\/www.pescafish.it\/new\/wp-content\/uploads\/2018\/06\/x.jpeg\",\"width\":700,\"height\":380,\"caption\":\"amo fang x nash\"},{\"@type\":\"WebPage\",\"@id\":\"https:\/\/www.pescafish.it\/new\/prodotto\/amo-fang-x-nash\/#webpage\",\"url\":\"https:\/\/www.pescafish.it\/new\/prodotto\/amo-fang-x-nash\/\",\"name\":\"Amo Fang X - Nash - Pesca Fish\",\"isPartOf\":{\"@id\":\"https:\/\/www.pescafish.it\/new\/#website\"},\"primaryImageOfPage\":{\"@id\":\"https:\/\/www.pescafish.it\/new\/prodotto\/amo-fang-x-nash\/#primaryimage\"},\"datePublished\":\"2018-06-08T14:25:59+00:00\",\"dateModified\":\"2023-09-23T16:00:11+00:00\",\"description\":\"Amo Fang X - Nash | Per informazioni scriveteci a info@pescafish.it oppure contattateci allo 045\/6100748\",\"inLanguage\":\"it-IT\",\"potentialAction\":[{\"@type\":\"ReadAction\",\"target\":[\"https:\/\/www.pescafish.it\/new\/prodotto\/amo-fang-x-nash\/\"]}]}]}<\/script>\n<!-- \/ Yoast SEO plugin. -->","_links":{"self":[{"href":"https:\/\/www.pescafish.it\/new\/wp-json\/wp\/v2\/product\/47787"}],"collection":[{"href":"https:\/\/www.pescafish.it\/new\/wp-json\/wp\/v2\/product"}],"about":[{"href":"https:\/\/www.pescafish.it\/new\/wp-json\/wp\/v2\/types\/product"}],"replies":[{"embeddable":true,"href":"https:\/\/www.pescafish.it\/new\/wp-json\/wp\/v2\/comments?post=47787"}],"wp:featuredmedia":[{"embeddable":true,"href":"https:\/\/www.pescafish.it\/new\/wp-json\/wp\/v2\/media\/47788"}],"wp:attachment":[{"href":"https:\/\/www.pescafish.it\/new\/wp-json\/wp\/v2\/media?parent=47787"}],"wp:term":[{"taxonomy":"product_cat","embeddable":true,"href":"https:\/\/www.pescafish.it\/new\/wp-json\/wp\/v2\/product_cat?post=47787"},{"taxonomy":"product_tag","embeddable":true,"href":"https:\/\/www.pescafish.it\/new\/wp-json\/wp\/v2\/product_tag?post=47787"}],"curies":[{"name":"wp","href":"https:\/\/api.w.org\/{rel}","templated":true}]}}