{"id":47647,"date":"2018-06-07T17:11:58","date_gmt":"2018-06-07T15:11:58","guid":{"rendered":"http:\/\/www.pescafish.it\/new\/?post_type=product&#038;p=47647"},"modified":"2021-10-02T00:00:14","modified_gmt":"2021-10-01T22:00:14","slug":"tungsten-beads-korda","status":"publish","type":"product","link":"https:\/\/www.pescafish.it\/new\/prodotto\/tungsten-beads-korda\/","title":{"rendered":"Tungsten Beads &#8211; Korda"},"content":{"rendered":"<p>Fai scivolare una Tungsten Bead sul Dark Matter o Kamo Rid Tube per creare una montatura a elicottero sicura ed efficace. Poich\u00e8 la sicurezza del pesce \u00e8 una priorit\u00e0, le preline sono state progetate per muoversi facilmente se la pressione viene applicata in senso opposto al piombo quando sono bagnate.<\/p>\n<p><strong>La confezione contiene 15pz<\/strong><\/p>\n","protected":false},"excerpt":{"rendered":"<p>Fai scivolare una Tungsten Bead sul Dark Matter o Kamo Rid Tube per creare una montatura a elicottero sicura ed efficace. Poich\u00e8 la sicurezza del pesce \u00e8 una priorit\u00e0, le preline sono state progetate per muoversi facilmente se la pressione viene applicata in senso opposto al piombo quando sono bagnate. La confezione contiene 15pz<\/p>\n","protected":false},"featured_media":47657,"comment_status":"open","ping_status":"closed","template":"","meta":[],"product_cat":[587],"product_tag":[],"yoast_head":"<!-- This site is optimized with the Yoast SEO plugin v15.3 - https:\/\/yoast.com\/wordpress\/plugins\/seo\/ -->\n<title>Tungsten Beads - Korda - Pesca Fish<\/title>\n<meta name=\"robots\" content=\"index, follow, max-snippet:-1, max-image-preview:large, max-video-preview:-1\" \/>\n<link rel=\"canonical\" href=\"https:\/\/www.pescafish.it\/new\/prodotto\/tungsten-beads-korda\/\" \/>\n<meta property=\"og:locale\" content=\"it_IT\" \/>\n<meta property=\"og:type\" content=\"article\" \/>\n<meta property=\"og:title\" content=\"Tungsten Beads - Korda - Pesca Fish\" \/>\n<meta property=\"og:description\" content=\"Fai scivolare una Tungsten Bead sul Dark Matter o Kamo Rid Tube per creare una montatura a elicottero sicura ed efficace. Poich\u00e8 la sicurezza del pesce \u00e8 una priorit\u00e0, le preline sono state progetate per muoversi facilmente se la pressione viene applicata in senso opposto al piombo quando sono bagnate. La confezione contiene 15pz\" \/>\n<meta property=\"og:url\" content=\"https:\/\/www.pescafish.it\/new\/prodotto\/tungsten-beads-korda\/\" \/>\n<meta property=\"og:site_name\" content=\"Pesca Fish\" \/>\n<meta property=\"article:publisher\" content=\"https:\/\/www.facebook.com\/pescafishvr\/\" \/>\n<meta property=\"article:modified_time\" content=\"2021-10-01T22:00:14+00:00\" \/>\n<meta property=\"og:image\" content=\"https:\/\/www.pescafish.it\/new\/wp-content\/uploads\/2018\/06\/Korda-Tungsten-Oval-Beads.jpg\" \/>\n\t<meta property=\"og:image:width\" content=\"600\" \/>\n\t<meta property=\"og:image:height\" content=\"500\" \/>\n<meta name=\"twitter:card\" content=\"summary_large_image\" \/>\n<meta name=\"twitter:label1\" content=\"Scritto da\">\n\t<meta name=\"twitter:data1\" content=\"francesca\">\n\t<meta name=\"twitter:label2\" content=\"Tempo di lettura stimato\">\n\t<meta name=\"twitter:data2\" content=\"0 minuti\">\n<script type=\"application\/ld+json\" class=\"yoast-schema-graph\">{\"@context\":\"https:\/\/schema.org\",\"@graph\":[{\"@type\":\"WebSite\",\"@id\":\"https:\/\/www.pescafish.it\/new\/#website\",\"url\":\"https:\/\/www.pescafish.it\/new\/\",\"name\":\"Pesca Fish\",\"description\":\"Benvenuti sul nostro sito!\",\"potentialAction\":[{\"@type\":\"SearchAction\",\"target\":\"https:\/\/www.pescafish.it\/new\/?s={search_term_string}\",\"query-input\":\"required name=search_term_string\"}],\"inLanguage\":\"it-IT\"},{\"@type\":\"ImageObject\",\"@id\":\"https:\/\/www.pescafish.it\/new\/prodotto\/tungsten-beads-korda\/#primaryimage\",\"inLanguage\":\"it-IT\",\"url\":\"https:\/\/www.pescafish.it\/new\/wp-content\/uploads\/2018\/06\/Korda-Tungsten-Oval-Beads.jpg\",\"width\":600,\"height\":500},{\"@type\":\"WebPage\",\"@id\":\"https:\/\/www.pescafish.it\/new\/prodotto\/tungsten-beads-korda\/#webpage\",\"url\":\"https:\/\/www.pescafish.it\/new\/prodotto\/tungsten-beads-korda\/\",\"name\":\"Tungsten Beads - Korda - Pesca Fish\",\"isPartOf\":{\"@id\":\"https:\/\/www.pescafish.it\/new\/#website\"},\"primaryImageOfPage\":{\"@id\":\"https:\/\/www.pescafish.it\/new\/prodotto\/tungsten-beads-korda\/#primaryimage\"},\"datePublished\":\"2018-06-07T15:11:58+00:00\",\"dateModified\":\"2021-10-01T22:00:14+00:00\",\"inLanguage\":\"it-IT\",\"potentialAction\":[{\"@type\":\"ReadAction\",\"target\":[\"https:\/\/www.pescafish.it\/new\/prodotto\/tungsten-beads-korda\/\"]}]}]}<\/script>\n<!-- \/ Yoast SEO plugin. -->","_links":{"self":[{"href":"https:\/\/www.pescafish.it\/new\/wp-json\/wp\/v2\/product\/47647"}],"collection":[{"href":"https:\/\/www.pescafish.it\/new\/wp-json\/wp\/v2\/product"}],"about":[{"href":"https:\/\/www.pescafish.it\/new\/wp-json\/wp\/v2\/types\/product"}],"replies":[{"embeddable":true,"href":"https:\/\/www.pescafish.it\/new\/wp-json\/wp\/v2\/comments?post=47647"}],"wp:featuredmedia":[{"embeddable":true,"href":"https:\/\/www.pescafish.it\/new\/wp-json\/wp\/v2\/media\/47657"}],"wp:attachment":[{"href":"https:\/\/www.pescafish.it\/new\/wp-json\/wp\/v2\/media?parent=47647"}],"wp:term":[{"taxonomy":"product_cat","embeddable":true,"href":"https:\/\/www.pescafish.it\/new\/wp-json\/wp\/v2\/product_cat?post=47647"},{"taxonomy":"product_tag","embeddable":true,"href":"https:\/\/www.pescafish.it\/new\/wp-json\/wp\/v2\/product_tag?post=47647"}],"curies":[{"name":"wp","href":"https:\/\/api.w.org\/{rel}","templated":true}]}}