{"id":47334,"date":"2018-05-30T16:41:39","date_gmt":"2018-05-30T14:41:39","guid":{"rendered":"http:\/\/www.pescafish.it\/new\/?post_type=product&#038;p=47334"},"modified":"2025-10-25T11:11:30","modified_gmt":"2025-10-25T09:11:30","slug":"hollow-competition-sensas","status":"publish","type":"product","link":"https:\/\/www.pescafish.it\/new\/prodotto\/hollow-competition-sensas\/","title":{"rendered":"Hollow Competition &#8211; Sensas"},"content":{"rendered":"<div>\n<h2>Hollow Competition<\/h2>\n<p>L&#8217;HOLLOW COMPETITION della Sensas \u00e8 un elastico per Roubasienne pensato per durare. Questo elastico cavo \u00e8 molto morbido, \u00e8 formato da una doppia parete in lattice. Grazie al suo coefficiente d&#8217;elasticit\u00e0 dell&#8217; 800% si pu\u00f2 allungare fino a 8 volte la sua posizione a riposo.<\/p>\n<p><strong>Disponibile nelle seguenti varianti:<\/strong><br \/>\n<strong>SB31854\u00a0<\/strong> 1,15mm<br \/>\n<strong>SB31855<\/strong>\u00a0 1,35mm<br \/>\n<strong>SB31856\u00a0<\/strong> 1,60mm<\/p>\n<p><strong>Confezioni da 5 m.<\/strong><\/p>\n<\/div>\n","protected":false},"excerpt":{"rendered":"<p>Hollow Competition L&#8217;HOLLOW COMPETITION della Sensas \u00e8 un elastico per Roubasienne pensato per durare. Questo elastico cavo \u00e8 molto morbido, \u00e8 formato da una doppia parete in lattice. Grazie al suo coefficiente d&#8217;elasticit\u00e0 dell&#8217; 800% si pu\u00f2 allungare fino a 8 volte la sua posizione a riposo. Disponibile nelle seguenti varianti: SB31854\u00a0 1,15mm SB31855\u00a0 1,35mm [&hellip;]<\/p>\n","protected":false},"featured_media":47335,"comment_status":"closed","ping_status":"closed","template":"","meta":[],"product_cat":[177],"product_tag":[1041],"yoast_head":"<!-- This site is optimized with the Yoast SEO plugin v15.3 - https:\/\/yoast.com\/wordpress\/plugins\/seo\/ -->\n<title>Hollow Competition - Sensas - Pesca Fish<\/title>\n<meta name=\"robots\" content=\"index, follow, max-snippet:-1, max-image-preview:large, max-video-preview:-1\" \/>\n<link rel=\"canonical\" href=\"https:\/\/www.pescafish.it\/new\/prodotto\/hollow-competition-sensas\/\" \/>\n<meta property=\"og:locale\" content=\"it_IT\" \/>\n<meta property=\"og:type\" content=\"article\" \/>\n<meta property=\"og:title\" content=\"Hollow Competition - Sensas - Pesca Fish\" \/>\n<meta property=\"og:description\" content=\"Hollow Competition L&#8217;HOLLOW COMPETITION della Sensas \u00e8 un elastico per Roubasienne pensato per durare. Questo elastico cavo \u00e8 molto morbido, \u00e8 formato da una doppia parete in lattice. Grazie al suo coefficiente d&#8217;elasticit\u00e0 dell&#8217; 800% si pu\u00f2 allungare fino a 8 volte la sua posizione a riposo. Disponibile nelle seguenti varianti: SB31854\u00a0 1,15mm SB31855\u00a0 1,35mm [&hellip;]\" \/>\n<meta property=\"og:url\" content=\"https:\/\/www.pescafish.it\/new\/prodotto\/hollow-competition-sensas\/\" \/>\n<meta property=\"og:site_name\" content=\"Pesca Fish\" \/>\n<meta property=\"article:publisher\" content=\"https:\/\/www.facebook.com\/pescafishvr\/\" \/>\n<meta property=\"article:modified_time\" content=\"2025-10-25T09:11:30+00:00\" \/>\n<meta property=\"og:image\" content=\"https:\/\/www.pescafish.it\/new\/wp-content\/uploads\/2018\/05\/HollowCompetition_black.jpg\" \/>\n\t<meta property=\"og:image:width\" content=\"998\" \/>\n\t<meta property=\"og:image:height\" content=\"1257\" \/>\n<meta name=\"twitter:card\" content=\"summary_large_image\" \/>\n<meta name=\"twitter:label1\" content=\"Scritto da\">\n\t<meta name=\"twitter:data1\" content=\"francesca\">\n\t<meta name=\"twitter:label2\" content=\"Tempo di lettura stimato\">\n\t<meta name=\"twitter:data2\" content=\"0 minuti\">\n<script type=\"application\/ld+json\" class=\"yoast-schema-graph\">{\"@context\":\"https:\/\/schema.org\",\"@graph\":[{\"@type\":\"WebSite\",\"@id\":\"https:\/\/www.pescafish.it\/new\/#website\",\"url\":\"https:\/\/www.pescafish.it\/new\/\",\"name\":\"Pesca Fish\",\"description\":\"Benvenuti sul nostro sito!\",\"potentialAction\":[{\"@type\":\"SearchAction\",\"target\":\"https:\/\/www.pescafish.it\/new\/?s={search_term_string}\",\"query-input\":\"required name=search_term_string\"}],\"inLanguage\":\"it-IT\"},{\"@type\":\"ImageObject\",\"@id\":\"https:\/\/www.pescafish.it\/new\/prodotto\/hollow-competition-sensas\/#primaryimage\",\"inLanguage\":\"it-IT\",\"url\":\"https:\/\/www.pescafish.it\/new\/wp-content\/uploads\/2018\/05\/HollowCompetition_black.jpg\",\"width\":998,\"height\":1257},{\"@type\":\"WebPage\",\"@id\":\"https:\/\/www.pescafish.it\/new\/prodotto\/hollow-competition-sensas\/#webpage\",\"url\":\"https:\/\/www.pescafish.it\/new\/prodotto\/hollow-competition-sensas\/\",\"name\":\"Hollow Competition - Sensas - Pesca Fish\",\"isPartOf\":{\"@id\":\"https:\/\/www.pescafish.it\/new\/#website\"},\"primaryImageOfPage\":{\"@id\":\"https:\/\/www.pescafish.it\/new\/prodotto\/hollow-competition-sensas\/#primaryimage\"},\"datePublished\":\"2018-05-30T14:41:39+00:00\",\"dateModified\":\"2025-10-25T09:11:30+00:00\",\"inLanguage\":\"it-IT\",\"potentialAction\":[{\"@type\":\"ReadAction\",\"target\":[\"https:\/\/www.pescafish.it\/new\/prodotto\/hollow-competition-sensas\/\"]}]}]}<\/script>\n<!-- \/ Yoast SEO plugin. -->","_links":{"self":[{"href":"https:\/\/www.pescafish.it\/new\/wp-json\/wp\/v2\/product\/47334"}],"collection":[{"href":"https:\/\/www.pescafish.it\/new\/wp-json\/wp\/v2\/product"}],"about":[{"href":"https:\/\/www.pescafish.it\/new\/wp-json\/wp\/v2\/types\/product"}],"replies":[{"embeddable":true,"href":"https:\/\/www.pescafish.it\/new\/wp-json\/wp\/v2\/comments?post=47334"}],"wp:featuredmedia":[{"embeddable":true,"href":"https:\/\/www.pescafish.it\/new\/wp-json\/wp\/v2\/media\/47335"}],"wp:attachment":[{"href":"https:\/\/www.pescafish.it\/new\/wp-json\/wp\/v2\/media?parent=47334"}],"wp:term":[{"taxonomy":"product_cat","embeddable":true,"href":"https:\/\/www.pescafish.it\/new\/wp-json\/wp\/v2\/product_cat?post=47334"},{"taxonomy":"product_tag","embeddable":true,"href":"https:\/\/www.pescafish.it\/new\/wp-json\/wp\/v2\/product_tag?post=47334"}],"curies":[{"name":"wp","href":"https:\/\/api.w.org\/{rel}","templated":true}]}}