{"id":46827,"date":"2018-04-24T16:41:06","date_gmt":"2018-04-24T14:41:06","guid":{"rendered":"http:\/\/www.pescafish.it\/new\/?post_type=product&#038;p=46827"},"modified":"2024-11-07T16:08:07","modified_gmt":"2024-11-07T15:08:07","slug":"super-crush-chunky-fish-sonubaits","status":"publish","type":"product","link":"https:\/\/www.pescafish.it\/new\/prodotto\/super-crush-chunky-fish-sonubaits\/","title":{"rendered":"Super Crush Chunky Fish &#8211; Sonubaits"},"content":{"rendered":"<p>Questa \u00e8 forse la pastura pi\u00f9 profumata che abbiamo mai fatto!<br \/>\nVolevamo creare una pastura che avesse un odore davvero di pesce e contenesse alti livelli di farina di pesce di alta qualit\u00e0 e altri ingredienti, per farla risaltare dalla massa.<br \/>\nQuesta pastura contiene pesce disidratato per intensificare al massimo il sapore. La Chunky Fish \u00e8 stata progettata nel corso di mesi di test, aggiustamenti e ulteriori test, per adattarsi perfettamente a una vasta gamma di situazioni di pesca, mantenendo allo stesso tempo il grado d\u2019efficacia pi\u00f9 alto possibile.<br \/>\nNei mesi pi\u00f9 freddi, Chunky Fish \u00e8 un ottimo modo per aggiungere un po&#8217; di farina di pesce in pi\u00f9 al tuo mix di pastura. Prova a mescolarlo con So Natural Black Lake o Supercrush Expander durante la pesca di skimmer e F1. Nei mesi estivi, Chunky Fish \u00e8 un&#8217;ottima pastura per la pesca di grossi pesci. Mescola l&#8217;intera busta da 2 kg con due pinte d&#8217;acqua per ottenere il mix perfetto. Questa pastura dall&#8217;odore intenso eccelle davvero quando pesca \u201cmarginal\u201d per le grandi carpe. Chunky Fish pu\u00f2 essere utilizzato sia per la pesca a roubasienne che per quella a feeder. \u00c8 un mix estremamente versatile!<\/p>\n<p><strong>Guida alla preparazione:<\/strong><br \/>\nLa Chunky Fish \u00e8 semplice da preparare. Versa il contenuto del sacchetto in un secchio rotondo sufficientemente capiente, aggiungi circa 2 pinte d&#8217;acqua e mescola accuratamente, quindi lascia riposare per 30 minuti il composto, durante questo periodo l&#8217;acqua verr\u00e0 assorbita completamente. Quindi per rimuovere eventuali grumi e creare una consistenza uniforme utilizza un setaccio per pastura.<br \/>\nQuando peschi in giornate calde o ventose, attento alla disidratazione del composto, proteggi la tua pastura con una tovaglietta per esche e saltuariamente controlla la sua consistenza, all&#8217;occorrenza potrai aggiungere una quantit\u00e0 minima di acqua per riportare il grado di umidit\u00e0 ad un livello ottimale.<\/p>\n<p><strong>Confezione da 2kg<\/strong><\/p>\n","protected":false},"excerpt":{"rendered":"<p>Questa \u00e8 forse la pastura pi\u00f9 profumata che abbiamo mai fatto! Volevamo creare una pastura che avesse un odore davvero di pesce e contenesse alti livelli di farina di pesce di alta qualit\u00e0 e altri ingredienti, per farla risaltare dalla massa. Questa pastura contiene pesce disidratato per intensificare al massimo il sapore. La Chunky Fish [&hellip;]<\/p>\n","protected":false},"featured_media":79490,"comment_status":"closed","ping_status":"closed","template":"","meta":[],"product_cat":[705],"product_tag":[1043],"yoast_head":"<!-- This site is optimized with the Yoast SEO plugin v15.3 - https:\/\/yoast.com\/wordpress\/plugins\/seo\/ -->\n<title>Super Crush Chunky Fish - Sonubaits - Pesca Fish<\/title>\n<meta name=\"robots\" content=\"index, follow, max-snippet:-1, max-image-preview:large, max-video-preview:-1\" \/>\n<link rel=\"canonical\" href=\"https:\/\/www.pescafish.it\/new\/prodotto\/super-crush-chunky-fish-sonubaits\/\" \/>\n<meta property=\"og:locale\" content=\"it_IT\" \/>\n<meta property=\"og:type\" content=\"article\" \/>\n<meta property=\"og:title\" content=\"Super Crush Chunky Fish - Sonubaits - Pesca Fish\" \/>\n<meta property=\"og:description\" content=\"Questa \u00e8 forse la pastura pi\u00f9 profumata che abbiamo mai fatto! Volevamo creare una pastura che avesse un odore davvero di pesce e contenesse alti livelli di farina di pesce di alta qualit\u00e0 e altri ingredienti, per farla risaltare dalla massa. Questa pastura contiene pesce disidratato per intensificare al massimo il sapore. La Chunky Fish [&hellip;]\" \/>\n<meta property=\"og:url\" content=\"https:\/\/www.pescafish.it\/new\/prodotto\/super-crush-chunky-fish-sonubaits\/\" \/>\n<meta property=\"og:site_name\" content=\"Pesca Fish\" \/>\n<meta property=\"article:publisher\" content=\"https:\/\/www.facebook.com\/pescafishvr\/\" \/>\n<meta property=\"article:modified_time\" content=\"2024-11-07T15:08:07+00:00\" \/>\n<meta property=\"og:image\" content=\"https:\/\/www.pescafish.it\/new\/wp-content\/uploads\/2018\/04\/chunky_fish.jpg\" \/>\n\t<meta property=\"og:image:width\" content=\"1000\" \/>\n\t<meta property=\"og:image:height\" content=\"1000\" \/>\n<meta name=\"twitter:card\" content=\"summary_large_image\" \/>\n<meta name=\"twitter:label1\" content=\"Scritto da\">\n\t<meta name=\"twitter:data1\" content=\"francesca\">\n\t<meta name=\"twitter:label2\" content=\"Tempo di lettura stimato\">\n\t<meta name=\"twitter:data2\" content=\"1 minuto\">\n<script type=\"application\/ld+json\" class=\"yoast-schema-graph\">{\"@context\":\"https:\/\/schema.org\",\"@graph\":[{\"@type\":\"WebSite\",\"@id\":\"https:\/\/www.pescafish.it\/new\/#website\",\"url\":\"https:\/\/www.pescafish.it\/new\/\",\"name\":\"Pesca Fish\",\"description\":\"Benvenuti sul nostro sito!\",\"potentialAction\":[{\"@type\":\"SearchAction\",\"target\":\"https:\/\/www.pescafish.it\/new\/?s={search_term_string}\",\"query-input\":\"required name=search_term_string\"}],\"inLanguage\":\"it-IT\"},{\"@type\":\"ImageObject\",\"@id\":\"https:\/\/www.pescafish.it\/new\/prodotto\/super-crush-chunky-fish-sonubaits\/#primaryimage\",\"inLanguage\":\"it-IT\",\"url\":\"https:\/\/www.pescafish.it\/new\/wp-content\/uploads\/2018\/04\/chunky_fish.jpg\",\"width\":1000,\"height\":1000,\"caption\":\"chunky fish sonubaits\"},{\"@type\":\"WebPage\",\"@id\":\"https:\/\/www.pescafish.it\/new\/prodotto\/super-crush-chunky-fish-sonubaits\/#webpage\",\"url\":\"https:\/\/www.pescafish.it\/new\/prodotto\/super-crush-chunky-fish-sonubaits\/\",\"name\":\"Super Crush Chunky Fish - Sonubaits - Pesca Fish\",\"isPartOf\":{\"@id\":\"https:\/\/www.pescafish.it\/new\/#website\"},\"primaryImageOfPage\":{\"@id\":\"https:\/\/www.pescafish.it\/new\/prodotto\/super-crush-chunky-fish-sonubaits\/#primaryimage\"},\"datePublished\":\"2018-04-24T14:41:06+00:00\",\"dateModified\":\"2024-11-07T15:08:07+00:00\",\"inLanguage\":\"it-IT\",\"potentialAction\":[{\"@type\":\"ReadAction\",\"target\":[\"https:\/\/www.pescafish.it\/new\/prodotto\/super-crush-chunky-fish-sonubaits\/\"]}]}]}<\/script>\n<!-- \/ Yoast SEO plugin. -->","_links":{"self":[{"href":"https:\/\/www.pescafish.it\/new\/wp-json\/wp\/v2\/product\/46827"}],"collection":[{"href":"https:\/\/www.pescafish.it\/new\/wp-json\/wp\/v2\/product"}],"about":[{"href":"https:\/\/www.pescafish.it\/new\/wp-json\/wp\/v2\/types\/product"}],"replies":[{"embeddable":true,"href":"https:\/\/www.pescafish.it\/new\/wp-json\/wp\/v2\/comments?post=46827"}],"wp:featuredmedia":[{"embeddable":true,"href":"https:\/\/www.pescafish.it\/new\/wp-json\/wp\/v2\/media\/79490"}],"wp:attachment":[{"href":"https:\/\/www.pescafish.it\/new\/wp-json\/wp\/v2\/media?parent=46827"}],"wp:term":[{"taxonomy":"product_cat","embeddable":true,"href":"https:\/\/www.pescafish.it\/new\/wp-json\/wp\/v2\/product_cat?post=46827"},{"taxonomy":"product_tag","embeddable":true,"href":"https:\/\/www.pescafish.it\/new\/wp-json\/wp\/v2\/product_tag?post=46827"}],"curies":[{"name":"wp","href":"https:\/\/api.w.org\/{rel}","templated":true}]}}