{"id":4605,"date":"2015-12-01T11:37:27","date_gmt":"2015-12-01T10:37:27","guid":{"rendered":"http:\/\/www.pescafish.it\/new\/monofili-plus-30-bianco-vanguard"},"modified":"2025-06-20T16:15:00","modified_gmt":"2025-06-20T14:15:00","slug":"monofili-plus-30-bianco-vanguard","status":"publish","type":"product","link":"https:\/\/www.pescafish.it\/new\/prodotto\/monofili-plus-30-bianco-vanguard\/","title":{"rendered":"Monofili Plus 30 Bianco &#8211; Vanguard"},"content":{"rendered":"<p>I nuovi co-polimeri con cui \u00e8 stato realizzato, lo pongono tra i pi\u00f9 resistenti monofili presenti sul mercato. Pi\u00f9 tenace al nodo del 30% rispetto a tutti gli altri, ed estremamente morbido, lo rendono insuperabile per ogni esigenza di pesca.<\/p>\n<p><strong>Disponibile nei seguenti diametri:<\/strong><br \/>\n<strong>VA906\/28<\/strong>\u00a0 \u22050,28mm &#8211; 15kg &#8211; 1200 mt<br \/>\n<strong>VA906\/30<\/strong>\u00a0 \u22050,30mm &#8211; 16kg &#8211; 1200 mt<br \/>\n<strong>VA906\/35<\/strong>\u00a0 \u22050,35mm &#8211; 19kg &#8211; 1200 mt<br \/>\n<strong>VA906\/40<\/strong>\u00a0 \u22050,40mm &#8211; 21kg &#8211; 1000 mt<\/p>\n","protected":false},"excerpt":{"rendered":"<p>I nuovi co-polimeri con cui \u00e8 stato realizzato, lo pongono tra i pi\u00f9 resistenti monofili presenti sul mercato. Pi\u00f9 tenace al nodo del 30% rispetto a tutti gli altri, ed estremamente morbido, lo rendono insuperabile per ogni esigenza di pesca. Disponibile nei seguenti diametri: VA906\/28\u00a0 \u22050,28mm &#8211; 15kg &#8211; 1200 mt VA906\/30\u00a0 \u22050,30mm &#8211; 16kg [&hellip;]<\/p>\n","protected":false},"featured_media":23805,"comment_status":"closed","ping_status":"closed","template":"","meta":[],"product_cat":[714],"product_tag":[1293],"yoast_head":"<!-- This site is optimized with the Yoast SEO plugin v15.3 - https:\/\/yoast.com\/wordpress\/plugins\/seo\/ -->\n<title>Monofili Plus 30 Bianco - Vanguard - Pesca Fish<\/title>\n<meta name=\"robots\" content=\"index, follow, max-snippet:-1, max-image-preview:large, max-video-preview:-1\" \/>\n<link rel=\"canonical\" href=\"https:\/\/www.pescafish.it\/new\/prodotto\/monofili-plus-30-bianco-vanguard\/\" \/>\n<meta property=\"og:locale\" content=\"it_IT\" \/>\n<meta property=\"og:type\" content=\"article\" \/>\n<meta property=\"og:title\" content=\"Monofili Plus 30 Bianco - Vanguard - Pesca Fish\" \/>\n<meta property=\"og:description\" content=\"I nuovi co-polimeri con cui \u00e8 stato realizzato, lo pongono tra i pi\u00f9 resistenti monofili presenti sul mercato. Pi\u00f9 tenace al nodo del 30% rispetto a tutti gli altri, ed estremamente morbido, lo rendono insuperabile per ogni esigenza di pesca. Disponibile nei seguenti diametri: VA906\/28\u00a0 \u22050,28mm &#8211; 15kg &#8211; 1200 mt VA906\/30\u00a0 \u22050,30mm &#8211; 16kg [&hellip;]\" \/>\n<meta property=\"og:url\" content=\"https:\/\/www.pescafish.it\/new\/prodotto\/monofili-plus-30-bianco-vanguard\/\" \/>\n<meta property=\"og:site_name\" content=\"Pesca Fish\" \/>\n<meta property=\"article:publisher\" content=\"https:\/\/www.facebook.com\/pescafishvr\/\" \/>\n<meta property=\"article:modified_time\" content=\"2025-06-20T14:15:00+00:00\" \/>\n<meta property=\"og:image\" content=\"https:\/\/www.pescafish.it\/new\/wp-content\/uploads\/2015\/12\/99321d9664d2b356bbda3bcc9045f9d7.jpg\" \/>\n\t<meta property=\"og:image:width\" content=\"400\" \/>\n\t<meta property=\"og:image:height\" content=\"294\" \/>\n<meta name=\"twitter:card\" content=\"summary_large_image\" \/>\n<meta name=\"twitter:label1\" content=\"Scritto da\">\n\t<meta name=\"twitter:data1\" content=\"francesca\">\n\t<meta name=\"twitter:label2\" content=\"Tempo di lettura stimato\">\n\t<meta name=\"twitter:data2\" content=\"0 minuti\">\n<script type=\"application\/ld+json\" class=\"yoast-schema-graph\">{\"@context\":\"https:\/\/schema.org\",\"@graph\":[{\"@type\":\"WebSite\",\"@id\":\"https:\/\/www.pescafish.it\/new\/#website\",\"url\":\"https:\/\/www.pescafish.it\/new\/\",\"name\":\"Pesca Fish\",\"description\":\"Benvenuti sul nostro sito!\",\"potentialAction\":[{\"@type\":\"SearchAction\",\"target\":\"https:\/\/www.pescafish.it\/new\/?s={search_term_string}\",\"query-input\":\"required name=search_term_string\"}],\"inLanguage\":\"it-IT\"},{\"@type\":\"ImageObject\",\"@id\":\"https:\/\/www.pescafish.it\/new\/prodotto\/monofili-plus-30-bianco-vanguard\/#primaryimage\",\"inLanguage\":\"it-IT\",\"url\":\"https:\/\/www.pescafish.it\/new\/wp-content\/uploads\/2015\/12\/99321d9664d2b356bbda3bcc9045f9d7.jpg\",\"width\":400,\"height\":294},{\"@type\":\"WebPage\",\"@id\":\"https:\/\/www.pescafish.it\/new\/prodotto\/monofili-plus-30-bianco-vanguard\/#webpage\",\"url\":\"https:\/\/www.pescafish.it\/new\/prodotto\/monofili-plus-30-bianco-vanguard\/\",\"name\":\"Monofili Plus 30 Bianco - Vanguard - Pesca Fish\",\"isPartOf\":{\"@id\":\"https:\/\/www.pescafish.it\/new\/#website\"},\"primaryImageOfPage\":{\"@id\":\"https:\/\/www.pescafish.it\/new\/prodotto\/monofili-plus-30-bianco-vanguard\/#primaryimage\"},\"datePublished\":\"2015-12-01T10:37:27+00:00\",\"dateModified\":\"2025-06-20T14:15:00+00:00\",\"inLanguage\":\"it-IT\",\"potentialAction\":[{\"@type\":\"ReadAction\",\"target\":[\"https:\/\/www.pescafish.it\/new\/prodotto\/monofili-plus-30-bianco-vanguard\/\"]}]}]}<\/script>\n<!-- \/ Yoast SEO plugin. -->","_links":{"self":[{"href":"https:\/\/www.pescafish.it\/new\/wp-json\/wp\/v2\/product\/4605"}],"collection":[{"href":"https:\/\/www.pescafish.it\/new\/wp-json\/wp\/v2\/product"}],"about":[{"href":"https:\/\/www.pescafish.it\/new\/wp-json\/wp\/v2\/types\/product"}],"replies":[{"embeddable":true,"href":"https:\/\/www.pescafish.it\/new\/wp-json\/wp\/v2\/comments?post=4605"}],"wp:featuredmedia":[{"embeddable":true,"href":"https:\/\/www.pescafish.it\/new\/wp-json\/wp\/v2\/media\/23805"}],"wp:attachment":[{"href":"https:\/\/www.pescafish.it\/new\/wp-json\/wp\/v2\/media?parent=4605"}],"wp:term":[{"taxonomy":"product_cat","embeddable":true,"href":"https:\/\/www.pescafish.it\/new\/wp-json\/wp\/v2\/product_cat?post=4605"},{"taxonomy":"product_tag","embeddable":true,"href":"https:\/\/www.pescafish.it\/new\/wp-json\/wp\/v2\/product_tag?post=4605"}],"curies":[{"name":"wp","href":"https:\/\/api.w.org\/{rel}","templated":true}]}}