{"id":45884,"date":"2018-02-21T09:01:25","date_gmt":"2018-02-21T08:01:25","guid":{"rendered":"http:\/\/www.pescafish.it\/new\/?post_type=product&#038;p=45884"},"modified":"2018-02-21T09:14:26","modified_gmt":"2018-02-21T08:14:26","slug":"canna-horizon-xc-class-3-8m-70g-3pz-matrix-fox","status":"publish","type":"product","link":"https:\/\/www.pescafish.it\/new\/prodotto\/canna-horizon-xc-class-3-8m-70g-3pz-matrix-fox\/","title":{"rendered":"Canna Horizon XC Class 3.8m 70g 3pz &#8211; Matrix Fox"},"content":{"rendered":"<p>Le canne Horizon XC Class Feeder sono state sviluppate per seguire l&#8217;apprezzatissimo range S-Class. Questo range combina una fantastica azione di pesca ad una notevole capacit\u00e0 in termini di lancio. Il nuovo range XC \u00e8 caratterizzato da blank pi\u00f9 sottili e meglio bilanciati, con anelli larghi che consentono di raggiungere distanze di 60\/70 metri in modo accurato. Perfette per pescare in acque naturali breme e pesce bianco.<strong><\/p>\n<p>Caratteristiche:<\/strong><br \/>\n\u2022 Blank in carbonio ultra alto modulo<br \/>\n\u2022 Design in tre pezzi per una azione di lancio progressiva<br \/>\n\u2022 Anelli di dimensioni generose facilitano la capacit\u00e0 di lancio<br \/>\n\u2022 Blank ad azione veloce con struttura sottile conica<br \/>\n\u2022 Disegnata per lanciare fino a 70g<br \/>\n\u2022 Fornita con 2 punte (1,5 oz e\u00a0 2 oz)<br \/>\n\u2022 Le punte sono intercambiabili con le canne Horizon Carp &amp; XS rods<br \/>\n\u2022 Design esclusivo del tessuto di carbonio applicato ad entrambe le sezioni<br \/>\n\u2022 Manico in sughero di grado elevato ed EVA composito<br \/>\n\u2022 Lunghezza 3.8 m<\/p>\n","protected":false},"excerpt":{"rendered":"<p>Le canne Horizon XC Class Feeder sono state sviluppate per seguire l&#8217;apprezzatissimo range S-Class. Questo range combina una fantastica azione di pesca ad una notevole capacit\u00e0 in termini di lancio. Il nuovo range XC \u00e8 caratterizzato da blank pi\u00f9 sottili e meglio bilanciati, con anelli larghi che consentono di raggiungere distanze di 60\/70 metri in [&hellip;]<\/p>\n","protected":false},"featured_media":45885,"comment_status":"open","ping_status":"closed","template":"","meta":[],"product_cat":[318],"product_tag":[],"yoast_head":"<!-- This site is optimized with the Yoast SEO plugin v15.3 - https:\/\/yoast.com\/wordpress\/plugins\/seo\/ -->\n<title>Canna Horizon XC Class 3.8m 70g 3pz - Matrix Fox - Pesca Fish<\/title>\n<meta name=\"robots\" content=\"index, follow, max-snippet:-1, max-image-preview:large, max-video-preview:-1\" \/>\n<link rel=\"canonical\" href=\"https:\/\/www.pescafish.it\/new\/prodotto\/canna-horizon-xc-class-3-8m-70g-3pz-matrix-fox\/\" \/>\n<meta property=\"og:locale\" content=\"it_IT\" \/>\n<meta property=\"og:type\" content=\"article\" \/>\n<meta property=\"og:title\" content=\"Canna Horizon XC Class 3.8m 70g 3pz - Matrix Fox - Pesca Fish\" \/>\n<meta property=\"og:description\" content=\"Le canne Horizon XC Class Feeder sono state sviluppate per seguire l&#8217;apprezzatissimo range S-Class. Questo range combina una fantastica azione di pesca ad una notevole capacit\u00e0 in termini di lancio. Il nuovo range XC \u00e8 caratterizzato da blank pi\u00f9 sottili e meglio bilanciati, con anelli larghi che consentono di raggiungere distanze di 60\/70 metri in [&hellip;]\" \/>\n<meta property=\"og:url\" content=\"https:\/\/www.pescafish.it\/new\/prodotto\/canna-horizon-xc-class-3-8m-70g-3pz-matrix-fox\/\" \/>\n<meta property=\"og:site_name\" content=\"Pesca Fish\" \/>\n<meta property=\"article:publisher\" content=\"https:\/\/www.facebook.com\/pescafishvr\/\" \/>\n<meta property=\"article:modified_time\" content=\"2018-02-21T08:14:26+00:00\" \/>\n<meta property=\"og:image\" content=\"https:\/\/www.pescafish.it\/new\/wp-content\/uploads\/2018\/02\/GRD112.jpg\" \/>\n\t<meta property=\"og:image:width\" content=\"1000\" \/>\n\t<meta property=\"og:image:height\" content=\"1068\" \/>\n<meta name=\"twitter:card\" content=\"summary_large_image\" \/>\n<meta name=\"twitter:label1\" content=\"Scritto da\">\n\t<meta name=\"twitter:data1\" content=\"francesca\">\n\t<meta name=\"twitter:label2\" content=\"Tempo di lettura stimato\">\n\t<meta name=\"twitter:data2\" content=\"1 minuto\">\n<script type=\"application\/ld+json\" class=\"yoast-schema-graph\">{\"@context\":\"https:\/\/schema.org\",\"@graph\":[{\"@type\":\"WebSite\",\"@id\":\"https:\/\/www.pescafish.it\/new\/#website\",\"url\":\"https:\/\/www.pescafish.it\/new\/\",\"name\":\"Pesca Fish\",\"description\":\"Benvenuti sul nostro sito!\",\"potentialAction\":[{\"@type\":\"SearchAction\",\"target\":\"https:\/\/www.pescafish.it\/new\/?s={search_term_string}\",\"query-input\":\"required name=search_term_string\"}],\"inLanguage\":\"it-IT\"},{\"@type\":\"ImageObject\",\"@id\":\"https:\/\/www.pescafish.it\/new\/prodotto\/canna-horizon-xc-class-3-8m-70g-3pz-matrix-fox\/#primaryimage\",\"inLanguage\":\"it-IT\",\"url\":\"https:\/\/www.pescafish.it\/new\/wp-content\/uploads\/2018\/02\/GRD112.jpg\",\"width\":1000,\"height\":1068},{\"@type\":\"WebPage\",\"@id\":\"https:\/\/www.pescafish.it\/new\/prodotto\/canna-horizon-xc-class-3-8m-70g-3pz-matrix-fox\/#webpage\",\"url\":\"https:\/\/www.pescafish.it\/new\/prodotto\/canna-horizon-xc-class-3-8m-70g-3pz-matrix-fox\/\",\"name\":\"Canna Horizon XC Class 3.8m 70g 3pz - Matrix Fox - Pesca Fish\",\"isPartOf\":{\"@id\":\"https:\/\/www.pescafish.it\/new\/#website\"},\"primaryImageOfPage\":{\"@id\":\"https:\/\/www.pescafish.it\/new\/prodotto\/canna-horizon-xc-class-3-8m-70g-3pz-matrix-fox\/#primaryimage\"},\"datePublished\":\"2018-02-21T08:01:25+00:00\",\"dateModified\":\"2018-02-21T08:14:26+00:00\",\"inLanguage\":\"it-IT\",\"potentialAction\":[{\"@type\":\"ReadAction\",\"target\":[\"https:\/\/www.pescafish.it\/new\/prodotto\/canna-horizon-xc-class-3-8m-70g-3pz-matrix-fox\/\"]}]}]}<\/script>\n<!-- \/ Yoast SEO plugin. -->","_links":{"self":[{"href":"https:\/\/www.pescafish.it\/new\/wp-json\/wp\/v2\/product\/45884"}],"collection":[{"href":"https:\/\/www.pescafish.it\/new\/wp-json\/wp\/v2\/product"}],"about":[{"href":"https:\/\/www.pescafish.it\/new\/wp-json\/wp\/v2\/types\/product"}],"replies":[{"embeddable":true,"href":"https:\/\/www.pescafish.it\/new\/wp-json\/wp\/v2\/comments?post=45884"}],"wp:featuredmedia":[{"embeddable":true,"href":"https:\/\/www.pescafish.it\/new\/wp-json\/wp\/v2\/media\/45885"}],"wp:attachment":[{"href":"https:\/\/www.pescafish.it\/new\/wp-json\/wp\/v2\/media?parent=45884"}],"wp:term":[{"taxonomy":"product_cat","embeddable":true,"href":"https:\/\/www.pescafish.it\/new\/wp-json\/wp\/v2\/product_cat?post=45884"},{"taxonomy":"product_tag","embeddable":true,"href":"https:\/\/www.pescafish.it\/new\/wp-json\/wp\/v2\/product_tag?post=45884"}],"curies":[{"name":"wp","href":"https:\/\/api.w.org\/{rel}","templated":true}]}}