{"id":45377,"date":"2018-01-08T16:02:00","date_gmt":"2018-01-08T15:02:00","guid":{"rendered":"http:\/\/www.pescafish.it\/new\/?post_type=product&#038;p=45377"},"modified":"2025-05-07T09:44:44","modified_gmt":"2025-05-07T07:44:44","slug":"bank-life-gazebo-nash","status":"publish","type":"product","link":"https:\/\/www.pescafish.it\/new\/prodotto\/bank-life-gazebo-nash\/","title":{"rendered":"Bank Life Gazebo &#8211; Nash"},"content":{"rendered":"<h2>Bank Life Gazebo Nash<\/h2>\n<p>Il Bank Life Gazebo \u00e8 perfetto per le vostre sessioni di pesca all&#8217;aria aperta, per socializzare e per riunirsi in gruppo e magari paragonare le vostre catture, mangiare e bere insieme durante le lunghe sessioni. Questo Gazebo \u00e8 stato realizzato secondo il tipico pensiero Nash. Nonostante la grande pianta del piano lunga pi\u00f9 di sette piedi (2.1 metri), \u00e8 facilissimo da montare anche da una sola persona grazie all&#8217;affidabile concetto della sua struttura. Le aste non devono essere adattate insieme, il resistente telaio in alluminio rimane sempre collegato. Dovrete semplicemente premere i collari ad azione Quick Lock e scorrere per estendere le aste laterali: in questo modo si bloccheranno automaticamente al proprio posto, mentre la parte centrale si occuper\u00e0 della forma finita del Gazebo. Il Gazebo dispone di porte in tutti e quattro i lati, tra cui una di queste si presenta doppia e provvista di zip con cinghie e rete per fissarla, le altre invece dispongono di aperture singole centrali e di attacchi elastici. Due delle quattro porte laterali dispongono di pannelli anti-intemperie in Velcro con rete interna per l&#8217;aria fresca. Un bel tocco sarebbe quello di fare affacciare le entrate delle vostre tende Double Top e Titan al gazebo, trasformando cos\u00ec il vostro ambiente in qualcosa di unico.<\/p>\n<p><strong>Caratteristiche:<\/strong><br \/>\n\u2022 Nylon rivestito 420D PU<br \/>\n\u2022 Doppi supporti angolari sulle gambe per una maggiore stabilit\u00e0<br \/>\n\u2022 Assemblaggio per persona singola<br \/>\n\u2022 Concetto telaio rigido, niente connessioni ad asta richieste<br \/>\n\u2022 Estensione telaio con sistema One Touch e bloccaggio<br \/>\n\u2022 Tasche interne in rete in ogni angolo per contenere accessori<br \/>\n\u2022 Fornito di picchetti T Pegs e borsa di trasporto<\/p>\n<p><strong>Misure:<\/strong> (Altezza) 240 cm (D) 330 cm (Larghezza) 330 cm<br \/>\n<strong>Con pavimento:<\/strong> 21 kg<br \/>\n<strong>Senza pavimento:<\/strong> 16.8 kg<\/p>\n<p><strong>Tipologie:<\/strong><br \/>\n<strong>KNT1200<\/strong> Gazebo<br \/>\n<strong>KNT1304<\/strong>\u00a0 Gazebo Groudsheet<\/p>\n","protected":false},"excerpt":{"rendered":"<p>Bank Life Gazebo Nash Il Bank Life Gazebo \u00e8 perfetto per le vostre sessioni di pesca all&#8217;aria aperta, per socializzare e per riunirsi in gruppo e magari paragonare le vostre catture, mangiare e bere insieme durante le lunghe sessioni. Questo Gazebo \u00e8 stato realizzato secondo il tipico pensiero Nash. Nonostante la grande pianta del piano [&hellip;]<\/p>\n","protected":false},"featured_media":45378,"comment_status":"closed","ping_status":"closed","template":"","meta":[],"product_cat":[429],"product_tag":[1024],"yoast_head":"<!-- This site is optimized with the Yoast SEO plugin v15.3 - https:\/\/yoast.com\/wordpress\/plugins\/seo\/ -->\n<title>Bank Life Gazebo - Nash - Pesca Fish<\/title>\n<meta name=\"description\" content=\"Bank Life Gazebo - Nash | Per informazioni scriveteci a info@pescafish.it oppure contattateci allo 045\/6100748\" \/>\n<meta name=\"robots\" content=\"index, follow, max-snippet:-1, max-image-preview:large, max-video-preview:-1\" \/>\n<link rel=\"canonical\" href=\"https:\/\/www.pescafish.it\/new\/prodotto\/bank-life-gazebo-nash\/\" \/>\n<meta property=\"og:locale\" content=\"it_IT\" \/>\n<meta property=\"og:type\" content=\"article\" \/>\n<meta property=\"og:title\" content=\"Bank Life Gazebo - Nash - Pesca Fish\" \/>\n<meta property=\"og:description\" content=\"Bank Life Gazebo - Nash | Per informazioni scriveteci a info@pescafish.it oppure contattateci allo 045\/6100748\" \/>\n<meta property=\"og:url\" content=\"https:\/\/www.pescafish.it\/new\/prodotto\/bank-life-gazebo-nash\/\" \/>\n<meta property=\"og:site_name\" content=\"Pesca Fish\" \/>\n<meta property=\"article:publisher\" content=\"https:\/\/www.facebook.com\/pescafishvr\/\" \/>\n<meta property=\"article:modified_time\" content=\"2025-05-07T07:44:44+00:00\" \/>\n<meta property=\"og:image\" content=\"https:\/\/www.pescafish.it\/new\/wp-content\/uploads\/2018\/01\/GAZEEBO.jpg\" \/>\n\t<meta property=\"og:image:width\" content=\"700\" \/>\n\t<meta property=\"og:image:height\" content=\"380\" \/>\n<meta name=\"twitter:card\" content=\"summary_large_image\" \/>\n<meta name=\"twitter:label1\" content=\"Scritto da\">\n\t<meta name=\"twitter:data1\" content=\"francesca\">\n\t<meta name=\"twitter:label2\" content=\"Tempo di lettura stimato\">\n\t<meta name=\"twitter:data2\" content=\"1 minuto\">\n<script type=\"application\/ld+json\" class=\"yoast-schema-graph\">{\"@context\":\"https:\/\/schema.org\",\"@graph\":[{\"@type\":\"WebSite\",\"@id\":\"https:\/\/www.pescafish.it\/new\/#website\",\"url\":\"https:\/\/www.pescafish.it\/new\/\",\"name\":\"Pesca Fish\",\"description\":\"Benvenuti sul nostro sito!\",\"potentialAction\":[{\"@type\":\"SearchAction\",\"target\":\"https:\/\/www.pescafish.it\/new\/?s={search_term_string}\",\"query-input\":\"required name=search_term_string\"}],\"inLanguage\":\"it-IT\"},{\"@type\":\"ImageObject\",\"@id\":\"https:\/\/www.pescafish.it\/new\/prodotto\/bank-life-gazebo-nash\/#primaryimage\",\"inLanguage\":\"it-IT\",\"url\":\"https:\/\/www.pescafish.it\/new\/wp-content\/uploads\/2018\/01\/GAZEEBO.jpg\",\"width\":700,\"height\":380,\"caption\":\"Bank Life Gazebo Nash\"},{\"@type\":\"WebPage\",\"@id\":\"https:\/\/www.pescafish.it\/new\/prodotto\/bank-life-gazebo-nash\/#webpage\",\"url\":\"https:\/\/www.pescafish.it\/new\/prodotto\/bank-life-gazebo-nash\/\",\"name\":\"Bank Life Gazebo - Nash - Pesca Fish\",\"isPartOf\":{\"@id\":\"https:\/\/www.pescafish.it\/new\/#website\"},\"primaryImageOfPage\":{\"@id\":\"https:\/\/www.pescafish.it\/new\/prodotto\/bank-life-gazebo-nash\/#primaryimage\"},\"datePublished\":\"2018-01-08T15:02:00+00:00\",\"dateModified\":\"2025-05-07T07:44:44+00:00\",\"description\":\"Bank Life Gazebo - Nash | Per informazioni scriveteci a info@pescafish.it oppure contattateci allo 045\/6100748\",\"inLanguage\":\"it-IT\",\"potentialAction\":[{\"@type\":\"ReadAction\",\"target\":[\"https:\/\/www.pescafish.it\/new\/prodotto\/bank-life-gazebo-nash\/\"]}]}]}<\/script>\n<!-- \/ Yoast SEO plugin. -->","_links":{"self":[{"href":"https:\/\/www.pescafish.it\/new\/wp-json\/wp\/v2\/product\/45377"}],"collection":[{"href":"https:\/\/www.pescafish.it\/new\/wp-json\/wp\/v2\/product"}],"about":[{"href":"https:\/\/www.pescafish.it\/new\/wp-json\/wp\/v2\/types\/product"}],"replies":[{"embeddable":true,"href":"https:\/\/www.pescafish.it\/new\/wp-json\/wp\/v2\/comments?post=45377"}],"wp:featuredmedia":[{"embeddable":true,"href":"https:\/\/www.pescafish.it\/new\/wp-json\/wp\/v2\/media\/45378"}],"wp:attachment":[{"href":"https:\/\/www.pescafish.it\/new\/wp-json\/wp\/v2\/media?parent=45377"}],"wp:term":[{"taxonomy":"product_cat","embeddable":true,"href":"https:\/\/www.pescafish.it\/new\/wp-json\/wp\/v2\/product_cat?post=45377"},{"taxonomy":"product_tag","embeddable":true,"href":"https:\/\/www.pescafish.it\/new\/wp-json\/wp\/v2\/product_tag?post=45377"}],"curies":[{"name":"wp","href":"https:\/\/api.w.org\/{rel}","templated":true}]}}