{"id":45131,"date":"2017-12-30T09:25:53","date_gmt":"2017-12-30T08:25:53","guid":{"rendered":"http:\/\/www.pescafish.it\/new\/?post_type=product&#038;p=45131"},"modified":"2026-03-13T11:11:22","modified_gmt":"2026-03-13T10:11:22","slug":"sculpo-dr-rattlin-molix","status":"publish","type":"product","link":"https:\/\/www.pescafish.it\/new\/prodotto\/sculpo-dr-rattlin-molix\/","title":{"rendered":"Sculpo DR Rattlin &#8211; Molix"},"content":{"rendered":"<h2>Sculpo DR Rattlin<\/h2>\n<p>Lo\u00a0SCULPO DR RATTLIN\u2019 USA SPECIAL EDITION\u00a0\u00e8 un crankbait di alto profilo tecnico che racchiude in s\u00e9 tutte le caratteristiche pi\u00f9 importanti che il pescatore ricerca in un artificiale di questa categoria: azione unica, funzionalit\u00e0 in pesca, innovazione, massima cura del finissaggio e dei dettagli. Lo\u00a0SCULPO DR RATTLIN\u2019 USA SPECIAL EDITION\u00a0ha un profilo ribassato tra le cui caratteristiche spicca un wobbling unico e molto marcato, ottenuto dopo lunghi test e un accurato studio sulla distribuzione dei pesi al suo interno (B.E.S.). Queste caratteristiche gli conferiscono un\u2019esclusivo movimento di nuoto ed eccezionali prestazioni anti incaglio tra gli ostacoli sommersi.<\/p>\n<p><strong>Azione: <\/strong>Floating<br \/>\n<strong>Peso:<\/strong>\u00a014 g \u2013 1\/2 oz<br \/>\n<strong>Lunghezza:<\/strong>\u00a05.5 cm \u2013 2-1\/4 in<\/p>\n<p><strong>Disponibile nelle seguenti colorazioni:<br \/>\nSCDRR-223\u00a0 <\/strong>Metal Perch<br \/>\n<strong>SCDRR-125<\/strong>\u00a0 Sunfish<br \/>\n<strong>SCDRR-126<\/strong>\u00a0 MX Ghost Minnow<br \/>\n<strong>SCDRR-12<\/strong>8\u00a0 MX Blu Back<br \/>\n<strong>SCDRR-446<\/strong>\u00a0 Mud Craw Orange Belly<br \/>\n<strong>SCDRR-455<\/strong>\u00a0 MX Perch<br \/>\n<strong>SCDRR-528<\/strong>\u00a0 Pearlescent Shad<br \/>\n<strong>SCDRR-219<\/strong>\u00a0 Mix Alburno<br \/>\n<strong>SCDRR-326<\/strong>\u00a0 Tennessee Shad<br \/>\n<strong>SCDRR-05<\/strong>\u00a0 05 &#8211; Alqueva\/Craw <span style=\"color: #ff0000;\"><strong>-NEW!!!-<\/strong><\/span><\/p>\n","protected":false},"excerpt":{"rendered":"<p>Sculpo DR Rattlin Lo\u00a0SCULPO DR RATTLIN\u2019 USA SPECIAL EDITION\u00a0\u00e8 un crankbait di alto profilo tecnico che racchiude in s\u00e9 tutte le caratteristiche pi\u00f9 importanti che il pescatore ricerca in un artificiale di questa categoria: azione unica, funzionalit\u00e0 in pesca, innovazione, massima cura del finissaggio e dei dettagli. Lo\u00a0SCULPO DR RATTLIN\u2019 USA SPECIAL EDITION\u00a0ha un profilo [&hellip;]<\/p>\n","protected":false},"featured_media":45133,"comment_status":"closed","ping_status":"closed","template":"","meta":[],"product_cat":[620],"product_tag":[1025],"yoast_head":"<!-- This site is optimized with the Yoast SEO plugin v15.3 - https:\/\/yoast.com\/wordpress\/plugins\/seo\/ -->\n<title>Sculpo DR Rattlin - Molix - Pesca Fish<\/title>\n<meta name=\"robots\" content=\"index, follow, max-snippet:-1, max-image-preview:large, max-video-preview:-1\" \/>\n<link rel=\"canonical\" href=\"https:\/\/www.pescafish.it\/new\/prodotto\/sculpo-dr-rattlin-molix\/\" \/>\n<meta property=\"og:locale\" content=\"it_IT\" \/>\n<meta property=\"og:type\" content=\"article\" \/>\n<meta property=\"og:title\" content=\"Sculpo DR Rattlin - Molix - Pesca Fish\" \/>\n<meta property=\"og:description\" content=\"Sculpo DR Rattlin Lo\u00a0SCULPO DR RATTLIN\u2019 USA SPECIAL EDITION\u00a0\u00e8 un crankbait di alto profilo tecnico che racchiude in s\u00e9 tutte le caratteristiche pi\u00f9 importanti che il pescatore ricerca in un artificiale di questa categoria: azione unica, funzionalit\u00e0 in pesca, innovazione, massima cura del finissaggio e dei dettagli. Lo\u00a0SCULPO DR RATTLIN\u2019 USA SPECIAL EDITION\u00a0ha un profilo [&hellip;]\" \/>\n<meta property=\"og:url\" content=\"https:\/\/www.pescafish.it\/new\/prodotto\/sculpo-dr-rattlin-molix\/\" \/>\n<meta property=\"og:site_name\" content=\"Pesca Fish\" \/>\n<meta property=\"article:publisher\" content=\"https:\/\/www.facebook.com\/pescafishvr\/\" \/>\n<meta property=\"article:modified_time\" content=\"2026-03-13T10:11:22+00:00\" \/>\n<meta property=\"og:image\" content=\"https:\/\/www.pescafish.it\/new\/wp-content\/uploads\/2017\/12\/Sculpo-DR-USA-Special-Edition_223-Metal-Perch.jpg\" \/>\n\t<meta property=\"og:image:width\" content=\"800\" \/>\n\t<meta property=\"og:image:height\" content=\"600\" \/>\n<meta name=\"twitter:card\" content=\"summary_large_image\" \/>\n<meta name=\"twitter:label1\" content=\"Scritto da\">\n\t<meta name=\"twitter:data1\" content=\"francesca\">\n\t<meta name=\"twitter:label2\" content=\"Tempo di lettura stimato\">\n\t<meta name=\"twitter:data2\" content=\"1 minuto\">\n<script type=\"application\/ld+json\" class=\"yoast-schema-graph\">{\"@context\":\"https:\/\/schema.org\",\"@graph\":[{\"@type\":\"WebSite\",\"@id\":\"https:\/\/www.pescafish.it\/new\/#website\",\"url\":\"https:\/\/www.pescafish.it\/new\/\",\"name\":\"Pesca Fish\",\"description\":\"Benvenuti sul nostro sito!\",\"potentialAction\":[{\"@type\":\"SearchAction\",\"target\":\"https:\/\/www.pescafish.it\/new\/?s={search_term_string}\",\"query-input\":\"required name=search_term_string\"}],\"inLanguage\":\"it-IT\"},{\"@type\":\"ImageObject\",\"@id\":\"https:\/\/www.pescafish.it\/new\/prodotto\/sculpo-dr-rattlin-molix\/#primaryimage\",\"inLanguage\":\"it-IT\",\"url\":\"https:\/\/www.pescafish.it\/new\/wp-content\/uploads\/2017\/12\/Sculpo-DR-USA-Special-Edition_223-Metal-Perch.jpg\",\"width\":800,\"height\":600,\"caption\":\"sculpo molix\"},{\"@type\":\"WebPage\",\"@id\":\"https:\/\/www.pescafish.it\/new\/prodotto\/sculpo-dr-rattlin-molix\/#webpage\",\"url\":\"https:\/\/www.pescafish.it\/new\/prodotto\/sculpo-dr-rattlin-molix\/\",\"name\":\"Sculpo DR Rattlin - Molix - Pesca Fish\",\"isPartOf\":{\"@id\":\"https:\/\/www.pescafish.it\/new\/#website\"},\"primaryImageOfPage\":{\"@id\":\"https:\/\/www.pescafish.it\/new\/prodotto\/sculpo-dr-rattlin-molix\/#primaryimage\"},\"datePublished\":\"2017-12-30T08:25:53+00:00\",\"dateModified\":\"2026-03-13T10:11:22+00:00\",\"inLanguage\":\"it-IT\",\"potentialAction\":[{\"@type\":\"ReadAction\",\"target\":[\"https:\/\/www.pescafish.it\/new\/prodotto\/sculpo-dr-rattlin-molix\/\"]}]}]}<\/script>\n<!-- \/ Yoast SEO plugin. -->","_links":{"self":[{"href":"https:\/\/www.pescafish.it\/new\/wp-json\/wp\/v2\/product\/45131"}],"collection":[{"href":"https:\/\/www.pescafish.it\/new\/wp-json\/wp\/v2\/product"}],"about":[{"href":"https:\/\/www.pescafish.it\/new\/wp-json\/wp\/v2\/types\/product"}],"replies":[{"embeddable":true,"href":"https:\/\/www.pescafish.it\/new\/wp-json\/wp\/v2\/comments?post=45131"}],"wp:featuredmedia":[{"embeddable":true,"href":"https:\/\/www.pescafish.it\/new\/wp-json\/wp\/v2\/media\/45133"}],"wp:attachment":[{"href":"https:\/\/www.pescafish.it\/new\/wp-json\/wp\/v2\/media?parent=45131"}],"wp:term":[{"taxonomy":"product_cat","embeddable":true,"href":"https:\/\/www.pescafish.it\/new\/wp-json\/wp\/v2\/product_cat?post=45131"},{"taxonomy":"product_tag","embeddable":true,"href":"https:\/\/www.pescafish.it\/new\/wp-json\/wp\/v2\/product_tag?post=45131"}],"curies":[{"name":"wp","href":"https:\/\/api.w.org\/{rel}","templated":true}]}}