{"id":45114,"date":"2017-12-29T19:06:34","date_gmt":"2017-12-29T18:06:34","guid":{"rendered":"http:\/\/www.pescafish.it\/new\/?post_type=product&#038;p=45114"},"modified":"2023-08-16T11:40:23","modified_gmt":"2023-08-16T09:40:23","slug":"skirmjan-70-spinning-ex-fast-molix","status":"publish","type":"product","link":"https:\/\/www.pescafish.it\/new\/prodotto\/skirmjan-70-spinning-ex-fast-molix\/","title":{"rendered":"Skirmjan 7&#8217;3&#8243; Spinning EX Fast &#8211; Molix"},"content":{"rendered":"<h2>Skirmjan 7&#8217;3&#8243; Spinning EX Fast<\/h2>\n<p>Per gli amanti delle pesche ultra leggere, light rockfishing e street fishing, Molix ha disegnato la MSK-SW-732S Light Game Special. Questa canna sar\u00e0 anche leggera ma sicuramente non \u00e8 debole, anche se il cimino riesce a trasmettere l\u2019impercettibile tocca del pi\u00f9 piccolo dei predatori, la schiena della canna sapr\u00e0 alzare la voce quando si tratta di chiudere un combattimento pi\u00f9 serio. La canna \u00e8 in due pezzi, ha il solid tip e manico in EVA.<\/p>\n<p><strong>Lunghezza:<\/strong> 7\u20193\u201d (220cm)<br \/>\n<strong>Cast: <\/strong>0,5-7 g.<strong>\u00a0<\/strong><br \/>\n<strong>Line: <\/strong>2-5 lb.<br \/>\n<strong>Azione: <\/strong>ExtraFast<\/p>\n<p>&nbsp;<\/p>\n","protected":false},"excerpt":{"rendered":"<p>Skirmjan 7&#8217;3&#8243; Spinning EX Fast Per gli amanti delle pesche ultra leggere, light rockfishing e street fishing, Molix ha disegnato la MSK-SW-732S Light Game Special. Questa canna sar\u00e0 anche leggera ma sicuramente non \u00e8 debole, anche se il cimino riesce a trasmettere l\u2019impercettibile tocca del pi\u00f9 piccolo dei predatori, la schiena della canna sapr\u00e0 alzare [&hellip;]<\/p>\n","protected":false},"featured_media":45116,"comment_status":"closed","ping_status":"closed","template":"","meta":[],"product_cat":[302],"product_tag":[1025],"yoast_head":"<!-- This site is optimized with the Yoast SEO plugin v15.3 - https:\/\/yoast.com\/wordpress\/plugins\/seo\/ -->\n<title>Skirmjan 7&#039;3&quot; Spinning EX Fast - Molix - Pesca Fish<\/title>\n<meta name=\"robots\" content=\"index, follow, max-snippet:-1, max-image-preview:large, max-video-preview:-1\" \/>\n<link rel=\"canonical\" href=\"https:\/\/www.pescafish.it\/new\/prodotto\/skirmjan-70-spinning-ex-fast-molix\/\" \/>\n<meta property=\"og:locale\" content=\"it_IT\" \/>\n<meta property=\"og:type\" content=\"article\" \/>\n<meta property=\"og:title\" content=\"Skirmjan 7&#039;3&quot; Spinning EX Fast - Molix - Pesca Fish\" \/>\n<meta property=\"og:description\" content=\"Skirmjan 7&#8217;3&#8243; Spinning EX Fast Per gli amanti delle pesche ultra leggere, light rockfishing e street fishing, Molix ha disegnato la MSK-SW-732S Light Game Special. Questa canna sar\u00e0 anche leggera ma sicuramente non \u00e8 debole, anche se il cimino riesce a trasmettere l\u2019impercettibile tocca del pi\u00f9 piccolo dei predatori, la schiena della canna sapr\u00e0 alzare [&hellip;]\" \/>\n<meta property=\"og:url\" content=\"https:\/\/www.pescafish.it\/new\/prodotto\/skirmjan-70-spinning-ex-fast-molix\/\" \/>\n<meta property=\"og:site_name\" content=\"Pesca Fish\" \/>\n<meta property=\"article:publisher\" content=\"https:\/\/www.facebook.com\/pescafishvr\/\" \/>\n<meta property=\"article:modified_time\" content=\"2023-08-16T09:40:23+00:00\" \/>\n<meta property=\"og:image\" content=\"https:\/\/www.pescafish.it\/new\/wp-content\/uploads\/2017\/12\/skirmjan-saltwater-prodotto-2.jpg\" \/>\n\t<meta property=\"og:image:width\" content=\"1200\" \/>\n\t<meta property=\"og:image:height\" content=\"900\" \/>\n<meta name=\"twitter:card\" content=\"summary_large_image\" \/>\n<meta name=\"twitter:label1\" content=\"Scritto da\">\n\t<meta name=\"twitter:data1\" content=\"francesca\">\n\t<meta name=\"twitter:label2\" content=\"Tempo di lettura stimato\">\n\t<meta name=\"twitter:data2\" content=\"0 minuti\">\n<script type=\"application\/ld+json\" class=\"yoast-schema-graph\">{\"@context\":\"https:\/\/schema.org\",\"@graph\":[{\"@type\":\"WebSite\",\"@id\":\"https:\/\/www.pescafish.it\/new\/#website\",\"url\":\"https:\/\/www.pescafish.it\/new\/\",\"name\":\"Pesca Fish\",\"description\":\"Benvenuti sul nostro sito!\",\"potentialAction\":[{\"@type\":\"SearchAction\",\"target\":\"https:\/\/www.pescafish.it\/new\/?s={search_term_string}\",\"query-input\":\"required name=search_term_string\"}],\"inLanguage\":\"it-IT\"},{\"@type\":\"ImageObject\",\"@id\":\"https:\/\/www.pescafish.it\/new\/prodotto\/skirmjan-70-spinning-ex-fast-molix\/#primaryimage\",\"inLanguage\":\"it-IT\",\"url\":\"https:\/\/www.pescafish.it\/new\/wp-content\/uploads\/2017\/12\/skirmjan-saltwater-prodotto-2.jpg\",\"width\":1200,\"height\":900},{\"@type\":\"WebPage\",\"@id\":\"https:\/\/www.pescafish.it\/new\/prodotto\/skirmjan-70-spinning-ex-fast-molix\/#webpage\",\"url\":\"https:\/\/www.pescafish.it\/new\/prodotto\/skirmjan-70-spinning-ex-fast-molix\/\",\"name\":\"Skirmjan 7'3\\\" Spinning EX Fast - Molix - Pesca Fish\",\"isPartOf\":{\"@id\":\"https:\/\/www.pescafish.it\/new\/#website\"},\"primaryImageOfPage\":{\"@id\":\"https:\/\/www.pescafish.it\/new\/prodotto\/skirmjan-70-spinning-ex-fast-molix\/#primaryimage\"},\"datePublished\":\"2017-12-29T18:06:34+00:00\",\"dateModified\":\"2023-08-16T09:40:23+00:00\",\"inLanguage\":\"it-IT\",\"potentialAction\":[{\"@type\":\"ReadAction\",\"target\":[\"https:\/\/www.pescafish.it\/new\/prodotto\/skirmjan-70-spinning-ex-fast-molix\/\"]}]}]}<\/script>\n<!-- \/ Yoast SEO plugin. -->","_links":{"self":[{"href":"https:\/\/www.pescafish.it\/new\/wp-json\/wp\/v2\/product\/45114"}],"collection":[{"href":"https:\/\/www.pescafish.it\/new\/wp-json\/wp\/v2\/product"}],"about":[{"href":"https:\/\/www.pescafish.it\/new\/wp-json\/wp\/v2\/types\/product"}],"replies":[{"embeddable":true,"href":"https:\/\/www.pescafish.it\/new\/wp-json\/wp\/v2\/comments?post=45114"}],"wp:featuredmedia":[{"embeddable":true,"href":"https:\/\/www.pescafish.it\/new\/wp-json\/wp\/v2\/media\/45116"}],"wp:attachment":[{"href":"https:\/\/www.pescafish.it\/new\/wp-json\/wp\/v2\/media?parent=45114"}],"wp:term":[{"taxonomy":"product_cat","embeddable":true,"href":"https:\/\/www.pescafish.it\/new\/wp-json\/wp\/v2\/product_cat?post=45114"},{"taxonomy":"product_tag","embeddable":true,"href":"https:\/\/www.pescafish.it\/new\/wp-json\/wp\/v2\/product_tag?post=45114"}],"curies":[{"name":"wp","href":"https:\/\/api.w.org\/{rel}","templated":true}]}}