{"id":45072,"date":"2017-12-29T17:15:51","date_gmt":"2017-12-29T16:15:51","guid":{"rendered":"http:\/\/www.pescafish.it\/new\/?post_type=product&#038;p=45072"},"modified":"2023-08-29T11:31:52","modified_gmt":"2023-08-29T09:31:52","slug":"jointed-sandeel-135-snking-molix","status":"publish","type":"product","link":"https:\/\/www.pescafish.it\/new\/prodotto\/jointed-sandeel-135-snking-molix\/","title":{"rendered":"Jointed Sandeel 135 Sinking &#8211; Molix"},"content":{"rendered":"<h2>Jointed Sandeel 135 Sinking<\/h2>\n<p>Imitazione di una piccola anguilla, preda preferita da molti tipi di predatori di mare e d\u2019acqua dolce. Le foci dei fiumi e gli ambienti salmastri sono sicuramente gli spot dove esprime al meglio le sue potenzialit\u00e0. La sua particolare azione risulta per\u00f2 vincente nei pi\u00f9 svariati ambienti. Non ha bisogno di recuperi particolarmente animati per risultare adescante; i recuperi lineari sono quelli che esaltano maggiormente il suo nuoto sinuoso e vibrante. Ottimo se utilizzato su bassi fondali. Target principale \u00e8 la Spigola ma \u00e8 ottima anche per Serra e Barracuda. Risulta efficace, con ottimi risultati, in acqua dolce per predatori come il Black Bass, il Luccio e piccoli Siluri.<\/p>\n<p><strong>Lunghezza: <\/strong>13,5 cm<strong><br \/>\nPeso: <\/strong>15 g<\/p>\n<p><strong>Disponibile nelle seguenti colorazioni:<\/strong><br \/>\n<strong>JS135S-243<\/strong>\u00a0 Eel<br \/>\n<strong>JS135S-245<\/strong>\u00a0 Ghost Brown<br \/>\n<strong>JS135S-217<\/strong>\u00a0 Ghost\u00a0White<br \/>\n<strong>JS135S-246<\/strong>\u00a0 Mat Crackle<br \/>\n<strong>JS135S-244\u00a0<\/strong> Needlefish<br \/>\n<strong>JS135S-08<\/strong>\u00a0 Silver Bait<\/p>\n","protected":false},"excerpt":{"rendered":"<p>Jointed Sandeel 135 Sinking Imitazione di una piccola anguilla, preda preferita da molti tipi di predatori di mare e d\u2019acqua dolce. Le foci dei fiumi e gli ambienti salmastri sono sicuramente gli spot dove esprime al meglio le sue potenzialit\u00e0. La sua particolare azione risulta per\u00f2 vincente nei pi\u00f9 svariati ambienti. Non ha bisogno di [&hellip;]<\/p>\n","protected":false},"featured_media":89389,"comment_status":"closed","ping_status":"closed","template":"","meta":[],"product_cat":[620],"product_tag":[1025],"yoast_head":"<!-- This site is optimized with the Yoast SEO plugin v15.3 - https:\/\/yoast.com\/wordpress\/plugins\/seo\/ -->\n<title>Jointed Sandeel 135 Sinking - Molix - Pesca Fish<\/title>\n<meta name=\"robots\" content=\"index, follow, max-snippet:-1, max-image-preview:large, max-video-preview:-1\" \/>\n<link rel=\"canonical\" href=\"https:\/\/www.pescafish.it\/new\/prodotto\/jointed-sandeel-135-snking-molix\/\" \/>\n<meta property=\"og:locale\" content=\"it_IT\" \/>\n<meta property=\"og:type\" content=\"article\" \/>\n<meta property=\"og:title\" content=\"Jointed Sandeel 135 Sinking - Molix - Pesca Fish\" \/>\n<meta property=\"og:description\" content=\"Jointed Sandeel 135 Sinking Imitazione di una piccola anguilla, preda preferita da molti tipi di predatori di mare e d\u2019acqua dolce. Le foci dei fiumi e gli ambienti salmastri sono sicuramente gli spot dove esprime al meglio le sue potenzialit\u00e0. La sua particolare azione risulta per\u00f2 vincente nei pi\u00f9 svariati ambienti. Non ha bisogno di [&hellip;]\" \/>\n<meta property=\"og:url\" content=\"https:\/\/www.pescafish.it\/new\/prodotto\/jointed-sandeel-135-snking-molix\/\" \/>\n<meta property=\"og:site_name\" content=\"Pesca Fish\" \/>\n<meta property=\"article:publisher\" content=\"https:\/\/www.facebook.com\/pescafishvr\/\" \/>\n<meta property=\"article:modified_time\" content=\"2023-08-29T09:31:52+00:00\" \/>\n<meta property=\"og:image\" content=\"https:\/\/www.pescafish.it\/new\/wp-content\/uploads\/2017\/12\/joint.sandeel_217-GHOST-WHITE.jpg\" \/>\n\t<meta property=\"og:image:width\" content=\"789\" \/>\n\t<meta property=\"og:image:height\" content=\"794\" \/>\n<meta name=\"twitter:card\" content=\"summary_large_image\" \/>\n<meta name=\"twitter:label1\" content=\"Scritto da\">\n\t<meta name=\"twitter:data1\" content=\"francesca\">\n\t<meta name=\"twitter:label2\" content=\"Tempo di lettura stimato\">\n\t<meta name=\"twitter:data2\" content=\"1 minuto\">\n<script type=\"application\/ld+json\" class=\"yoast-schema-graph\">{\"@context\":\"https:\/\/schema.org\",\"@graph\":[{\"@type\":\"WebSite\",\"@id\":\"https:\/\/www.pescafish.it\/new\/#website\",\"url\":\"https:\/\/www.pescafish.it\/new\/\",\"name\":\"Pesca Fish\",\"description\":\"Benvenuti sul nostro sito!\",\"potentialAction\":[{\"@type\":\"SearchAction\",\"target\":\"https:\/\/www.pescafish.it\/new\/?s={search_term_string}\",\"query-input\":\"required name=search_term_string\"}],\"inLanguage\":\"it-IT\"},{\"@type\":\"ImageObject\",\"@id\":\"https:\/\/www.pescafish.it\/new\/prodotto\/jointed-sandeel-135-snking-molix\/#primaryimage\",\"inLanguage\":\"it-IT\",\"url\":\"https:\/\/www.pescafish.it\/new\/wp-content\/uploads\/2017\/12\/joint.sandeel_217-GHOST-WHITE.jpg\",\"width\":789,\"height\":794,\"caption\":\"jointed sandeel molix\"},{\"@type\":\"WebPage\",\"@id\":\"https:\/\/www.pescafish.it\/new\/prodotto\/jointed-sandeel-135-snking-molix\/#webpage\",\"url\":\"https:\/\/www.pescafish.it\/new\/prodotto\/jointed-sandeel-135-snking-molix\/\",\"name\":\"Jointed Sandeel 135 Sinking - Molix - Pesca Fish\",\"isPartOf\":{\"@id\":\"https:\/\/www.pescafish.it\/new\/#website\"},\"primaryImageOfPage\":{\"@id\":\"https:\/\/www.pescafish.it\/new\/prodotto\/jointed-sandeel-135-snking-molix\/#primaryimage\"},\"datePublished\":\"2017-12-29T16:15:51+00:00\",\"dateModified\":\"2023-08-29T09:31:52+00:00\",\"inLanguage\":\"it-IT\",\"potentialAction\":[{\"@type\":\"ReadAction\",\"target\":[\"https:\/\/www.pescafish.it\/new\/prodotto\/jointed-sandeel-135-snking-molix\/\"]}]}]}<\/script>\n<!-- \/ Yoast SEO plugin. -->","_links":{"self":[{"href":"https:\/\/www.pescafish.it\/new\/wp-json\/wp\/v2\/product\/45072"}],"collection":[{"href":"https:\/\/www.pescafish.it\/new\/wp-json\/wp\/v2\/product"}],"about":[{"href":"https:\/\/www.pescafish.it\/new\/wp-json\/wp\/v2\/types\/product"}],"replies":[{"embeddable":true,"href":"https:\/\/www.pescafish.it\/new\/wp-json\/wp\/v2\/comments?post=45072"}],"wp:featuredmedia":[{"embeddable":true,"href":"https:\/\/www.pescafish.it\/new\/wp-json\/wp\/v2\/media\/89389"}],"wp:attachment":[{"href":"https:\/\/www.pescafish.it\/new\/wp-json\/wp\/v2\/media?parent=45072"}],"wp:term":[{"taxonomy":"product_cat","embeddable":true,"href":"https:\/\/www.pescafish.it\/new\/wp-json\/wp\/v2\/product_cat?post=45072"},{"taxonomy":"product_tag","embeddable":true,"href":"https:\/\/www.pescafish.it\/new\/wp-json\/wp\/v2\/product_tag?post=45072"}],"curies":[{"name":"wp","href":"https:\/\/api.w.org\/{rel}","templated":true}]}}