{"id":42865,"date":"2017-08-30T16:15:57","date_gmt":"2017-08-30T14:15:57","guid":{"rendered":"http:\/\/www.pescafish.it\/new\/?post_type=product&#038;p=42865"},"modified":"2023-01-21T10:27:33","modified_gmt":"2023-01-21T09:27:33","slug":"tackle-safe-korda","status":"publish","type":"product","link":"https:\/\/www.pescafish.it\/new\/prodotto\/tackle-safe-korda\/","title":{"rendered":"Tackle-Safe &#8211; Korda"},"content":{"rendered":"<h2>Tackle-Safe<\/h2>\n<p>Il TackleSafe \u00e8 l\u2019ultima aggiunta alla nostra gamma di porta minuteria e terminali ed \u00e8 stato progettato per diventare popolare come i gi\u00e0 esistenti Rigsafe e Chodsafe. \u00c8 un compatto sistema porta minuteria, completo di righello e di un morbido ed antiscivolo rivestimento esterno; \u00e8 perfetto per contenere l\u2019essenziale permettendoci di raggiungerlo velocemente e facilmente. Nella sezione base (la met\u00e0 pi\u00f9 profonda) \u00e8 presente uno scomparto aperto, perfettamente modellato per contenere bobine di trecciati o monofili per terminali, ma anche un paio di forbici, un Pulla o altri Rig Toolz.<br \/>\nA fianco di quest\u2019area centrale ci sono degli scompartimenti per tenere Lead Clips, Tail Rubbers o altri prodotti simili &#8211; ognuno ha un coperchio che impedisce alle clip di uscire ma facile da aprire in caso di bisogno.<br \/>\nAl lato opposto (la met\u00e0 meno profonda del design a \u201cconchiglia magnetica\u201d) sono presenti un certo numero di scompartimenti adatti ai piccoli oggetti metallici come anellini e girelle. Al centro sono posizionati due sezioni pi\u00f9 grandi &#8211; la prima \u00e8 abbastanza grande da contenere alcune buste di ami e la seconda per aghi da pesca, tubetti termorestringenti, guaine anti-tangle o prodotti simili.<\/p>\n","protected":false},"excerpt":{"rendered":"<p>Tackle-Safe Il TackleSafe \u00e8 l\u2019ultima aggiunta alla nostra gamma di porta minuteria e terminali ed \u00e8 stato progettato per diventare popolare come i gi\u00e0 esistenti Rigsafe e Chodsafe. \u00c8 un compatto sistema porta minuteria, completo di righello e di un morbido ed antiscivolo rivestimento esterno; \u00e8 perfetto per contenere l\u2019essenziale permettendoci di raggiungerlo velocemente e [&hellip;]<\/p>\n","protected":false},"featured_media":42866,"comment_status":"closed","ping_status":"closed","template":"","meta":[],"product_cat":[587],"product_tag":[1018],"yoast_head":"<!-- This site is optimized with the Yoast SEO plugin v15.3 - https:\/\/yoast.com\/wordpress\/plugins\/seo\/ -->\n<title>Tackle-Safe - Korda - Pesca Fish<\/title>\n<meta name=\"robots\" content=\"index, follow, max-snippet:-1, max-image-preview:large, max-video-preview:-1\" \/>\n<link rel=\"canonical\" href=\"https:\/\/www.pescafish.it\/new\/prodotto\/tackle-safe-korda\/\" \/>\n<meta property=\"og:locale\" content=\"it_IT\" \/>\n<meta property=\"og:type\" content=\"article\" \/>\n<meta property=\"og:title\" content=\"Tackle-Safe - Korda - Pesca Fish\" \/>\n<meta property=\"og:description\" content=\"Tackle-Safe Il TackleSafe \u00e8 l\u2019ultima aggiunta alla nostra gamma di porta minuteria e terminali ed \u00e8 stato progettato per diventare popolare come i gi\u00e0 esistenti Rigsafe e Chodsafe. \u00c8 un compatto sistema porta minuteria, completo di righello e di un morbido ed antiscivolo rivestimento esterno; \u00e8 perfetto per contenere l\u2019essenziale permettendoci di raggiungerlo velocemente e [&hellip;]\" \/>\n<meta property=\"og:url\" content=\"https:\/\/www.pescafish.it\/new\/prodotto\/tackle-safe-korda\/\" \/>\n<meta property=\"og:site_name\" content=\"Pesca Fish\" \/>\n<meta property=\"article:publisher\" content=\"https:\/\/www.facebook.com\/pescafishvr\/\" \/>\n<meta property=\"article:modified_time\" content=\"2023-01-21T09:27:33+00:00\" \/>\n<meta property=\"og:image\" content=\"https:\/\/www.pescafish.it\/new\/wp-content\/uploads\/2017\/08\/takle-box.jpg\" \/>\n\t<meta property=\"og:image:width\" content=\"650\" \/>\n\t<meta property=\"og:image:height\" content=\"432\" \/>\n<meta name=\"twitter:card\" content=\"summary_large_image\" \/>\n<meta name=\"twitter:label1\" content=\"Scritto da\">\n\t<meta name=\"twitter:data1\" content=\"francesca\">\n\t<meta name=\"twitter:label2\" content=\"Tempo di lettura stimato\">\n\t<meta name=\"twitter:data2\" content=\"1 minuto\">\n<script type=\"application\/ld+json\" class=\"yoast-schema-graph\">{\"@context\":\"https:\/\/schema.org\",\"@graph\":[{\"@type\":\"WebSite\",\"@id\":\"https:\/\/www.pescafish.it\/new\/#website\",\"url\":\"https:\/\/www.pescafish.it\/new\/\",\"name\":\"Pesca Fish\",\"description\":\"Benvenuti sul nostro sito!\",\"potentialAction\":[{\"@type\":\"SearchAction\",\"target\":\"https:\/\/www.pescafish.it\/new\/?s={search_term_string}\",\"query-input\":\"required name=search_term_string\"}],\"inLanguage\":\"it-IT\"},{\"@type\":\"ImageObject\",\"@id\":\"https:\/\/www.pescafish.it\/new\/prodotto\/tackle-safe-korda\/#primaryimage\",\"inLanguage\":\"it-IT\",\"url\":\"https:\/\/www.pescafish.it\/new\/wp-content\/uploads\/2017\/08\/takle-box.jpg\",\"width\":650,\"height\":432},{\"@type\":\"WebPage\",\"@id\":\"https:\/\/www.pescafish.it\/new\/prodotto\/tackle-safe-korda\/#webpage\",\"url\":\"https:\/\/www.pescafish.it\/new\/prodotto\/tackle-safe-korda\/\",\"name\":\"Tackle-Safe - Korda - Pesca Fish\",\"isPartOf\":{\"@id\":\"https:\/\/www.pescafish.it\/new\/#website\"},\"primaryImageOfPage\":{\"@id\":\"https:\/\/www.pescafish.it\/new\/prodotto\/tackle-safe-korda\/#primaryimage\"},\"datePublished\":\"2017-08-30T14:15:57+00:00\",\"dateModified\":\"2023-01-21T09:27:33+00:00\",\"inLanguage\":\"it-IT\",\"potentialAction\":[{\"@type\":\"ReadAction\",\"target\":[\"https:\/\/www.pescafish.it\/new\/prodotto\/tackle-safe-korda\/\"]}]}]}<\/script>\n<!-- \/ Yoast SEO plugin. -->","_links":{"self":[{"href":"https:\/\/www.pescafish.it\/new\/wp-json\/wp\/v2\/product\/42865"}],"collection":[{"href":"https:\/\/www.pescafish.it\/new\/wp-json\/wp\/v2\/product"}],"about":[{"href":"https:\/\/www.pescafish.it\/new\/wp-json\/wp\/v2\/types\/product"}],"replies":[{"embeddable":true,"href":"https:\/\/www.pescafish.it\/new\/wp-json\/wp\/v2\/comments?post=42865"}],"wp:featuredmedia":[{"embeddable":true,"href":"https:\/\/www.pescafish.it\/new\/wp-json\/wp\/v2\/media\/42866"}],"wp:attachment":[{"href":"https:\/\/www.pescafish.it\/new\/wp-json\/wp\/v2\/media?parent=42865"}],"wp:term":[{"taxonomy":"product_cat","embeddable":true,"href":"https:\/\/www.pescafish.it\/new\/wp-json\/wp\/v2\/product_cat?post=42865"},{"taxonomy":"product_tag","embeddable":true,"href":"https:\/\/www.pescafish.it\/new\/wp-json\/wp\/v2\/product_tag?post=42865"}],"curies":[{"name":"wp","href":"https:\/\/api.w.org\/{rel}","templated":true}]}}