{"id":42730,"date":"2017-08-17T10:35:15","date_gmt":"2017-08-17T08:35:15","guid":{"rendered":"http:\/\/www.pescafish.it\/new\/?post_type=product&#038;p=42730"},"modified":"2024-06-21T15:47:49","modified_gmt":"2024-06-21T13:47:49","slug":"hornet-floating-holograpich-grey-shiner-salmo","status":"publish","type":"product","link":"https:\/\/www.pescafish.it\/new\/prodotto\/hornet-floating-holograpich-grey-shiner-salmo\/","title":{"rendered":"Hornet Floating Holograpich Grey Shiner &#8211; Salmo"},"content":{"rendered":"<h2>Hornet Salmo Floating<\/h2>\n<p>Cos\u00ec come dovrebbe essere per un artificiale disegnato per i mostri, il modello HORNET 9 \u00e8 in grado di catturare il pi\u00f9 grosso dei siluri. Questo artificiale \u00e8 perfetto sia per il lancio che per il trolling. Le forti vibrazioni sulla punta della canna lo rendono molto agevole da osservare e controllare, anche in caso di traino a 50 metri di distanza dalla barca. Il luccio \u00e8 un&#8217;altra specie che trover\u00e0 difficile resistere a questo grande artificiale !<\/p>\n<p><strong>Caratteristiche:<\/strong><br \/>\n\u2022 \u00a0 Versione: Galleggiante<br \/>\n\u2022 \u00a0 Lunghezza: 9 cm<br \/>\n\u2022\u00a0\u00a0 Peso: 36 g<br \/>\n\u2022 \u00a0 Ami: Due-no.4<br \/>\n\u2022\u00a0\u00a0 Madrelenza Mono\/Trecciato: 0,35\/0,23 mm<br \/>\n\u2022 \u00a0 Profondit\u00e0 di lavoro Spinning\/Trolling: 3,5\/5,0 mm<\/p>\n","protected":false},"excerpt":{"rendered":"<p>Hornet Salmo Floating Cos\u00ec come dovrebbe essere per un artificiale disegnato per i mostri, il modello HORNET 9 \u00e8 in grado di catturare il pi\u00f9 grosso dei siluri. Questo artificiale \u00e8 perfetto sia per il lancio che per il trolling. Le forti vibrazioni sulla punta della canna lo rendono molto agevole da osservare e controllare, [&hellip;]<\/p>\n","protected":false},"featured_media":42731,"comment_status":"closed","ping_status":"closed","template":"","meta":[],"product_cat":[623],"product_tag":[1109],"yoast_head":"<!-- This site is optimized with the Yoast SEO plugin v15.3 - https:\/\/yoast.com\/wordpress\/plugins\/seo\/ -->\n<title>Hornet Floating Holograpich Grey Shiner - Salmo - Pesca Fish<\/title>\n<meta name=\"description\" content=\"Hornet Floating Holograpich Grey Shiner - Salmo Per informazioni scriveteci a info@pescafish.it oppure contattateci allo 045\/6100748\" \/>\n<meta name=\"robots\" content=\"index, follow, max-snippet:-1, max-image-preview:large, max-video-preview:-1\" \/>\n<link rel=\"canonical\" href=\"https:\/\/www.pescafish.it\/new\/prodotto\/hornet-floating-holograpich-grey-shiner-salmo\/\" \/>\n<meta property=\"og:locale\" content=\"it_IT\" \/>\n<meta property=\"og:type\" content=\"article\" \/>\n<meta property=\"og:title\" content=\"Hornet Floating Holograpich Grey Shiner - Salmo - Pesca Fish\" \/>\n<meta property=\"og:description\" content=\"Hornet Floating Holograpich Grey Shiner - Salmo Per informazioni scriveteci a info@pescafish.it oppure contattateci allo 045\/6100748\" \/>\n<meta property=\"og:url\" content=\"https:\/\/www.pescafish.it\/new\/prodotto\/hornet-floating-holograpich-grey-shiner-salmo\/\" \/>\n<meta property=\"og:site_name\" content=\"Pesca Fish\" \/>\n<meta property=\"article:publisher\" content=\"https:\/\/www.facebook.com\/pescafishvr\/\" \/>\n<meta property=\"article:modified_time\" content=\"2024-06-21T13:47:49+00:00\" \/>\n<meta property=\"og:image\" content=\"https:\/\/www.pescafish.it\/new\/wp-content\/uploads\/2017\/08\/hornet-floating-holograpich-grey-shiner.jpg\" \/>\n\t<meta property=\"og:image:width\" content=\"1000\" \/>\n\t<meta property=\"og:image:height\" content=\"488\" \/>\n<meta name=\"twitter:card\" content=\"summary_large_image\" \/>\n<meta name=\"twitter:label1\" content=\"Scritto da\">\n\t<meta name=\"twitter:data1\" content=\"francesca\">\n\t<meta name=\"twitter:label2\" content=\"Tempo di lettura stimato\">\n\t<meta name=\"twitter:data2\" content=\"0 minuti\">\n<script type=\"application\/ld+json\" class=\"yoast-schema-graph\">{\"@context\":\"https:\/\/schema.org\",\"@graph\":[{\"@type\":\"WebSite\",\"@id\":\"https:\/\/www.pescafish.it\/new\/#website\",\"url\":\"https:\/\/www.pescafish.it\/new\/\",\"name\":\"Pesca Fish\",\"description\":\"Benvenuti sul nostro sito!\",\"potentialAction\":[{\"@type\":\"SearchAction\",\"target\":\"https:\/\/www.pescafish.it\/new\/?s={search_term_string}\",\"query-input\":\"required name=search_term_string\"}],\"inLanguage\":\"it-IT\"},{\"@type\":\"ImageObject\",\"@id\":\"https:\/\/www.pescafish.it\/new\/prodotto\/hornet-floating-holograpich-grey-shiner-salmo\/#primaryimage\",\"inLanguage\":\"it-IT\",\"url\":\"https:\/\/www.pescafish.it\/new\/wp-content\/uploads\/2017\/08\/hornet-floating-holograpich-grey-shiner.jpg\",\"width\":1000,\"height\":488},{\"@type\":\"WebPage\",\"@id\":\"https:\/\/www.pescafish.it\/new\/prodotto\/hornet-floating-holograpich-grey-shiner-salmo\/#webpage\",\"url\":\"https:\/\/www.pescafish.it\/new\/prodotto\/hornet-floating-holograpich-grey-shiner-salmo\/\",\"name\":\"Hornet Floating Holograpich Grey Shiner - Salmo - Pesca Fish\",\"isPartOf\":{\"@id\":\"https:\/\/www.pescafish.it\/new\/#website\"},\"primaryImageOfPage\":{\"@id\":\"https:\/\/www.pescafish.it\/new\/prodotto\/hornet-floating-holograpich-grey-shiner-salmo\/#primaryimage\"},\"datePublished\":\"2017-08-17T08:35:15+00:00\",\"dateModified\":\"2024-06-21T13:47:49+00:00\",\"description\":\"Hornet Floating Holograpich Grey Shiner - Salmo Per informazioni scriveteci a info@pescafish.it oppure contattateci allo 045\/6100748\",\"inLanguage\":\"it-IT\",\"potentialAction\":[{\"@type\":\"ReadAction\",\"target\":[\"https:\/\/www.pescafish.it\/new\/prodotto\/hornet-floating-holograpich-grey-shiner-salmo\/\"]}]}]}<\/script>\n<!-- \/ Yoast SEO plugin. -->","_links":{"self":[{"href":"https:\/\/www.pescafish.it\/new\/wp-json\/wp\/v2\/product\/42730"}],"collection":[{"href":"https:\/\/www.pescafish.it\/new\/wp-json\/wp\/v2\/product"}],"about":[{"href":"https:\/\/www.pescafish.it\/new\/wp-json\/wp\/v2\/types\/product"}],"replies":[{"embeddable":true,"href":"https:\/\/www.pescafish.it\/new\/wp-json\/wp\/v2\/comments?post=42730"}],"wp:featuredmedia":[{"embeddable":true,"href":"https:\/\/www.pescafish.it\/new\/wp-json\/wp\/v2\/media\/42731"}],"wp:attachment":[{"href":"https:\/\/www.pescafish.it\/new\/wp-json\/wp\/v2\/media?parent=42730"}],"wp:term":[{"taxonomy":"product_cat","embeddable":true,"href":"https:\/\/www.pescafish.it\/new\/wp-json\/wp\/v2\/product_cat?post=42730"},{"taxonomy":"product_tag","embeddable":true,"href":"https:\/\/www.pescafish.it\/new\/wp-json\/wp\/v2\/product_tag?post=42730"}],"curies":[{"name":"wp","href":"https:\/\/api.w.org\/{rel}","templated":true}]}}