{"id":42521,"date":"2017-08-09T11:16:53","date_gmt":"2017-08-09T09:16:53","guid":{"rendered":"http:\/\/www.pescafish.it\/new\/?post_type=product&#038;p=42521"},"modified":"2024-02-02T10:29:41","modified_gmt":"2024-02-02T09:29:41","slug":"power-round-jighead-lrs-rapture","status":"publish","type":"product","link":"https:\/\/www.pescafish.it\/new\/prodotto\/power-round-jighead-lrs-rapture\/","title":{"rendered":"Power Round Jighead LRS &#8211; Rapture"},"content":{"rendered":"<p>La nostra gamma di round jigheads sono perfette per essere usate con le esche siliconiche e sono in grado di darvi risultati superiori se utilizzate in combinazione con le esche siliconiche Rapture Tournament \u00a0e Live Action Lures. Il gambo dell&#8217;amo presenta una zona adatta a trattenere l&#8217;esca senza rovinarla. Il posizionamento dell &#8216;occhiello a 90\u00b0 sull&#8217;asse dell&#8217;amo \u00e8 un classico in quanto permette di utilizzare le testine in una molteplicit\u00e0 di situazioni oltre la pesca in verticale.<br \/>\nPossono essere utilizzate cos\u00ec come escono dalla busta o potete pitturarle del colore che volete. La grammatura \u00e8 impressa nello stampo della testa cos\u00ec che non possa cancellarsi.<\/p>\n<p><strong>Disponibile nelle seguenti grammature:<br \/>\n188-33-460 \u00a0<\/strong>12g<strong><br \/>\n188-33-560 \u00a0<\/strong>15g<strong><br \/>\n188-33-660 \u00a0<\/strong>20g<\/p>\n<p><strong>Confezione da 3 pezzi.<\/strong><\/p>\n","protected":false},"excerpt":{"rendered":"<p>La nostra gamma di round jigheads sono perfette per essere usate con le esche siliconiche e sono in grado di darvi risultati superiori se utilizzate in combinazione con le esche siliconiche Rapture Tournament \u00a0e Live Action Lures. Il gambo dell&#8217;amo presenta una zona adatta a trattenere l&#8217;esca senza rovinarla. Il posizionamento dell &#8216;occhiello a 90\u00b0 [&hellip;]<\/p>\n","protected":false},"featured_media":42527,"comment_status":"open","ping_status":"closed","template":"","meta":[],"product_cat":[684],"product_tag":[],"yoast_head":"<!-- This site is optimized with the Yoast SEO plugin v15.3 - https:\/\/yoast.com\/wordpress\/plugins\/seo\/ -->\n<title>Power Round Jighead LRS - Rapture - Pesca Fish<\/title>\n<meta name=\"robots\" content=\"index, follow, max-snippet:-1, max-image-preview:large, max-video-preview:-1\" \/>\n<link rel=\"canonical\" href=\"https:\/\/www.pescafish.it\/new\/prodotto\/power-round-jighead-lrs-rapture\/\" \/>\n<meta property=\"og:locale\" content=\"it_IT\" \/>\n<meta property=\"og:type\" content=\"article\" \/>\n<meta property=\"og:title\" content=\"Power Round Jighead LRS - Rapture - Pesca Fish\" \/>\n<meta property=\"og:description\" content=\"La nostra gamma di round jigheads sono perfette per essere usate con le esche siliconiche e sono in grado di darvi risultati superiori se utilizzate in combinazione con le esche siliconiche Rapture Tournament \u00a0e Live Action Lures. Il gambo dell&#8217;amo presenta una zona adatta a trattenere l&#8217;esca senza rovinarla. Il posizionamento dell &#8216;occhiello a 90\u00b0 [&hellip;]\" \/>\n<meta property=\"og:url\" content=\"https:\/\/www.pescafish.it\/new\/prodotto\/power-round-jighead-lrs-rapture\/\" \/>\n<meta property=\"og:site_name\" content=\"Pesca Fish\" \/>\n<meta property=\"article:publisher\" content=\"https:\/\/www.facebook.com\/pescafishvr\/\" \/>\n<meta property=\"article:modified_time\" content=\"2024-02-02T09:29:41+00:00\" \/>\n<meta property=\"og:image\" content=\"https:\/\/www.pescafish.it\/new\/wp-content\/uploads\/2017\/08\/rapture-power-round-jigheads.jpg\" \/>\n\t<meta property=\"og:image:width\" content=\"260\" \/>\n\t<meta property=\"og:image:height\" content=\"260\" \/>\n<meta name=\"twitter:card\" content=\"summary_large_image\" \/>\n<meta name=\"twitter:label1\" content=\"Scritto da\">\n\t<meta name=\"twitter:data1\" content=\"francesca\">\n\t<meta name=\"twitter:label2\" content=\"Tempo di lettura stimato\">\n\t<meta name=\"twitter:data2\" content=\"0 minuti\">\n<script type=\"application\/ld+json\" class=\"yoast-schema-graph\">{\"@context\":\"https:\/\/schema.org\",\"@graph\":[{\"@type\":\"WebSite\",\"@id\":\"https:\/\/www.pescafish.it\/new\/#website\",\"url\":\"https:\/\/www.pescafish.it\/new\/\",\"name\":\"Pesca Fish\",\"description\":\"Benvenuti sul nostro sito!\",\"potentialAction\":[{\"@type\":\"SearchAction\",\"target\":\"https:\/\/www.pescafish.it\/new\/?s={search_term_string}\",\"query-input\":\"required name=search_term_string\"}],\"inLanguage\":\"it-IT\"},{\"@type\":\"ImageObject\",\"@id\":\"https:\/\/www.pescafish.it\/new\/prodotto\/power-round-jighead-lrs-rapture\/#primaryimage\",\"inLanguage\":\"it-IT\",\"url\":\"https:\/\/www.pescafish.it\/new\/wp-content\/uploads\/2017\/08\/rapture-power-round-jigheads.jpg\",\"width\":260,\"height\":260},{\"@type\":\"WebPage\",\"@id\":\"https:\/\/www.pescafish.it\/new\/prodotto\/power-round-jighead-lrs-rapture\/#webpage\",\"url\":\"https:\/\/www.pescafish.it\/new\/prodotto\/power-round-jighead-lrs-rapture\/\",\"name\":\"Power Round Jighead LRS - Rapture - Pesca Fish\",\"isPartOf\":{\"@id\":\"https:\/\/www.pescafish.it\/new\/#website\"},\"primaryImageOfPage\":{\"@id\":\"https:\/\/www.pescafish.it\/new\/prodotto\/power-round-jighead-lrs-rapture\/#primaryimage\"},\"datePublished\":\"2017-08-09T09:16:53+00:00\",\"dateModified\":\"2024-02-02T09:29:41+00:00\",\"inLanguage\":\"it-IT\",\"potentialAction\":[{\"@type\":\"ReadAction\",\"target\":[\"https:\/\/www.pescafish.it\/new\/prodotto\/power-round-jighead-lrs-rapture\/\"]}]}]}<\/script>\n<!-- \/ Yoast SEO plugin. -->","_links":{"self":[{"href":"https:\/\/www.pescafish.it\/new\/wp-json\/wp\/v2\/product\/42521"}],"collection":[{"href":"https:\/\/www.pescafish.it\/new\/wp-json\/wp\/v2\/product"}],"about":[{"href":"https:\/\/www.pescafish.it\/new\/wp-json\/wp\/v2\/types\/product"}],"replies":[{"embeddable":true,"href":"https:\/\/www.pescafish.it\/new\/wp-json\/wp\/v2\/comments?post=42521"}],"wp:featuredmedia":[{"embeddable":true,"href":"https:\/\/www.pescafish.it\/new\/wp-json\/wp\/v2\/media\/42527"}],"wp:attachment":[{"href":"https:\/\/www.pescafish.it\/new\/wp-json\/wp\/v2\/media?parent=42521"}],"wp:term":[{"taxonomy":"product_cat","embeddable":true,"href":"https:\/\/www.pescafish.it\/new\/wp-json\/wp\/v2\/product_cat?post=42521"},{"taxonomy":"product_tag","embeddable":true,"href":"https:\/\/www.pescafish.it\/new\/wp-json\/wp\/v2\/product_tag?post=42521"}],"curies":[{"name":"wp","href":"https:\/\/api.w.org\/{rel}","templated":true}]}}