{"id":42509,"date":"2017-08-09T09:40:51","date_gmt":"2017-08-09T07:40:51","guid":{"rendered":"http:\/\/www.pescafish.it\/new\/?post_type=product&#038;p=42509"},"modified":"2023-05-19T16:25:03","modified_gmt":"2023-05-19T14:25:03","slug":"screw-point-ss-banksick-trabucco","status":"publish","type":"product","link":"https:\/\/www.pescafish.it\/new\/prodotto\/screw-point-ss-banksick-trabucco\/","title":{"rendered":"Screw Point SS Bankstick &#8211; Trabucco"},"content":{"rendered":"<h2>Screw Point SS Bankstick Trabucco<\/h2>\n<p>La punta \u00e8 dotata di trivella, pu\u00f2 essere utilizzata come porta ombrellone oppure in combinazione con il tubo superiore pu\u00f2 essere usato per il rullo roubaisienne.<\/p>\n<p><strong>Disponibile nelle seguenti misure:<br \/>\n088-55-900 \u00a0<\/strong>75\/130 cm<strong><br \/>\n088-55-910 \u00a0<\/strong>100\/175 cm<\/p>\n","protected":false},"excerpt":{"rendered":"<p>Screw Point SS Bankstick Trabucco La punta \u00e8 dotata di trivella, pu\u00f2 essere utilizzata come porta ombrellone oppure in combinazione con il tubo superiore pu\u00f2 essere usato per il rullo roubaisienne. Disponibile nelle seguenti misure: 088-55-900 \u00a075\/130 cm 088-55-910 \u00a0100\/175 cm<\/p>\n","protected":false},"featured_media":87821,"comment_status":"closed","ping_status":"closed","template":"","meta":[],"product_cat":[193],"product_tag":[1046],"yoast_head":"<!-- This site is optimized with the Yoast SEO plugin v15.3 - https:\/\/yoast.com\/wordpress\/plugins\/seo\/ -->\n<title>Screw Point SS Bankstick - Trabucco - Pesca Fish<\/title>\n<meta name=\"description\" content=\"Screw Point SS Bankstick - Trabucco | Per informazioni scriveteci a info@pescafish.it oppure contattateci allo 045\/6100748\" \/>\n<meta name=\"robots\" content=\"index, follow, max-snippet:-1, max-image-preview:large, max-video-preview:-1\" \/>\n<link rel=\"canonical\" href=\"https:\/\/www.pescafish.it\/new\/prodotto\/screw-point-ss-banksick-trabucco\/\" \/>\n<meta property=\"og:locale\" content=\"it_IT\" \/>\n<meta property=\"og:type\" content=\"article\" \/>\n<meta property=\"og:title\" content=\"Screw Point SS Bankstick - Trabucco - Pesca Fish\" \/>\n<meta property=\"og:description\" content=\"Screw Point SS Bankstick - Trabucco | Per informazioni scriveteci a info@pescafish.it oppure contattateci allo 045\/6100748\" \/>\n<meta property=\"og:url\" content=\"https:\/\/www.pescafish.it\/new\/prodotto\/screw-point-ss-banksick-trabucco\/\" \/>\n<meta property=\"og:site_name\" content=\"Pesca Fish\" \/>\n<meta property=\"article:publisher\" content=\"https:\/\/www.facebook.com\/pescafishvr\/\" \/>\n<meta property=\"article:modified_time\" content=\"2023-05-19T14:25:03+00:00\" \/>\n<meta property=\"og:image\" content=\"https:\/\/www.pescafish.it\/new\/wp-content\/uploads\/2017\/08\/screw-point-bankstick.jpg\" \/>\n\t<meta property=\"og:image:width\" content=\"1000\" \/>\n\t<meta property=\"og:image:height\" content=\"1000\" \/>\n<meta name=\"twitter:card\" content=\"summary_large_image\" \/>\n<meta name=\"twitter:label1\" content=\"Scritto da\">\n\t<meta name=\"twitter:data1\" content=\"francesca\">\n\t<meta name=\"twitter:label2\" content=\"Tempo di lettura stimato\">\n\t<meta name=\"twitter:data2\" content=\"0 minuti\">\n<script type=\"application\/ld+json\" class=\"yoast-schema-graph\">{\"@context\":\"https:\/\/schema.org\",\"@graph\":[{\"@type\":\"WebSite\",\"@id\":\"https:\/\/www.pescafish.it\/new\/#website\",\"url\":\"https:\/\/www.pescafish.it\/new\/\",\"name\":\"Pesca Fish\",\"description\":\"Benvenuti sul nostro sito!\",\"potentialAction\":[{\"@type\":\"SearchAction\",\"target\":\"https:\/\/www.pescafish.it\/new\/?s={search_term_string}\",\"query-input\":\"required name=search_term_string\"}],\"inLanguage\":\"it-IT\"},{\"@type\":\"ImageObject\",\"@id\":\"https:\/\/www.pescafish.it\/new\/prodotto\/screw-point-ss-banksick-trabucco\/#primaryimage\",\"inLanguage\":\"it-IT\",\"url\":\"https:\/\/www.pescafish.it\/new\/wp-content\/uploads\/2017\/08\/screw-point-bankstick.jpg\",\"width\":1000,\"height\":1000,\"caption\":\"screw point bankstick trabucco\"},{\"@type\":\"WebPage\",\"@id\":\"https:\/\/www.pescafish.it\/new\/prodotto\/screw-point-ss-banksick-trabucco\/#webpage\",\"url\":\"https:\/\/www.pescafish.it\/new\/prodotto\/screw-point-ss-banksick-trabucco\/\",\"name\":\"Screw Point SS Bankstick - Trabucco - Pesca Fish\",\"isPartOf\":{\"@id\":\"https:\/\/www.pescafish.it\/new\/#website\"},\"primaryImageOfPage\":{\"@id\":\"https:\/\/www.pescafish.it\/new\/prodotto\/screw-point-ss-banksick-trabucco\/#primaryimage\"},\"datePublished\":\"2017-08-09T07:40:51+00:00\",\"dateModified\":\"2023-05-19T14:25:03+00:00\",\"description\":\"Screw Point SS Bankstick - Trabucco | Per informazioni scriveteci a info@pescafish.it oppure contattateci allo 045\/6100748\",\"inLanguage\":\"it-IT\",\"potentialAction\":[{\"@type\":\"ReadAction\",\"target\":[\"https:\/\/www.pescafish.it\/new\/prodotto\/screw-point-ss-banksick-trabucco\/\"]}]}]}<\/script>\n<!-- \/ Yoast SEO plugin. -->","_links":{"self":[{"href":"https:\/\/www.pescafish.it\/new\/wp-json\/wp\/v2\/product\/42509"}],"collection":[{"href":"https:\/\/www.pescafish.it\/new\/wp-json\/wp\/v2\/product"}],"about":[{"href":"https:\/\/www.pescafish.it\/new\/wp-json\/wp\/v2\/types\/product"}],"replies":[{"embeddable":true,"href":"https:\/\/www.pescafish.it\/new\/wp-json\/wp\/v2\/comments?post=42509"}],"wp:featuredmedia":[{"embeddable":true,"href":"https:\/\/www.pescafish.it\/new\/wp-json\/wp\/v2\/media\/87821"}],"wp:attachment":[{"href":"https:\/\/www.pescafish.it\/new\/wp-json\/wp\/v2\/media?parent=42509"}],"wp:term":[{"taxonomy":"product_cat","embeddable":true,"href":"https:\/\/www.pescafish.it\/new\/wp-json\/wp\/v2\/product_cat?post=42509"},{"taxonomy":"product_tag","embeddable":true,"href":"https:\/\/www.pescafish.it\/new\/wp-json\/wp\/v2\/product_tag?post=42509"}],"curies":[{"name":"wp","href":"https:\/\/api.w.org\/{rel}","templated":true}]}}