{"id":42142,"date":"2017-07-26T17:20:31","date_gmt":"2017-07-26T15:20:31","guid":{"rendered":"http:\/\/www.pescafish.it\/new\/?post_type=product&#038;p=42142"},"modified":"2024-08-31T18:55:18","modified_gmt":"2024-08-31T16:55:18","slug":"match-dumbell-wafters-8mm-mainline-baits","status":"publish","type":"product","link":"https:\/\/www.pescafish.it\/new\/prodotto\/match-dumbell-wafters-8mm-mainline-baits\/","title":{"rendered":"Match Dumbell Wafters 8mm &#8211; Mainline Baits"},"content":{"rendered":"<p>Mini dumbells wafter\u00a0create con ingredienti di altissima qualit\u00e0 e l\u2019altissima esperienza nella produzione delle esche da parte di MAINLINE. Essendo\u00a0wafter\u00a0l\u2019esca si presenta\u00a0criticamente bilanciata\u00a0quando viene usata con gli \u00a0ami taglia 12 QM1 della GURU oppure utilizzando ami dello stesso peso.\u00a0Usando un\u2019esca del genere si ha una presentazione perfetta sul fondo e non si avr\u00e0 pi\u00f9 paura della sua visibilit\u00e0 sul fondo; questo porter\u00e0 a pi\u00f9 mangiate con le pi\u00f9 svariate tecniche di pesca. La lora consistenza (ne troppo dura ne troppo morbida) risulta perfetta con l&#8217;innesco tramite la baionetta di GURU Colorazioni e gusti che tutti i pesci vorranno mangiare. Prodotto di altissima qualit\u00e0 e composizione studiato, realizzato\u00a0 e te stato con i campioni dello staff \u00a0MAINLINE &amp;\u00a0GURU.<\/p>\n<p><strong>Disponibile nelle seguenti aromatizzazioni:<br \/>\nMM3105 \u00a0<\/strong>Orange &#8211; Choccolate<br \/>\n<strong>MM3106 \u00a0<\/strong>White &#8211; Cell<br \/>\n<strong>MM3107 \u00a0<\/strong>Pink &#8211; Tuna<br \/>\n<strong>MM3108 \u00a0<\/strong>Yellow &#8211; Pineapple<\/p>\n<p><strong>Dimensione:\u00a0<\/strong>8mm<br \/>\n<strong><br \/>\nConfezione da 50gr<\/strong><\/p>\n","protected":false},"excerpt":{"rendered":"<p>Mini dumbells wafter\u00a0create con ingredienti di altissima qualit\u00e0 e l\u2019altissima esperienza nella produzione delle esche da parte di MAINLINE. Essendo\u00a0wafter\u00a0l\u2019esca si presenta\u00a0criticamente bilanciata\u00a0quando viene usata con gli \u00a0ami taglia 12 QM1 della GURU oppure utilizzando ami dello stesso peso.\u00a0Usando un\u2019esca del genere si ha una presentazione perfetta sul fondo e non si avr\u00e0 pi\u00f9 paura [&hellip;]<\/p>\n","protected":false},"featured_media":42143,"comment_status":"closed","ping_status":"closed","template":"","meta":[],"product_cat":[707],"product_tag":[1126],"yoast_head":"<!-- This site is optimized with the Yoast SEO plugin v15.3 - https:\/\/yoast.com\/wordpress\/plugins\/seo\/ -->\n<title>Match Dumbell Wafters 8mm - Mainline Baits - Pesca Fish<\/title>\n<meta name=\"robots\" content=\"index, follow, max-snippet:-1, max-image-preview:large, max-video-preview:-1\" \/>\n<link rel=\"canonical\" href=\"https:\/\/www.pescafish.it\/new\/prodotto\/match-dumbell-wafters-8mm-mainline-baits\/\" \/>\n<meta property=\"og:locale\" content=\"it_IT\" \/>\n<meta property=\"og:type\" content=\"article\" \/>\n<meta property=\"og:title\" content=\"Match Dumbell Wafters 8mm - Mainline Baits - Pesca Fish\" \/>\n<meta property=\"og:description\" content=\"Mini dumbells wafter\u00a0create con ingredienti di altissima qualit\u00e0 e l\u2019altissima esperienza nella produzione delle esche da parte di MAINLINE. Essendo\u00a0wafter\u00a0l\u2019esca si presenta\u00a0criticamente bilanciata\u00a0quando viene usata con gli \u00a0ami taglia 12 QM1 della GURU oppure utilizzando ami dello stesso peso.\u00a0Usando un\u2019esca del genere si ha una presentazione perfetta sul fondo e non si avr\u00e0 pi\u00f9 paura [&hellip;]\" \/>\n<meta property=\"og:url\" content=\"https:\/\/www.pescafish.it\/new\/prodotto\/match-dumbell-wafters-8mm-mainline-baits\/\" \/>\n<meta property=\"og:site_name\" content=\"Pesca Fish\" \/>\n<meta property=\"article:publisher\" content=\"https:\/\/www.facebook.com\/pescafishvr\/\" \/>\n<meta property=\"article:modified_time\" content=\"2024-08-31T16:55:18+00:00\" \/>\n<meta property=\"og:image\" content=\"https:\/\/www.pescafish.it\/new\/wp-content\/uploads\/2017\/07\/14963332426526_135_main.jpg\" \/>\n\t<meta property=\"og:image:width\" content=\"654\" \/>\n\t<meta property=\"og:image:height\" content=\"437\" \/>\n<meta name=\"twitter:card\" content=\"summary_large_image\" \/>\n<meta name=\"twitter:label1\" content=\"Scritto da\">\n\t<meta name=\"twitter:data1\" content=\"francesca\">\n\t<meta name=\"twitter:label2\" content=\"Tempo di lettura stimato\">\n\t<meta name=\"twitter:data2\" content=\"1 minuto\">\n<script type=\"application\/ld+json\" class=\"yoast-schema-graph\">{\"@context\":\"https:\/\/schema.org\",\"@graph\":[{\"@type\":\"WebSite\",\"@id\":\"https:\/\/www.pescafish.it\/new\/#website\",\"url\":\"https:\/\/www.pescafish.it\/new\/\",\"name\":\"Pesca Fish\",\"description\":\"Benvenuti sul nostro sito!\",\"potentialAction\":[{\"@type\":\"SearchAction\",\"target\":\"https:\/\/www.pescafish.it\/new\/?s={search_term_string}\",\"query-input\":\"required name=search_term_string\"}],\"inLanguage\":\"it-IT\"},{\"@type\":\"ImageObject\",\"@id\":\"https:\/\/www.pescafish.it\/new\/prodotto\/match-dumbell-wafters-8mm-mainline-baits\/#primaryimage\",\"inLanguage\":\"it-IT\",\"url\":\"https:\/\/www.pescafish.it\/new\/wp-content\/uploads\/2017\/07\/14963332426526_135_main.jpg\",\"width\":654,\"height\":437},{\"@type\":\"WebPage\",\"@id\":\"https:\/\/www.pescafish.it\/new\/prodotto\/match-dumbell-wafters-8mm-mainline-baits\/#webpage\",\"url\":\"https:\/\/www.pescafish.it\/new\/prodotto\/match-dumbell-wafters-8mm-mainline-baits\/\",\"name\":\"Match Dumbell Wafters 8mm - Mainline Baits - Pesca Fish\",\"isPartOf\":{\"@id\":\"https:\/\/www.pescafish.it\/new\/#website\"},\"primaryImageOfPage\":{\"@id\":\"https:\/\/www.pescafish.it\/new\/prodotto\/match-dumbell-wafters-8mm-mainline-baits\/#primaryimage\"},\"datePublished\":\"2017-07-26T15:20:31+00:00\",\"dateModified\":\"2024-08-31T16:55:18+00:00\",\"inLanguage\":\"it-IT\",\"potentialAction\":[{\"@type\":\"ReadAction\",\"target\":[\"https:\/\/www.pescafish.it\/new\/prodotto\/match-dumbell-wafters-8mm-mainline-baits\/\"]}]}]}<\/script>\n<!-- \/ Yoast SEO plugin. -->","_links":{"self":[{"href":"https:\/\/www.pescafish.it\/new\/wp-json\/wp\/v2\/product\/42142"}],"collection":[{"href":"https:\/\/www.pescafish.it\/new\/wp-json\/wp\/v2\/product"}],"about":[{"href":"https:\/\/www.pescafish.it\/new\/wp-json\/wp\/v2\/types\/product"}],"replies":[{"embeddable":true,"href":"https:\/\/www.pescafish.it\/new\/wp-json\/wp\/v2\/comments?post=42142"}],"wp:featuredmedia":[{"embeddable":true,"href":"https:\/\/www.pescafish.it\/new\/wp-json\/wp\/v2\/media\/42143"}],"wp:attachment":[{"href":"https:\/\/www.pescafish.it\/new\/wp-json\/wp\/v2\/media?parent=42142"}],"wp:term":[{"taxonomy":"product_cat","embeddable":true,"href":"https:\/\/www.pescafish.it\/new\/wp-json\/wp\/v2\/product_cat?post=42142"},{"taxonomy":"product_tag","embeddable":true,"href":"https:\/\/www.pescafish.it\/new\/wp-json\/wp\/v2\/product_tag?post=42142"}],"curies":[{"name":"wp","href":"https:\/\/api.w.org\/{rel}","templated":true}]}}