{"id":41260,"date":"2017-06-27T11:51:20","date_gmt":"2017-06-27T09:51:20","guid":{"rendered":"http:\/\/www.pescafish.it\/new\/?post_type=product&#038;p=41260"},"modified":"2017-06-27T11:51:20","modified_gmt":"2017-06-27T09:51:20","slug":"polvere-antiallergica-per-bigattini-antiche-pasture","status":"publish","type":"product","link":"https:\/\/www.pescafish.it\/new\/prodotto\/polvere-antiallergica-per-bigattini-antiche-pasture\/","title":{"rendered":"Polvere Antiallergica Per Bigattini &#8211; Antiche Pasture"},"content":{"rendered":"<p>Eccezionale polvere antiallergica per bigattini, asciuga e toglie l&#8217;ammoniaca permettendo cos\u00ec un collaggio perfetto<br \/>\nUtilizzo: versare la polvere direttamente sui bigattini (circa 2 cucchiaini da caff\u00e8 ogni 500gr di esca), agitare bene affinch\u00e9 il prodotto si spanda.<\/p>\n","protected":false},"excerpt":{"rendered":"<p>Eccezionale polvere antiallergica per bigattini, asciuga e toglie l&#8217;ammoniaca permettendo cos\u00ec un collaggio perfetto Utilizzo: versare la polvere direttamente sui bigattini (circa 2 cucchiaini da caff\u00e8 ogni 500gr di esca), agitare bene affinch\u00e9 il prodotto si spanda.<\/p>\n","protected":false},"featured_media":41262,"comment_status":"open","ping_status":"closed","template":"","meta":[],"product_cat":[707],"product_tag":[],"yoast_head":"<!-- This site is optimized with the Yoast SEO plugin v15.3 - https:\/\/yoast.com\/wordpress\/plugins\/seo\/ -->\n<title>Polvere Antiallergica Per Bigattini - Antiche Pasture - Pesca Fish<\/title>\n<meta name=\"robots\" content=\"index, follow, max-snippet:-1, max-image-preview:large, max-video-preview:-1\" \/>\n<link rel=\"canonical\" href=\"https:\/\/www.pescafish.it\/new\/prodotto\/polvere-antiallergica-per-bigattini-antiche-pasture\/\" \/>\n<meta property=\"og:locale\" content=\"it_IT\" \/>\n<meta property=\"og:type\" content=\"article\" \/>\n<meta property=\"og:title\" content=\"Polvere Antiallergica Per Bigattini - Antiche Pasture - Pesca Fish\" \/>\n<meta property=\"og:description\" content=\"Eccezionale polvere antiallergica per bigattini, asciuga e toglie l&#8217;ammoniaca permettendo cos\u00ec un collaggio perfetto Utilizzo: versare la polvere direttamente sui bigattini (circa 2 cucchiaini da caff\u00e8 ogni 500gr di esca), agitare bene affinch\u00e9 il prodotto si spanda.\" \/>\n<meta property=\"og:url\" content=\"https:\/\/www.pescafish.it\/new\/prodotto\/polvere-antiallergica-per-bigattini-antiche-pasture\/\" \/>\n<meta property=\"og:site_name\" content=\"Pesca Fish\" \/>\n<meta property=\"article:publisher\" content=\"https:\/\/www.facebook.com\/pescafishvr\/\" \/>\n<meta property=\"og:image\" content=\"https:\/\/www.pescafish.it\/new\/wp-content\/uploads\/2017\/06\/powderfly.png\" \/>\n\t<meta property=\"og:image:width\" content=\"600\" \/>\n\t<meta property=\"og:image:height\" content=\"600\" \/>\n<meta name=\"twitter:card\" content=\"summary_large_image\" \/>\n<meta name=\"twitter:label1\" content=\"Scritto da\">\n\t<meta name=\"twitter:data1\" content=\"francesca\">\n\t<meta name=\"twitter:label2\" content=\"Tempo di lettura stimato\">\n\t<meta name=\"twitter:data2\" content=\"0 minuti\">\n<script type=\"application\/ld+json\" class=\"yoast-schema-graph\">{\"@context\":\"https:\/\/schema.org\",\"@graph\":[{\"@type\":\"WebSite\",\"@id\":\"https:\/\/www.pescafish.it\/new\/#website\",\"url\":\"https:\/\/www.pescafish.it\/new\/\",\"name\":\"Pesca Fish\",\"description\":\"Benvenuti sul nostro sito!\",\"potentialAction\":[{\"@type\":\"SearchAction\",\"target\":\"https:\/\/www.pescafish.it\/new\/?s={search_term_string}\",\"query-input\":\"required name=search_term_string\"}],\"inLanguage\":\"it-IT\"},{\"@type\":\"ImageObject\",\"@id\":\"https:\/\/www.pescafish.it\/new\/prodotto\/polvere-antiallergica-per-bigattini-antiche-pasture\/#primaryimage\",\"inLanguage\":\"it-IT\",\"url\":\"https:\/\/www.pescafish.it\/new\/wp-content\/uploads\/2017\/06\/powderfly.png\",\"width\":600,\"height\":600},{\"@type\":\"WebPage\",\"@id\":\"https:\/\/www.pescafish.it\/new\/prodotto\/polvere-antiallergica-per-bigattini-antiche-pasture\/#webpage\",\"url\":\"https:\/\/www.pescafish.it\/new\/prodotto\/polvere-antiallergica-per-bigattini-antiche-pasture\/\",\"name\":\"Polvere Antiallergica Per Bigattini - Antiche Pasture - Pesca Fish\",\"isPartOf\":{\"@id\":\"https:\/\/www.pescafish.it\/new\/#website\"},\"primaryImageOfPage\":{\"@id\":\"https:\/\/www.pescafish.it\/new\/prodotto\/polvere-antiallergica-per-bigattini-antiche-pasture\/#primaryimage\"},\"datePublished\":\"2017-06-27T09:51:20+00:00\",\"dateModified\":\"2017-06-27T09:51:20+00:00\",\"inLanguage\":\"it-IT\",\"potentialAction\":[{\"@type\":\"ReadAction\",\"target\":[\"https:\/\/www.pescafish.it\/new\/prodotto\/polvere-antiallergica-per-bigattini-antiche-pasture\/\"]}]}]}<\/script>\n<!-- \/ Yoast SEO plugin. -->","_links":{"self":[{"href":"https:\/\/www.pescafish.it\/new\/wp-json\/wp\/v2\/product\/41260"}],"collection":[{"href":"https:\/\/www.pescafish.it\/new\/wp-json\/wp\/v2\/product"}],"about":[{"href":"https:\/\/www.pescafish.it\/new\/wp-json\/wp\/v2\/types\/product"}],"replies":[{"embeddable":true,"href":"https:\/\/www.pescafish.it\/new\/wp-json\/wp\/v2\/comments?post=41260"}],"wp:featuredmedia":[{"embeddable":true,"href":"https:\/\/www.pescafish.it\/new\/wp-json\/wp\/v2\/media\/41262"}],"wp:attachment":[{"href":"https:\/\/www.pescafish.it\/new\/wp-json\/wp\/v2\/media?parent=41260"}],"wp:term":[{"taxonomy":"product_cat","embeddable":true,"href":"https:\/\/www.pescafish.it\/new\/wp-json\/wp\/v2\/product_cat?post=41260"},{"taxonomy":"product_tag","embeddable":true,"href":"https:\/\/www.pescafish.it\/new\/wp-json\/wp\/v2\/product_tag?post=41260"}],"curies":[{"name":"wp","href":"https:\/\/api.w.org\/{rel}","templated":true}]}}