{"id":41095,"date":"2017-06-24T09:03:30","date_gmt":"2017-06-24T07:03:30","guid":{"rendered":"http:\/\/www.pescafish.it\/new\/?post_type=product&#038;p=41095"},"modified":"2026-03-31T13:57:26","modified_gmt":"2026-03-31T11:57:26","slug":"micro-pellet-halibut-2-mm-900-gr-ringers","status":"publish","type":"product","link":"https:\/\/www.pescafish.it\/new\/prodotto\/micro-pellet-halibut-2-mm-900-gr-ringers\/","title":{"rendered":"Micro Pellet Halibut 2 mm 900 gr &#8211; Ringers"},"content":{"rendered":"<p>Ringers ha messo a punto un Micro Pellet da 2mm utilizzando ingredienti ed attrattori di qualit\u00e0. Ideale sia nel feeder fishing agonistico ed amatoriale, sia per il caricamento di method feeder e pellet feeder, con il target di pesci di grossa taglia. Questo Micro Pellet, pu\u00f2 essere inoltre utilizzato in aggiunta alla pastura. Per una corretta preparazione si consiglia di porre la quantit\u00e0 desiderata in una scatola porta esche ed aggiungere acqua per un ammollo di due minuti. Quindi si dovr\u00e0 drenare completamente il liquido e farli riposare per circa trenta minuti, per poi trasferirli in un contenitore pi\u00f9 ampio da cui prelevarli per l&#8217;uso, ed eventualmente aromatizzarli e colorarli per dare un tocco personalizzato al prodotto. I Micro Pellet Ringers contengono uno speciale collante, che garantisce la perfetta aderenza al Method Feeder, anche quando utilizzato in acque molto profonde.<\/p>\n<p><strong>Fasi di Preparazione:<\/strong><br \/>\n1- Riempire un contenitore (bait box)<br \/>\n2- Aggiunge H2O\u00a0 e lasciarli in ammollo per un paio di minuti<br \/>\n3-Far riposare per circa 30minuti<br \/>\n4- Riporre il pellet in un contenitore + ampio<br \/>\n5- Pronto all&#8217;uso<\/p>\n<p><strong>Dimensioni:<\/strong> 2mm (feed\/affondante)<br \/>\n<strong>Aroma:<\/strong> Halibut<br \/>\n<strong>Confezione da 900gr<\/strong><\/p>\n","protected":false},"excerpt":{"rendered":"<p>Ringers ha messo a punto un Micro Pellet da 2mm utilizzando ingredienti ed attrattori di qualit\u00e0. Ideale sia nel feeder fishing agonistico ed amatoriale, sia per il caricamento di method feeder e pellet feeder, con il target di pesci di grossa taglia. Questo Micro Pellet, pu\u00f2 essere inoltre utilizzato in aggiunta alla pastura. Per una [&hellip;]<\/p>\n","protected":false},"featured_media":72389,"comment_status":"closed","ping_status":"closed","template":"","meta":[],"product_cat":[706],"product_tag":[1070],"yoast_head":"<!-- This site is optimized with the Yoast SEO plugin v15.3 - https:\/\/yoast.com\/wordpress\/plugins\/seo\/ -->\n<title>Micro Pellet Halibut 2 mm 900 gr - Ringers - Pesca Fish<\/title>\n<meta name=\"robots\" content=\"index, follow, max-snippet:-1, max-image-preview:large, max-video-preview:-1\" \/>\n<link rel=\"canonical\" href=\"https:\/\/www.pescafish.it\/new\/prodotto\/micro-pellet-halibut-2-mm-900-gr-ringers\/\" \/>\n<meta property=\"og:locale\" content=\"it_IT\" \/>\n<meta property=\"og:type\" content=\"article\" \/>\n<meta property=\"og:title\" content=\"Micro Pellet Halibut 2 mm 900 gr - Ringers - Pesca Fish\" \/>\n<meta property=\"og:description\" content=\"Ringers ha messo a punto un Micro Pellet da 2mm utilizzando ingredienti ed attrattori di qualit\u00e0. Ideale sia nel feeder fishing agonistico ed amatoriale, sia per il caricamento di method feeder e pellet feeder, con il target di pesci di grossa taglia. Questo Micro Pellet, pu\u00f2 essere inoltre utilizzato in aggiunta alla pastura. Per una [&hellip;]\" \/>\n<meta property=\"og:url\" content=\"https:\/\/www.pescafish.it\/new\/prodotto\/micro-pellet-halibut-2-mm-900-gr-ringers\/\" \/>\n<meta property=\"og:site_name\" content=\"Pesca Fish\" \/>\n<meta property=\"article:publisher\" content=\"https:\/\/www.facebook.com\/pescafishvr\/\" \/>\n<meta property=\"article:modified_time\" content=\"2026-03-31T11:57:26+00:00\" \/>\n<meta property=\"og:image\" content=\"https:\/\/www.pescafish.it\/new\/wp-content\/uploads\/2017\/06\/ringers-rs2.jpg\" \/>\n\t<meta property=\"og:image:width\" content=\"600\" \/>\n\t<meta property=\"og:image:height\" content=\"600\" \/>\n<meta name=\"twitter:card\" content=\"summary_large_image\" \/>\n<meta name=\"twitter:label1\" content=\"Scritto da\">\n\t<meta name=\"twitter:data1\" content=\"francesca\">\n\t<meta name=\"twitter:label2\" content=\"Tempo di lettura stimato\">\n\t<meta name=\"twitter:data2\" content=\"1 minuto\">\n<script type=\"application\/ld+json\" class=\"yoast-schema-graph\">{\"@context\":\"https:\/\/schema.org\",\"@graph\":[{\"@type\":\"WebSite\",\"@id\":\"https:\/\/www.pescafish.it\/new\/#website\",\"url\":\"https:\/\/www.pescafish.it\/new\/\",\"name\":\"Pesca Fish\",\"description\":\"Benvenuti sul nostro sito!\",\"potentialAction\":[{\"@type\":\"SearchAction\",\"target\":\"https:\/\/www.pescafish.it\/new\/?s={search_term_string}\",\"query-input\":\"required name=search_term_string\"}],\"inLanguage\":\"it-IT\"},{\"@type\":\"ImageObject\",\"@id\":\"https:\/\/www.pescafish.it\/new\/prodotto\/micro-pellet-halibut-2-mm-900-gr-ringers\/#primaryimage\",\"inLanguage\":\"it-IT\",\"url\":\"https:\/\/www.pescafish.it\/new\/wp-content\/uploads\/2017\/06\/ringers-rs2.jpg\",\"width\":600,\"height\":600,\"caption\":\"pellet halibut rs2 ringers\"},{\"@type\":\"WebPage\",\"@id\":\"https:\/\/www.pescafish.it\/new\/prodotto\/micro-pellet-halibut-2-mm-900-gr-ringers\/#webpage\",\"url\":\"https:\/\/www.pescafish.it\/new\/prodotto\/micro-pellet-halibut-2-mm-900-gr-ringers\/\",\"name\":\"Micro Pellet Halibut 2 mm 900 gr - Ringers - Pesca Fish\",\"isPartOf\":{\"@id\":\"https:\/\/www.pescafish.it\/new\/#website\"},\"primaryImageOfPage\":{\"@id\":\"https:\/\/www.pescafish.it\/new\/prodotto\/micro-pellet-halibut-2-mm-900-gr-ringers\/#primaryimage\"},\"datePublished\":\"2017-06-24T07:03:30+00:00\",\"dateModified\":\"2026-03-31T11:57:26+00:00\",\"inLanguage\":\"it-IT\",\"potentialAction\":[{\"@type\":\"ReadAction\",\"target\":[\"https:\/\/www.pescafish.it\/new\/prodotto\/micro-pellet-halibut-2-mm-900-gr-ringers\/\"]}]}]}<\/script>\n<!-- \/ Yoast SEO plugin. -->","_links":{"self":[{"href":"https:\/\/www.pescafish.it\/new\/wp-json\/wp\/v2\/product\/41095"}],"collection":[{"href":"https:\/\/www.pescafish.it\/new\/wp-json\/wp\/v2\/product"}],"about":[{"href":"https:\/\/www.pescafish.it\/new\/wp-json\/wp\/v2\/types\/product"}],"replies":[{"embeddable":true,"href":"https:\/\/www.pescafish.it\/new\/wp-json\/wp\/v2\/comments?post=41095"}],"wp:featuredmedia":[{"embeddable":true,"href":"https:\/\/www.pescafish.it\/new\/wp-json\/wp\/v2\/media\/72389"}],"wp:attachment":[{"href":"https:\/\/www.pescafish.it\/new\/wp-json\/wp\/v2\/media?parent=41095"}],"wp:term":[{"taxonomy":"product_cat","embeddable":true,"href":"https:\/\/www.pescafish.it\/new\/wp-json\/wp\/v2\/product_cat?post=41095"},{"taxonomy":"product_tag","embeddable":true,"href":"https:\/\/www.pescafish.it\/new\/wp-json\/wp\/v2\/product_tag?post=41095"}],"curies":[{"name":"wp","href":"https:\/\/api.w.org\/{rel}","templated":true}]}}