{"id":39896,"date":"2017-04-21T12:15:34","date_gmt":"2017-04-21T10:15:34","guid":{"rendered":"http:\/\/www.pescafish.it\/new\/?post_type=product&#038;p=39896"},"modified":"2023-08-11T09:33:16","modified_gmt":"2023-08-11T07:33:16","slug":"aromi-utcs-100ml-nutrabaits","status":"publish","type":"product","link":"https:\/\/www.pescafish.it\/new\/prodotto\/aromi-utcs-100ml-nutrabaits\/","title":{"rendered":"Aromi UTCS 100ml &#8211; Nutrabaits"},"content":{"rendered":"<p><strong>LPX <\/strong>Lee Walton, uno dei Guru nel campo, ha testato attentamente questo prodotto basato su miscele di frutta e aromi cremosi in tutte le sue variet\u00e0. I risultati sono stati sorprendenti a tal punto che se vi rivelassimo com\u2019\u00e8 costituito, vi dovremmo uccidere!<\/p>\n<p><strong>WONDERFRUIT <\/strong>\u00c8una miscela di aromi naturali e frutti esotici che produce uno degli odori pi\u00f9 buoni nel campo delle esche. Wonderfruit \u00e8 indicata sia per sessioni a breve termine sia per lunghe pasturazioni in tutti i mesi dell\u2019anno. Usatela sola o combinandola a met\u00e0 dose con oli essenziali al Black Pepper o Bergamot.<\/p>\n<p><strong>CREAM (Cream) <\/strong>Un meraviglioso profumo di crema, \u00e8 stato e rimane uno degli aromi preferiti di molti carpisti. Usatelo solo o in combinazione con olio speziato. Efficace per tutto l&#8217;anno ma in modo speciale quando la temperatura scende a piombo! Non si pu\u00f2 chiedere di meglio da un aroma alla crema!<\/p>\n<p><strong>PINEAPPLE (Ananas) <\/strong>Ha un odore e un sapore fantastico e anche nelle esche Ready Made resta il pi\u00f9 usato tra i carpisti di tutta europa. Testato in tutte le stagioni, consigliamo di unirlo con il N-Butyric Acid per aver un successo garantito!<\/p>\n<p><strong>SALMON (Salmone) <\/strong>Salmon Elite \u00e8, nel corso degli ultimi anni, diventato uno dei pi\u00f9 venduti di tutta la gamma Elite. \u00c8 lo stesso che usiamo nelle nostre Salmon, Caviar e Black Pepper, \u00e8 il top in inverno ma \u00e8 ideale anche in estate.<\/p>\n<p><strong>CRANBERRY (Mirtillo Rosso) <\/strong>Il pi\u00f9 popolare e il migliore! Aprite la bottiglietta e capirete perch\u00e8 le carpe lo adorano! \u00c8 il numero uno tra i consumatori di &#8220;Big Fish Mix&#8221; ma si combina perfettamente con tutti i Mix Nutrabaits.<\/p>\n<p><strong>TECNI-SPICE<\/strong> Questa \u00e8 la miscela precisa di attrattori che utilizziamo nella nostra gamma di boilie Tecni-Spice e il suo rilascio ti consente di incorporare lo stesso odore nella tua scelta di ricetta esca. Molti dei nostri team di test sul campo classificano Tecni-Spice come il miglior attrattore di acqua fredda che abbiano mai usato e passano automaticamente ad esso alla fine di ogni autunno. Utilizzare come attrattore principale &#8211; con backup di dolcificante o Sweet Cajouser<\/p>\n<p><strong>PLUM E CAPROIC ACID<\/strong> Il meraviglioso profumo di prugna unito al tanto sussurrato acudi caproico produce una delle combinazioni di attrattori pi\u00f9 efficaci e originali in circolazione. Usa con totale fiducia l&#8217;esca che preferisci.<br \/>\nquesta \u00e8 la combinazione d<span lang=\"it\" tabindex=\"0\">i attrattori che utilizziamo nelle esche ad alta attrattiva che portano lo stesso nome e i risultati in corso di test sul campo suggeriscono che \u00e8 meglio usare da solo, al contrario di qualsiasi altro sapore o olio essenziale.<\/span><\/p>\n<p><strong>PINEAPPLE E N-BUTYRIC\u00a0<\/strong>Un classico della Major League se mai ce n&#8217;era uno; Ananas e N-butirrico non cessano mai di stupirci &#8230;Qualsiasi tipo di esca in qualsiasi momento dell&#8217;anno sembra trarre beneficio dall&#8217;inclusione di questo attrattore, non sorprende quindi che sia uno dei sapori pi\u00f9 popolari che produciamo.Utilizzare a 4-6 ml per libbra come odore principale per esche alimentari a lungo termine e con un tasso di inclusione elevato per esche pi\u00f9 istantanee e ad alta attrattiva.<\/p>\n<p><strong>BLAKCURRANT<\/strong>\u00a0\u00a0Per molti anni il nostro ribes nero \u00e8 stato molto sottoutilizzato, ma pi\u00f9 recentemente i pescatori sembrano aver capito quanto possa essere devastantemente efficace.Un odore eccezionale se stai cercando di aggiungere un&#8217;attrazione immediata al tuo mix, \u00e8 meglio usarlo da solo a 5-8 ml per 500 ge 4 ml insieme a 2 ml di Sweet, Cream o Fruit Cajouser.<\/p>\n<p><strong>COCONUT\u00a0<\/strong>\u00a0Un altro sapore enormemente sottovalutato e sottoutilizzato, il nostro NI Coconut &#8211; a differenza di molti prodotti simili che abbiamo incontrato &#8211; non ha retrogusto chimico o retrogusto e si presta all&#8217;inclusione in un&#8217;ampia variet\u00e0 di ricette diverse.Si sposa bene con la maggior parte degli oli essenziali per l&#8217;uso tutto l&#8217;anno, ma Jaffa, olio di chiodi di garofano del Madagascar e bergamotto dovrebbero essere in cima alla lista.<\/p>\n<p><strong><span lang=\"it\" tabindex=\"0\">LIVER\u00a0\u00a0<\/span><\/strong>Il fegato in tutte le sue forme prende sicuramente un po &#8216;di botte quando si tratta di attrarre carpe e questa particolare versione non fa certamente eccezione. Un assoluto indipendentemente dalle condizioni climatiche.Il nostro modo preferito di usarlo \u00e8 utilizzare 6 ml per 500 g con met\u00e0 del tasso di inclusione superiore di pepe nero, bergamotto o olio di cannella.<\/p>\n<p><strong>TUTTI FRUTTI\u00a0\u00a0<\/strong>Una miscela iconica di sapori identici della natura che producono l&#8217;ennesimo grande attrattore di esche carpa a tutto tondo. Ci piace incorporare Tutti nelle esche a base di farina di pesce o di mangime per uccelli, ma in realt\u00e0 pu\u00f2 essere utilizzato praticamente con qualsiasi tipo di miscela in qualsiasi momento dell&#8217;anno.Se vuoi usarlo con un olio essenziale, non cercare oltre Bergamotto, Pepe Nero o Cannella.<\/p>\n<p><strong>PLUM\u00a0\u00a0<\/strong>Il sempre popolare Plum \u00e8 l&#8217;attrattore che utilizziamo per produrre il sapore di prugna e acido caproico UTCS e funge anche da uno dei pi\u00f9 consistenti catturatori di pesci rotondi.L&#8217;aroma meravigliosamente ricco e fruttato si combina egregiamente anche con acido butirrico, olio di pepe nero o crema o Cajouser dolce.<\/p>\n<p><strong>RASPBERRY\u00a0\u00a0<\/strong>Sebbene il delizioso odore e il caratteristico Raspberry abbiano una nota di fondo leggermente acuta, ci\u00f2 sembra aumentare la sua efficacia solo durante i dodici mesi dell&#8217;anno.Il nostro consiglio \u00e8 di usarlo a un livello relativamente alto insieme a 2 ml di Cajouser di dolcificante in crema o dolce.<\/p>\n<p><strong>SWEET SPICE<\/strong>\u00a0\u00a0Questo \u00e8 uno degli additivi che utilizziamo per produrre il sapore UTCS di Tecni-Spice e deve essere considerato uno degli aromi pi\u00f9 efficaci del suo tipo che abbiamo mai incontrato.Utilizzare a 4-6 ml per 500 g di miscela base sicura sapendo che si sta utilizzando un sapore che ha un&#8217;incredibile esperienza di pesce grosso nei mangimi per uccelli, farine di pesce di miscele tipo 50\/50.<\/p>\n<p><strong>CAVIAR (Caviale):<\/strong>\u00a0Difficilmente troverete di meglio! E&#8217; uno dei pi\u00f9 efficaci additivi mai lanciato sul mercato. Il suo aroma cos\u00ec ricco non ha eguali. Usatelo da solo o con Salmon Elite e\/o Black Pepper Oil. Ma lo sapevate che il Caviar ha battuto per ben 2 volte il record britannico?<\/p>\n<p><strong>Disponibile nelle seguenti aromatizzazioni:<br \/>\nNU288\u00a0<\/strong>\u00a0Cranberry<strong><br \/>\nNU320 <\/strong>\u00a0Salmon<strong><br \/>\nNU294 \u00a0<\/strong>Pineapple<br \/>\n<strong>NU316 \u00a0<\/strong>Cream<strong><br \/>\nNU357 \u00a0<\/strong>Wonderfruit<strong><br \/>\nNU349 \u00a0<\/strong>LPX<br \/>\n<strong>NU330 \u00a0<\/strong>Liquirice<br \/>\n<strong>NU679<\/strong>\u00a0 Tecni spice<br \/>\n<strong>NU348<\/strong>\u00a0 Plum e Caproic Acid<br \/>\n<strong>NU360<\/strong>\u00a0 Pineapple e N-Butyric<br \/>\n<strong>NU290<\/strong>\u00a0 Blakcurrant<br \/>\n<strong>NU331\u00a0<\/strong> \u00a0Coconut<br \/>\n<strong>NU318<\/strong>\u00a0 \u00a0Liver<br \/>\n<strong>NU292<\/strong>\u00a0 \u00a0Tutti Frutti<br \/>\n<strong>NU287<\/strong>\u00a0 \u00a0Plum<br \/>\n<strong>NU297<\/strong>\u00a0 \u00a0Raspberry<br \/>\n<strong>NU309\u00a0<\/strong> \u00a0Sweet Spice<br \/>\n<strong>NU3022<\/strong>\u00a0 Crab<br \/>\n<strong>NU281\u00a0 \u00a0\u00a0<\/strong> Strawberry<br \/>\n<strong>NU353\u00a0 \u00a0 <\/strong>\u00a0Caviar<br \/>\n<strong>NU3023\u00a0<\/strong> Banana<\/p>\n<div class=\"jhH5U r-ikbH0qGXT6l0\" data-rtid=\"ikbH0qGXT6l0\">\n<div id=\"tw-ob\" class=\"tw-src-ltr\">\n<div class=\"oSioSc\">\n<div id=\"tw-target\">\n<div id=\"kAz1tf\" class=\"g9WsWb\">\n<div id=\"tw-target-text-container\" class=\"tw-ta-container tw-nfl\">\n<div class=\"jhH5U r-iWw2qwO5tCkI\" data-rtid=\"iWw2qwO5tCkI\">\n<div id=\"tw-ob\" class=\"tw-src-ltr\">\n<div class=\"oSioSc\">\n<div id=\"tw-target\">\n<div id=\"kAz1tf\" class=\"g9WsWb\">\n<div id=\"tw-target-text-container\" class=\"tw-ta-container tw-nfl\">\n<pre class=\"tw-ta tw-text-small\" lang=\"it\"><\/pre>\n<\/div>\n<div id=\"z6maec\" class=\"tw-ta-container tw-nfl\">\n<pre id=\"tw-target-rmn\" class=\"tw-data-placeholder tw-ta tw-text-small\" dir=\"ltr\" data-placeholder=\"\"><\/pre>\n<pre class=\"tw-ta tw-text-small\"><\/pre>\n<\/div>\n<div id=\"tw-tmenu\" class=\"tw-menu\"><\/div>\n<\/div>\n<\/div>\n<\/div>\n<\/div>\n<div class=\"dURPtb\"><\/div>\n<div>\n<div class=\"i1oDRA5gDcRU-pvVKlfEP0Yk\"><\/div>\n<\/div>\n<\/div>\n<pre class=\"tw-ta tw-text-small\" lang=\"it\"><\/pre>\n<\/div>\n<div id=\"z6maec\" class=\"tw-ta-container tw-nfl\">\n<pre id=\"tw-target-rmn\" class=\"tw-data-placeholder tw-ta tw-text-small\" dir=\"ltr\" data-placeholder=\"\"><\/pre>\n<div class=\"jhH5U r-ikbH0qGXT6l0\" data-rtid=\"ikbH0qGXT6l0\">\n<div id=\"tw-ob\" class=\"tw-src-ltr\">\n<div class=\"oSioSc\">\n<div id=\"tw-target\">\n<div id=\"kAz1tf\" class=\"g9WsWb\">\n<div id=\"tw-target-text-container\" class=\"tw-ta-container tw-nfl\">\n<pre id=\"tw-target-text\" class=\"tw-data-text tw-ta tw-text-small\" dir=\"ltr\" data-placeholder=\"Traduzione\"><\/pre>\n<pre class=\"tw-ta tw-text-small\" lang=\"it\"><\/pre>\n<\/div>\n<div id=\"z6maec\" class=\"tw-ta-container tw-nfl\">\n<pre id=\"tw-target-rmn\" class=\"tw-data-placeholder tw-ta tw-text-small\" dir=\"ltr\" data-placeholder=\"\"><\/pre>\n<pre class=\"tw-ta tw-text-small\"><\/pre>\n<\/div>\n<div id=\"tw-tmenu\" class=\"tw-menu\"><\/div>\n<\/div>\n<\/div>\n<\/div>\n<\/div>\n<div class=\"dURPtb\"><\/div>\n<div>\n<div class=\"iIYPU_USOWQ8-pvVKlfEP0Yk\"><\/div>\n<\/div>\n<\/div>\n<\/div>\n<div id=\"tw-tmenu\" class=\"tw-menu\"><\/div>\n<\/div>\n<\/div>\n<\/div>\n<\/div>\n<div class=\"dURPtb\"><\/div>\n<div>\n<div class=\"iIYPU_USOWQ8-pvVKlfEP0Yk\"><\/div>\n<\/div>\n<\/div>\n","protected":false},"excerpt":{"rendered":"<p>LPX Lee Walton, uno dei Guru nel campo, ha testato attentamente questo prodotto basato su miscele di frutta e aromi cremosi in tutte le sue variet\u00e0. I risultati sono stati sorprendenti a tal punto che se vi rivelassimo com\u2019\u00e8 costituito, vi dovremmo uccidere! WONDERFRUIT \u00c8una miscela di aromi naturali e frutti esotici che produce uno [&hellip;]<\/p>\n","protected":false},"featured_media":39897,"comment_status":"closed","ping_status":"closed","template":"","meta":[],"product_cat":[943],"product_tag":[1049],"yoast_head":"<!-- This site is optimized with the Yoast SEO plugin v15.3 - https:\/\/yoast.com\/wordpress\/plugins\/seo\/ -->\n<title>Aromi UTCS 100ml - Nutrabaits - Pesca Fish<\/title>\n<meta name=\"robots\" content=\"index, follow, max-snippet:-1, max-image-preview:large, max-video-preview:-1\" \/>\n<link rel=\"canonical\" href=\"https:\/\/www.pescafish.it\/new\/prodotto\/aromi-utcs-100ml-nutrabaits\/\" \/>\n<meta property=\"og:locale\" content=\"it_IT\" \/>\n<meta property=\"og:type\" content=\"article\" \/>\n<meta property=\"og:title\" content=\"Aromi UTCS 100ml - Nutrabaits - Pesca Fish\" \/>\n<meta property=\"og:description\" content=\"LPX Lee Walton, uno dei Guru nel campo, ha testato attentamente questo prodotto basato su miscele di frutta e aromi cremosi in tutte le sue variet\u00e0. I risultati sono stati sorprendenti a tal punto che se vi rivelassimo com\u2019\u00e8 costituito, vi dovremmo uccidere! WONDERFRUIT \u00c8una miscela di aromi naturali e frutti esotici che produce uno [&hellip;]\" \/>\n<meta property=\"og:url\" content=\"https:\/\/www.pescafish.it\/new\/prodotto\/aromi-utcs-100ml-nutrabaits\/\" \/>\n<meta property=\"og:site_name\" content=\"Pesca Fish\" \/>\n<meta property=\"article:publisher\" content=\"https:\/\/www.facebook.com\/pescafishvr\/\" \/>\n<meta property=\"article:modified_time\" content=\"2023-08-11T07:33:16+00:00\" \/>\n<meta property=\"og:image\" content=\"https:\/\/www.pescafish.it\/new\/wp-content\/uploads\/2017\/04\/1284.jpg\" \/>\n\t<meta property=\"og:image:width\" content=\"1000\" \/>\n\t<meta property=\"og:image:height\" content=\"667\" \/>\n<meta name=\"twitter:card\" content=\"summary_large_image\" \/>\n<meta name=\"twitter:label1\" content=\"Scritto da\">\n\t<meta name=\"twitter:data1\" content=\"francesca\">\n\t<meta name=\"twitter:label2\" content=\"Tempo di lettura stimato\">\n\t<meta name=\"twitter:data2\" content=\"4 minuti\">\n<script type=\"application\/ld+json\" class=\"yoast-schema-graph\">{\"@context\":\"https:\/\/schema.org\",\"@graph\":[{\"@type\":\"WebSite\",\"@id\":\"https:\/\/www.pescafish.it\/new\/#website\",\"url\":\"https:\/\/www.pescafish.it\/new\/\",\"name\":\"Pesca Fish\",\"description\":\"Benvenuti sul nostro sito!\",\"potentialAction\":[{\"@type\":\"SearchAction\",\"target\":\"https:\/\/www.pescafish.it\/new\/?s={search_term_string}\",\"query-input\":\"required name=search_term_string\"}],\"inLanguage\":\"it-IT\"},{\"@type\":\"ImageObject\",\"@id\":\"https:\/\/www.pescafish.it\/new\/prodotto\/aromi-utcs-100ml-nutrabaits\/#primaryimage\",\"inLanguage\":\"it-IT\",\"url\":\"https:\/\/www.pescafish.it\/new\/wp-content\/uploads\/2017\/04\/1284.jpg\",\"width\":1000,\"height\":667},{\"@type\":\"WebPage\",\"@id\":\"https:\/\/www.pescafish.it\/new\/prodotto\/aromi-utcs-100ml-nutrabaits\/#webpage\",\"url\":\"https:\/\/www.pescafish.it\/new\/prodotto\/aromi-utcs-100ml-nutrabaits\/\",\"name\":\"Aromi UTCS 100ml - Nutrabaits - Pesca Fish\",\"isPartOf\":{\"@id\":\"https:\/\/www.pescafish.it\/new\/#website\"},\"primaryImageOfPage\":{\"@id\":\"https:\/\/www.pescafish.it\/new\/prodotto\/aromi-utcs-100ml-nutrabaits\/#primaryimage\"},\"datePublished\":\"2017-04-21T10:15:34+00:00\",\"dateModified\":\"2023-08-11T07:33:16+00:00\",\"inLanguage\":\"it-IT\",\"potentialAction\":[{\"@type\":\"ReadAction\",\"target\":[\"https:\/\/www.pescafish.it\/new\/prodotto\/aromi-utcs-100ml-nutrabaits\/\"]}]}]}<\/script>\n<!-- \/ Yoast SEO plugin. -->","_links":{"self":[{"href":"https:\/\/www.pescafish.it\/new\/wp-json\/wp\/v2\/product\/39896"}],"collection":[{"href":"https:\/\/www.pescafish.it\/new\/wp-json\/wp\/v2\/product"}],"about":[{"href":"https:\/\/www.pescafish.it\/new\/wp-json\/wp\/v2\/types\/product"}],"replies":[{"embeddable":true,"href":"https:\/\/www.pescafish.it\/new\/wp-json\/wp\/v2\/comments?post=39896"}],"wp:featuredmedia":[{"embeddable":true,"href":"https:\/\/www.pescafish.it\/new\/wp-json\/wp\/v2\/media\/39897"}],"wp:attachment":[{"href":"https:\/\/www.pescafish.it\/new\/wp-json\/wp\/v2\/media?parent=39896"}],"wp:term":[{"taxonomy":"product_cat","embeddable":true,"href":"https:\/\/www.pescafish.it\/new\/wp-json\/wp\/v2\/product_cat?post=39896"},{"taxonomy":"product_tag","embeddable":true,"href":"https:\/\/www.pescafish.it\/new\/wp-json\/wp\/v2\/product_tag?post=39896"}],"curies":[{"name":"wp","href":"https:\/\/api.w.org\/{rel}","templated":true}]}}