{"id":39730,"date":"2017-04-18T09:22:11","date_gmt":"2017-04-18T07:22:11","guid":{"rendered":"http:\/\/www.pescafish.it\/new\/?post_type=product&#038;p=39730"},"modified":"2025-11-24T18:53:08","modified_gmt":"2025-11-24T17:53:08","slug":"freediver-super-deep-runner-salmo","status":"publish","type":"product","link":"https:\/\/www.pescafish.it\/new\/prodotto\/freediver-super-deep-runner-salmo\/","title":{"rendered":"Freediver Super Deep Runner 12cm &#8211; Salmo"},"content":{"rendered":"<h2>Freediver Super Deep Runner Salmo 12cm<\/h2>\n<p>FREEDIVER \u00e8 un crankbait capace di nuotare a grandi profondit\u00e0 con qualit\u00e0 uniche.<br \/>\nQuesto \u00e8 un artificiale moderno, disegnato per il trolling estremo (traina), in grado di raggiungere profondit\u00e0 impensabili per gli altri crankbait. FREEDIVER possiede inoltre un sonaglio integrato, con due camere per il rumore che generano frequenze differenti, per una maggiore attrazione. Lo scopo principale per questa esca \u00e8 quello di catturare perca in acque profonde, ma il FREEDIVER \u00e8 gradito anche a molti altri predatori che si alimentano negli strati pi\u00f9 bassi dell&#8217;acqua.<\/p>\n<p><strong>Lunghezza:<\/strong> 12cm<br \/>\n<strong>Peso:<\/strong> 24gr<br \/>\n<strong>Azione:<\/strong> Galleggiante \u2013 Floating<br \/>\n<strong>Profondit\u00e0 di lavoro a Spinning:<\/strong> 5mt<br \/>\n<strong>Profondit\u00e0 di lavoro a Traina:<\/strong> 9mt<\/p>\n<p><strong>Disponibili nelle seguenti colorazioni:<br \/>\nQFD001\u00a0 <\/strong>Hot Perch<strong><br \/>\nQFD002\u00a0 <\/strong>Silver Blue<strong><br \/>\nQFD031\u00a0<\/strong> Holographic Red Head<strong><br \/>\n<\/strong><\/p>\n","protected":false},"excerpt":{"rendered":"<p>Freediver Super Deep Runner Salmo 12cm FREEDIVER \u00e8 un crankbait capace di nuotare a grandi profondit\u00e0 con qualit\u00e0 uniche. Questo \u00e8 un artificiale moderno, disegnato per il trolling estremo (traina), in grado di raggiungere profondit\u00e0 impensabili per gli altri crankbait. FREEDIVER possiede inoltre un sonaglio integrato, con due camere per il rumore che generano frequenze [&hellip;]<\/p>\n","protected":false},"featured_media":39731,"comment_status":"closed","ping_status":"closed","template":"","meta":[],"product_cat":[623],"product_tag":[1379],"yoast_head":"<!-- This site is optimized with the Yoast SEO plugin v15.3 - https:\/\/yoast.com\/wordpress\/plugins\/seo\/ -->\n<title>Freediver Super Deep Runner 12cm - Salmo - Pesca Fish<\/title>\n<meta name=\"description\" content=\"Freediver Super Deep Runner 12cm - Salmo Per informazioni scriveteci a info@pescafish.it oppure contattateci allo 045\/6100748\" \/>\n<meta name=\"robots\" content=\"index, follow, max-snippet:-1, max-image-preview:large, max-video-preview:-1\" \/>\n<link rel=\"canonical\" href=\"https:\/\/www.pescafish.it\/new\/prodotto\/freediver-super-deep-runner-salmo\/\" \/>\n<meta property=\"og:locale\" content=\"it_IT\" \/>\n<meta property=\"og:type\" content=\"article\" \/>\n<meta property=\"og:title\" content=\"Freediver Super Deep Runner 12cm - Salmo - Pesca Fish\" \/>\n<meta property=\"og:description\" content=\"Freediver Super Deep Runner 12cm - Salmo Per informazioni scriveteci a info@pescafish.it oppure contattateci allo 045\/6100748\" \/>\n<meta property=\"og:url\" content=\"https:\/\/www.pescafish.it\/new\/prodotto\/freediver-super-deep-runner-salmo\/\" \/>\n<meta property=\"og:site_name\" content=\"Pesca Fish\" \/>\n<meta property=\"article:publisher\" content=\"https:\/\/www.facebook.com\/pescafishvr\/\" \/>\n<meta property=\"article:modified_time\" content=\"2025-11-24T17:53:08+00:00\" \/>\n<meta property=\"og:image\" content=\"https:\/\/www.pescafish.it\/new\/wp-content\/uploads\/2017\/04\/FREEDIVER_HOT-PERCH.png\" \/>\n\t<meta property=\"og:image:width\" content=\"930\" \/>\n\t<meta property=\"og:image:height\" content=\"399\" \/>\n<meta name=\"twitter:card\" content=\"summary_large_image\" \/>\n<meta name=\"twitter:label1\" content=\"Scritto da\">\n\t<meta name=\"twitter:data1\" content=\"francesca\">\n\t<meta name=\"twitter:label2\" content=\"Tempo di lettura stimato\">\n\t<meta name=\"twitter:data2\" content=\"0 minuti\">\n<script type=\"application\/ld+json\" class=\"yoast-schema-graph\">{\"@context\":\"https:\/\/schema.org\",\"@graph\":[{\"@type\":\"WebSite\",\"@id\":\"https:\/\/www.pescafish.it\/new\/#website\",\"url\":\"https:\/\/www.pescafish.it\/new\/\",\"name\":\"Pesca Fish\",\"description\":\"Benvenuti sul nostro sito!\",\"potentialAction\":[{\"@type\":\"SearchAction\",\"target\":\"https:\/\/www.pescafish.it\/new\/?s={search_term_string}\",\"query-input\":\"required name=search_term_string\"}],\"inLanguage\":\"it-IT\"},{\"@type\":\"ImageObject\",\"@id\":\"https:\/\/www.pescafish.it\/new\/prodotto\/freediver-super-deep-runner-salmo\/#primaryimage\",\"inLanguage\":\"it-IT\",\"url\":\"https:\/\/www.pescafish.it\/new\/wp-content\/uploads\/2017\/04\/FREEDIVER_HOT-PERCH.png\",\"width\":930,\"height\":399},{\"@type\":\"WebPage\",\"@id\":\"https:\/\/www.pescafish.it\/new\/prodotto\/freediver-super-deep-runner-salmo\/#webpage\",\"url\":\"https:\/\/www.pescafish.it\/new\/prodotto\/freediver-super-deep-runner-salmo\/\",\"name\":\"Freediver Super Deep Runner 12cm - Salmo - Pesca Fish\",\"isPartOf\":{\"@id\":\"https:\/\/www.pescafish.it\/new\/#website\"},\"primaryImageOfPage\":{\"@id\":\"https:\/\/www.pescafish.it\/new\/prodotto\/freediver-super-deep-runner-salmo\/#primaryimage\"},\"datePublished\":\"2017-04-18T07:22:11+00:00\",\"dateModified\":\"2025-11-24T17:53:08+00:00\",\"description\":\"Freediver Super Deep Runner 12cm - Salmo Per informazioni scriveteci a info@pescafish.it oppure contattateci allo 045\/6100748\",\"inLanguage\":\"it-IT\",\"potentialAction\":[{\"@type\":\"ReadAction\",\"target\":[\"https:\/\/www.pescafish.it\/new\/prodotto\/freediver-super-deep-runner-salmo\/\"]}]}]}<\/script>\n<!-- \/ Yoast SEO plugin. -->","_links":{"self":[{"href":"https:\/\/www.pescafish.it\/new\/wp-json\/wp\/v2\/product\/39730"}],"collection":[{"href":"https:\/\/www.pescafish.it\/new\/wp-json\/wp\/v2\/product"}],"about":[{"href":"https:\/\/www.pescafish.it\/new\/wp-json\/wp\/v2\/types\/product"}],"replies":[{"embeddable":true,"href":"https:\/\/www.pescafish.it\/new\/wp-json\/wp\/v2\/comments?post=39730"}],"wp:featuredmedia":[{"embeddable":true,"href":"https:\/\/www.pescafish.it\/new\/wp-json\/wp\/v2\/media\/39731"}],"wp:attachment":[{"href":"https:\/\/www.pescafish.it\/new\/wp-json\/wp\/v2\/media?parent=39730"}],"wp:term":[{"taxonomy":"product_cat","embeddable":true,"href":"https:\/\/www.pescafish.it\/new\/wp-json\/wp\/v2\/product_cat?post=39730"},{"taxonomy":"product_tag","embeddable":true,"href":"https:\/\/www.pescafish.it\/new\/wp-json\/wp\/v2\/product_tag?post=39730"}],"curies":[{"name":"wp","href":"https:\/\/api.w.org\/{rel}","templated":true}]}}