{"id":39492,"date":"2017-04-07T18:25:13","date_gmt":"2017-04-07T16:25:13","guid":{"rendered":"http:\/\/www.pescafish.it\/new\/?post_type=product&#038;p=39492"},"modified":"2021-09-14T18:38:42","modified_gmt":"2021-09-14T16:38:42","slug":"executor-5cm-salmo","status":"publish","type":"product","link":"https:\/\/www.pescafish.it\/new\/prodotto\/executor-5cm-salmo\/","title":{"rendered":"Executor 5cm &#8211; Salmo"},"content":{"rendered":"<h2>Executor Salmo 5cm<\/h2>\n<p>L&#8217;EXECUTOR Salmo \u00e8 un autentico regalo per i pescatori tradizionalisti con artificiali.<br \/>\nIl profilo collaudato e l&#8217;azione della coda priva di difetti, sono due regali che dovrebbero convincere chiunque a provare l&#8217;EXECUTOR. Questo runner per acque poco profonde pu\u00f2 essere utilizzato in prossimit\u00e0 della superficie quando impiegato con un recupero ad &#8220;impulsi&#8221;, oppure controllato a velocit\u00e0 variabile per coprire i primi metri della colonna d&#8217;acqua, dove i predatori sono spesso in attesa di attaccare. Il range di questo artificiale copre tutte le specie, dal persico al luccio!<\/p>\n<p><strong>Lunghezza:<\/strong> 5cm<br \/>\n<strong>Peso:<\/strong> 5gr<br \/>\n<strong>Azione:<\/strong> Galleggiante \u2013 Floating<br \/>\n<strong>Profondit\u00e0 di lavoro a Spinning:<\/strong> 0,6mt<br \/>\n<strong>Profondit\u00e0 di lavoro a Traina:<\/strong> 1,2mt<\/p>\n<p><strong>Disponibile nelle seguenti colorazioni:<br \/>\nQEX002\u00a0 <\/strong>Real Dace<strong><br \/>\nQEX003\u00a0 <\/strong>Real Hot Perch<strong><br \/>\nQEX005\u00a0<\/strong> Trout<strong><br \/>\n<\/strong><\/p>\n","protected":false},"excerpt":{"rendered":"<p>Executor Salmo 5cm L&#8217;EXECUTOR Salmo \u00e8 un autentico regalo per i pescatori tradizionalisti con artificiali. Il profilo collaudato e l&#8217;azione della coda priva di difetti, sono due regali che dovrebbero convincere chiunque a provare l&#8217;EXECUTOR. Questo runner per acque poco profonde pu\u00f2 essere utilizzato in prossimit\u00e0 della superficie quando impiegato con un recupero ad &#8220;impulsi&#8221;, [&hellip;]<\/p>\n","protected":false},"featured_media":39493,"comment_status":"closed","ping_status":"closed","template":"","meta":[],"product_cat":[623],"product_tag":[1109],"yoast_head":"<!-- This site is optimized with the Yoast SEO plugin v15.3 - https:\/\/yoast.com\/wordpress\/plugins\/seo\/ -->\n<title>Executor 5cm - Salmo - Pesca Fish<\/title>\n<meta name=\"description\" content=\"Executor 5cm - Salmo Per informazioni scriveteci a info@pescafish.it oppure contattateci allo 045\/6100748\" \/>\n<meta name=\"robots\" content=\"index, follow, max-snippet:-1, max-image-preview:large, max-video-preview:-1\" \/>\n<link rel=\"canonical\" href=\"https:\/\/www.pescafish.it\/new\/prodotto\/executor-5cm-salmo\/\" \/>\n<meta property=\"og:locale\" content=\"it_IT\" \/>\n<meta property=\"og:type\" content=\"article\" \/>\n<meta property=\"og:title\" content=\"Executor 5cm - Salmo - Pesca Fish\" \/>\n<meta property=\"og:description\" content=\"Executor 5cm - Salmo Per informazioni scriveteci a info@pescafish.it oppure contattateci allo 045\/6100748\" \/>\n<meta property=\"og:url\" content=\"https:\/\/www.pescafish.it\/new\/prodotto\/executor-5cm-salmo\/\" \/>\n<meta property=\"og:site_name\" content=\"Pesca Fish\" \/>\n<meta property=\"article:publisher\" content=\"https:\/\/www.facebook.com\/pescafishvr\/\" \/>\n<meta property=\"article:modified_time\" content=\"2021-09-14T16:38:42+00:00\" \/>\n<meta property=\"og:image\" content=\"https:\/\/www.pescafish.it\/new\/wp-content\/uploads\/2017\/04\/EXECUTOR_REAL_DACE.jpg\" \/>\n\t<meta property=\"og:image:width\" content=\"932\" \/>\n\t<meta property=\"og:image:height\" content=\"463\" \/>\n<meta name=\"twitter:card\" content=\"summary_large_image\" \/>\n<meta name=\"twitter:label1\" content=\"Scritto da\">\n\t<meta name=\"twitter:data1\" content=\"francesca\">\n\t<meta name=\"twitter:label2\" content=\"Tempo di lettura stimato\">\n\t<meta name=\"twitter:data2\" content=\"0 minuti\">\n<script type=\"application\/ld+json\" class=\"yoast-schema-graph\">{\"@context\":\"https:\/\/schema.org\",\"@graph\":[{\"@type\":\"WebSite\",\"@id\":\"https:\/\/www.pescafish.it\/new\/#website\",\"url\":\"https:\/\/www.pescafish.it\/new\/\",\"name\":\"Pesca Fish\",\"description\":\"Benvenuti sul nostro sito!\",\"potentialAction\":[{\"@type\":\"SearchAction\",\"target\":\"https:\/\/www.pescafish.it\/new\/?s={search_term_string}\",\"query-input\":\"required name=search_term_string\"}],\"inLanguage\":\"it-IT\"},{\"@type\":\"ImageObject\",\"@id\":\"https:\/\/www.pescafish.it\/new\/prodotto\/executor-5cm-salmo\/#primaryimage\",\"inLanguage\":\"it-IT\",\"url\":\"https:\/\/www.pescafish.it\/new\/wp-content\/uploads\/2017\/04\/EXECUTOR_REAL_DACE.jpg\",\"width\":932,\"height\":463},{\"@type\":\"WebPage\",\"@id\":\"https:\/\/www.pescafish.it\/new\/prodotto\/executor-5cm-salmo\/#webpage\",\"url\":\"https:\/\/www.pescafish.it\/new\/prodotto\/executor-5cm-salmo\/\",\"name\":\"Executor 5cm - Salmo - Pesca Fish\",\"isPartOf\":{\"@id\":\"https:\/\/www.pescafish.it\/new\/#website\"},\"primaryImageOfPage\":{\"@id\":\"https:\/\/www.pescafish.it\/new\/prodotto\/executor-5cm-salmo\/#primaryimage\"},\"datePublished\":\"2017-04-07T16:25:13+00:00\",\"dateModified\":\"2021-09-14T16:38:42+00:00\",\"description\":\"Executor 5cm - Salmo Per informazioni scriveteci a info@pescafish.it oppure contattateci allo 045\/6100748\",\"inLanguage\":\"it-IT\",\"potentialAction\":[{\"@type\":\"ReadAction\",\"target\":[\"https:\/\/www.pescafish.it\/new\/prodotto\/executor-5cm-salmo\/\"]}]}]}<\/script>\n<!-- \/ Yoast SEO plugin. -->","_links":{"self":[{"href":"https:\/\/www.pescafish.it\/new\/wp-json\/wp\/v2\/product\/39492"}],"collection":[{"href":"https:\/\/www.pescafish.it\/new\/wp-json\/wp\/v2\/product"}],"about":[{"href":"https:\/\/www.pescafish.it\/new\/wp-json\/wp\/v2\/types\/product"}],"replies":[{"embeddable":true,"href":"https:\/\/www.pescafish.it\/new\/wp-json\/wp\/v2\/comments?post=39492"}],"wp:featuredmedia":[{"embeddable":true,"href":"https:\/\/www.pescafish.it\/new\/wp-json\/wp\/v2\/media\/39493"}],"wp:attachment":[{"href":"https:\/\/www.pescafish.it\/new\/wp-json\/wp\/v2\/media?parent=39492"}],"wp:term":[{"taxonomy":"product_cat","embeddable":true,"href":"https:\/\/www.pescafish.it\/new\/wp-json\/wp\/v2\/product_cat?post=39492"},{"taxonomy":"product_tag","embeddable":true,"href":"https:\/\/www.pescafish.it\/new\/wp-json\/wp\/v2\/product_tag?post=39492"}],"curies":[{"name":"wp","href":"https:\/\/api.w.org\/{rel}","templated":true}]}}